{"id":16465,"date":"2024-04-10T11:11:23","date_gmt":"2024-04-10T04:11:23","guid":{"rendered":"https:\/\/b2c.fairs.vn\/?post_type=product&#038;p=16465"},"modified":"2024-04-10T11:11:24","modified_gmt":"2024-04-10T04:11:24","slug":"bot-tieu-den","status":"publish","type":"product","link":"https:\/\/b2c.fairs.vn\/en\/product\/bot-tieu-den\/","title":{"rendered":"B\u1ed9t ti\u00eau \u0111en"},"content":{"rendered":"<p><strong>T\u00ean s\u1ea3n ph\u1ea9m: B\u1ed9t ti\u00eau \u0111en \u2013 \u0111\u1ea1t ch\u1ee9ng nh\u1eadn OCOP 4 sao<\/strong><\/p>\n<p>Th\u00e0nh ph\u1ea7n: 100% b\u1ed9t ti\u00eau \u0111en<\/p>\n<p>Piperine: 4,15%<\/p>\n<p>\u0110\u1ed9 \u1ea9m: 8,19%<\/p>\n<p>Ch\u1ea5t x\u01a1 dinh d\u01b0\u1ee1ng: 21,2%<\/p>\n<p>\u0110\u1ed9 t\u1ea1p: 0%<\/p>\n<p>H\u00e0m l\u01b0\u1ee3ng dinh d\u01b0\u1ee1ng trong 50g b\u1ed9t ti\u00eau \u0111en: Mg: 55mg ; K: 650mg ; Fe: 1,62mg ; Ca: 158mg<\/p>\n<p>C\u00e1ch s\u1eed d\u1ee5ng: R\u1eafc l\u00ean c\u00e1c m\u00f3n \u0103n t\u00f9y \u00fd\u00a0 sau khi ch\u00edn, tr\u00e1nh b\u1ecb m\u1ea5t h\u00e0m l\u01b0\u1ee3ng dinh d\u01b0\u1ee1ng.<\/p>\n<p>C\u00f4ng d\u1ee5ng: \u2013 C\u1ea3i thi\u00ean h\u1ec7 ti\u00eau h\u00f3a v\u00e0 c\u00e1c v\u1ea5n \u0111\u1ec1 v\u1ec1 d\u1ea1 d\u00e0y<\/p>\n<p>\u2013\u00a0 H\u1ed7 tr\u1ee3 gi\u1ea3m c\u00e2n, ti\u00eau bi\u1ebfn m\u1ee1 th\u1eeba<\/p>\n<p>\u2013\u00a0 Ng\u0103n ng\u1eeba c\u00e1c t\u1ebf b\u00e0o ung th\u01b0<\/p>\n<p>\u2013\u00a0 H\u1ed7 tr\u1ee3 v\u1ec1 b\u1ec7nh vi\u00eam kh\u1edbp<\/p>\n<p>H\u1ea1n s\u1eed d\u1ee5ng: 12 th\u00e1ng<\/p>\n<p>B\u1ea3o qu\u1ea3n : N\u01a1i kh\u00f4 r\u00e1o tho\u00e1ng m\u00e1t, tr\u00e1nh \u00e1nh n\u1eafng tr\u1ef1c ti\u1ebfp v\u00e0 \u0111\u1eady n\u1eafp k\u00edn sau khi s\u1eed d\u1ee5ng.<\/p>","protected":false},"excerpt":{"rendered":"<p>T\u00ean s\u1ea3n ph\u1ea9m: B\u1ed9t ti\u00eau \u0111en \u2013 \u0111\u1ea1t ch\u1ee9ng nh\u1eadn OCOP 4 sao Th\u00e0nh ph\u1ea7n: 100% b\u1ed9t ti\u00eau \u0111en Piperine:<\/p>","protected":false},"featured_media":16466,"comment_status":"closed","ping_status":"closed","template":"","meta":{"_acf_changed":false},"product_cat":[318,320,22],"product_tag":[],"class_list":{"0":"post-16465","1":"product","2":"type-product","3":"status-publish","4":"has-post-thumbnail","6":"product_cat-gia-vi","7":"product_cat-gia-vi-khac","8":"product_cat-sanphamthucpham","10":"first","11":"instock","12":"shipping-taxable","13":"purchasable","14":"product-type-simple"},"acf":[],"_links":{"self":[{"href":"https:\/\/b2c.fairs.vn\/en\/wp-json\/wp\/v2\/product\/16465","targetHints":{"allow":["GET"]}}],"collection":[{"href":"https:\/\/b2c.fairs.vn\/en\/wp-json\/wp\/v2\/product"}],"about":[{"href":"https:\/\/b2c.fairs.vn\/en\/wp-json\/wp\/v2\/types\/product"}],"replies":[{"embeddable":true,"href":"https:\/\/b2c.fairs.vn\/en\/wp-json\/wp\/v2\/comments?post=16465"}],"version-history":[{"count":0,"href":"https:\/\/b2c.fairs.vn\/en\/wp-json\/wp\/v2\/product\/16465\/revisions"}],"wp:featuredmedia":[{"embeddable":true,"href":"https:\/\/b2c.fairs.vn\/en\/wp-json\/wp\/v2\/media\/16466"}],"wp:attachment":[{"href":"https:\/\/b2c.fairs.vn\/en\/wp-json\/wp\/v2\/media?parent=16465"}],"wp:term":[{"taxonomy":"product_cat","embeddable":true,"href":"https:\/\/b2c.fairs.vn\/en\/wp-json\/wp\/v2\/product_cat?post=16465"},{"taxonomy":"product_tag","embeddable":true,"href":"https:\/\/b2c.fairs.vn\/en\/wp-json\/wp\/v2\/product_tag?post=16465"}],"curies":[{"name":"wp","href":"https:\/\/api.w.org\/{rel}","templated":true}]}}