{"id":16433,"date":"2024-04-10T10:05:49","date_gmt":"2024-04-10T03:05:49","guid":{"rendered":"https:\/\/b2c.fairs.vn\/?post_type=product&#038;p=16433"},"modified":"2024-04-10T10:05:52","modified_gmt":"2024-04-10T03:05:52","slug":"pho-rau-cu-sachi-mix-vi-300-gam","status":"publish","type":"product","link":"https:\/\/b2c.fairs.vn\/en\/product\/pho-rau-cu-sachi-mix-vi-300-gam\/","title":{"rendered":"PH\u1ede RAU C\u1ee6 SACHI \u2013 MIX V\u1eca 300 GAM"},"content":{"rendered":"<p>L\u00e0 m\u1ed9t trong nh\u1eefng \u0111\u01a1n v\u1ecb ti\u00ean phong trong vi\u1ec7c li\u00ean k\u1ebft v\u1edbi n\u00f4ng d\u00e2n \u0111\u1ec3 x\u00e2y d\u1ef1ng v\u00f9ng nguy\u00ean li\u1ec7u s\u1ea1ch, ch\u1ea5t l\u01b0\u1ee3ng nh\u1eb1m cung \u1ee9ng cho ho\u1ea1t \u0111\u1ed9ng s\u1ea3n xu\u1ea5t c\u1ee7a c\u00f4ng ty. Ngo\u00e0i ra, c\u00f4ng ty c\u1ee7a ch\u00fang t\u00f4i c\u0169ng ch\u00ednh l\u00e0 \u0111\u01a1n v\u1ecb c\u00f3 s\u1ea3n ph\u1ea9m \u0111\u1ea1t ch\u1ea5t l\u01b0\u1ee3ng \u0111\u1ee7 ti\u00eau chu\u1ea9n \u0111\u1ec3 xu\u1ea5t \u0111i c\u00e1c th\u1ecb tr\u01b0\u1eddng kh\u00f3 t\u00ednh, c\u1ee5 th\u1ec3\u00a0<strong>ph<\/strong><strong>\u1edf rau c\u1ee7 Sachi<\/strong>\u00a0v\u1edbi c\u00e1c \u01b0u \u0111i\u1ec3m nh\u01b0 sau:<\/p>\n<ul>\n<li><strong>Ph\u1edf rau c\u1ee7 Sachi\u00a0<\/strong>\u0111\u00e3 ch\u1ebf bi\u1ebfn s\u1eb5n, s\u1eed d\u1ee5ng \u0111\u01b0\u1ee3c ngay sau khi m\u1edf b\u00ec v\u00e0 b\u1ea1n cho n\u01b0\u1edbc d\u00f9ng v\u00e0o l\u00e0 r\u1ea5t ti\u1ec7n l\u1ee3i.<\/li>\n<li>Th\u00edch h\u1ee3p l\u00e0m m\u00f3n \u0103n l\u00fd t\u01b0\u1edfng v\u00e0o bu\u1ed5i \u0103n s\u00e1ng ho\u1eb7c b\u1ea1n c\u00f3 th\u1ec3 d\u00f9ng \u0111\u1ec3 \u0103n trong m\u1ed7i b\u1eefa ti\u1ec7c c\u0169ng l\u00e0 m\u1ed9t \u0111i\u1ec1u tuy\u1ec7t v\u1eddi khi \u0111\u01b0\u1ee3c \u0103n m\u00f3n \u0103n t\u1eeb rau c\u1ee7, hay ngay khi b\u1ea1n \u0111\u00e3 ch\u00e1n \u0103n rau c\u1ee7 tr\u1ef1c ti\u1ebfp.<\/li>\n<li>S\u1ea3n ph\u1ea9m \u0111\u01b0\u1ee3c \u00e9p ch\u00e2n kh\u00f4ng, s\u1ee3i ph\u1edf s\u1ebd kh\u00f4ng b\u1ecb v\u00e0o gi\u00f3 m\u00e0 c\u00f2n c\u00f3 th\u1ec3 gi\u1eef \u0111\u01b0\u1ee3c \u0111\u1ed9 gi\u00f2n c\u1ee7a s\u1ee3i ph\u1edf, b\u1ea3o qu\u1ea3n trong th\u1eddi gian kh\u00e1 l\u00e2u.<\/li>\n<li>Bao b\u00ec\u00a0<strong>ph<\/strong><strong>\u1edf rau c\u1ee7 Sachi<\/strong>\u00a0\u0111\u01b0\u1ee3c thi\u1ebft k\u1ebf hi\u1ec7n \u0111\u1ea1i, b\u1eaft m\u1eaft, lu\u00f4n \u0111\u1ea3m b\u1ea3o \u0111\u01b0\u1ee3c an to\u00e0n v\u1ec7 sinh th\u1ef1c ph\u1ea9m.<\/li>\n<li><strong>Ph<\/strong><strong>\u1edf rau c\u1ee7 Sachi<\/strong>\u00a0\u0111\u01b0\u1ee3c s\u1ea3n xu\u1ea5t tr\u00ean d\u00e2y chuy\u1ec1n hi\u1ec7n \u0111\u1ea1i, h\u1ec7 th\u1ed1ng t\u1ef1 \u0111\u1ed9ng, nh\u1edd v\u1eady m\u00e0 t\u1eebng s\u1ee3i ph\u1edf \u0111\u1ec1u kh\u00f4ng b\u1ecb m\u1ea5t ch\u1ea5t, kh\u00f4ng b\u1ecb phai \u0111i v\u1ecb t\u1ef1 nhi\u00ean c\u1ee7a rau c\u1ee7.<\/li>\n<li><strong>Ph<\/strong><strong>\u1edf rau c\u1ee7 Sachi<\/strong>\u00a0ngon, mang h\u01b0\u01a1ng v\u1ecb t\u1eeb rau c\u1ee7 t\u1ef1 nhi\u00ean v\u1eeba hay \u0111\u00f3 l\u00e0 s\u1ef1 k\u1ebft h\u1ee3p kh\u00f4ng th\u1ec3 n\u00e0o c\u01b0\u1ee1ng \u0111\u01b0\u1ee3c v\u1edbi n\u01b0\u1edbc l\u00e8o th\u01a1m ngon n\u00e8.<\/li>\n<li><strong>Ph<\/strong><strong>\u1edf rau c\u1ee7 Sachi\u00a0<\/strong>c\u1ee7a<strong>\u00a0Sachi\u00a0<\/strong>\u0111\u1ea1t ch\u1ee9ng nh\u1eadn ISO 14001:2015, ISO 22000:2018<\/li>\n<li>L\u00e0 s\u1ea3n ph\u1ea9m c\u00f4ng nghi\u1ec7p n\u00f4ng th\u00f4n ti\u00eau bi\u1ec3u v\u00e0 s\u1ea3n ph\u1ea9m OCOP (4sao).<\/li>\n<li>\u0110\u1ee7 \u0111i\u1ec1u ki\u1ec7n v\u00e0 \u0111\u00e3 xu\u1ea5t sang c\u00e1c th\u1ecb tr\u01b0\u1eddng nh\u01b0 M\u1ef9, Canada, \u0110\u00e0i Loan,\u2026<\/li>\n<\/ul>","protected":false},"excerpt":{"rendered":"<p>L\u00e0 m\u1ed9t trong nh\u1eefng \u0111\u01a1n v\u1ecb ti\u00ean phong trong vi\u1ec7c li\u00ean k\u1ebft v\u1edbi n\u00f4ng d\u00e2n \u0111\u1ec3 x\u00e2y d\u1ef1ng v\u00f9ng nguy\u00ean<\/p>","protected":false},"featured_media":16434,"comment_status":"open","ping_status":"closed","template":"","meta":{"_acf_changed":false},"product_cat":[315,22,313],"product_tag":[],"class_list":{"0":"post-16433","1":"product","2":"type-product","3":"status-publish","4":"has-post-thumbnail","6":"product_cat-che-bien-tu-gao-ngu-coc","7":"product_cat-sanphamthucpham","8":"product_cat-thuc-pham-che-bien","10":"first","11":"instock","12":"shipping-taxable","13":"purchasable","14":"product-type-simple"},"acf":[],"_links":{"self":[{"href":"https:\/\/b2c.fairs.vn\/en\/wp-json\/wp\/v2\/product\/16433","targetHints":{"allow":["GET"]}}],"collection":[{"href":"https:\/\/b2c.fairs.vn\/en\/wp-json\/wp\/v2\/product"}],"about":[{"href":"https:\/\/b2c.fairs.vn\/en\/wp-json\/wp\/v2\/types\/product"}],"replies":[{"embeddable":true,"href":"https:\/\/b2c.fairs.vn\/en\/wp-json\/wp\/v2\/comments?post=16433"}],"version-history":[{"count":0,"href":"https:\/\/b2c.fairs.vn\/en\/wp-json\/wp\/v2\/product\/16433\/revisions"}],"wp:featuredmedia":[{"embeddable":true,"href":"https:\/\/b2c.fairs.vn\/en\/wp-json\/wp\/v2\/media\/16434"}],"wp:attachment":[{"href":"https:\/\/b2c.fairs.vn\/en\/wp-json\/wp\/v2\/media?parent=16433"}],"wp:term":[{"taxonomy":"product_cat","embeddable":true,"href":"https:\/\/b2c.fairs.vn\/en\/wp-json\/wp\/v2\/product_cat?post=16433"},{"taxonomy":"product_tag","embeddable":true,"href":"https:\/\/b2c.fairs.vn\/en\/wp-json\/wp\/v2\/product_tag?post=16433"}],"curies":[{"name":"wp","href":"https:\/\/api.w.org\/{rel}","templated":true}]}}