{"id":16423,"date":"2024-04-10T09:28:15","date_gmt":"2024-04-10T02:28:15","guid":{"rendered":"https:\/\/b2c.fairs.vn\/?post_type=product&#038;p=16423"},"modified":"2024-04-10T09:28:16","modified_gmt":"2024-04-10T02:28:16","slug":"tay-te-bao-chet-da-mat-duong-nau-facial-scrub-paste","status":"publish","type":"product","link":"https:\/\/b2c.fairs.vn\/en\/product\/tay-te-bao-chet-da-mat-duong-nau-facial-scrub-paste\/","title":{"rendered":"T\u1ea9y t\u1ebf b\u00e0o ch\u1ebft da m\u1eb7t &#8211; \u0111\u01b0\u1eddng n\u00e2u | Facial Scrub Paste"},"content":{"rendered":"<p>B\u01b0\u1edbc c\u01a1 b\u1ea3n nh\u1ea5t trong chu tr\u00ecnh ch\u0103m s\u00f3c da m\u1eb7t \u0111\u00f3 ch\u00ednh l\u00e0 t\u1ea9y t\u1ebf b\u00e0o ch\u1ebft. N\u1eafm b\u1eaft \u0111\u01b0\u1ee3c nhu c\u1ea7u \u0111\u00f3, Cobot\u00e9 \u0111\u00e3 cho ra m\u1eaft d\u00f2ng s\u1ea3n ph\u1ea9m T\u1ea9y t\u1ebf b\u00e0o ch\u1ebft da m\u1eb7t &#8211; \u0111\u01b0\u1eddng n\u00e2u | Facial Scrub Paste. V\u1edbi nh\u1eefng h\u1ea1t \u0111\u01b0\u1eddng n\u00e2u si\u00eau m\u1ecbn v\u00e0 c\u01a1m d\u1eeba s\u1ea5y kh\u00f4 khi ti, s\u1ea3n ph\u1ea9m s\u1ebd nh\u1eb9 nh\u00e0ng lo\u1ea1i b\u1ecf b\u1ee5i b\u1ea9n, b\u00e3 nh\u1eddn b\u00ean trong l\u1ed7 ch\u00e2n l\u00f4ng v\u00e0 c\u00e1c t\u1ebf b\u00e0o gi\u00e0 c\u1ed7i tr\u00ean b\u1ec1 m\u1eb7t; gi\u00fap da th\u00f4ng tho\u00e1ng, m\u1ec1m m\u01b0\u1ee3t. H\u01a1n th\u1ebf n\u1eefa, s\u1ef1 k\u1ebft h\u1ee3p gi\u1eefa d\u1ea7u d\u1eeba \u2013 tinh hoa c\u1ee7a v\u00f9ng \u0111\u1ea5t B\u1ebfn Tre v\u00e0 d\u1ea7u m\u00f9 u \u2013 th\u00e0nh ph\u1ea7n v\u01b0\u1ee3t tr\u1ed9i trong kh\u00e1ng vi\u00eam v\u00e0 tr\u1ebb h\u00f3a da, s\u1ea3n ph\u1ea9m s\u1ebd \u0111em l\u1ea1i hi\u1ec7u \u1ee9ng k\u00e9p, v\u1eeba kh\u1eafc ph\u1ee5c nh\u1eefng v\u1ea5n \u0111\u1ec1 v\u1ec1 da, v\u1eeba nu\u00f4i d\u01b0\u1ee1ng gi\u00fap l\u00e0n da kh\u1ecfe m\u1ea1nh v\u00e0 tr\u00e0n \u0111\u1ea7y s\u1ee9c s\u1ed1ng.<\/p>\n<p>&nbsp;<\/p>\n<p><strong>T\u1ea1i sao n\u00ean ch\u1ecdn T\u1ea9y t\u1ebf b\u00e0o ch\u1ebft da m\u1eb7t &#8211; \u0111\u01b0\u1eddng n\u00e2u | Facial Scrub Paste?<\/strong><br \/>\n1.L\u00e0nh t\u00ednh: Ngu\u1ed3n g\u1ed1c t\u1ef1 nhi\u00ean t\u1eeb H\u1ea1t \u0111\u01b0\u1eddng n\u00e2u h\u1eefu c\u01a1 si\u00eau m\u1ecbn &amp; c\u01a1m d\u1eeba s\u1ea5y kh\u00f4 m\u1ec1m \u0111\u1ec1u l\u00e0 c\u00e1c nguy\u00ean li\u1ec7u l\u00e0nh t\u00ednh, v\u1eeba th\u00e2n thi\u1ec7n v\u1edbi m\u00f4i tr\u01b0\u1eddng, v\u1eeba l\u1ea5y \u0111i l\u1edbp t\u1ebf b\u00e0o ch\u1ebft, b\u1ee5i b\u1ea9n v\u00e0 b\u00e3 nh\u1eddn tr\u00ean da m\u1ed9t c\u00e1ch nh\u1eb9 nh\u00e0ng v\u00e0 hi\u1ec7u qu\u1ea3;<br \/>\n2. Hi\u1ec7u qu\u1ea3: Kh\u1ea3 n\u0103ng l\u00e0m s\u1ea1ch s\u00e2u nh\u01b0ng c\u1ef1c k\u1ef3 nh\u1eb9 nh\u00e0ng, kh\u00f4ng g\u00e2y t\u1ed5n th\u01b0\u01a1ng cho da, l\u00e0m da b\u1eadt s\u00e1ng ngay sau khi s\u1eed d\u1ee5ng;<br \/>\n3. V\u1eeba l\u00e0m s\u1ea1ch, v\u1eeba d\u01b0\u1ee1ng \u1ea9m v\u1edbi glycerine t\u1ef1 nhi\u00ean v\u00e0 kh\u00f3a \u1ea9m v\u1edbi d\u1ea7u d\u1eeba;<br \/>\n4. S\u1ea3n ph\u1ea9m kh\u00f4ng ch\u1ee9a Sulfate, Silicon v\u00e0 Paraben hay b\u1ea5t k\u1ef3 th\u00e0nh ph\u1ea7n g\u00e2y tranh c\u00e3i n\u00e0o.<\/p>\n<p><strong>Th\u00e0nh ph\u1ea7n T\u1ea9y t\u1ebf b\u00e0o ch\u1ebft da m\u1eb7t &#8211; \u0111\u01b0\u1eddng n\u00e2u | Facial Scrub Paste<\/strong><br \/>\n&#8211; B\u1ed9 \u0111\u00f4i h\u1ea1t \u0111\u01b0\u1eddng n\u00e2u v\u00e0 c\u01a1m d\u1eeba s\u1ea5y kh\u00f4: Gi\u00fap t\u1ea9y t\u1ebf b\u00e0o ch\u1ebft, b\u1ee5i b\u1ea9n v\u00e0 b\u00e3 nh\u1eddn tr\u00ean da;<br \/>\n&#8211; D\u1ea7u d\u1eeba t\u01b0\u01a1i &amp; Glycerine (ch\u1ea5t d\u01b0\u1ee1ng \u1ea9m t\u1ef1 nhi\u00ean): C\u00f3 t\u00e1c d\u1ee5ng c\u1ea5p \u1ea9m v\u00e0 kh\u00f3a \u1ea9m cho da, gi\u00fap da m\u1ec1m m\u1ecbn, kh\u1ecfe m\u1ea1nh t\u1ef1 nhi\u00ean t\u1eeb s\u00e2u b\u00ean trong v\u00e0 ng\u0103n ng\u1eeba l\u00e3o ho\u00e1 cho da;<br \/>\n&#8211; D\u1ea7u m\u00f9 u: Ch\u1ed1ng l\u00e3o h\u00f3a, t\u00e1i t\u1ea1o da v\u00e0 tr\u1ecb s\u1eb9o. \u0110\u1ed3ng th\u1eddi c\u1ea5p \u1ea9m cho da t\u1ee9c th\u1eddi; \u0111\u1ec3 l\u1ea1i l\u00e0n da m\u1ec1m m\u1ea1i v\u00e0 tr\u00e0n \u0111\u1ea7y s\u1ee9c s\u1ed1ng sau khi s\u1eed d\u1ee5ng;<br \/>\n&#8211; Tinh d\u1ea7u phong l\u1eef: D\u01b0\u1ee1ng \u1ea9m, l\u00e0m da t\u01b0\u01a1i tr\u1ebb c\u0103ng m\u1ecbn gi\u00e0u s\u1ee9c s\u1ed1ng. C\u00e1c h\u1ee3p ch\u1ea5t trong d\u1ea7u c\u00f3 kh\u1ea3 n\u0103ng gi\u1ea3m thi\u1ec3u s\u1ef1 xu\u1ea5t hi\u1ec7n c\u1ee7a n\u1ebfp nh\u0103n, l\u00e0m c\u0103ng da m\u1eb7t v\u00e0 l\u00e0m ch\u1eadm \u1ea3nh h\u01b0\u1edfng c\u1ee7a l\u00e3o h\u00f3a t\u1eeb nhi\u1ec1u nguy\u00ean nh\u00e2n kh\u00e1c nhau.<\/p>\n<p><strong>H\u01b0\u1edbng d\u1eabn s\u1eed d\u1ee5ng T\u1ea9y t\u1ebf b\u00e0o ch\u1ebft da m\u1eb7t &#8211; \u0111\u01b0\u1eddng n\u00e2u | Facial Scrub Paste<\/strong><br \/>\n&#8211; B\u01b0\u1edbc 1: L\u00e0m \u01b0\u1edbt m\u1eb7t<br \/>\n&#8211; B\u01b0\u1edbc 2: Thoa m\u1ed9t l\u01b0\u1ee3ng s\u1ea3n ph\u1ea9m v\u1eeba \u0111\u1ee7 v\u00e0 massage nh\u1eb9 nh\u00e0ng \u0111\u1ebfn khi \u0111\u01b0\u1eddng tan ho\u00e0n to\u00e0n<br \/>\n&#8211; B\u01b0\u1edbc 3: X\u1ea3 s\u1ea1ch l\u1ea1i v\u1edbi n\u01b0\u1edbc<\/p>\n<p>S\u1eed d\u1ee5ng 2-3 l\u1ea7n\/ tu\u1ea7n. Kh\u00f4ng d\u00f9ng tr\u00ean b\u1ec1 m\u1eb7t c\u00f3 v\u1ebft th\u01b0\u01a1ng h\u1edf.<\/p>\n<p>H\u00e3y \u0111\u1ec3 T\u1ea9y t\u1ebf b\u00e0o ch\u1ebft da m\u1eb7t &#8211; \u0111\u01b0\u1eddng n\u00e2u | Facial Scrub Paste l\u00e0m s\u1ea1ch s\u00e2u v\u00e0 tr\u1ea3 l\u1ea1i cho b\u1ea1n l\u00e0n da t\u01b0\u01a1i tr\u1ebb, kh\u1ecfe m\u1ea1nh m\u00e0 kh\u00f4ng s\u1eed d\u1ee5ng ho\u00e1 ch\u1ea5t. Cobot\u00e9 l\u00e0 s\u1ef1 l\u1ef1a ch\u1ecdn t\u1ed1t nh\u1ea5t \u0111\u1ec3 ch\u0103m s\u00f3c v\u1ebb \u0111\u1eb9p t\u1ef1 nhi\u00ean cho l\u00e0n da c\u1ee7a b\u1ea1n.<\/p>","protected":false},"excerpt":{"rendered":"<p>B\u01b0\u1edbc c\u01a1 b\u1ea3n nh\u1ea5t trong chu tr\u00ecnh ch\u0103m s\u00f3c da m\u1eb7t \u0111\u00f3 ch\u00ednh l\u00e0 t\u1ea9y t\u1ebf b\u00e0o ch\u1ebft. N\u1eafm b\u1eaft<\/p>","protected":false},"featured_media":16424,"comment_status":"open","ping_status":"closed","template":"","meta":{"_acf_changed":false},"product_cat":[332,334],"product_tag":[],"class_list":{"0":"post-16423","1":"product","2":"type-product","3":"status-publish","4":"has-post-thumbnail","6":"product_cat-san-pham-duoc-lieu-va-san-pham-tu-duoc-lieu","7":"product_cat-my-pham-co-thanh-phan-tu-thao-duoc","9":"first","10":"instock","11":"shipping-taxable","12":"purchasable","13":"product-type-simple"},"acf":[],"_links":{"self":[{"href":"https:\/\/b2c.fairs.vn\/en\/wp-json\/wp\/v2\/product\/16423","targetHints":{"allow":["GET"]}}],"collection":[{"href":"https:\/\/b2c.fairs.vn\/en\/wp-json\/wp\/v2\/product"}],"about":[{"href":"https:\/\/b2c.fairs.vn\/en\/wp-json\/wp\/v2\/types\/product"}],"replies":[{"embeddable":true,"href":"https:\/\/b2c.fairs.vn\/en\/wp-json\/wp\/v2\/comments?post=16423"}],"version-history":[{"count":0,"href":"https:\/\/b2c.fairs.vn\/en\/wp-json\/wp\/v2\/product\/16423\/revisions"}],"wp:featuredmedia":[{"embeddable":true,"href":"https:\/\/b2c.fairs.vn\/en\/wp-json\/wp\/v2\/media\/16424"}],"wp:attachment":[{"href":"https:\/\/b2c.fairs.vn\/en\/wp-json\/wp\/v2\/media?parent=16423"}],"wp:term":[{"taxonomy":"product_cat","embeddable":true,"href":"https:\/\/b2c.fairs.vn\/en\/wp-json\/wp\/v2\/product_cat?post=16423"},{"taxonomy":"product_tag","embeddable":true,"href":"https:\/\/b2c.fairs.vn\/en\/wp-json\/wp\/v2\/product_tag?post=16423"}],"curies":[{"name":"wp","href":"https:\/\/api.w.org\/{rel}","templated":true}]}}