{"id":16416,"date":"2024-04-10T09:22:44","date_gmt":"2024-04-10T02:22:44","guid":{"rendered":"https:\/\/b2c.fairs.vn\/?post_type=product&#038;p=16416"},"modified":"2024-04-10T09:22:46","modified_gmt":"2024-04-10T02:22:46","slug":"dau-tam-goi-em-be-cobote-nourish-care-top-to-toe-wash-280ml","status":"publish","type":"product","link":"https:\/\/b2c.fairs.vn\/en\/product\/dau-tam-goi-em-be-cobote-nourish-care-top-to-toe-wash-280ml\/","title":{"rendered":"D\u1ea7u T\u1eafm G\u1ed9i Em B\u00e9 Cobot\u00e9 &#8211; Nourish &#038; Care Top To Toe Wash 280ml"},"content":{"rendered":"<p>L\u00e0n da thu\u1ea7n khi\u1ebft c\u1ee7a b\u00e9 c\u1ea7n \u0111\u01b0\u1ee3c n\u00e2ng niu v\u00e0 b\u1ea3o v\u1ec7. D\u1ea7u t\u1eafm g\u1ed9i to\u00e0n th\u00e2n cho b\u00e9\u00a0Nourish &amp; Care Top To Toe Wash v\u1edbi c\u00f4ng th\u1ee9c Coco Natural Care d\u1ecbu nh\u1eb9 chi\u1ebft xu\u1ea5t t\u1eeb d\u1ea7u d\u1eeba t\u01b0\u01a1i &amp; tr\u00e0m gi\u00f3 nh\u1eb9 nh\u00e0ng cu\u1ed1n tr\u00f4i b\u1ee5i b\u1ea9n, b\u1ea3o v\u1ec7 to\u00e0n di\u1ec7n, cho b\u00e9 l\u00e0n da c\u00f9ng m\u00e1i t\u00f3c s\u1ea1ch kho\u1ebb v\u00e0 m\u1ec1m m\u1ea1i.<\/p>\n<p>&#8211; S\u1eed d\u1ee5ng: L\u00e0m \u01b0\u1edbt c\u01a1 th\u1ec3 b\u00e9. L\u1ea5y m\u1ed9t l\u01b0\u1ee3ng d\u1ea7u v\u1eeba \u0111\u1ee7 ra tay, th\u1ea5m n\u01b0\u1edbc \u0111\u1ec3 t\u1ea1o b\u1ecdt. Nh\u1eb9 nh\u00e0ng thoa b\u1ecdt \u0111\u1ec1u l\u00ean t\u00f3c v\u00e0 c\u01a1 th\u1ec3 c\u1ee7a b\u00e9 r\u1ed3i x\u1ea3 s\u1ea1ch l\u1ea1i v\u1edbi n\u01b0\u1edbc. H\u1ea1n ch\u1ebf \u0111\u1ec3 d\u1ea7u t\u1eafm d\u00e2y v\u00e0 m\u1eaft. R\u1eeda s\u1ea1ch n\u1ebfu d\u00e2y v\u00e0o m\u1eaft. Tr\u1ebb em n\u00ean s\u1eed d\u1ee5ng d\u01b0\u1edbi s\u1ef1 gi\u00e1m s\u00e1t c\u1ee7a ng\u01b0\u1eddi l\u1edbn.<br \/>\n&#8211; B\u1ea3o qu\u1ea3n: B\u1ea3o qu\u1ea3n n\u01a1i kh\u00f4 tho\u00e1ng, tho\u00e1ng m\u00e1t, tr\u00e1nh \u00e1nh n\u1eafng tr\u1ef1c ti\u1ebfp.<\/p>\n<p>&#8211; L\u01b0u \u00fd: M\u00e0u s\u1eafc s\u1ea3n ph\u1ea9m c\u00f3 th\u1ec3 thay \u0111\u1ed5i theo th\u1eddi gian.<\/p>","protected":false},"excerpt":{"rendered":"<p>L\u00e0n da thu\u1ea7n khi\u1ebft c\u1ee7a b\u00e9 c\u1ea7n \u0111\u01b0\u1ee3c n\u00e2ng niu v\u00e0 b\u1ea3o v\u1ec7. D\u1ea7u t\u1eafm g\u1ed9i to\u00e0n th\u00e2n cho b\u00e9\u00a0Nourish<\/p>","protected":false},"featured_media":16417,"comment_status":"open","ping_status":"closed","template":"","meta":{"_acf_changed":false},"product_cat":[332,334],"product_tag":[],"class_list":{"0":"post-16416","1":"product","2":"type-product","3":"status-publish","4":"has-post-thumbnail","6":"product_cat-san-pham-duoc-lieu-va-san-pham-tu-duoc-lieu","7":"product_cat-my-pham-co-thanh-phan-tu-thao-duoc","9":"first","10":"instock","11":"shipping-taxable","12":"purchasable","13":"product-type-simple"},"acf":[],"_links":{"self":[{"href":"https:\/\/b2c.fairs.vn\/en\/wp-json\/wp\/v2\/product\/16416","targetHints":{"allow":["GET"]}}],"collection":[{"href":"https:\/\/b2c.fairs.vn\/en\/wp-json\/wp\/v2\/product"}],"about":[{"href":"https:\/\/b2c.fairs.vn\/en\/wp-json\/wp\/v2\/types\/product"}],"replies":[{"embeddable":true,"href":"https:\/\/b2c.fairs.vn\/en\/wp-json\/wp\/v2\/comments?post=16416"}],"version-history":[{"count":0,"href":"https:\/\/b2c.fairs.vn\/en\/wp-json\/wp\/v2\/product\/16416\/revisions"}],"wp:featuredmedia":[{"embeddable":true,"href":"https:\/\/b2c.fairs.vn\/en\/wp-json\/wp\/v2\/media\/16417"}],"wp:attachment":[{"href":"https:\/\/b2c.fairs.vn\/en\/wp-json\/wp\/v2\/media?parent=16416"}],"wp:term":[{"taxonomy":"product_cat","embeddable":true,"href":"https:\/\/b2c.fairs.vn\/en\/wp-json\/wp\/v2\/product_cat?post=16416"},{"taxonomy":"product_tag","embeddable":true,"href":"https:\/\/b2c.fairs.vn\/en\/wp-json\/wp\/v2\/product_tag?post=16416"}],"curies":[{"name":"wp","href":"https:\/\/api.w.org\/{rel}","templated":true}]}}