{"id":16283,"date":"2024-04-09T16:29:48","date_gmt":"2024-04-09T09:29:48","guid":{"rendered":"https:\/\/b2c.fairs.vn\/?post_type=product&#038;p=16283"},"modified":"2024-04-09T16:29:49","modified_gmt":"2024-04-09T09:29:49","slug":"socola-den-62-phoi-trai-cay-cam-say-thanh-55gr","status":"publish","type":"product","link":"https:\/\/b2c.fairs.vn\/en\/product\/socola-den-62-phoi-trai-cay-cam-say-thanh-55gr\/","title":{"rendered":"Socola \u0111en 62% ph\u1ed1i tr\u00e1i c\u00e2y \u2013 Cam s\u1ea5y (Thanh 55gr)"},"content":{"rendered":"<p class=\"fs-c-productNameHeading fs-c-heading\"><strong><span class=\"fs-c-productNameHeading__copy\">DARK CHOCOLATE 62% CACAO<\/span><\/strong><\/p>\n<p>Ca cao r\u1ea5t gi\u00e0u polyphenol, c\u00f3 l\u1ee3i \u00edch s\u1ee9c kh\u1ecfe \u0111\u00e1ng k\u1ec3, bao g\u1ed3m gi\u1ea3m vi\u00eam v\u00e0 c\u1ea3i thi\u1ec7n m\u1ee9c cholesterol, gi\u1ea3m stress. C\u00e1c flavanol \u2013 ch\u1ea5t ch\u1ed1ng oxy h\u00f3a trong ca cao (s\u00f4 c\u00f4 la c\u00e0ng \u0111\u1eafng th\u00ec t\u1ef7 l\u1ec7 flavanol c\u00e0ng cao) gi\u00fap c\u1ea3i thi\u1ec7n n\u1ed3ng \u0111\u1ed9 oxit nitric trong m\u00e1u, c\u00f3 th\u1ec3 t\u0103ng c\u01b0\u1eddng ch\u1ee9c n\u0103ng c\u1ee7a c\u00e1c m\u1ea1ch m\u00e1u v\u00e0 gi\u1ea3m huy\u1ebft \u00e1p cao, gi\u00fap ng\u0103n ch\u1eb7n t\u00ecnh tr\u1ea1ng l\u00e3o h\u00f3a, t\u1ea1o l\u1edbp m\u00e0ng b\u1ea3o v\u1ec7 da tr\u00e1nh \u1ea3nh h\u01b0\u1edfng b\u1edfi c\u00e1c tia c\u1ef1c t\u00edm.<\/p>","protected":false},"excerpt":{"rendered":"<p>DARK CHOCOLATE 62% CACAO Ca cao r\u1ea5t gi\u00e0u polyphenol, c\u00f3 l\u1ee3i \u00edch s\u1ee9c kh\u1ecfe \u0111\u00e1ng k\u1ec3, bao g\u1ed3m gi\u1ea3m vi\u00eam<\/p>","protected":false},"featured_media":16294,"comment_status":"open","ping_status":"closed","template":"","meta":{"_acf_changed":false},"product_cat":[324,22],"product_tag":[],"class_list":{"0":"post-16283","1":"product","2":"type-product","3":"status-publish","4":"has-post-thumbnail","6":"product_cat-ca-phe-ca-cao","7":"product_cat-sanphamthucpham","9":"first","10":"instock","11":"shipping-taxable","12":"purchasable","13":"product-type-simple"},"acf":[],"_links":{"self":[{"href":"https:\/\/b2c.fairs.vn\/en\/wp-json\/wp\/v2\/product\/16283","targetHints":{"allow":["GET"]}}],"collection":[{"href":"https:\/\/b2c.fairs.vn\/en\/wp-json\/wp\/v2\/product"}],"about":[{"href":"https:\/\/b2c.fairs.vn\/en\/wp-json\/wp\/v2\/types\/product"}],"replies":[{"embeddable":true,"href":"https:\/\/b2c.fairs.vn\/en\/wp-json\/wp\/v2\/comments?post=16283"}],"version-history":[{"count":0,"href":"https:\/\/b2c.fairs.vn\/en\/wp-json\/wp\/v2\/product\/16283\/revisions"}],"wp:featuredmedia":[{"embeddable":true,"href":"https:\/\/b2c.fairs.vn\/en\/wp-json\/wp\/v2\/media\/16294"}],"wp:attachment":[{"href":"https:\/\/b2c.fairs.vn\/en\/wp-json\/wp\/v2\/media?parent=16283"}],"wp:term":[{"taxonomy":"product_cat","embeddable":true,"href":"https:\/\/b2c.fairs.vn\/en\/wp-json\/wp\/v2\/product_cat?post=16283"},{"taxonomy":"product_tag","embeddable":true,"href":"https:\/\/b2c.fairs.vn\/en\/wp-json\/wp\/v2\/product_tag?post=16283"}],"curies":[{"name":"wp","href":"https:\/\/api.w.org\/{rel}","templated":true}]}}