{"id":16239,"date":"2024-04-09T15:22:33","date_gmt":"2024-04-09T08:22:33","guid":{"rendered":"https:\/\/b2c.fairs.vn\/?post_type=product&#038;p=16239"},"modified":"2024-04-09T15:23:47","modified_gmt":"2024-04-09T08:23:47","slug":"nuoc-ngam-rang-mieng-bau-may","status":"publish","type":"product","link":"https:\/\/b2c.fairs.vn\/en\/product\/nuoc-ngam-rang-mieng-bau-may\/","title":{"rendered":"N\u01b0\u1edbc ng\u1eadm r\u0103ng mi\u1ec7ng b\u1ea7u m\u00e2y"},"content":{"rendered":"<p><strong>\u2022 Di\u1ec7t khu\u1ea9n<br \/>\n\u2022 H\u1ed7 tr\u1ee3 tr\u1ecb s\u00e2u r\u0103ng v\u00e0 vi\u00eam r\u0103ng l\u1ee3i<br \/>\n\u2022 S\u1ea1ch th\u01a1m sau 5 ph\u00fat ng\u1eadm<\/strong><\/p>\n<div>\u2022 Th\u00e0nh ph\u1ea7n: Ti\u00eau B\u1ea7u M\u00e2y, nh\u1ee5y ti\u00eau, Ho\u00e0i s\u01a1n B\u00e2u M\u00e2y, r\u01b0\u1ee3u Ho\u00e0i s\u01a1n B\u1ea7u M\u00e2y, cam th\u1ea3o nam<\/div>\n<div>\u2022 C\u00f4ng d\u1ee5ng:<\/div>\n<div>&#8211; L\u00e0m s\u1ea1ch mi\u1ec7ng, kh\u1eed m\u00f9i h\u00f4i mi\u1ec7ng<\/div>\n<div>&#8211; Gi\u00fap kh\u00e1ng khu\u1ea9n, g\u00f3p ph\u1ea7n h\u1ed7 tr\u1ee3: gi\u1ea3m vi\u00eam, tr\u1ecb s\u00e2u r\u0103ng, \u0111au nh\u1ee9c r\u0103ng, gi\u1ea3m m\u1ea3ng b\u00e1m cao r\u0103ng, vi\u00eam n\u01b0\u1edbu (l\u1ee3i), vi\u00eam quanh r\u0103ng, nhi\u1ec7t mi\u1ec7ng, ch\u1ea3y m\u00e1u ch\u00e2n r\u0103ng, gi\u00fap r\u0103ng ch\u1eafc kh\u1ecfe<\/div>\n<div>&#8211; L\u00e0m d\u1ecbu khoang mi\u1ec7ng, gi\u1ea3m tri\u1ec7u ch\u1ee9ng s\u01b0ng \u0111\u1ecf, lo\u00e9t mi\u1ec7ng nhi\u1ec7t, vi\u00eam l\u1ee3i, ch\u1ea3y m\u00e1u ch\u00e2n r\u0103ng<\/div>\n<div>\u2022 H\u01b0\u1edbng d\u1eabn s\u1eed d\u1ee5ng:<\/div>\n<div>Ng\u00e0y s\u00fac mi\u1ec7ng 1-3 l\u1ea7n. M\u1ed7i l\u1ea7n 5-10 ml. Ng\u1eadm s\u00fac mi\u1ec7ng kho\u1ea3ng 10-15 ph\u00fat gi\u00fap di\u1ec7t khu\u1ea9n, h\u1ed7 tr\u1ee3 tr\u1ecb vi\u00eam nhi\u1ec5m r\u0103ng l\u1ee3i v\u00e0 th\u01a1m mi\u1ec7ng s\u1ea1ch s\u1ebd ngay l\u1eadp t\u1ee9c<\/div>\n<div>&#8211; S\u00c2U R\u0102NG: ng\u00e0y ng\u1eadm 2-3 l\u1ea7n, m\u1ed7i l\u1ea7n t\u1eeb 20-30 ph\u00fat<\/div>\n<div>&#8211; VI\u00caM H\u1eccNG: K\u1ebft h\u1ee3p ng\u1eadm &#8211; kh\u00f2 nhi\u1ec1u l\u1ea7n r\u1ed3i nh\u1ed5 b\u1ecf. Kh\u00f4ng n\u00ean s\u00fac mi\u1ec7ng l\u1ea1i b\u1eb1ng n\u01b0\u1edbc ho\u1eb7c b\u1ea5t k\u1ef3 dung d\u1ecbch n\u00e0o sau khi nh\u1ed5, n\u1ebfu l\u1ee1 u\u1ed1ng c\u0169ng kh\u00f4ng sao<\/div>\n<div>\u2022 B\u1ea3o qu\u1ea3n: n\u01a1i kh\u00f4 m\u00e1t, tr\u00e1nh \u00e1nh n\u1eafng tr\u1ef1c ti\u1ebfp<\/div>\n<div>\u2022 C\u1ea3nh b\u00e1o an to\u00e0n: S\u1ea3n ph\u1ea9m kh\u00f4ng th\u00edch h\u1ee3p cho ng\u01b0\u1eddi d\u1ecb \u1ee9ng v\u1edbi r\u01b0\u1ee3u<\/div>\n<div>HSD (EXP.): 5 n\u0103m k\u1ec3 t\u1eeb NSX (ghi tr\u00ean nh\u00e3n)<\/div>\n<div>NSX (MFG.):<\/div>","protected":false},"excerpt":{"rendered":"<p>\u2022 Di\u1ec7t khu\u1ea9n \u2022 H\u1ed7 tr\u1ee3 tr\u1ecb s\u00e2u r\u0103ng v\u00e0 vi\u00eam r\u0103ng l\u1ee3i \u2022 S\u1ea1ch th\u01a1m sau 5 ph\u00fat ng\u1eadm<\/p>","protected":false},"featured_media":16240,"comment_status":"open","ping_status":"closed","template":"","meta":{"_acf_changed":false},"product_cat":[22],"product_tag":[],"class_list":{"0":"post-16239","1":"product","2":"type-product","3":"status-publish","4":"has-post-thumbnail","6":"product_cat-sanphamthucpham","8":"first","9":"instock","10":"shipping-taxable","11":"purchasable","12":"product-type-simple"},"acf":[],"_links":{"self":[{"href":"https:\/\/b2c.fairs.vn\/en\/wp-json\/wp\/v2\/product\/16239","targetHints":{"allow":["GET"]}}],"collection":[{"href":"https:\/\/b2c.fairs.vn\/en\/wp-json\/wp\/v2\/product"}],"about":[{"href":"https:\/\/b2c.fairs.vn\/en\/wp-json\/wp\/v2\/types\/product"}],"replies":[{"embeddable":true,"href":"https:\/\/b2c.fairs.vn\/en\/wp-json\/wp\/v2\/comments?post=16239"}],"version-history":[{"count":0,"href":"https:\/\/b2c.fairs.vn\/en\/wp-json\/wp\/v2\/product\/16239\/revisions"}],"wp:featuredmedia":[{"embeddable":true,"href":"https:\/\/b2c.fairs.vn\/en\/wp-json\/wp\/v2\/media\/16240"}],"wp:attachment":[{"href":"https:\/\/b2c.fairs.vn\/en\/wp-json\/wp\/v2\/media?parent=16239"}],"wp:term":[{"taxonomy":"product_cat","embeddable":true,"href":"https:\/\/b2c.fairs.vn\/en\/wp-json\/wp\/v2\/product_cat?post=16239"},{"taxonomy":"product_tag","embeddable":true,"href":"https:\/\/b2c.fairs.vn\/en\/wp-json\/wp\/v2\/product_tag?post=16239"}],"curies":[{"name":"wp","href":"https:\/\/api.w.org\/{rel}","templated":true}]}}