{"id":16230,"date":"2024-04-09T15:15:25","date_gmt":"2024-04-09T08:15:25","guid":{"rendered":"https:\/\/b2c.fairs.vn\/?post_type=product&#038;p=16230"},"modified":"2024-04-09T15:15:26","modified_gmt":"2024-04-09T08:15:26","slug":"bun-hoai-son-gac-200gr","status":"publish","type":"product","link":"https:\/\/b2c.fairs.vn\/en\/product\/bun-hoai-son-gac-200gr\/","title":{"rendered":"B\u00fan Ho\u00e0i S\u01a1n G\u1ea5c 200gr"},"content":{"rendered":"<p>B\u00fan Ho\u00e0i s\u01a1n G\u1ea5c h\u1eefu c\u01a1 \u0111\u01b0\u1ee3c s\u1ea3n xu\u1ea5t t\u1eeb 100% nguy\u00ean li\u1ec7u tr\u1ed3ng t\u1ea1i v\u00f9ng nguy\u00ean li\u1ec7u B\u1ea7u M\u00e2y theo ti\u00eau chu\u1ea9n h\u1eefu c\u01a1, \u0111\u1ea3m b\u1ea3o ti\u00eau ch\u00ed \u201cKh\u00f4ng ph\u1ee5 gia, Kh\u00f4ng ch\u1ea5t b\u1ea3o qu\u1ea3n, Kh\u00f4ng ph\u1ea9m m\u00e0u\u201d. C\u00f9ng c\u00f4ng ngh\u1ec7 s\u1ea3n xu\u1ea5t b\u00fan g\u1ea1o d\u1ef1a tr\u00ean d\u00e2y chuy\u1ec1n kh\u00e9p k\u00edn hi\u1ec7n \u0111\u1ea1i, h\u1ea1n ch\u1ebf s\u1ef1 ti\u1ebfp x\u00fac c\u1ee7a con ng\u01b0\u1eddi, \u0111\u1ea3m b\u1ea3o s\u1ea3n ph\u1ea9m h\u1ee3p v\u1ec7 sinh theo ti\u00eau chu\u1ea9n qu\u1ed1c t\u1ebf.<\/p>\n<p><strong>C\u00f4ng d\u1ee5ng:<\/strong><\/p>\n<p>\u2013 Trong \u0111\u00f4ng y b\u1ed5 ng\u0169 t\u1ea1ng v\u00e0 m\u1ea1nh g\u00e2n x\u01b0\u01a1ng, c\u00f2n l\u00e0 m\u1ed9t trong nh\u1eefng th\u1ea3o d\u01b0\u1ee3c qu\u00fd cho b\u1ec7nh nh\u00e2n ti\u1ec3u \u0111\u01b0\u1eddng, l\u00e0 nhu y\u1ebfu ph\u1ea9m th\u1ef1c ph\u1ea9m dinh d\u01b0\u1ee1ng t\u1ed1t cho c\u01a1 th\u1ec3 m\u1ed7i ng\u01b0\u1eddi, \u0111\u1eb7c bi\u1ec7t l\u00e0 nh\u1eefng ng\u01b0\u1eddi m\u1edbi \u1ed1m d\u1eady, ng\u01b0\u1eddi suy nh\u01b0\u1ee3c c\u01a1 th\u1ec3, ng\u01b0\u1eddi b\u1ec7nh ti\u1ec3u \u0111\u01b0\u1eddng, ng\u01b0\u1eddi sau ph\u1eabu thu\u1eadt \u0103n ch\u00e1o nh\u1eb9 \u0111\u01b0\u1ee3c, x\u01b0\u01a1ng kh\u1edbp.<\/p>\n<p>\u2013 Gi\u00e0u dinh d\u01b0\u1ee1ng h\u01a1n nhi\u1ec1u so v\u1edbi b\u00fan th\u01b0\u1eddng. B\u1ed5 sung vi ch\u1ea5t v\u00e0 vitamin B1 cho c\u01a1 th\u1ec3.<\/p>\n<p>\u2013 Th\u00edch h\u1ee3p v\u1edbi ng\u01b0\u1eddi \u0103n chay, gi\u1ea3m c\u00e2n, d\u01b0\u1ee1ng sinh, \u0103n ki\u00eang<\/p>\n<p>\u2013 Th\u00e0nh ph\u1ea7n g\u1ea5c v\u00e0 ho\u00e0i s\u01a1n gi\u00e0u dinh d\u01b0\u1ee1ng cho ra nh\u1eefng m\u00f3n \u0103n l\u1ea1 mi\u1ec7ng, v\u1eabn gi\u00e0u dinh d\u01b0\u1ee1ng. B\u00fan ph\u00f9 h\u1ee3p ai eat clean, giame c\u00e2n, t\u0103ng c\u00e2n<\/p>\n<p><strong>H\u01b0\u1edbng d\u1eabn s\u1eed d\u1ee5ng:<\/strong><\/p>\n<p>\u2013 \u0102n li\u1ec1n B\u00fan t\u01b0\u01a1i b\u1eb1ng c\u00e1ch cho b\u00fan v\u00e0o n\u01b0\u1edbc s\u00f4i v\u00e0 n\u1ea5u kho\u1ea3ng 6 ph\u00fat khi \u0103n r\u1ea5t th\u01a1m, ngon, dai m\u1ec1m<br \/>\n\u2013 N\u1ea5u c\u00e1c m\u00f3n n\u01b0\u1edbc b\u1eb1ng c\u00e1ch cho b\u00fan v\u00e0o n\u01b0\u1edbc d\u00f9ng v\u00e0 n\u1ea5u s\u00f4i kho\u1ea3ng 6 ph\u00fat s\u1ee3i b\u00fan d\u1ebbo dai, th\u01a1m ngon<br \/>\n\u2013 N\u1ea5u m\u00f3n x\u00e0o v\u00e0 ch\u1ebf bi\u1ebfn m\u00f3n kh\u00e1c: Ch\u1ea7n n\u01b0\u1edbc s\u00f4i 3 ph\u00fat, sau \u0111\u00f3 l\u00e0m m\u00e1t b\u1eb1ng n\u01b0\u1edbc l\u1ea1nh kho\u1ea3ng 1 ph\u00fat tr\u01b0\u1edbc khi x\u00e0o, n\u1ea5u m\u00f3n \u0103n theo kh\u1ea9u v\u1ecb<\/p>\n<p><strong>C\u00e1ch ch\u1ebf bi\u1ebfn:<\/strong><\/p>\n<p>B\u00fan ho\u00e0i s\u01a1n G\u1ea5c h\u1eefu c\u01a1 Ho\u00e0i S\u01a1n d\u1ec5 s\u1eed d\u1ee5ng v\u00e0 c\u00f3 th\u1ec3 ch\u1ebf bi\u1ebfn nhi\u1ec1u m\u00f3n \u0103n kh\u00e1c nhau. T\u1eeb m\u00f3n n\u01b0\u1edbc nh\u01b0 l\u1ea9u cho \u0111\u1ebfn m\u00f3n kh\u00f4 nh\u01b0 b\u00fan x\u00e0o, \u2026 \u0110\u1eb7c bi\u1ec7t ph\u00f9 h\u1ee3p cho m\u1ecdi \u0111\u1ed1i t\u01b0\u1ee3ng, b\u1ea1n c\u00f3 th\u1ec3 s\u1eed d\u1ee5ng trong c\u00e1c m\u00f3n m\u1eb7n, m\u00f3n chay t\u00f9y th\u00edch.<\/p>\n<p>M\u00f3n n\u01b0\u1edbc: K\u1ebft h\u1ee3p v\u1edbi n\u01b0\u1edbc d\u00f9ng t\u1eeb th\u1ecbt g\u00e0, x\u01b0\u01a1ng heo ho\u1eb7c h\u1ea3i s\u1ea3n, th\u00eam b\u00fan v\u00e0 c\u00e1c lo\u1ea1i rau, th\u1ecbt theo s\u1edf th\u00edch m\u1ed7i ng\u01b0\u1eddi. Ho\u1eb7c c\u00f3 th\u1ec3 d\u00f9ng \u0111\u1ec3 thay th\u1ebf b\u00fan t\u01b0\u01a1i, m\u00ec tr\u1ee9ng ho\u1eb7c m\u00ec g\u00f3i khi \u0103n c\u00f9ng v\u1edbi c\u00e1c m\u00f3n l\u1ea9u.<\/p>\n<p>M\u00f3n b\u00fan kh\u00f4: \u0110\u1ed1i v\u1edbi c\u00e1c m\u00f3n b\u00fan kh\u00f4 b\u1ea1n c\u00f3 th\u1ec3 n\u1ea5u ch\u00edn b\u00fan v\u00e0 d\u00f9ng tr\u1ef1c ti\u1ebfp v\u1edbi c\u00e1c nguy\u00ean li\u1ec7u \u0111\u00e3 \u0111\u01b0\u1ee3c n\u1ea5u ch\u00edn. M\u1ed9t s\u1ed1 m\u00f3n b\u00fan kh\u00f4 th\u01a1m ngon v\u00e0 \u0111\u1ea7y \u0111\u1ee7 ch\u1ea5t dinh d\u01b0\u1ee1ng nh\u01b0: b\u00fan th\u1ecbt n\u01b0\u1edbng, b\u00fan th\u1ecbt x\u00e0o,\u2026<\/p>","protected":false},"excerpt":{"rendered":"<p>B\u00fan Ho\u00e0i s\u01a1n G\u1ea5c h\u1eefu c\u01a1 \u0111\u01b0\u1ee3c s\u1ea3n xu\u1ea5t t\u1eeb 100% nguy\u00ean li\u1ec7u tr\u1ed3ng t\u1ea1i v\u00f9ng nguy\u00ean li\u1ec7u B\u1ea7u M\u00e2y<\/p>","protected":false},"featured_media":16233,"comment_status":"open","ping_status":"closed","template":"","meta":{"_acf_changed":false},"product_cat":[316,22,313],"product_tag":[],"class_list":{"0":"post-16230","1":"product","2":"type-product","3":"status-publish","4":"has-post-thumbnail","6":"product_cat-che-bien-tu-rau-cu-qua-hat","7":"product_cat-sanphamthucpham","8":"product_cat-thuc-pham-che-bien","10":"first","11":"instock","12":"shipping-taxable","13":"product-type-simple"},"acf":[],"_links":{"self":[{"href":"https:\/\/b2c.fairs.vn\/en\/wp-json\/wp\/v2\/product\/16230","targetHints":{"allow":["GET"]}}],"collection":[{"href":"https:\/\/b2c.fairs.vn\/en\/wp-json\/wp\/v2\/product"}],"about":[{"href":"https:\/\/b2c.fairs.vn\/en\/wp-json\/wp\/v2\/types\/product"}],"replies":[{"embeddable":true,"href":"https:\/\/b2c.fairs.vn\/en\/wp-json\/wp\/v2\/comments?post=16230"}],"version-history":[{"count":0,"href":"https:\/\/b2c.fairs.vn\/en\/wp-json\/wp\/v2\/product\/16230\/revisions"}],"wp:featuredmedia":[{"embeddable":true,"href":"https:\/\/b2c.fairs.vn\/en\/wp-json\/wp\/v2\/media\/16233"}],"wp:attachment":[{"href":"https:\/\/b2c.fairs.vn\/en\/wp-json\/wp\/v2\/media?parent=16230"}],"wp:term":[{"taxonomy":"product_cat","embeddable":true,"href":"https:\/\/b2c.fairs.vn\/en\/wp-json\/wp\/v2\/product_cat?post=16230"},{"taxonomy":"product_tag","embeddable":true,"href":"https:\/\/b2c.fairs.vn\/en\/wp-json\/wp\/v2\/product_tag?post=16230"}],"curies":[{"name":"wp","href":"https:\/\/api.w.org\/{rel}","templated":true}]}}