{"id":16222,"date":"2024-04-09T15:09:22","date_gmt":"2024-04-09T08:09:22","guid":{"rendered":"https:\/\/b2c.fairs.vn\/?post_type=product&#038;p=16222"},"modified":"2024-04-09T15:09:23","modified_gmt":"2024-04-09T08:09:23","slug":"sua-hoai-son-diecerna-tieu-duong-200g","status":"publish","type":"product","link":"https:\/\/b2c.fairs.vn\/en\/product\/sua-hoai-son-diecerna-tieu-duong-200g\/","title":{"rendered":"S\u1eeeA HO\u00c0I S\u01a0N DIECERNA \u2013 TI\u1ec2U \u0110\u01af\u1edcNG 200G"},"content":{"rendered":"<p><strong>B\u1ea7u M\u00e2y<\/strong>\u00a0l\u00e0 \u0111\u01a1n v\u1ecb \u0111\u1ea7u ti\u00ean v\u00e0 duy nh\u1ea5t t\u1ea1i Vi\u1ec7t Nam ch\u1ee7 \u0111\u1ed9ng v\u00f9ng nguy\u00ean li\u1ec7u, Ti\u00eau B\u1ea7u M\u00e2y v\u00e0 C\u1ee7 Ho\u00e0i S\u01a1n B\u1ea7u M\u00e2y \u0111\u01b0\u1ee3c ch\u1ee9ng nh\u1eadn N\u00f4ng Nghi\u1ec7p H\u1eefu C\u01a1 Vi\u1ec7t Nam theo ph\u01b0\u01a1ng ph\u00e1p h\u1eefu c\u01a1 gia truy\u1ec1n. Ch\u1ebf bi\u1ebfn theo ti\u00eau chu\u1ea9n an to\u00e0n th\u1ef1c ph\u1ea9m ISO 22000:2018.<\/p>\n<p><strong>C\u00f4ng d\u1ee5ng:<\/strong>\u00a0B\u1ed5 sung dinh d\u01b0\u1ee1ng \u0111\u1ea7y \u0111\u1ee7 v\u00e0 c\u00e2n \u0111\u1ed1i cho ng\u01b0\u1eddi \u0111\u00e1i th\u00e1o \u0111\u01b0\u1eddng gi\u00fap ki\u1ec3m so\u00e1t t\u1ed1t \u0111\u01b0\u1eddng huy\u1ebft, t\u0103ng c\u01b0\u1eddng s\u1ee9c kh\u1ecfe tim m\u1ea1ch.<\/p>\n<p><strong>H\u01b0\u1edbng d\u1eabn s\u1eed d\u1ee5ng:<\/strong><\/p>\n<ul>\n<li>3 mu\u1ed7ng (kho\u1ea3n 20g) v\u00e0o 150ml n\u01b0\u1edbc \u0111un s\u00f4i \u0111\u1ec3 ngu\u1ed9i, th\u00eam 1 mu\u1ed7ng \u0111\u01b0\u1eddng ho\u1eb7c m\u1eadt ong ng\u1ecdt t\u00f9y theo t\u1eebng ng\u01b0\u1eddi. Khu\u1ea5y \u0111\u1ec1u h\u00f2a tan v\u00e0 th\u01b0\u1edfng th\u1ee9c. C\u00f3 th\u1ec3 th\u00eam \u0111\u00e1 n\u1ebfu u\u1ed1ng l\u1ea1nh.<\/li>\n<li>C\u00f3 th\u1ec3 d\u00f9ng t\u1eeb 1-2 ly\/ng\u00e0y<\/li>\n<\/ul>\n<p><strong>B\u1ea3o qu\u1ea3n:\u00a0<\/strong>\u0110\u1ec3 n\u01a1i kh\u00f4 r\u00e1o, tho\u00e1ng m\u00e1t, tr\u00e1nh \u00e1nh n\u1eafng tr\u1ef1c ti\u1ebfp, \u0111\u1eady k\u00edn t\u00fai sau khi m\u1edf mi\u1ec7ng t\u00fai.<\/p>\n<p><strong>Th\u00f4ng tin c\u1ea3nh b\u00e1o an to\u00e0n:<\/strong>\u00a0Kh\u00f4ng s\u1eed d\u1ee5ng s\u1ea3n ph\u1ea9m khi \u0111\u00e3 h\u1ebft h\u1ea1n s\u1eed d\u1ee5ng ho\u1eb7c c\u00f3 d\u1ea5u hi\u1ec7u b\u1ea5t th\u01b0\u1eddng, n\u00ean s\u1eed d\u1ee5ng s\u1ea3n ph\u1ea9m trong v\u00f2ng 30 ng\u00e0y t\u1eeb khi m\u1edf t\u00fai.<\/p>\n<p><strong>H\u1ea1n s\u1eed d\u1ee5ng:\u00a0<\/strong>24 th\u00e1ng k\u1ec3 t\u1eeb ng\u00e0y s\u1ea3n xu\u1ea5t<\/p>","protected":false},"excerpt":{"rendered":"<p>B\u1ea7u M\u00e2y\u00a0l\u00e0 \u0111\u01a1n v\u1ecb \u0111\u1ea7u ti\u00ean v\u00e0 duy nh\u1ea5t t\u1ea1i Vi\u1ec7t Nam ch\u1ee7 \u0111\u1ed9ng v\u00f9ng nguy\u00ean li\u1ec7u, Ti\u00eau B\u1ea7u M\u00e2y<\/p>","protected":false},"featured_media":16223,"comment_status":"open","ping_status":"closed","template":"","meta":{"_acf_changed":false},"product_cat":[22],"product_tag":[],"class_list":{"0":"post-16222","1":"product","2":"type-product","3":"status-publish","4":"has-post-thumbnail","6":"product_cat-sanphamthucpham","8":"first","9":"instock","10":"shipping-taxable","11":"purchasable","12":"product-type-simple"},"acf":[],"_links":{"self":[{"href":"https:\/\/b2c.fairs.vn\/en\/wp-json\/wp\/v2\/product\/16222","targetHints":{"allow":["GET"]}}],"collection":[{"href":"https:\/\/b2c.fairs.vn\/en\/wp-json\/wp\/v2\/product"}],"about":[{"href":"https:\/\/b2c.fairs.vn\/en\/wp-json\/wp\/v2\/types\/product"}],"replies":[{"embeddable":true,"href":"https:\/\/b2c.fairs.vn\/en\/wp-json\/wp\/v2\/comments?post=16222"}],"version-history":[{"count":0,"href":"https:\/\/b2c.fairs.vn\/en\/wp-json\/wp\/v2\/product\/16222\/revisions"}],"wp:featuredmedia":[{"embeddable":true,"href":"https:\/\/b2c.fairs.vn\/en\/wp-json\/wp\/v2\/media\/16223"}],"wp:attachment":[{"href":"https:\/\/b2c.fairs.vn\/en\/wp-json\/wp\/v2\/media?parent=16222"}],"wp:term":[{"taxonomy":"product_cat","embeddable":true,"href":"https:\/\/b2c.fairs.vn\/en\/wp-json\/wp\/v2\/product_cat?post=16222"},{"taxonomy":"product_tag","embeddable":true,"href":"https:\/\/b2c.fairs.vn\/en\/wp-json\/wp\/v2\/product_tag?post=16222"}],"curies":[{"name":"wp","href":"https:\/\/api.w.org\/{rel}","templated":true}]}}