{"id":16208,"date":"2024-04-09T15:04:18","date_gmt":"2024-04-09T08:04:18","guid":{"rendered":"https:\/\/b2c.fairs.vn\/?post_type=product&#038;p=16208"},"modified":"2024-04-09T15:04:20","modified_gmt":"2024-04-09T08:04:20","slug":"sua-hoai-son-danh-cho-moi-lua-tuoi","status":"publish","type":"product","link":"https:\/\/b2c.fairs.vn\/en\/product\/sua-hoai-son-danh-cho-moi-lua-tuoi\/","title":{"rendered":"S\u1eefa Ho\u00e0i S\u01a1n d\u00e0nh cho m\u1ecdi l\u1ee9a tu\u1ed5i"},"content":{"rendered":"<p>B\u1ea7u M\u00e2y\u00a0l\u00e0 \u0111\u01a1n v\u1ecb \u0111\u1ea7u ti\u00ean v\u00e0 duy nh\u1ea5t t\u1ea1i Vi\u1ec7t Nam ch\u1ee7 \u0111\u1ed9ng v\u00f9ng nguy\u00ean li\u1ec7u, Ti\u00eau B\u1ea7u M\u00e2y v\u00e0 C\u1ee7 Ho\u00e0i S\u01a1n B\u1ea7u M\u00e2y \u0111\u01b0\u1ee3c ch\u1ee9ng nh\u1eadn N\u00f4ng Nghi\u1ec7p H\u1eefu C\u01a1 Vi\u1ec7t Nam theo ph\u01b0\u01a1ng ph\u00e1p h\u1eefu c\u01a1 gia truy\u1ec1n. Ch\u1ebf bi\u1ebfn theo ti\u00eau chu\u1ea9n an to\u00e0n th\u1ef1c ph\u1ea9m ISO 22000:2018.<\/p>\n<p>C\u00f4ng d\u1ee5ng:\u00a0Ph\u00f9 h\u1ee3p v\u1edbi ng\u01b0\u1eddi c\u1ea7n b\u1ed5 ng\u0169 t\u1ea1ng, m\u1ea1nh g\u00e2n x\u01b0\u01a1ng,\u00a0 c\u1ea3i thi\u1ec7n suy nh\u01b0\u1ee3c c\u01a1 th\u1ec3, tr\u1ebb h\u00f3a n\u00e3o b\u1ed9, t\u0103ng c\u01b0\u1eddng h\u1ec7 mi\u1ec5n d\u1ecbch, b\u1ed5 sung n\u0103ng l\u01b0\u1ee3ng, tr\u1ebb em suy dinh d\u01b0\u1ee1ng \u0111\u1eb7c bi\u1ec7t ph\u1ee5 n\u1eef mang thai v\u00e0 sau khi sinh b\u1ed3i b\u1ed5, ng\u01b0\u1eddi l\u1edbn tu\u1ed5i, ng\u01b0\u1eddi m\u1edbi \u1ed1m d\u1eady c\u1ea7n ph\u1ee5c h\u1ed3i s\u1ee9c kh\u1ecfe, ng\u01b0\u1eddi b\u1ec7nh ti\u1ec3u \u0111\u01b0\u1eddng\u2026<\/p>\n<p>H\u01b0\u1edbng d\u1eabn s\u1eed d\u1ee5ng:<\/p>\n<ul>\n<li>3 mu\u1ed7ng (kho\u1ea3n 20g) v\u00e0o 150ml n\u01b0\u1edbc \u0111un s\u00f4i \u0111\u1ec3 ngu\u1ed9i, th\u00eam 1 mu\u1ed7ng \u0111\u01b0\u1eddng ho\u1eb7c m\u1eadt ong ng\u1ecdt t\u00f9y theo t\u1eebng ng\u01b0\u1eddi. Khu\u1ea5y \u0111\u1ec1u h\u00f2a tan v\u00e0 th\u01b0\u1edfng th\u1ee9c. C\u00f3 th\u1ec3 th\u00eam \u0111\u00e1 n\u1ebfu u\u1ed1ng l\u1ea1nh.<\/li>\n<li>C\u00f3 th\u1ec3 d\u00f9ng t\u1eeb 1-2 ly\/ng\u00e0y<\/li>\n<\/ul>\n<p>B\u1ea3o qu\u1ea3n:\u00a0\u0110\u1ec3 n\u01a1i kh\u00f4 r\u00e1o, tho\u00e1ng m\u00e1t, tr\u00e1nh \u00e1nh n\u1eafng tr\u1ef1c ti\u1ebfp, \u0111\u1eady k\u00edn t\u00fai sau khi m\u1edf mi\u1ec7ng t\u00fai.<\/p>\n<p>Th\u00f4ng tin c\u1ea3nh b\u00e1o an to\u00e0n:\u00a0Kh\u00f4ng s\u1eed d\u1ee5ng s\u1ea3n ph\u1ea9m khi \u0111\u00e3 h\u1ebft h\u1ea1n s\u1eed d\u1ee5ng ho\u1eb7c c\u00f3 d\u1ea5u hi\u1ec7u b\u1ea5t th\u01b0\u1eddng, n\u00ean s\u1eed d\u1ee5ng s\u1ea3n ph\u1ea9m trong v\u00f2ng 30 ng\u00e0y t\u1eeb khi m\u1edf t\u00fai.<\/p>\n<p>H\u1ea1n s\u1eed d\u1ee5ng:\u00a024 th\u00e1ng k\u1ec3 t\u1eeb ng\u00e0y s\u1ea3n xu\u1ea5t<\/p>","protected":false},"excerpt":{"rendered":"<p>B\u1ea7u M\u00e2y\u00a0l\u00e0 \u0111\u01a1n v\u1ecb \u0111\u1ea7u ti\u00ean v\u00e0 duy nh\u1ea5t t\u1ea1i Vi\u1ec7t Nam ch\u1ee7 \u0111\u1ed9ng v\u00f9ng nguy\u00ean li\u1ec7u, Ti\u00eau B\u1ea7u M\u00e2y<\/p>","protected":false},"featured_media":16217,"comment_status":"open","ping_status":"closed","template":"","meta":{"_acf_changed":false},"product_cat":[22],"product_tag":[],"class_list":{"0":"post-16208","1":"product","2":"type-product","3":"status-publish","4":"has-post-thumbnail","6":"product_cat-sanphamthucpham","8":"first","9":"instock","10":"shipping-taxable","11":"purchasable","12":"product-type-simple"},"acf":[],"_links":{"self":[{"href":"https:\/\/b2c.fairs.vn\/en\/wp-json\/wp\/v2\/product\/16208","targetHints":{"allow":["GET"]}}],"collection":[{"href":"https:\/\/b2c.fairs.vn\/en\/wp-json\/wp\/v2\/product"}],"about":[{"href":"https:\/\/b2c.fairs.vn\/en\/wp-json\/wp\/v2\/types\/product"}],"replies":[{"embeddable":true,"href":"https:\/\/b2c.fairs.vn\/en\/wp-json\/wp\/v2\/comments?post=16208"}],"version-history":[{"count":0,"href":"https:\/\/b2c.fairs.vn\/en\/wp-json\/wp\/v2\/product\/16208\/revisions"}],"wp:featuredmedia":[{"embeddable":true,"href":"https:\/\/b2c.fairs.vn\/en\/wp-json\/wp\/v2\/media\/16217"}],"wp:attachment":[{"href":"https:\/\/b2c.fairs.vn\/en\/wp-json\/wp\/v2\/media?parent=16208"}],"wp:term":[{"taxonomy":"product_cat","embeddable":true,"href":"https:\/\/b2c.fairs.vn\/en\/wp-json\/wp\/v2\/product_cat?post=16208"},{"taxonomy":"product_tag","embeddable":true,"href":"https:\/\/b2c.fairs.vn\/en\/wp-json\/wp\/v2\/product_tag?post=16208"}],"curies":[{"name":"wp","href":"https:\/\/api.w.org\/{rel}","templated":true}]}}