{"id":16178,"date":"2024-04-09T14:28:35","date_gmt":"2024-04-09T07:28:35","guid":{"rendered":"https:\/\/b2c.fairs.vn\/?post_type=product&#038;p=16178"},"modified":"2024-04-09T14:28:35","modified_gmt":"2024-04-09T07:28:35","slug":"hoai-son-say-lat-huu-co-200g","status":"publish","type":"product","link":"https:\/\/b2c.fairs.vn\/en\/product\/hoai-son-say-lat-huu-co-200g\/","title":{"rendered":"Ho\u00e0i S\u01a1n s\u1ea5y l\u00e1t h\u1eefu c\u01a1 200g"},"content":{"rendered":"<p>C\u1ee7 Ho\u00e0i S\u01a1n B\u1ea7u M\u00e2y \u0111\u01b0\u1ee3c ch\u1ee9ng nh\u1eadn \u0111\u1ea1t chu\u1ea9n\u00a0<strong>h\u1eefu c\u01a1<\/strong>\u00a0\u0111\u1ea7u ti\u00ean v\u00e0 duy nh\u1ea5t t\u1ea1i Vi\u1ec7t Nam, do \u00f4ng L\u00e2m Ng\u1ecdc Nh\u00e2m nh\u00e0 khoa h\u1ecdc c\u1ee7a nh\u00e0 n\u00f4ng nghi\u00ean c\u1ee9u tr\u1ef1c ti\u1ebfp qua h\u01a1n 16 n\u0103m tr\u1ed3ng theo ph\u01b0\u01a1ng ph\u00e1p h\u1eefu c\u01a1 gia truy\u1ec1n v\u00e0 theo ti\u00eau chu\u1ea9n ISO 22000:2018.<\/p>\n<p>Ho\u00e0i S\u01a1n c\u00f2n c\u00f3 t\u00ean g\u1ecdi kh\u00e1c l\u00e0 S\u01a1n d\u01b0\u01a1\u0323c, khoai ma\u0300i, cu\u0309 ma\u0300i, chi\u0301nh hoa\u0300i.<\/p>\n<p><strong>Thu ho\u1ea1ch v\u00e0 C\u00e1ch ch\u1ebf bi\u1ebfn:<\/strong><\/p>\n<p>Ho\u00e0i s\u01a1n t\u01b0\u01a1i B\u1ea7u M\u00e2y \u0111\u01b0\u1ee3c tr\u1ed3ng v\u00e0 thu ho\u1ea1ch sau 7 \u2013 12 th\u00e1ng, hi\u1ec7n t\u1ea1i th\u1eddi \u0111i\u1ec3m thu ho\u1ea1ch quanh n\u0103m \u0111\u1ec3 cung \u1ee9ng c\u1ee7 t\u01b0\u01a1i ra th\u1ecb tr\u01b0\u1eddng c\u0169ng nh\u01b0 ch\u1ebf bi\u1ebfn th\u00e0nh ph\u1ea9m d\u1ea1ng s\u1ea5y l\u00e1t b\u1eb1ng \u0111i\u1ec7n nhi\u1ec7t \u0111\u1ed9 s\u1ea5y l\u00e0 65 \u0111\u1ed9, th\u1eddi gian s\u1ea5y l\u00e0 12 \u2013 14 ti\u1ebfng.<\/p>\n<p><strong>H\u01b0\u1edbng d\u1eabn s\u1eed d\u1ee5ng:<\/strong><\/p>\n<p>C\u1ea7n ng\u00e2m n\u01b0\u1edbc tr\u01b0\u1edbc cho t\u01b0\u01a1i l\u1ea1i r\u1ed3i m\u1edbi n\u1ea5u th\u00e0nh c\u00e1c m\u00f3n \u0103n kh\u00e1c nhau. C\u00f3 th\u1ec3 n\u1ea5u c\u1ee7 Ho\u00e0i s\u01a1n v\u1edbi x\u01b0\u01a1ng ho\u1eb7c n\u1ea5u canh, n\u1ea5u ch\u00e1o v\u1edbi th\u1ecbt s\u1ebd t\u1ea1o n\u00ean nh\u1eefng m\u00f3n \u0103n ngon mi\u1ec7ng v\u00e0 b\u1ed5 d\u01b0\u1ee1ng. Canh x\u01b0\u01a1ng n\u1ea5u Ho\u00e0i s\u01a1n \u0111\u1eb7c bi\u1ec7t t\u1ed1t cho ng\u01b0\u1eddi g\u1ea7y y\u1ebfu, ng\u01b0\u1eddi m\u1edbi \u1ed1m d\u1eady, suy nh\u01b0\u01a1c c\u01a1 th\u1ec3. Ngo\u00e0i ra ng\u01b0\u1eddi b\u00ecnh th\u01b0\u1eddng n\u1ebfu c\u00f3 \u0111i\u1ec1u ki\u1ec7n d\u00f9ng c\u1ee7 Ho\u00e0i s\u01a1n s\u1ebd mang r\u1ea5t nhi\u1ec1u l\u1ee3i \u00edch cho s\u1ee9c kh\u1ecfe. Ngo\u00e0i ra ng\u01b0\u1eddi d\u00e2n c\u00f2n d\u00f9ng c\u1ee7 Ho\u00e0i s\u01a1n \u0111\u1ec3 h\u1ea5p \u0103n, c\u1ee7 r\u1ea5t b\u1edf, th\u01a1m ngon, b\u00e9o ng\u1eady.<\/p>\n<p><strong>Th\u00e0nh ph\u1ea7n:<\/strong>\u00a0100% Ho\u00e0i s\u01a1n s\u1ea5y h\u1eefu c\u01a1<\/p>\n<p><strong>C\u00f4ng d\u1ee5ng:<\/strong><\/p>\n<p>L\u00e0 v\u1ecb thu\u1ed1c d\u01b0\u1ee3c li\u1ec7u trong \u0111\u00f4ng y b\u1ed5 ng\u0169 t\u1ea1ng v\u00e0 m\u1ea1nh g\u00e2n x\u01b0\u01a1ng, c\u00f2n l\u00e0 m\u1ed9t trong nh\u1eefng th\u1ea3o d\u01b0\u1ee3c qu\u00fd cho b\u1ec7nh nh\u00e2n ti\u1ec3u \u0111\u01b0\u1eddng, l\u00e0 nguy\u00ean li\u1ec7u th\u1ef1c ph\u1ea9m dinh d\u01b0\u1ee1ng t\u1ed1t cho c\u01a1 th\u1ec3 m\u1ed7i ng\u01b0\u1eddi, \u0111\u1eb7c bi\u1ec7t l\u00e0 nh\u1eefng ng\u01b0\u1eddi m\u1edbi \u1ed1m d\u1eady, ng\u01b0\u1eddi suy nh\u01b0\u1ee3c c\u01a1 th\u1ec3, ng\u01b0\u1eddi b\u1ec7nh ti\u1ec3u \u0111\u01b0\u1eddng, ng\u01b0\u1eddi sau ph\u1eabu thu\u1eadt \u0103n ch\u00e1o nh\u1eb9 \u0111\u01b0\u1ee3c, x\u01b0\u01a1ng kh\u1edbp, \u2026 Khi \u0103n Ho\u00e0i S\u01a1n kh\u00f4ng lo b\u00e9o, gi\u00fap \u1ed5n \u0111\u1ecbnh \u0111\u01b0\u1eddng huy\u1ebft cho ng\u01b0\u1eddi b\u1ec7nh ti\u1ec3u \u0111\u01b0\u1eddng, ng\u01b0\u1eddi suy th\u1eadn \u0103n t\u0103ng c\u01b0\u1eddng s\u1ee9c kh\u1ecfe, nh\u1ea5t l\u00e0 nh\u1eefng ng\u01b0\u1eddi b\u1ec7nh c\u1ea7n ch\u0103m s\u00f3c v\u00e0 b\u1ed3i b\u1ed5 c\u01a1 th\u1ec3 gi\u00fap \u0103n ngon mi\u1ec7ng, \u0111\u1eb7c bi\u1ec7t nh\u1eefng ng\u01b0\u1eddi sau ph\u1eabu thu\u1eadt m\u1ed5 khi \u0111\u01b0\u1ee3c \u0103n th\u00ec d\u00f9ng Ho\u00e0i S\u01a1n gi\u00fap mau l\u00e0nh v\u1ebft th\u01b0\u01a1ng.<\/p>\n<p><strong>B\u1ea3o qu\u1ea3n:\u00a0<\/strong>\u0110\u1ec3 n\u01a1i kh\u00f4 r\u00e1o, tho\u00e1ng m\u00e1t, tr\u00e1nh \u00e1nh n\u1eafng tr\u1ef1c ti\u1ebfp, \u0111\u1eady k\u00edn t\u00fai sau khi m\u1edf mi\u1ec7ng t\u00fai.<\/p>\n<p><strong>Th\u00f4ng tin c\u1ea3nh b\u00e1o an to\u00e0n:<\/strong>\u00a0Kh\u00f4ng s\u1eed d\u1ee5ng s\u1ea3n ph\u1ea9m khi \u0111\u00e3 h\u1ebft h\u1ea1n s\u1eed d\u1ee5ng ho\u1eb7c c\u00f3 d\u1ea5u hi\u1ec7u b\u1ea5t th\u01b0\u1eddng, n\u00ean s\u1eed d\u1ee5ng s\u1ea3n ph\u1ea9m trong v\u00f2ng 30 ng\u00e0y t\u1eeb khi m\u1edf n\u1eafp.<\/p>\n<p><strong>\u0110i\u1ec3m kh\u00e1c bi\u1ec7t:<\/strong>\u00a0S\u1ea3n ph\u1ea9m h\u1eefu c\u01a1, ho\u00e0i s\u01a1n s\u1ea5y l\u00e1t kh\u00f4ng ch\u1ee9a l\u01b0u hu\u1ef3nh.<\/p>\n<p><strong>H\u1ea1n s\u1eed d\u1ee5ng:<\/strong>\u00a0Xem tr\u00ean nh\u00e3n ch\u00ednh c\u1ee7a s\u1ea3n ph\u1ea9m (24 th\u00e1ng k\u1ec3 t\u1eeb ng\u00e0y s\u1ea3n xu\u1ea5t)<\/p>","protected":false},"excerpt":{"rendered":"<p>C\u1ee7 Ho\u00e0i S\u01a1n B\u1ea7u M\u00e2y \u0111\u01b0\u1ee3c ch\u1ee9ng nh\u1eadn \u0111\u1ea1t chu\u1ea9n\u00a0h\u1eefu c\u01a1\u00a0\u0111\u1ea7u ti\u00ean v\u00e0 duy nh\u1ea5t t\u1ea1i Vi\u1ec7t Nam, do \u00f4ng<\/p>","protected":false},"featured_media":16181,"comment_status":"open","ping_status":"closed","template":"","meta":{"_acf_changed":false},"product_cat":[316,22,313],"product_tag":[],"class_list":{"0":"post-16178","1":"product","2":"type-product","3":"status-publish","4":"has-post-thumbnail","6":"product_cat-che-bien-tu-rau-cu-qua-hat","7":"product_cat-sanphamthucpham","8":"product_cat-thuc-pham-che-bien","10":"first","11":"instock","12":"shipping-taxable","13":"purchasable","14":"product-type-simple"},"acf":[],"_links":{"self":[{"href":"https:\/\/b2c.fairs.vn\/en\/wp-json\/wp\/v2\/product\/16178","targetHints":{"allow":["GET"]}}],"collection":[{"href":"https:\/\/b2c.fairs.vn\/en\/wp-json\/wp\/v2\/product"}],"about":[{"href":"https:\/\/b2c.fairs.vn\/en\/wp-json\/wp\/v2\/types\/product"}],"replies":[{"embeddable":true,"href":"https:\/\/b2c.fairs.vn\/en\/wp-json\/wp\/v2\/comments?post=16178"}],"version-history":[{"count":0,"href":"https:\/\/b2c.fairs.vn\/en\/wp-json\/wp\/v2\/product\/16178\/revisions"}],"wp:featuredmedia":[{"embeddable":true,"href":"https:\/\/b2c.fairs.vn\/en\/wp-json\/wp\/v2\/media\/16181"}],"wp:attachment":[{"href":"https:\/\/b2c.fairs.vn\/en\/wp-json\/wp\/v2\/media?parent=16178"}],"wp:term":[{"taxonomy":"product_cat","embeddable":true,"href":"https:\/\/b2c.fairs.vn\/en\/wp-json\/wp\/v2\/product_cat?post=16178"},{"taxonomy":"product_tag","embeddable":true,"href":"https:\/\/b2c.fairs.vn\/en\/wp-json\/wp\/v2\/product_tag?post=16178"}],"curies":[{"name":"wp","href":"https:\/\/api.w.org\/{rel}","templated":true}]}}