{"id":16143,"date":"2024-04-09T11:44:03","date_gmt":"2024-04-09T04:44:03","guid":{"rendered":"https:\/\/b2c.fairs.vn\/?post_type=product&#038;p=16143"},"modified":"2024-04-09T11:44:04","modified_gmt":"2024-04-09T04:44:04","slug":"tinh-dau-sa-30ml","status":"publish","type":"product","link":"https:\/\/b2c.fairs.vn\/en\/product\/tinh-dau-sa-30ml\/","title":{"rendered":"Tinh D\u1ea7u S\u1ea3 30ml"},"content":{"rendered":"<p>Tinh D\u1ea7u S\u1ea3 100% thi\u00ean nhi\u00eanC\u00f4ng d\u1ee5ng c\u01a1 b\u1ea3n c\u1ee7a Tinh D\u1ea7u S\u1ea3: 1. Ch\u1ed1ng c\u00f4n tr\u00f9ng: Tinh d\u1ea7u s\u1ea3 \u0111\u1eb7c bi\u1ec7t c\u00f3 kh\u1ea3 n\u0103ng xua \u0111u\u1ed5i mu\u1ed7i v\u00e0 c\u00f4n tr\u00f9ng. V\u1edbi th\u00e0nh ph\u1ea7n \u0111\u01a1n h\u01b0\u01a1ng nhi\u1ec1u d\u01b0\u1ee3c t\u00ednh, tinh d\u1ea7u s\u1ea3 ho\u00e0n to\u00e0n thay th\u1ebf v\u00e0 an to\u00e0n h\u01a1n h\u1eb3n so v\u1edbi c\u00e1c dung d\u1ecbch ch\u1ed1ng mu\u1ed7i kh\u00e1c, \u0111\u1eb7c bi\u1ec7t l\u00e0 \u0111\u1ed1i v\u1edbi tr\u1ebb em. 2. L\u00e0m s\u1ea1ch kh\u00f4ng kh\u00ed v\u00e0 di\u1ec7t khu\u1ea9n: \u2013 X\u00f4ng tinh d\u1ea7u s\u1ea3 l\u00e0m s\u1ea1ch kh\u00f4ng kh\u00ed, di\u1ec7t khu\u1ea9n v\u00e0 t\u1ea1o c\u1ea3m gi\u00e1c th\u01b0 gi\u00e3n \u2013 Tinh d\u1ea7u s\u1ea3 + banking soda + n\u01b0\u1edbc.<\/p>","protected":false},"excerpt":{"rendered":"<p>Tinh D\u1ea7u S\u1ea3 100% thi\u00ean nhi\u00eanC\u00f4ng d\u1ee5ng c\u01a1 b\u1ea3n c\u1ee7a Tinh D\u1ea7u S\u1ea3: 1. Ch\u1ed1ng c\u00f4n tr\u00f9ng: Tinh d\u1ea7u s\u1ea3<\/p>","protected":false},"featured_media":16144,"comment_status":"open","ping_status":"closed","template":"","meta":{"_acf_changed":false},"product_cat":[22],"product_tag":[],"class_list":{"0":"post-16143","1":"product","2":"type-product","3":"status-publish","4":"has-post-thumbnail","6":"product_cat-sanphamthucpham","8":"first","9":"instock","10":"shipping-taxable","11":"purchasable","12":"product-type-simple"},"acf":[],"_links":{"self":[{"href":"https:\/\/b2c.fairs.vn\/en\/wp-json\/wp\/v2\/product\/16143","targetHints":{"allow":["GET"]}}],"collection":[{"href":"https:\/\/b2c.fairs.vn\/en\/wp-json\/wp\/v2\/product"}],"about":[{"href":"https:\/\/b2c.fairs.vn\/en\/wp-json\/wp\/v2\/types\/product"}],"replies":[{"embeddable":true,"href":"https:\/\/b2c.fairs.vn\/en\/wp-json\/wp\/v2\/comments?post=16143"}],"version-history":[{"count":0,"href":"https:\/\/b2c.fairs.vn\/en\/wp-json\/wp\/v2\/product\/16143\/revisions"}],"wp:featuredmedia":[{"embeddable":true,"href":"https:\/\/b2c.fairs.vn\/en\/wp-json\/wp\/v2\/media\/16144"}],"wp:attachment":[{"href":"https:\/\/b2c.fairs.vn\/en\/wp-json\/wp\/v2\/media?parent=16143"}],"wp:term":[{"taxonomy":"product_cat","embeddable":true,"href":"https:\/\/b2c.fairs.vn\/en\/wp-json\/wp\/v2\/product_cat?post=16143"},{"taxonomy":"product_tag","embeddable":true,"href":"https:\/\/b2c.fairs.vn\/en\/wp-json\/wp\/v2\/product_tag?post=16143"}],"curies":[{"name":"wp","href":"https:\/\/api.w.org\/{rel}","templated":true}]}}