{"id":16140,"date":"2024-04-09T11:40:12","date_gmt":"2024-04-09T04:40:12","guid":{"rendered":"https:\/\/b2c.fairs.vn\/?post_type=product&#038;p=16140"},"modified":"2024-04-09T11:41:45","modified_gmt":"2024-04-09T04:41:45","slug":"tinh-dau-chuc-treo-xe","status":"publish","type":"product","link":"https:\/\/b2c.fairs.vn\/en\/product\/tinh-dau-chuc-treo-xe\/","title":{"rendered":"Tinh d\u1ea7u ch\u00fac treo xe"},"content":{"rendered":"<p>Kh\u1ea3 n\u0103ng kh\u00e1ng khu\u1ea9n, kh\u00e1ng vi\u00eam, t\u0103ng c\u01b0\u1eddng mi\u1ec5n d\u1ecbch, ch\u1ed1ng c\u1ea3m c\u00fam, tr\u1ea7m c\u1ea3m r\u1ea5t cao trong tinh d\u1ea7u ch\u00fac.<\/p>\n<p>C\u1ee5 th\u1ec3:<br \/>\nLimonene: ch\u1ed1ng oxy h\u00f3a, kh\u00e1ng n\u1ea5m v\u00e0 di\u1ec7t tr\u1eeb c\u00e1c c\u00f4n tr\u00f9ng g\u00e2y b\u1ec7nh<br \/>\nHo\u1ea1t ch\u1ea5t \u03b1 Terpineol chi\u1ebft xu\u1ea5t t\u1eeb tinh d\u1ea7u ch\u00fac c\u00f3 t\u00ednh s\u00e1t tr\u00f9ng (di\u1ec7t khu\u1ea9n, n\u1ea5m v\u00e0 si\u00eau vi) t\u1ed1t, do \u0111\u00f3 \u03b1- terpineol l\u00e0 m\u1ed9t nguy\u00ean li\u1ec7u qu\u00fd \u0111\u1ec3 b\u00e0o ch\u1ebf nhi\u1ec1u lo\u1ea1i thu\u1ed1c b\u00f4i x\u1ee9c tr\u1ef1c ti\u1ebfp ho\u1eb7c d\u1ea7u kh\u00ed dung bay h\u01a1i<br \/>\n\u0110\u1eb7c bi\u1ec7t,trong nh\u1eefng nghi\u00ean c\u1ee9u m\u1edbi \u0111\u00e2y th\u00e0nh ph\u1ea7n \u03b1- Terpineol c\u00f2n c\u00f3 kh\u1ea3 n\u0103ng ng\u0103n ng\u1eeba s\u1ef1 ph\u00e1t tri\u1ec3n c\u1ee7a t\u1ebf b\u00e0o ung th\u01b0 ( Ngu\u1ed3n : NCBI : , Anticaner research )<br \/>\nTheo nghi\u00ean c\u1ee9u c\u1ea5p B\u1ed9 Y t\u1ebf, th\u1ef1c hi\u1ec7n t\u1ea1i Vi\u1ec7n Pasteur TP H\u1ed3 Ch\u00ed Minh, 2008 c\u1ee7a H\u00e3ng d\u01b0\u1ee3c ph\u1ea9m OPODIS PHARMA th\u00ec ho\u1ea1t ch\u1ea5t \u03b1-terpineol c\u00f3 t\u00e1c d\u1ee5ng \u1ee9c ch\u1ebf di\u1ec7t c\u1ea3 hai vi r\u00fat c\u00fam A H5N1 v\u00e0 A H1N1.<\/p>\n<p>Tinh d\u1ea7u s\u1ebd gi\u00fap b\u1ea3o v\u1ec7 v\u00e0 c\u1ea3i thi\u1ec7n ch\u1ee9c n\u0103ng nh\u1eadn th\u1ee9c c\u1ee7a n\u00e3o b\u1ed9, \u0111\u1eb7c bi\u1ec7t c\u00f3 \u00edch \u0111\u1ed1i v\u1edbi nh\u1eefng ng\u01b0\u1eddi b\u1ecb ch\u1ee9ng m\u1ea5t tr\u00ed ho\u1eb7c Alzheimer. Ngo\u00e0i ra, tinh d\u1ea7u c\u00f2n t\u0103ng c\u01b0\u1eddng tr\u00ed nh\u1edb v\u00e0 c\u1ea3i thi\u1ec7n s\u1ef1 t\u1eadp trung, gi\u1ea3m c\u0103ng th\u1eb3ng v\u00e0 mang l\u1ea1i c\u1ea3m gi\u00e1c th\u01b0 gi\u00e3n.<\/p>","protected":false},"excerpt":{"rendered":"<p>Kh\u1ea3 n\u0103ng kh\u00e1ng khu\u1ea9n, kh\u00e1ng vi\u00eam, t\u0103ng c\u01b0\u1eddng mi\u1ec5n d\u1ecbch, ch\u1ed1ng c\u1ea3m c\u00fam, tr\u1ea7m c\u1ea3m r\u1ea5t cao trong tinh d\u1ea7u<\/p>","protected":false},"featured_media":16141,"comment_status":"open","ping_status":"closed","template":"","meta":{"_acf_changed":false},"product_cat":[401,519],"product_tag":[],"class_list":{"0":"post-16140","1":"product","2":"type-product","3":"status-publish","4":"has-post-thumbnail","6":"product_cat-hoa-my-pham","7":"product_cat-suc-khoe-va-sac-dep","9":"first","10":"instock","11":"shipping-taxable","12":"purchasable","13":"product-type-simple"},"acf":[],"_links":{"self":[{"href":"https:\/\/b2c.fairs.vn\/en\/wp-json\/wp\/v2\/product\/16140","targetHints":{"allow":["GET"]}}],"collection":[{"href":"https:\/\/b2c.fairs.vn\/en\/wp-json\/wp\/v2\/product"}],"about":[{"href":"https:\/\/b2c.fairs.vn\/en\/wp-json\/wp\/v2\/types\/product"}],"replies":[{"embeddable":true,"href":"https:\/\/b2c.fairs.vn\/en\/wp-json\/wp\/v2\/comments?post=16140"}],"version-history":[{"count":0,"href":"https:\/\/b2c.fairs.vn\/en\/wp-json\/wp\/v2\/product\/16140\/revisions"}],"wp:featuredmedia":[{"embeddable":true,"href":"https:\/\/b2c.fairs.vn\/en\/wp-json\/wp\/v2\/media\/16141"}],"wp:attachment":[{"href":"https:\/\/b2c.fairs.vn\/en\/wp-json\/wp\/v2\/media?parent=16140"}],"wp:term":[{"taxonomy":"product_cat","embeddable":true,"href":"https:\/\/b2c.fairs.vn\/en\/wp-json\/wp\/v2\/product_cat?post=16140"},{"taxonomy":"product_tag","embeddable":true,"href":"https:\/\/b2c.fairs.vn\/en\/wp-json\/wp\/v2\/product_tag?post=16140"}],"curies":[{"name":"wp","href":"https:\/\/api.w.org\/{rel}","templated":true}]}}