{"id":16128,"date":"2024-04-09T11:22:59","date_gmt":"2024-04-09T04:22:59","guid":{"rendered":"https:\/\/b2c.fairs.vn\/?post_type=product&#038;p=16128"},"modified":"2024-04-09T11:36:20","modified_gmt":"2024-04-09T04:36:20","slug":"nuoc-rua-chen-kotsot-huong-chuc","status":"publish","type":"product","link":"https:\/\/b2c.fairs.vn\/en\/product\/nuoc-rua-chen-kotsot-huong-chuc\/","title":{"rendered":"N\u01b0\u1edbc r\u1eeda ch\u00e9n Kotsot h\u01b0\u01a1ng ch\u00fac"},"content":{"rendered":"<p>D\u1ea1ng l\u1ecfng, m\u00e0u xanh l\u00e1, h\u01b0\u01a1ng th\u01a1m \u0111\u1eb7c tr\u01b0ng, c\u00f3 t\u00ednh n\u0103ng kh\u00e1ng khu\u1ea9n, ch\u1ed1ng oxy h\u00f3a, t\u1ea1o c\u1ea3m gi\u00e1c s\u1ea3ng kho\u00e1i; kh\u1eed m\u00f9i tanh, l\u00e0m s\u1ea1ch v\u00e0 l\u00e0m s\u00e1ng; m\u1ec1m m\u1ecbn v\u00e0 kh\u00f4ng h\u1ea1i da tay, s\u1ea3n ph\u1ea9m 100% organic<\/p>","protected":false},"excerpt":{"rendered":"<p>D\u1ea1ng l\u1ecfng, m\u00e0u xanh l\u00e1, h\u01b0\u01a1ng th\u01a1m \u0111\u1eb7c tr\u01b0ng, c\u00f3 t\u00ednh n\u0103ng kh\u00e1ng khu\u1ea9n, ch\u1ed1ng oxy h\u00f3a, t\u1ea1o c\u1ea3m gi\u00e1c s\u1ea3ng kho\u00e1i; kh\u1eed m\u00f9i tanh, l\u00e0m s\u1ea1ch v\u00e0 l\u00e0m s\u00e1ng; m\u1ec1m m\u1ecbn v\u00e0 kh\u00f4ng h\u1ea1i da tay, s\u1ea3n ph\u1ea9m 100% organic<\/p>","protected":false},"featured_media":16136,"comment_status":"open","ping_status":"closed","template":"","meta":{"_acf_changed":false},"product_cat":[401,519],"product_tag":[],"class_list":{"0":"post-16128","1":"product","2":"type-product","3":"status-publish","4":"has-post-thumbnail","6":"product_cat-hoa-my-pham","7":"product_cat-suc-khoe-va-sac-dep","9":"first","10":"instock","11":"shipping-taxable","12":"purchasable","13":"product-type-simple"},"acf":[],"_links":{"self":[{"href":"https:\/\/b2c.fairs.vn\/en\/wp-json\/wp\/v2\/product\/16128","targetHints":{"allow":["GET"]}}],"collection":[{"href":"https:\/\/b2c.fairs.vn\/en\/wp-json\/wp\/v2\/product"}],"about":[{"href":"https:\/\/b2c.fairs.vn\/en\/wp-json\/wp\/v2\/types\/product"}],"replies":[{"embeddable":true,"href":"https:\/\/b2c.fairs.vn\/en\/wp-json\/wp\/v2\/comments?post=16128"}],"version-history":[{"count":0,"href":"https:\/\/b2c.fairs.vn\/en\/wp-json\/wp\/v2\/product\/16128\/revisions"}],"wp:featuredmedia":[{"embeddable":true,"href":"https:\/\/b2c.fairs.vn\/en\/wp-json\/wp\/v2\/media\/16136"}],"wp:attachment":[{"href":"https:\/\/b2c.fairs.vn\/en\/wp-json\/wp\/v2\/media?parent=16128"}],"wp:term":[{"taxonomy":"product_cat","embeddable":true,"href":"https:\/\/b2c.fairs.vn\/en\/wp-json\/wp\/v2\/product_cat?post=16128"},{"taxonomy":"product_tag","embeddable":true,"href":"https:\/\/b2c.fairs.vn\/en\/wp-json\/wp\/v2\/product_tag?post=16128"}],"curies":[{"name":"wp","href":"https:\/\/api.w.org\/{rel}","templated":true}]}}