{"id":16103,"date":"2024-04-09T11:01:06","date_gmt":"2024-04-09T04:01:06","guid":{"rendered":"https:\/\/b2c.fairs.vn\/?post_type=product&#038;p=16103"},"modified":"2024-04-09T11:09:13","modified_gmt":"2024-04-09T04:09:13","slug":"gel-rua-tay","status":"publish","type":"product","link":"https:\/\/b2c.fairs.vn\/en\/product\/gel-rua-tay\/","title":{"rendered":"Gel r\u1eeda tay"},"content":{"rendered":"<p>Gel R\u1eeda Tay Kh\u00f4 H\u01b0\u01a1ng Ch\u00fac (Bergamot)<\/p>\n<p>Dung t\u00edch: 50ml<\/p>\n<p>Th\u00e0nh ph\u1ea7n: c\u1ed3n y t\u1ebf, tinh d\u1ea7u ch\u00fac, vitamin E, tinh ch\u1ea5t l\u00f4 h\u1ed9i t\u1eeb c\u00e2y nha \u0111am<\/p>\n<p>H\u01b0\u1edbng d\u1eabn s\u1eed d\u1ee5ng:<\/p>\n<p>&#8211; Nh\u1ecf ( ho\u1eb7c x\u1ecbt ) dung d\u1ecbch di\u1ec7t khu\u1ea9n v\u00e0o l\u00f2ng b\u00e0n tay.<\/p>\n<p>&#8211; Thoa hai b\u00e0n tay v\u00e0o nhau, thoa c\u00e1c kh\u1ebb tay v\u00e0 c\u00e1c ng\u00f3n tay sao cho dung d\u1ecbch di\u1ec7t khu\u1ea9n \u0111\u01b0\u1ee3c ph\u1ee7 \u0111\u1ec1u b\u00e0n tay, ng\u00f3n tay.<\/p>\n<p>C\u00f4ng d\u1ee5ng:<\/p>\n<p>&#8211; R\u1eeda tay kh\u00f4ng c\u1ea7n n\u01b0\u1edbc<\/p>\n<p>&#8211; Di\u1ec7t khu\u1ea9n, m\u1ec1m da, kh\u00f4ng kh\u00f4 hay g\u00e2y k\u00edch \u1ee9ng da<\/p>\n<p>&#8211; H\u01b0\u01a1ng ch\u00fac t\u1ea1o c\u1ea3m gi\u00e1c th\u01b0 gi\u1ea3n v\u00e0 s\u1ea3ng kho\u00e1i<\/p>","protected":false},"excerpt":{"rendered":"<p>Gel R\u1eeda Tay Kh\u00f4 H\u01b0\u01a1ng Ch\u00fac (Bergamot)<\/p>\n<p>Dung t\u00edch: 50ml<\/p>\n<p>Th\u00e0nh ph\u1ea7n: c\u1ed3n y t\u1ebf, tinh d\u1ea7u ch\u00fac, vitamin E, tinh ch\u1ea5t l\u00f4 h\u1ed9i t\u1eeb c\u00e2y nha \u0111am<\/p>\n<p>H\u01b0\u1edbng d\u1eabn s\u1eed d\u1ee5ng:<\/p>\n<p>&#8211; Nh\u1ecf ( ho\u1eb7c x\u1ecbt ) dung d\u1ecbch di\u1ec7t khu\u1ea9n v\u00e0o l\u00f2ng b\u00e0n tay<\/p>\n<p>&#8211; Thoa hai b\u00e0n tay v\u00e0o nhau, thoa c\u00e1c kh\u1ebb tay v\u00e0 c\u00e1c ng\u00f3n tay sao cho dung d\u1ecbch di\u1ec7t khu\u1ea9n \u0111\u01b0\u1ee3c ph\u1ee7 \u0111\u1ec1u b\u00e0n tay, ng\u00f3n tay.<\/p>\n<p>C\u00f4ng d\u1ee5ng:<\/p>\n<p>&#8211; R\u1eeda tay kh\u00f4ng c\u1ea7n n\u01b0\u1edbc<\/p>\n<p>&#8211; Di\u1ec7t khu\u1ea9n, m\u1ec1m da, kh\u00f4ng kh\u00f4 hay g\u00e2y k\u00edch \u1ee9ng da<\/p>\n<p>&#8211; H\u01b0\u01a1ng ch\u00fac t\u1ea1o c\u1ea3m gi\u00e1c th\u01b0 gi\u1ea3n v\u00e0 s\u1ea3ng kho\u00e1i.<\/p>","protected":false},"featured_media":16113,"comment_status":"open","ping_status":"closed","template":"","meta":{"_acf_changed":false},"product_cat":[401,519],"product_tag":[],"class_list":{"0":"post-16103","1":"product","2":"type-product","3":"status-publish","4":"has-post-thumbnail","6":"product_cat-hoa-my-pham","7":"product_cat-suc-khoe-va-sac-dep","9":"first","10":"instock","11":"shipping-taxable","12":"purchasable","13":"product-type-simple"},"acf":[],"_links":{"self":[{"href":"https:\/\/b2c.fairs.vn\/en\/wp-json\/wp\/v2\/product\/16103","targetHints":{"allow":["GET"]}}],"collection":[{"href":"https:\/\/b2c.fairs.vn\/en\/wp-json\/wp\/v2\/product"}],"about":[{"href":"https:\/\/b2c.fairs.vn\/en\/wp-json\/wp\/v2\/types\/product"}],"replies":[{"embeddable":true,"href":"https:\/\/b2c.fairs.vn\/en\/wp-json\/wp\/v2\/comments?post=16103"}],"version-history":[{"count":0,"href":"https:\/\/b2c.fairs.vn\/en\/wp-json\/wp\/v2\/product\/16103\/revisions"}],"wp:featuredmedia":[{"embeddable":true,"href":"https:\/\/b2c.fairs.vn\/en\/wp-json\/wp\/v2\/media\/16113"}],"wp:attachment":[{"href":"https:\/\/b2c.fairs.vn\/en\/wp-json\/wp\/v2\/media?parent=16103"}],"wp:term":[{"taxonomy":"product_cat","embeddable":true,"href":"https:\/\/b2c.fairs.vn\/en\/wp-json\/wp\/v2\/product_cat?post=16103"},{"taxonomy":"product_tag","embeddable":true,"href":"https:\/\/b2c.fairs.vn\/en\/wp-json\/wp\/v2\/product_tag?post=16103"}],"curies":[{"name":"wp","href":"https:\/\/api.w.org\/{rel}","templated":true}]}}