{"id":16084,"date":"2024-04-09T09:41:50","date_gmt":"2024-04-09T02:41:50","guid":{"rendered":"https:\/\/b2c.fairs.vn\/?post_type=product&#038;p=16084"},"modified":"2024-04-09T09:41:50","modified_gmt":"2024-04-09T02:41:50","slug":"muoi-thao-moc-ngam-chan-cung-dinh","status":"publish","type":"product","link":"https:\/\/b2c.fairs.vn\/en\/product\/muoi-thao-moc-ngam-chan-cung-dinh\/","title":{"rendered":"Mu\u1ed1i th\u1ea3o m\u1ed9c ng\u00e2m ch\u00e2n Cung \u0110\u00ecnh"},"content":{"rendered":"<h3>1. Mu\u1ed1i th\u1ea3o m\u1ed9c ng\u00e2m ch\u00e2n Cung \u0110\u00ecnh:<\/h3>\n<div>Theo Y h\u1ecdc c\u1ed5 truy\u1ec1n, \u201c L\u1ee5c ph\u1ee7 ng\u0169 t\u1ea1ng \u201d \u0111\u1ec1u thu nh\u1ecf trong l\u00f2ng b\u00e0n ch\u00e2n. \u0110\u00f3 c\u0169ng l\u00e0 n\u01a1i b\u1eaft \u0111\u1ea7u c\u1ee7a ba \u201c Kinh t\u00fac tam \u00e2m \u201d \u2013 T\u1ef3, gan, th\u1eadn v\u00e0 l\u00e0 n\u01a1i cu\u1ed1i c\u00f9ng c\u1ee7a \u201c Kinh t\u00fac tam d\u01b0\u01a1ng \u201d \u2013 V\u1ecb, m\u1eadt, b\u00e0ng quang.<\/div>\n<div>B\u00e0n ch\u00e2n l\u00e0 g\u1ed1c c\u1ee7a c\u01a1 th\u1ec3, tham gia v\u00e0o qu\u00e1 tr\u00ecnh v\u1eadn h\u00e0nh kh\u00ed huy\u1ebft. Gi\u00fap c\u01a1 th\u1ec3 ti\u1ebfp \u00e2m h\u00e0ng ng\u00e0y trong vi\u1ec7c c\u00e2n b\u1eb1ng c\u01a1 th\u1ec3 v\u1edbi tr\u1eddi \u0111\u1ea5t.<\/div>\n<div>Gi\u00fap n\u00e2ng \u0111\u1ee1 c\u01a1 th\u1ec3 v\u1eefng v\u00e0ng, di chuy\u1ec3n d\u1ec5 d\u00e0ng. V\u00ec v\u1eady c\u00f3 th\u1ec3 ch\u1eefa b\u00e1ch b\u1ec7nh th\u00f4ng qua vi\u1ec7c t\u00e1c \u0111\u1ed9ng v\u00e0o c\u00e1c huy\u1ec7t \u0111\u1ea1o b\u00e0n ch\u00e2n<\/div>\n<div>Li\u00ean h\u1ec7 v\u1edbi l\u1ee5c ph\u1ee7 ng\u0169 t\u1ea1ng, n\u1ed1i li\u1ec1n c\u00e1c b\u1ed9 ph\u1eadn quan tr\u1ecdng, c\u00e1c t\u1ea1ng ph\u1ee7 trong c\u01a1 th\u1ec3 nh\u01b0 t\u00e2m (tim) \u2013 can (gan) \u2013 t\u1ef3 (l\u00e1ch) \u2013 ph\u1ebf (ph\u1ed5i) \u2013 th\u1eadn \u0111\u1ec1u c\u00f3 c\u00e1c huy\u1ec7t t\u01b0\u01a1ng \u1ee9ng \u1edf b\u00e0n ch\u00e2n.<\/div>\n<div><\/div>\n<div>Ng\u01b0\u1eddi l\u1edbn tu\u1ed5i, ng\u01b0\u1eddi l\u00e0m v\u0103n ph\u00f2ng th\u01b0\u1eddng mang gi\u00e0y b\u00edt nhi\u1ec1u, ho\u1eb7c l\u00e0 ng\u01b0\u1eddi v\u1eadn \u0111\u1ed9ng th\u1ec3 thao, \u0111i \u0111\u1ee9ng nhi\u1ec1u \u0111\u1ec1u g\u1eb7p chung m\u1ed9t v\u1ea5n \u0111\u1ec1 \u0111\u00f3 l\u00e0 \u0111au nh\u1ee9c ch\u00e2n c\u0169ng nh\u01b0 c\u00f3 m\u00f9i kh\u00f3 ch\u1ecbu (do mang b\u00edt t\u1ea5t). Mu\u1ed1i th\u1ea3o m\u1ed9c ng\u00e2m ch\u00e2n Cung \u0110\u00ecnh s\u1ebd gi\u00fap b\u1ea1n c\u1ea3i thi\u1ec7n t\u00ecnh tr\u1ea1ng n\u00e0y m\u1ed9t c\u00e1ch hi\u1ec7u qu\u1ea3, gi\u00fap b\u1ea1n tr\u1ecb d\u1ee9t \u0111i\u1ec3m nh\u1eefng c\u01a1n \u0111au nh\u1ee9c ch\u00e2n, tr\u1ecb m\u00f9i kh\u00f3 ch\u1ecbu, gi\u00fap b\u1ea1n c\u00f3 gi\u1ea5c ng\u1ee7 ngon m\u1ed7i \u0111\u00eam.<\/div>\n<h3>2. \u0110\u1eb7c \u0111i\u1ec3m n\u1ed5i b\u1eadt c\u1ee7a mu\u1ed1i th\u1ea3o m\u1ed9c ng\u00e2m ch\u00e2n:<\/h3>\n<ul>\n<li>100% nguy\u00ean li\u1ec7u t\u1eeb\u00a0thi\u00ean nhi\u00ean, kh\u00f4ng c\u00f3 h\u00f3a ch\u1ea5t<\/li>\n<li>Th\u00e2n thi\u1ec7n v\u1edbi l\u00e0n da<\/li>\n<li>Hi\u1ec7u qu\u1ea3 r\u00f5 r\u1ec7t ngay tu\u1ea7n \u0111\u1ea7u ti\u00ean d\u00f9ng s\u1ea3n ph\u1ea9m \u0111\u1ec1u \u0111\u1eb7n<\/li>\n<li>C\u00e1ch s\u1eed d\u1ee5ng \u0111\u01a1n gi\u1ea3n<\/li>\n<\/ul>\n<h3>3. Th\u00e0nh ph\u1ea7n th\u1ea3o d\u01b0\u1ee3c:<\/h3>\n<div>Mu\u1ed1i th\u1ea3o m\u1ed9c ng\u00e2m ch\u00e2n Cung \u0110\u00ecnh bao g\u1ed3m c\u00e1c th\u00e0nh ph\u1ea7n:<\/div>\n<ul>\n<li>Mu\u1ed1i: Ch\u1ee9a nhi\u1ec1u kho\u00e1ng ch\u1ea5t c\u00e1c th\u00e0nh ph\u1ea7n vi l\u01b0\u1ee3ng nh\u01b0 s\u1eaft, k\u1ebdm, magie, \u0111\u1ed3ng\u2026khi k\u1ebft h\u1ee3p v\u1edbi c\u00e1c th\u1ea3o d\u01b0\u1ee3c t\u1ea1o ra m\u1ed9t b\u00e0i thu\u1ed1c gi\u00fap l\u01b0u th\u00f4ng kh\u00ed huy\u1ebft, gi\u00fap qu\u00e1 tr\u00ecnh tu\u1ea7n ho\u00e0n m\u00e1u di\u1ec5n ra \u0111\u01b0\u1ee3c d\u1ec5 d\u00e0ng h\u01a1n, ng\u0103n ch\u1eb7n s\u1ef1 \u00e1ch t\u1eafc g\u00e2y ph\u00f9 n\u1ec1, s\u01b0ng \u0111\u1ecf.<\/li>\n<li>B\u1ea1c H\u00e0: Gi\u00fap l\u01b0u th\u00f4ng kh\u00ed huy\u1ebft, gi\u1ea3m stress, l\u00e0m s\u00e1ng da ch\u00e2n v\u00e0 xoa d\u1ecbu nh\u1eefng m\u1ea9n ng\u1ee9a r\u1ea5t hi\u1ec7u qu\u1ea3.<\/li>\n<li>G\u1eebng v\u00e0 qu\u1ebf: C\u00f3 t\u00ednh n\u00f3ng, gi\u00fap cho \u0111\u00f4i ch\u00e2n lu\u00f4n \u1ea5m, tr\u1ecb t\u00ea nh\u1ee9c, \u0111au m\u1ecfi. T\u0103ng c\u01b0\u1eddng t\u1ed1c \u0111\u1ed9 tu\u1ea7n ho\u00e0n m\u00e1u, gi\u00fap l\u01b0u th\u00f4ng kh\u00ed huy\u1ebft v\u00f4 c\u00f9ng hi\u1ec7u qu\u1ea3.<\/li>\n<\/ul>\n<h3>4. C\u00f4ng d\u1ee5ng c\u1ee7a mu\u1ed1i th\u1ea3o m\u1ed9c ng\u00e2m ch\u00e2n:<\/h3>\n<ul>\n<li>K\u00edch th\u00edch tu\u1ea7n ho\u00e0n m\u00e1u v\u00e0 gi\u00fap kh\u00ed huy\u1ebft \u0111i\u1ec1u h\u00f2a<\/li>\n<li>Gi\u00fap t\u1ea1o tinh th\u1ea7n tho\u1ea3i m\u00e1i, gi\u00fap ng\u1ee7 ngon v\u00e0 h\u1ed7 tr\u1ee3 ch\u1ee9ng m\u1ea5t ng\u1ee7.<\/li>\n<li>Ch\u1ed1ng l\u1ea1nh b\u00e0n ch\u00e2n v\u00e0o m\u00f9a \u0111\u00f4ng<\/li>\n<li>Lo\u1ea1i b\u1ecf nh\u1eefng m\u00f9i h\u00f4i kh\u00f3 ch\u1ecbu, gi\u1eef cho \u0111\u00f4i ch\u00e2n lu\u00f4n s\u1ea1ch s\u1ebd.<\/li>\n<li>Gi\u1ea3m ph\u00f9 n\u1ec1 b\u00e0n ch\u00e2n cho ph\u1ee5 n\u1eef mang thai.<\/li>\n<\/ul>\n<h3>5. H\u01b0\u1edbng d\u1eabn s\u1eed d\u1ee5ng s\u1ea3n ph\u1ea9m:<\/h3>\n<div>B\u01b0\u1edbc 1: \u0110\u1ed5 mu\u1ed1i th\u1ea3o m\u1ed9c ng\u00e2m ch\u00e2n v\u00e0o ch\u1eadu n\u01b0\u1edbc n\u00f3ng kho\u1ea3ng 15 ph\u00fat \u0111\u1ec3 h\u00f2a tan mu\u1ed1i v\u00e0 k\u00edch thich c\u00e1c ho\u1ea1t ch\u1ea5t trong th\u1ea3o m\u1ed9c<\/div>\n<div>B\u01b0\u1edbc 2: Th\u00eam m\u1ed9t \u00edt n\u01b0\u1edbc l\u1ea1nh ho\u1eb7c ch\u1edd n\u01b0\u1edbc ngu\u1ed9i b\u1edbt r\u1ed3i ng\u00e2m ch\u00e2n trong 15 ph\u00fat.<\/div>\n<div>B\u01b0\u1edbc 3: D\u00f9ng kh\u0103n lau kh\u00f4 b\u00e0n ch\u00e2n v\u00e0 massage nh\u1eb9 n\u1ebfu th\u1ea5y c\u1ea7n thi\u1ebft.<\/div>\n<div><\/div>\n<div>B\u1ea3o qu\u1ea3n s\u1ea3n ph\u1ea9m \u1edf n\u01a1i kh\u00f4 r\u00e1o, tho\u00e1ng m\u00e1t.<\/div>","protected":false},"excerpt":{"rendered":"<p>1. Mu\u1ed1i th\u1ea3o m\u1ed9c ng\u00e2m ch\u00e2n Cung \u0110\u00ecnh: Theo Y h\u1ecdc c\u1ed5 truy\u1ec1n, \u201c L\u1ee5c ph\u1ee7 ng\u0169 t\u1ea1ng \u201d \u0111\u1ec1u<\/p>","protected":false},"featured_media":16086,"comment_status":"open","ping_status":"closed","template":"","meta":{"_acf_changed":false},"product_cat":[332,335],"product_tag":[],"class_list":{"0":"post-16084","1":"product","2":"type-product","3":"status-publish","4":"has-post-thumbnail","6":"product_cat-san-pham-duoc-lieu-va-san-pham-tu-duoc-lieu","7":"product_cat-tinh-dau-va-thao-duoc-khac","9":"first","10":"instock","11":"shipping-taxable","12":"purchasable","13":"product-type-simple"},"acf":[],"_links":{"self":[{"href":"https:\/\/b2c.fairs.vn\/en\/wp-json\/wp\/v2\/product\/16084","targetHints":{"allow":["GET"]}}],"collection":[{"href":"https:\/\/b2c.fairs.vn\/en\/wp-json\/wp\/v2\/product"}],"about":[{"href":"https:\/\/b2c.fairs.vn\/en\/wp-json\/wp\/v2\/types\/product"}],"replies":[{"embeddable":true,"href":"https:\/\/b2c.fairs.vn\/en\/wp-json\/wp\/v2\/comments?post=16084"}],"version-history":[{"count":0,"href":"https:\/\/b2c.fairs.vn\/en\/wp-json\/wp\/v2\/product\/16084\/revisions"}],"wp:featuredmedia":[{"embeddable":true,"href":"https:\/\/b2c.fairs.vn\/en\/wp-json\/wp\/v2\/media\/16086"}],"wp:attachment":[{"href":"https:\/\/b2c.fairs.vn\/en\/wp-json\/wp\/v2\/media?parent=16084"}],"wp:term":[{"taxonomy":"product_cat","embeddable":true,"href":"https:\/\/b2c.fairs.vn\/en\/wp-json\/wp\/v2\/product_cat?post=16084"},{"taxonomy":"product_tag","embeddable":true,"href":"https:\/\/b2c.fairs.vn\/en\/wp-json\/wp\/v2\/product_tag?post=16084"}],"curies":[{"name":"wp","href":"https:\/\/api.w.org\/{rel}","templated":true}]}}