{"id":16079,"date":"2024-04-09T09:37:46","date_gmt":"2024-04-09T02:37:46","guid":{"rendered":"https:\/\/b2c.fairs.vn\/?post_type=product&#038;p=16079"},"modified":"2024-04-09T09:37:47","modified_gmt":"2024-04-09T02:37:47","slug":"tinh-dau-hoa-ngu-sac-kim-vui-10ml","status":"publish","type":"product","link":"https:\/\/b2c.fairs.vn\/en\/product\/tinh-dau-hoa-ngu-sac-kim-vui-10ml\/","title":{"rendered":"Tinh d\u1ea7u hoa ng\u0169 s\u1eafc Kim Vui 10ml"},"content":{"rendered":"<h1>TINH D\u1ea6U HOA NG\u0168 S\u1eaeC \u2013 TR\u1eca VI\u00caM XOANG HI\u1ec6U QU\u1ea2<\/h1>\n<p>&nbsp;<\/p>\n<p>Tinh d\u1ea7u hoa ng\u0169 s\u1eafc \u0111\u01b0\u1ee3c chi\u1ebft xu\u1ea5t t\u1eeb c\u00e2y hoa ng\u0169 s\u1eafc (t\u00ean kh\u00e1c: c\u00e2y hoa ng\u0169 v\u1ecb, c\u00e2y c\u1ee9t l\u1ee3n, c\u00e2y b\u00f9 x\u00edt,\u00a0th\u1eafng h\u1ed3ng k\u1ebf,\u00a0c\u1ecf h\u00f4i), T\u1eeb l\u00e2u, trong d\u00e2n gian, \u0111\u00e2y \u0111\u00e3 \u0111\u01b0\u1ee3c coi l\u00e0 m\u1ed9t v\u1ecb thu\u1ed1c hay v\u00e0 c\u1ef1c k\u1ef3 hi\u1ec7u qu\u1ea3 trong \u0111i\u1ec1u tr\u1ecb b\u1ec7nh vi\u00eam xoang v\u1edbi t\u00e1c d\u1ee5ng ch\u1ed1ng vi\u00eam, ch\u1ed1ng ph\u00f9 n\u1ec1, d\u1ecb \u1ee9ng trong c\u1ea3 \u0111\u1ee3t c\u1ea5p t\u00ednh v\u00e0 m\u00e3n t\u00ednh.<\/p>\n<h2>I. T\u00cdNH N\u0102NG CH\u00cdNH<\/h2>\n<p>Vi\u00eam xoang l\u00e0 m\u1ed9t b\u1ec7nh l\u00fd ph\u1ed5 bi\u1ebfn \u1edf n\u01b0\u1edbc ta v\u1edbi t\u1ef7 l\u1ec7 t\u1eeb 15% \u0111\u1ebfn 20% d\u00e2n s\u1ed1 b\u1ecb m\u1eafc. B\u1ec7nh th\u01b0\u1eddng dai d\u1eb3ng, kh\u00f3 ch\u1eefa d\u1ee9t \u0111i\u1ec3m v\u00e0 th\u01b0\u1eddng g\u00e2y ra c\u00e1c bi\u1ebfn ch\u1ee9ng nh\u01b0 vi\u00eam thanh qu\u1ea3n m\u1ea1n t\u00ednh, vi\u00eam n\u1ec1 \u1ed5 m\u1eaft, vi\u00eam m\u00ed, gi\u1ea3m th\u1ecb l\u1ef1c, vi\u00eam tai gi\u1eefa\u2026 khi kh\u00f4ng \u0111\u01b0\u1ee3c \u0111i\u1ec1u tr\u1ecb k\u1ecbp th\u1eddi.<\/p>\n<p>Do b\u1ec7nh th\u01b0\u1eddng dai d\u1eb3ng k\u00e9o d\u00e0i n\u00ean \u0111\u1ec3 \u0111i\u1ec1u tr\u1ecb d\u1ee9t \u0111i\u1ec3m, ng\u01b0\u1eddi b\u1ec7nh c\u1ea7n ph\u1ea3i ki\u00ean tr\u00ec d\u00f9ng thu\u1ed1c trong m\u1ed9t th\u1eddi gian d\u00e0i, \u00edt nh\u1ea5t l\u00e0 t\u1eeb 3 \u0111\u1ebfn 6 th\u00e1ng, c\u00f3 nhi\u1ec1u tr\u01b0\u1eddng h\u1ee3p ph\u1ea3i \u0111i\u1ec1u tr\u1ecb k\u00e9o d\u00e0i t\u1edbi v\u00e0i n\u0103m. V\u00ec v\u1eady, c\u00e1c b\u00e1c s\u1ef9 chuy\u00ean khoa t\u1ea1i m\u0169i h\u1ecdng khuy\u00ean r\u1eb1ng: ng\u01b0\u1eddi b\u1ec7nh n\u00ean s\u1eed d\u1ee5ng c\u00e1c lo\u1ea1i thu\u1ed1c\/tinh d\u1ea7u\u00a0\u0111\u01b0\u1ee3c b\u00e0o ch\u1ebf t\u1eeb c\u00e2y c\u1ecf t\u1ef1 nhi\u00ean \u0111\u1ec3 \u0111\u1ea1t hi\u1ec7u qu\u1ea3 \u0111i\u1ec1u tr\u1ecb cao nh\u1ea5t l\u1ea1i an to\u00e0n v\u00e0 kh\u00f4ng c\u00f3 t\u00e1c d\u1ee5ng ph\u1ee5.<\/p>\n<h2>II. C\u00d4NG D\u1ee4NG TINH D\u1ea6U HOA NG\u0168 S\u1eaeC<\/h2>\n<p>Hoa ng\u0169 s\u1eafc l\u00e0 m\u1ed9t lo\u1ea1i c\u00e2y nh\u1ecf, th\u00e2n nhi\u1ec1u l\u00f4ng m\u1ec1m, cao t\u1eeb 25cm \u2013 50cm, c\u00f3 hoa nh\u1ecf m\u00e0u t\u00edm v\u00e0 xanh, m\u1ecdc hoang \u1edf kh\u1eafp n\u01a1i, nh\u1ea5t l\u00e0 \u1edf v\u00f9ng n\u00f4ng th\u00f4n.<\/p>\n<p>Theo c\u00e1c nghi\u00ean c\u1ee9u hi\u1ec7n \u0111\u1ea1i, to\u00e0n th\u00e2n c\u00e2y hoa ng\u0169 s\u1eafc c\u00f3 ch\u1ee9a kho\u1ea3ng 0,16% tinh \u0111\u1ea7u (so v\u1edbi d\u01b0\u1ee3c li\u1ec7u kh\u00f4), h\u01a1i s\u00e1nh \u0111\u1eb7c, m\u00e0u v\u00e0ng nh\u1ea1t \u0111\u1ebfn v\u00e0ng ngh\u1ec7, m\u00f9i th\u01a1m d\u1ec5 ch\u1ecbu. Trong\u00a0tinh d\u1ea7u\u00a0c\u00f3 th\u00e0nh ph\u1ea7n ch\u1ee7 y\u1ebfu l\u00e0 ageratocromen, demethoxyageratocromen v\u00e0 precocen I (80%), c\u00f3 t\u00e1c d\u1ee5ng ch\u1ed1ng vi\u00eam, kh\u00e1ng khu\u1ea9n, ch\u1ed1ng ph\u00f9 n\u1ec1, d\u1ecb \u1ee9ng trong c\u1ea3 \u0111\u1ee3t xoang c\u1ea5p t\u00ednh v\u00e0 m\u1ea1n t\u00ednh.<\/p>\n<h3>Hoa ng\u0169 s\u1eafc h\u1ed7 tr\u1ee3 hi\u1ec7u qu\u1ea3 trong \u0111i\u1ec1u tr\u1ecb vi\u00eam xoang c\u1ea5p v\u00e0 m\u00e3n t\u00ednh<\/h3>\n<p>B\u00ean c\u1ea1nh t\u00e1c d\u1ee5ng ch\u1ed1ng vi\u00eam, hoa c\u1ee9t l\u1ee3n c\u00f2n c\u00f3 t\u00e1c d\u1ee5ng k\u00edch th\u00edch ni\u00eam m\u1ea1c m\u0169i t\u0103ng xu\u1ea5t ti\u1ebft n\u00ean khi d\u00f9ng, ng\u01b0\u1eddi b\u1ec7nh th\u1ea5y r\u00e1t b\u1ecfng to\u00e0n b\u1ed9 ni\u00eam m\u1ea1c m\u0169i. Nh\u1edd v\u1eady, nh\u1eefng d\u1ecbch m\u1ee7 xanh, v\u00e0ng c\u00f2n t\u1ed3n \u0111\u1ecdng trong l\u00f2ng xoang v\u00e0 h\u1ed1c m\u0169i \u0111\u01b0\u1ee3c th\u1ea3i lo\u1ea1i ra ngo\u00e0i.<\/p>\n<p>Ngo\u00e0i ra, \u0111\u1ec3 t\u0103ng t\u00e1c d\u1ee5ng th\u00f4ng m\u0169i v\u00e0 h\u1ea1n ch\u1ebf \u0111\u1ed9 \u201cx\u00f3t\u201d khi s\u1eed d\u1ee5ng hoa c\u1ee9t l\u1ee3n tr\u1ecb vi\u00eam xoang, c\u1ea7n k\u1ebft h\u1ee3p v\u1edbi hai v\u1ecb thu\u1ed1c kh\u00e1c l\u00e0 T\u00e2n di v\u00e0 Th\u01b0\u01a1ng nh\u0129 t\u1eed. M\u1eb7t kh\u00e1c, b\u1ec7nh nh\u00e2n vi\u00eam xoang c\u0169ng n\u00ean k\u1ebft h\u1ee3p ph\u01b0\u01a1ng ph\u00e1p ch\u1eefa b\u1ec7nh: \u201ctrong u\u1ed1ng, ngo\u00e0i xoa\u201d \u0111\u1ec3 \u0111i\u1ec1u tr\u1ecb d\u1ee9t \u0111i\u1ec3m c\u0103n nguy\u00ean c\u1ee7a b\u1ec7nh.<\/p>\n<p>V\u00e0 \u0111\u1ec3 ti\u1ebft ki\u1ec7m th\u1eddi gian, c\u00f4ng s\u1ee9c trong qu\u00e1 tr\u00ecnh \u0111i\u1ec1u tr\u1ecb, ng\u01b0\u1eddi b\u1ec7nh c\u00f3 th\u1ec3 s\u1eed d\u1ee5ng c\u00e1c s\u1ea3n ph\u1ea9m d\u1ea1ng x\u1ecbt ho\u1eb7c d\u1ea1ng dung d\u1ecbch nh\u1ecf m\u0169i.<\/p>\n<p>Song song v\u1edbi vi\u1ec7c s\u1eed d\u1ee5ng thu\u1ed1c, ng\u01b0\u1eddi b\u1ec7nh c\u1ea7n l\u01b0u \u00fd ph\u00f2ng v\u00e0 h\u1ed7 tr\u1ee3 \u0111i\u1ec1u tr\u1ecb b\u1ec7nh b\u1eb1ng c\u00e1ch v\u1ec7 sinh m\u0169i th\u01b0\u1eddng xuy\u00ean, \u0111eo kh\u1ea9u trang khi ra \u0111\u01b0\u1eddng, tr\u00e1nh ti\u1ebfp x\u00fac v\u1edbi kh\u00f3i b\u1ee5i, h\u00f3a ch\u1ea5t, h\u1ea1n ch\u1ebf \u0103n \u0111\u1ed3 cay, \u0111\u1ed3 l\u1ea1nh\u2026<\/p>","protected":false},"excerpt":{"rendered":"<p>TINH D\u1ea6U HOA NG\u0168 S\u1eaeC \u2013 TR\u1eca VI\u00caM XOANG HI\u1ec6U QU\u1ea2 &nbsp; Tinh d\u1ea7u hoa ng\u0169 s\u1eafc \u0111\u01b0\u1ee3c chi\u1ebft xu\u1ea5t<\/p>","protected":false},"featured_media":16082,"comment_status":"open","ping_status":"closed","template":"","meta":{"_acf_changed":false},"product_cat":[332,335],"product_tag":[],"class_list":{"0":"post-16079","1":"product","2":"type-product","3":"status-publish","4":"has-post-thumbnail","6":"product_cat-san-pham-duoc-lieu-va-san-pham-tu-duoc-lieu","7":"product_cat-tinh-dau-va-thao-duoc-khac","9":"first","10":"instock","11":"shipping-taxable","12":"purchasable","13":"product-type-simple"},"acf":[],"_links":{"self":[{"href":"https:\/\/b2c.fairs.vn\/en\/wp-json\/wp\/v2\/product\/16079","targetHints":{"allow":["GET"]}}],"collection":[{"href":"https:\/\/b2c.fairs.vn\/en\/wp-json\/wp\/v2\/product"}],"about":[{"href":"https:\/\/b2c.fairs.vn\/en\/wp-json\/wp\/v2\/types\/product"}],"replies":[{"embeddable":true,"href":"https:\/\/b2c.fairs.vn\/en\/wp-json\/wp\/v2\/comments?post=16079"}],"version-history":[{"count":0,"href":"https:\/\/b2c.fairs.vn\/en\/wp-json\/wp\/v2\/product\/16079\/revisions"}],"wp:featuredmedia":[{"embeddable":true,"href":"https:\/\/b2c.fairs.vn\/en\/wp-json\/wp\/v2\/media\/16082"}],"wp:attachment":[{"href":"https:\/\/b2c.fairs.vn\/en\/wp-json\/wp\/v2\/media?parent=16079"}],"wp:term":[{"taxonomy":"product_cat","embeddable":true,"href":"https:\/\/b2c.fairs.vn\/en\/wp-json\/wp\/v2\/product_cat?post=16079"},{"taxonomy":"product_tag","embeddable":true,"href":"https:\/\/b2c.fairs.vn\/en\/wp-json\/wp\/v2\/product_tag?post=16079"}],"curies":[{"name":"wp","href":"https:\/\/api.w.org\/{rel}","templated":true}]}}