{"id":16057,"date":"2024-04-09T09:24:58","date_gmt":"2024-04-09T02:24:58","guid":{"rendered":"https:\/\/b2c.fairs.vn\/?post_type=product&#038;p=16057"},"modified":"2024-04-09T09:25:29","modified_gmt":"2024-04-09T02:25:29","slug":"tinh-dau-sa-chanh-kim-vui-50ml","status":"publish","type":"product","link":"https:\/\/b2c.fairs.vn\/en\/product\/tinh-dau-sa-chanh-kim-vui-50ml\/","title":{"rendered":"Tinh d\u1ea7u S\u1ea3 chanh Kim Vui 50ml"},"content":{"rendered":"<h1>TINH D\u1ea6U S\u1ea2 CHANH KIM VUI GI\u00daP \u0110U\u1ed4I MU\u1ed6I, C\u00d4N TR\u00d9NG HI\u1ec6U QU\u1ea2<\/h1>\n<p>S\u1ea3 chanh\u00a0l\u00e0 lo\u1ea1i c\u00e2y b\u1eaft ngu\u1ed3n t\u1eeb \u0111\u1ea5t n\u01b0\u1edbc Philipine, c\u00f3 nhi\u1ec1u tinh d\u1ea7u, v\u00e0 c\u00f3 nhi\u1ec1u d\u01b0\u1ee1ng ch\u1ea5t qu\u00fd gi\u00e1, c\u00f3 th\u1ec3 d\u00f9ng trong th\u1ef1c ph\u1ea9m v\u00e0 trong y h\u1ecdc. Ngo\u00e0i ra n\u00f3 c\u00f2n \u0111\u01b0\u1ee3c d\u00f9ng \u0111\u1ec3 s\u1ea3n xu\u1ea5t tinh d\u1ea7u s\u1ea3 chanh v\u00e0 h\u00e0m l\u01b0\u1ee3ng tinh d\u1ea7u c\u00f3 trong c\u00e2y s\u1ea3 chanh \u0111\u1ebfn 0,46 \u2013 0,55%. H\u1ea7u nh\u01b0 to\u00e0n b\u1ed9\u00a0c\u00e2y s\u1ea3\u00a0chanh, t\u1eeb l\u00e1, b\u1eb9, th\u00e2n, r\u1ec5\u2026 \u0111\u1ec1u c\u00f3 gi\u00e1 tr\u1ecb s\u1eed d\u1ee5ng. Tinh d\u1ea7u \u0111\u01b0\u1ee3c chi\u1ebft xu\u1ea5t t\u1eeb m\u1ecdi b\u1ed9 ph\u1eadn c\u1ee7a lo\u1ea1i th\u1ef1c v\u1eadt n\u00e0y, c\u00f3 m\u00f9i th\u01a1m \u0111\u1eb7c tr\u01b0ng c\u1ee7a S\u1ea3 v\u00e0 h\u01b0\u01a1ng v\u1ecb cay n\u1ed3ng, m\u00e1t nh\u1eb9 c\u1ee7a Chanh. Tinh d\u1ea7u \u0111\u01b0\u1ee3c d\u00f9ng \u0111\u1ec3 x\u00f4ng h\u01a1i, x\u00f4ng h\u01b0\u01a1ng, t\u1eafm, g\u1ed9i, v\u00e0 massage\u2026 c\u00f3 t\u00e1c d\u1ee5ng trong l\u00e0m \u0111\u1eb9p v\u00e0 ch\u0103m s\u00f3c s\u1ee9c kh\u1ecfe.<\/p>\n<h2>T\u00cdNH N\u0102NG<\/h2>\n<p>Tinh d\u1ea7u s\u1ea3 chanh nguy\u00ean ch\u1ea5t mang \u0111\u1ebfn cho b\u1ea1n gi\u1ea3i ph\u00e1p kh\u00e1ng khu\u1ea9n c\u1ef1c k\u1ef3 hi\u1ec7u qu\u1ea3 t\u1ea1i c\u00e1c kh\u00f4ng gian sinh ho\u1ea1t v\u00e0 l\u00e0m vi\u1ec7c, c\u0169ng nh\u01b0 b\u1ec7nh vi\u1ec7n, ph\u00f2ng ng\u1ee7. V\u1edbi h\u01b0\u01a1ng th\u01a1m m\u00e1t d\u1ecbu t\u1ef1 nhi\u00ean, \u0111\u00e2y l\u00e0 tinh d\u1ea7u th\u00edch h\u1ee3p cho nh\u1eefng ai hay stress v\u00e0 th\u00edch kh\u00f4ng gian t\u0129nh l\u1eb7ng nh\u1eb9 nh\u00e0ng. S\u1ea3 chanh c\u00f2n c\u00f3 kh\u1ea3 n\u0103ng l\u00e0m d\u1ee9t nhanh hi\u1ec7n t\u01b0\u1ee3ng c\u1ea3m c\u00fam, k\u00edch th\u00edch ti\u00eau h\u00f3a, gi\u00fap \u0103n ngon mi\u1ec7ng v\u00e0 l\u00e0 h\u01b0\u01a1ng li\u1ec7u \u0111\u01b0\u1ee3c s\u1eed d\u1ee5ng nhi\u1ec1u trong \u0111i\u1ec1u ch\u1ebf n\u01b0\u1edbc hoa \u2013 m\u1ef9 ph\u1ea9m c\u00f9ng nhi\u1ec1u t\u00e1c d\u1ee5ng \u01b0u vi\u1ec7t kh\u00e1c.<\/p>\n<h2>C\u00d4NG D\u1ee4NG CH\u00cdNH<\/h2>\n<h3>1. Tinh d\u1ea7u s\u1ea3 chanh gi\u00fap xua \u0111u\u1ed5i mu\u1ed7i v\u00e0 c\u00f4n tr\u00f9ng.<\/h3>\n<p>S\u1ea3 chanh c\u00f3 h\u01b0\u01a1ng th\u01a1m cay n\u1ed3ng, gi\u00fap xua tan m\u1ec7t m\u1ecfi, c\u1ea3m th\u1ea5y d\u1ec5 ch\u1ecbu, khoan kho\u00e1i. M\u00f9i s\u1ea3 chanh l\u00e0 kh\u1eafc tinh c\u1ee7a c\u00e1c lo\u00e0i c\u00f4n tr\u00f9ng. V\u1edbi s\u1ef1 h\u1ed7 tr\u1ee3 t\u1eeb c\u00e1c s\u1ea3n ph\u1ea9m nh\u01b0 \u0111\u00e8n x\u00f4ng tinh d\u1ea7u hay m\u00e1y khu\u1ebfch t\u00e1n, ho\u1eb7c \u0111\u01a1n gi\u1ea3n h\u01a1n l\u00e0 nh\u1ecf tinh d\u1ea7u n\u00e0y v\u00e0o b\u00f4ng g\u00f2n ho\u1eb7c gi\u1ea5y \u0103n v\u00e0 \u0111\u1eb7t v\u00e0o c\u00e1c g\u00f3c t\u01b0\u1eddng, n\u01a1i m\u00e0 ch\u00fang hay di chuy\u1ec3n, ngay l\u1eb7p t\u1ee9c khi tinh d\u1ea7u \u0111\u01b0\u1ee3c khu\u1ebfch t\u00e1n v\u00e0o kh\u00f4ng kh\u00ed s\u1ebd khi\u1ebfn c\u00f4n tr\u00f9ng kh\u00f3 ch\u1ecbu v\u00e0 tr\u00e1nh xa khu v\u1ef1c c\u00f3 tinh d\u1ea7u, c\u00f4n tr\u00f9ng s\u1ebd t\u1ef1 r\u1eddi \u0111i nh\u1eb9 nh\u00e0ng m\u00e0 kh\u00f4ng c\u1ea7n ph\u1ea3i s\u1eed d\u1ee5ng \u0111\u1ebfn c\u00e1 lo\u1ea1i h\u00f3a h\u1ecdc \u0111\u1ed9c h\u1ea1i c\u00f3 trong nhang mu\u1ed7i, thu\u1ed1c x\u1ecbt<\/p>\n<h3>2. Tinh d\u1ea7u s\u1ea3 chanh d\u00f9ng \u0111\u1ec3 x\u00f4ng h\u01a1i gi\u1ea3i c\u1ea3m<\/h3>\n<p>Khi b\u1ecb c\u1ea3m c\u00fam, c\u1ea3m h\u01a1i \u0111\u1ea5t,.. b\u1ea1n n\u00ean pha h\u1ed7n h\u1ee3p v\u00e0i gi\u1ecdt d\u1ea7u s\u1ea3 chanh + tinh d\u1ea7u B\u01b0\u1edfi v\u00e0o ch\u1eadu n\u01b0\u1edbc n\u00f3ng \u0111\u1ec3 x\u00f4ng h\u01a1i. B\u1ea1n d\u00f9ng ch\u0103n m\u1ecfng tr\u00f9m k\u00edn ng\u01b0\u1eddi v\u00e0 ch\u1eadu n\u01b0\u1edbc, \u0111\u1ec3 h\u01a1i n\u00f3ng t\u1ecfa l\u00ean to\u00e0n c\u01a1 th\u1ec3 trong kho\u1ea3ng 15 ph\u00fat, gi\u00fap ra m\u00f4\u0300 h\u00f4i, l\u01b0u th\u00f4ng kh\u00ed huy\u00ea\u0301t, gi\u1ea3i c\u1ea3m c\u00fam nhanh ch\u00f3ng. B\u1ea1n c\u0169ng c\u00f3 th\u1ec3 t\u1eafm v\u00e0 ng\u00e2m m\u00ecnh b\u1eb1ng h\u1ed7n h\u1ee3p n\u00e0y t\u1eeb 15-30 ph\u00fat gi\u00fap th\u01b0 gi\u00e3n gi\u1ea3i t\u1ecfa m\u1ec7t m\u1ecfi, r\u1ea5t c\u00f3 l\u1ee3i cho s\u1ee9c kh\u1ecfe c\u1ee7a b\u1ea1n.<\/p>\n<h3>3. Tinh d\u1ea7u s\u1ea3 chanh gi\u00fap \u0111\u1ea7u \u00f3c d\u1ec5 ch\u1ecbu h\u01a1n<\/h3>\n<p>Trong \u0111\u1eddi s\u1ed1ng hi\u1ec7n \u0111\u1ea1i ng\u00e0y nay, \u00e1p l\u1ef1c c\u00f4ng vi\u1ec7c, gia \u0111\u00ecnh d\u1ec5 khi\u1ebfn b\u1ea1n c\u1ea3m th\u1ea5y \u00e1p l\u1ef1c, stress, b\u1ea1n c\u00f3 th\u1ec3 t\u1eadn h\u01b0\u1edfng kh\u00f4ng gian t\u1ef1 nhi\u00ean c\u00f9ng h\u01b0\u01a1ng th\u01a1m s\u1ea3 chanh, n\u00f3 c\u00f3 th\u1ec3 xoa d\u1ecbu ngay nh\u1eefng m\u1ec7t m\u1ecfi c\u1ee7a gi\u00fap b\u1ea1n ki\u1ec3m so\u00e1t c\u1ea3m x\u00fac c\u1ef1c k\u00ec t\u1ed1t, \u0111\u00e2y c\u0169ng l\u00e0 h\u01b0\u01a1ng th\u01a1m gi\u00fap b\u1ea1n gi\u1ea3m thi\u1ec3u t\u00ecnh tr\u1ea1ng hoa m\u1eaft, ch\u00f3ng m\u1eb7t, bu\u1ed3n n\u00f4n khi \u0111i t\u00e0u xe c\u1ef1c k\u00ec hi\u1ec7u qu\u1ea3.<\/p>\n<h3>4. S\u00e1t tr\u00f9ng v\u1ebft th\u01b0\u01a1ng.<\/h3>\n<p>B\u1ea1n c\u00f3 th\u1ec3 pha v\u00e0i gi\u1ecdt Tinh d\u1ea7u nguy\u00ean ch\u1ea5t v\u00e0o n\u01b0\u1edbc \u1ea5m, v\u1edbi t\u1ef7 l\u1ec7 1:3. Thoa v\u00e0o mi\u1ec7ng v\u1ebft th\u01b0\u01a1ng ho\u1eb7c ch\u1ed7 b\u1ea7m t\u00edm b\u1eb1ng b\u00f4ng g\u00f2n th\u1ea5m h\u1ed7n h\u1ee3p tr\u00ean m\u1ed9t ng\u00e0y 2 l\u1ea7n. C\u00e1ch n\u00e0y gi\u00fap v\u1ebft th\u01b0\u01a1ng mau l\u00e0nh h\u01a1n v\u00e0 c\u0169ng gi\u00fap h\u1ea1n ch\u1ebf s\u1ef1 ph\u00e1t tri\u1ec3n c\u1ee7a k\u00fd sinh tr\u00f9ng tr\u00ean da, ng\u0103n ng\u1eeba n\u1ea5m m\u1ed1c v\u00e0 c\u00e1c y\u1ebfu t\u1ed1 g\u00e2y h\u00ecnh th\u00e0nh m\u1ee5n nh\u1ecdt tr\u00ean da.<\/p>\n<h3>5. Gi\u1ea3m \u0111au x\u01b0\u01a1ng kh\u1edbp b\u1eb1ng c\u00e1ch ng\u00e2m ch\u00e2n<\/h3>\n<p>B\u1ea1n c\u0169ng c\u00f3 th\u1ec3 h\u00f2a v\u00e0i gi\u1ecdt Tinh d\u1ea7u nguy\u00ean ch\u1ea5t v\u00e0o n\u01b0\u1edbc \u1ea5m \u0111\u1ec3 ng\u00e2m ch\u00e2n tr\u01b0\u1edbc khi \u0111i ng\u1ee7 gi\u00fap gi\u1ea3m \u0111au nh\u1ee9c gan b\u00e0n ch\u00e2n, t\u0103ng tu\u1ea7n ho\u00e0n m\u00e1u, gi\u00fap b\u1ea1n ng\u1ee7 ngon v\u00e0 s\u00e2u h\u01a1n.<\/p>","protected":false},"excerpt":{"rendered":"<p>TINH D\u1ea6U S\u1ea2 CHANH KIM VUI GI\u00daP \u0110U\u1ed4I MU\u1ed6I, C\u00d4N TR\u00d9NG HI\u1ec6U QU\u1ea2 S\u1ea3 chanh\u00a0l\u00e0 lo\u1ea1i c\u00e2y b\u1eaft ngu\u1ed3n t\u1eeb<\/p>","protected":false},"featured_media":16060,"comment_status":"open","ping_status":"closed","template":"","meta":{"_acf_changed":false},"product_cat":[332,335],"product_tag":[],"class_list":{"0":"post-16057","1":"product","2":"type-product","3":"status-publish","4":"has-post-thumbnail","6":"product_cat-san-pham-duoc-lieu-va-san-pham-tu-duoc-lieu","7":"product_cat-tinh-dau-va-thao-duoc-khac","9":"first","10":"instock","11":"shipping-taxable","12":"purchasable","13":"product-type-simple"},"acf":[],"_links":{"self":[{"href":"https:\/\/b2c.fairs.vn\/en\/wp-json\/wp\/v2\/product\/16057","targetHints":{"allow":["GET"]}}],"collection":[{"href":"https:\/\/b2c.fairs.vn\/en\/wp-json\/wp\/v2\/product"}],"about":[{"href":"https:\/\/b2c.fairs.vn\/en\/wp-json\/wp\/v2\/types\/product"}],"replies":[{"embeddable":true,"href":"https:\/\/b2c.fairs.vn\/en\/wp-json\/wp\/v2\/comments?post=16057"}],"version-history":[{"count":0,"href":"https:\/\/b2c.fairs.vn\/en\/wp-json\/wp\/v2\/product\/16057\/revisions"}],"wp:featuredmedia":[{"embeddable":true,"href":"https:\/\/b2c.fairs.vn\/en\/wp-json\/wp\/v2\/media\/16060"}],"wp:attachment":[{"href":"https:\/\/b2c.fairs.vn\/en\/wp-json\/wp\/v2\/media?parent=16057"}],"wp:term":[{"taxonomy":"product_cat","embeddable":true,"href":"https:\/\/b2c.fairs.vn\/en\/wp-json\/wp\/v2\/product_cat?post=16057"},{"taxonomy":"product_tag","embeddable":true,"href":"https:\/\/b2c.fairs.vn\/en\/wp-json\/wp\/v2\/product_tag?post=16057"}],"curies":[{"name":"wp","href":"https:\/\/api.w.org\/{rel}","templated":true}]}}