{"id":16047,"date":"2024-04-09T09:14:32","date_gmt":"2024-04-09T02:14:32","guid":{"rendered":"https:\/\/b2c.fairs.vn\/?post_type=product&#038;p=16047"},"modified":"2024-04-09T09:17:44","modified_gmt":"2024-04-09T02:17:44","slug":"tinh-dau-sa-2","status":"publish","type":"product","link":"https:\/\/b2c.fairs.vn\/en\/product\/tinh-dau-sa-2\/","title":{"rendered":"TINH D\u1ea6U S\u1ea2"},"content":{"rendered":"<p>Tinh d\u1ea7u s\u1ea3 l\u00e0 s\u1ea3n ph\u1ea9m\u00a0\u0111\u01b0\u1ee3c chi\u1ebft xu\u1ea5t 100% t\u1eeb\u00a0c\u00e2y s\u1ea3, tinh d\u1ea7u thi\u00ean nhi\u00ean s\u1ea3 nguy\u00ean ch\u1ea5t mang h\u01b0\u01a1ng th\u01a1m h\u0103ng n\u1ed3ng tinh t\u1ebf, nh\u1eb9 nh\u00e0ng, d\u1ec5 ch\u1ecbu v\u00e0 mang\u00a0\u0111\u1ebfn m\u00f9i th\u01a1m c\u1ee7a th\u1ea3o m\u1ed9c, c\u00f3 t\u00e1c d\u1ee5ng hi\u1ec7u qu\u1ea3 trong vi\u1ec7c kh\u1eed m\u00f9i, thanh l\u1ecdc kh\u00f4ng kh\u00ed, gi\u1ea3i\u00a0\u0111\u1ed9c v\u00e0 th\u01b0 gi\u00e3n tinh th\u1ea7n.<\/p>\n<h2 id=\"ftoc-heading-1\">C\u00f4ng d\u1ee5ng c\u1ee7a tinh d\u1ea7u s\u1ea3<\/h2>\n<ul>\n<li>\u200bGi\u00fap kh\u1eed m\u00f9i h\u00f4i, di\u1ec7t khu\u1ea9n kh\u00f4ng kh\u00ed, gi\u00fap ph\u00f2ng th\u01a1m m\u00e1t.<\/li>\n<li>\u0110u\u1ed5i mu\u1ed7i v\u00e0 c\u00e1c lo\u1ea1i c\u00f4n tr\u00f9ng.<\/li>\n<li>Gi\u00fap tinh th\u1ea7n th\u01b0 gi\u00e3n, s\u1ea3ng kho\u00e1i, gi\u1ea3m stress.<\/li>\n<li>X\u00f4ng h\u01a1i gi\u1ea3i c\u1ea3m, gi\u1ea3m m\u1ecfi m\u1ec7t.<\/li>\n<li>D\u00f9ng tinh d\u1ea7u S\u1ea3 \u0111\u1ec3 pha ch\u1ebf tinh d\u1ea7u massage.<\/li>\n<\/ul>\n<h2 id=\"ftoc-heading-2\">Cam k\u1ebft<\/h2>\n<ul>\n<li>S\u1ea3n ph\u1ea9m \u0111\u01b0\u1ee3c s\u1ea3n xu\u1ea5t tr\u1ef1c ti\u1ebfp t\u1ea1i C\u00f4ng ty CP \u0110TPT C\u00f4ng Th\u00e0nh. Cam k\u1ebft s\u1ea3n ph\u1ea9m an to\u00e0n, ch\u1ea5t l\u01b0\u1ee3ng \u0111\u1ebfn tay kh\u00e1ch h\u00e0ng.<\/li>\n<li>Ho\u00e0n ti\u1ec1n 200% n\u1ebfu ph\u00e1t hi\u1ec7n h\u00e0ng gi\u1ea3 v\u00e0 ch\u1ea5t l\u01b0\u1ee3ng s\u1ea3n ph\u1ea9m kh\u00f4ng \u0111\u00fang nh\u01b0 m\u00f4 t\u1ea3.<\/li>\n<\/ul>","protected":false},"excerpt":{"rendered":"<p>Tinh d\u1ea7u s\u1ea3 l\u00e0 s\u1ea3n ph\u1ea9m\u00a0\u0111\u01b0\u1ee3c chi\u1ebft xu\u1ea5t 100% t\u1eeb\u00a0c\u00e2y s\u1ea3, tinh d\u1ea7u thi\u00ean nhi\u00ean s\u1ea3 nguy\u00ean ch\u1ea5t mang h\u01b0\u01a1ng<\/p>","protected":false},"featured_media":16051,"comment_status":"open","ping_status":"closed","template":"","meta":{"_acf_changed":false},"product_cat":[332,335],"product_tag":[],"class_list":{"0":"post-16047","1":"product","2":"type-product","3":"status-publish","4":"has-post-thumbnail","6":"product_cat-san-pham-duoc-lieu-va-san-pham-tu-duoc-lieu","7":"product_cat-tinh-dau-va-thao-duoc-khac","9":"first","10":"instock","11":"shipping-taxable","12":"product-type-simple"},"acf":[],"_links":{"self":[{"href":"https:\/\/b2c.fairs.vn\/en\/wp-json\/wp\/v2\/product\/16047","targetHints":{"allow":["GET"]}}],"collection":[{"href":"https:\/\/b2c.fairs.vn\/en\/wp-json\/wp\/v2\/product"}],"about":[{"href":"https:\/\/b2c.fairs.vn\/en\/wp-json\/wp\/v2\/types\/product"}],"replies":[{"embeddable":true,"href":"https:\/\/b2c.fairs.vn\/en\/wp-json\/wp\/v2\/comments?post=16047"}],"version-history":[{"count":0,"href":"https:\/\/b2c.fairs.vn\/en\/wp-json\/wp\/v2\/product\/16047\/revisions"}],"wp:featuredmedia":[{"embeddable":true,"href":"https:\/\/b2c.fairs.vn\/en\/wp-json\/wp\/v2\/media\/16051"}],"wp:attachment":[{"href":"https:\/\/b2c.fairs.vn\/en\/wp-json\/wp\/v2\/media?parent=16047"}],"wp:term":[{"taxonomy":"product_cat","embeddable":true,"href":"https:\/\/b2c.fairs.vn\/en\/wp-json\/wp\/v2\/product_cat?post=16047"},{"taxonomy":"product_tag","embeddable":true,"href":"https:\/\/b2c.fairs.vn\/en\/wp-json\/wp\/v2\/product_tag?post=16047"}],"curies":[{"name":"wp","href":"https:\/\/api.w.org\/{rel}","templated":true}]}}