{"id":16030,"date":"2024-04-08T17:22:33","date_gmt":"2024-04-08T10:22:33","guid":{"rendered":"https:\/\/b2c.fairs.vn\/?post_type=product&#038;p=16030"},"modified":"2024-04-09T09:26:31","modified_gmt":"2024-04-09T02:26:31","slug":"tinh-dau-bac-ha","status":"publish","type":"product","link":"https:\/\/b2c.fairs.vn\/en\/product\/tinh-dau-bac-ha\/","title":{"rendered":"TINH D\u1ea6U B\u1ea0C H\u00c0"},"content":{"rendered":"<h2 id=\"ftoc-heading-0\">Tinh d\u1ea7u b\u1ea1c h\u00e0 l\u00e0 g\u00ec?<\/h2>\n<ul>\n<li>Tinh d\u1ea7u b\u1ea1c h\u00e0 l\u00e0 s\u1ea3n ph\u1ea9m \u0111\u01b0\u1ee3c chi\u1ebft xu\u1ea5t 100% t\u1ef1 nhi\u00ean, b\u1eb1ng ph\u01b0\u01a1ng ph\u00e1p ch\u01b0ng c\u1ea5t h\u01a1i n\u01b0\u1edbc, ho\u00e0n to\u00e0n t\u1eeb c\u00e2y b\u1ea1c h\u00e0, v\u1edbi c\u00e1c th\u00e0nh ph\u1ea7n ch\u00ednh l\u00e0 l\u00e1, th\u00e2n.<\/li>\n<li>Tinh d\u1ea7u b\u1ea1c h\u00e0 nguy\u00ean ch\u1ea5t NEO \u0111\u00e3 tr\u1ea3i qua qu\u00e1 tr\u00ecnh ki\u1ec3m \u0111\u1ecbnh nghi\u00eam ng\u1eb7t, nh\u1eb1m \u0111\u1ea3o b\u1ea3o ch\u1ea5t l\u01b0\u1ee3ng c\u1ee7a s\u1ea3n ph\u1ea9m lu\u00f4n \u0111\u1ea1t \u0111\u1ebfn 99,9 % nguy\u00ean ch\u1ea5t.<\/li>\n<li>Tinh d\u1ea7u b\u1ea1c h\u00e0 mang h\u01b0\u01a1ng th\u01a1m the m\u00e1t, tinh khi\u1ebft, \u0111em l\u1ea1i cho b\u1ea1n c\u1ea3m gi\u00e1c s\u1ea3ng kho\u00e1i khi s\u1eed d\u1ee5ng. M\u00f9i h\u01b0\u01a1ng c\u1ee7a tinh d\u1ea7u gi\u00fap cho kh\u00f4ng gian xung quanh nh\u00e0 ho\u1eb7c n\u01a1i c\u00f4ng s\u1edf tr\u1edf l\u00ean d\u1ec5 ch\u1ecbu h\u01a1n.<\/li>\n<\/ul>\n<h2 id=\"ftoc-heading-1\">C\u00f4ng d\u1ee5ng c\u1ee7a\u00a0tinh d\u1ea7u b\u1ea1c h\u00e0<\/h2>\n<ul>\n<li>H\u1ed7 tr\u1ee3 ti\u00eau h\u00f3a, gi\u1ea3m \u0111au b\u1ee5ng.<\/li>\n<li>Gi\u00fap c\u01a1 th\u1ec3 m\u00e1t m\u1ebb, s\u1ea3ng kho\u00e1i, t\u1eadp trung tinh th\u1ea7n.<\/li>\n<li>Thanh l\u1ecdc kh\u00f4ng kh\u00ed, cung c\u1ea5p oxy,&#8230;<\/li>\n<li>T\u0103ng c\u01b0\u1eddng n\u0103ng l\u01b0\u1ee3ng v\u00e0 hi\u1ec7u su\u1ea5t l\u00e0m vi\u1ec7c.<\/li>\n<\/ul>\n<h2 id=\"ftoc-heading-2\">B\u1ea3o qu\u1ea3n<\/h2>\n<ul>\n<li>B\u1ea3o qu\u1ea3n n\u01a1i kh\u00f4 r\u00e1o, tho\u00e1ng m\u00e1t, tr\u00e1nh \u00e1nh n\u1eafng tr\u1ef1c ti\u1ebfp.<\/li>\n<li>\u0110\u00e2\u0323y k\u00edn l\u1ecd sau khi s\u1eed d\u1ee5ng. \u0110\u1ec3 xa t\u00e2\u0300m tay tre\u0309 em.<\/li>\n<li>T\u00e1c d\u1ee5ng c\u00f3 th\u1ec3 kh\u00e1c nhau tu\u1ef3 c\u01a1 \u0111\u1ecba c\u1ee7a ng\u01b0\u1eddi d\u00f9ng.<\/li>\n<\/ul>\n<h2 id=\"ftoc-heading-3\">Cam k\u1ebft<\/h2>\n<ul>\n<li>S\u1ea3n ph\u1ea9m \u0111\u01b0\u1ee3c s\u1ea3n xu\u1ea5t tr\u1ef1c ti\u1ebfp t\u1ea1i C\u00f4ng ty CP \u0110TPT C\u00f4ng Th\u00e0nh. Cam k\u1ebft s\u1ea3n ph\u1ea9m an to\u00e0n, ch\u1ea5t l\u01b0\u1ee3ng \u0111\u1ebfn tay kh\u00e1ch h\u00e0ng.<\/li>\n<li>Ho\u00e0n ti\u1ec1n 200% n\u1ebfu ph\u00e1t hi\u1ec7n h\u00e0ng gi\u1ea3 v\u00e0 ch\u1ea5t l\u01b0\u1ee3ng s\u1ea3n ph\u1ea9m kh\u00f4ng \u0111\u00fang nh\u01b0 m\u00f4 t\u1ea3.<\/li>\n<\/ul>","protected":false},"excerpt":{"rendered":"<p>Tinh d\u1ea7u b\u1ea1c h\u00e0 l\u00e0 g\u00ec? Tinh d\u1ea7u b\u1ea1c h\u00e0 l\u00e0 s\u1ea3n ph\u1ea9m \u0111\u01b0\u1ee3c chi\u1ebft xu\u1ea5t 100% t\u1ef1 nhi\u00ean, b\u1eb1ng<\/p>","protected":false},"featured_media":16034,"comment_status":"open","ping_status":"closed","template":"","meta":{"_acf_changed":false},"product_cat":[332,335],"product_tag":[],"class_list":{"0":"post-16030","1":"product","2":"type-product","3":"status-publish","4":"has-post-thumbnail","6":"product_cat-san-pham-duoc-lieu-va-san-pham-tu-duoc-lieu","7":"product_cat-tinh-dau-va-thao-duoc-khac","9":"first","10":"instock","11":"shipping-taxable","12":"product-type-simple"},"acf":[],"_links":{"self":[{"href":"https:\/\/b2c.fairs.vn\/en\/wp-json\/wp\/v2\/product\/16030","targetHints":{"allow":["GET"]}}],"collection":[{"href":"https:\/\/b2c.fairs.vn\/en\/wp-json\/wp\/v2\/product"}],"about":[{"href":"https:\/\/b2c.fairs.vn\/en\/wp-json\/wp\/v2\/types\/product"}],"replies":[{"embeddable":true,"href":"https:\/\/b2c.fairs.vn\/en\/wp-json\/wp\/v2\/comments?post=16030"}],"version-history":[{"count":0,"href":"https:\/\/b2c.fairs.vn\/en\/wp-json\/wp\/v2\/product\/16030\/revisions"}],"wp:featuredmedia":[{"embeddable":true,"href":"https:\/\/b2c.fairs.vn\/en\/wp-json\/wp\/v2\/media\/16034"}],"wp:attachment":[{"href":"https:\/\/b2c.fairs.vn\/en\/wp-json\/wp\/v2\/media?parent=16030"}],"wp:term":[{"taxonomy":"product_cat","embeddable":true,"href":"https:\/\/b2c.fairs.vn\/en\/wp-json\/wp\/v2\/product_cat?post=16030"},{"taxonomy":"product_tag","embeddable":true,"href":"https:\/\/b2c.fairs.vn\/en\/wp-json\/wp\/v2\/product_tag?post=16030"}],"curies":[{"name":"wp","href":"https:\/\/api.w.org\/{rel}","templated":true}]}}