{"id":15978,"date":"2024-04-08T16:41:22","date_gmt":"2024-04-08T09:41:22","guid":{"rendered":"https:\/\/b2c.fairs.vn\/?post_type=product&#038;p=15978"},"modified":"2024-04-08T16:45:19","modified_gmt":"2024-04-08T09:45:19","slug":"dau-phong-rang-toi-ot-pegachi","status":"publish","type":"product","link":"https:\/\/b2c.fairs.vn\/en\/product\/dau-phong-rang-toi-ot-pegachi\/","title":{"rendered":"\u0110\u1eacU PH\u1ed8NG RANG T\u1eceI \u1edaT PEGACHI"},"content":{"rendered":"<p>Nguy\u00ean li\u1ec7u \u0111\u01b0\u1ee3ctuy\u1ec3n ch\u1ecdn r\u1ea5t k\u1ef9 c\u00e0ng v\u00e0 \u0111\u1ea1t ch\u1ea5t l\u01b0\u1ee3ng.<\/p>\n<p>Th\u01a1m ngon, m\u00f9i v\u1ecb \u0111\u1eb7c tr\u01b0ng.<\/p>\n<p>Ch\u1ea5t l\u01b0\u1ee3ng ATVSTP, ISO 9001:2015, HACCP<\/p>\n<p>Th\u01b0\u1edfng th\u1ee9c \u0111\u1ec3 c\u1ea3m nh\u1eadn s\u1ef1 kh\u00e1c bi\u1ec7t.<\/p>\n<p>H\u1ea1n s\u1eed d\u1ee5ng: 6 th\u00e1ng<\/p>\n<p>B\u1ea3o qu\u1ea3n l\u1ea1nh \u0111\u1ec3 \u0103n ngon h\u01a1n<\/p>\n<p>\u0110\u00f3ng g\u00f3i: 50gr &#8211; 170gr &#8211; 250gr &#8211;\u00a0 270gr<\/p>\n<p>&nbsp;<\/p>","protected":false},"excerpt":{"rendered":"<p>Nguy\u00ean li\u1ec7u \u0111\u01b0\u1ee3ctuy\u1ec3n ch\u1ecdn r\u1ea5t k\u1ef9 c\u00e0ng v\u00e0 \u0111\u1ea1t ch\u1ea5t l\u01b0\u1ee3ng. Th\u01a1m ngon, m\u00f9i v\u1ecb \u0111\u1eb7c tr\u01b0ng. Ch\u1ea5t l\u01b0\u1ee3ng ATVSTP,<\/p>","protected":false},"featured_media":15979,"comment_status":"open","ping_status":"closed","template":"","meta":{"_acf_changed":false},"product_cat":[316,22,313],"product_tag":[],"class_list":{"0":"post-15978","1":"product","2":"type-product","3":"status-publish","4":"has-post-thumbnail","6":"product_cat-che-bien-tu-rau-cu-qua-hat","7":"product_cat-sanphamthucpham","8":"product_cat-thuc-pham-che-bien","10":"first","11":"instock","12":"shipping-taxable","13":"product-type-simple"},"acf":[],"_links":{"self":[{"href":"https:\/\/b2c.fairs.vn\/en\/wp-json\/wp\/v2\/product\/15978","targetHints":{"allow":["GET"]}}],"collection":[{"href":"https:\/\/b2c.fairs.vn\/en\/wp-json\/wp\/v2\/product"}],"about":[{"href":"https:\/\/b2c.fairs.vn\/en\/wp-json\/wp\/v2\/types\/product"}],"replies":[{"embeddable":true,"href":"https:\/\/b2c.fairs.vn\/en\/wp-json\/wp\/v2\/comments?post=15978"}],"version-history":[{"count":0,"href":"https:\/\/b2c.fairs.vn\/en\/wp-json\/wp\/v2\/product\/15978\/revisions"}],"wp:featuredmedia":[{"embeddable":true,"href":"https:\/\/b2c.fairs.vn\/en\/wp-json\/wp\/v2\/media\/15979"}],"wp:attachment":[{"href":"https:\/\/b2c.fairs.vn\/en\/wp-json\/wp\/v2\/media?parent=15978"}],"wp:term":[{"taxonomy":"product_cat","embeddable":true,"href":"https:\/\/b2c.fairs.vn\/en\/wp-json\/wp\/v2\/product_cat?post=15978"},{"taxonomy":"product_tag","embeddable":true,"href":"https:\/\/b2c.fairs.vn\/en\/wp-json\/wp\/v2\/product_tag?post=15978"}],"curies":[{"name":"wp","href":"https:\/\/api.w.org\/{rel}","templated":true}]}}