{"id":15926,"date":"2024-04-08T15:07:36","date_gmt":"2024-04-08T08:07:36","guid":{"rendered":"https:\/\/b2c.fairs.vn\/?post_type=product&#038;p=15926"},"modified":"2024-04-08T15:07:42","modified_gmt":"2024-04-08T08:07:42","slug":"che-tay-son","status":"publish","type":"product","link":"https:\/\/b2c.fairs.vn\/en\/product\/che-tay-son\/","title":{"rendered":"Ch\u00e8 T\u00e2y S\u01a1n"},"content":{"rendered":"<p>\u201cCh\u00e8 T\u00e2y S\u01a1n\u201d v\u1edbi nh\u1eefng v\u00f9ng ch\u00e8 xanh b\u00e1t ng\u00e1t t\u1ea1i v\u00f9ng ph\u1ed1 n\u00fai H\u01b0\u01a1ng S\u01a1n. \u2026B\u1edfi v\u00f9ng \u0111\u1ea1i ng\u00e0n H\u01b0\u01a1ng S\u01a1n tr\u00ean d\u00e3y Tr\u01b0\u1eddng S\u01a1n quanh n\u0103m s\u01b0\u01a1ng m\u00f9, kh\u00ed h\u1eadu v\u00e0 n\u1eafng gi\u00f3 ph\u00f9 h\u1ee3p cho nh\u1eefng v\u01b0\u1eddn ch\u00e8 ph\u00e1t tri\u1ec3n xanh t\u1ed1t.Trong qu\u00e1 tr\u00ecnh x\u00e2y d\u1ef1ng v\u00e0 ph\u00e1t tri\u1ec3n t\u1eeb n\u0103m 2002 \u0111\u1ebfn nay X\u00ed nghi\u1ec7p ch\u00e8 c\u00f3 t\u1ed5ng di\u1ec7n t\u00edch tr\u00ean 200ha Li\u00ean k\u1ebft v\u1edbi 1.000 h\u1ed9 d\u00e2n tr\u1ed3ng ch\u00e8 \u0111\u1ec3 thu mua nguy\u00ean li\u1ec7u ch\u00e8 b\u00fap t\u01b0\u01a1i theo ti\u00eau chu\u1ea9n VietGap v\u00e0 \u0111\u1ed3ng h\u00e0nh v\u1edbi c\u00e1c h\u1ed9 s\u1ea3n xu\u1ea5t ch\u00e8 theo ti\u00eau chu\u1ea9n qu\u1ed1c t\u1ebf (ti\u00eau chu\u1ea9n RA); (s\u1ea3n xu\u1ea5t an to\u00e0n, c\u00f3 truy xu\u1ea5t ngu\u1ed3n g\u1ed1c, li\u00ean k\u1ebft ti\u00eau th\u1ee5 v\u1edbi c\u00e1c th\u1ecb tr\u01b0\u1eddng Afghanistan, th\u00ed \u0111i\u1ec3m t\u1ea1i Anh v\u00e0 cung c\u1ea5p cho trong t\u1ec9nh v\u00e0 ngo\u00e0i t\u1ec9nh).<\/p>","protected":false},"excerpt":{"rendered":"<p>\u201cCh\u00e8 T\u00e2y S\u01a1n\u201d v\u1edbi nh\u1eefng v\u00f9ng ch\u00e8 xanh b\u00e1t ng\u00e1t t\u1ea1i v\u00f9ng ph\u1ed1 n\u00fai H\u01b0\u01a1ng S\u01a1n. \u2026B\u1edfi v\u00f9ng \u0111\u1ea1i ng\u00e0n<\/p>","protected":false},"featured_media":15927,"comment_status":"open","ping_status":"closed","template":"","meta":{"_acf_changed":false},"product_cat":[321,366,367,22],"product_tag":[],"class_list":{"0":"post-15926","1":"product","2":"type-product","3":"status-publish","4":"has-post-thumbnail","6":"product_cat-che","7":"product_cat-hang-cnnt-cap-qg","8":"product_cat-hang-cnnt-cap-qg-2023","9":"product_cat-sanphamthucpham","11":"first","12":"instock","13":"shipping-taxable","14":"product-type-simple"},"acf":[],"_links":{"self":[{"href":"https:\/\/b2c.fairs.vn\/en\/wp-json\/wp\/v2\/product\/15926","targetHints":{"allow":["GET"]}}],"collection":[{"href":"https:\/\/b2c.fairs.vn\/en\/wp-json\/wp\/v2\/product"}],"about":[{"href":"https:\/\/b2c.fairs.vn\/en\/wp-json\/wp\/v2\/types\/product"}],"replies":[{"embeddable":true,"href":"https:\/\/b2c.fairs.vn\/en\/wp-json\/wp\/v2\/comments?post=15926"}],"version-history":[{"count":0,"href":"https:\/\/b2c.fairs.vn\/en\/wp-json\/wp\/v2\/product\/15926\/revisions"}],"wp:featuredmedia":[{"embeddable":true,"href":"https:\/\/b2c.fairs.vn\/en\/wp-json\/wp\/v2\/media\/15927"}],"wp:attachment":[{"href":"https:\/\/b2c.fairs.vn\/en\/wp-json\/wp\/v2\/media?parent=15926"}],"wp:term":[{"taxonomy":"product_cat","embeddable":true,"href":"https:\/\/b2c.fairs.vn\/en\/wp-json\/wp\/v2\/product_cat?post=15926"},{"taxonomy":"product_tag","embeddable":true,"href":"https:\/\/b2c.fairs.vn\/en\/wp-json\/wp\/v2\/product_tag?post=15926"}],"curies":[{"name":"wp","href":"https:\/\/api.w.org\/{rel}","templated":true}]}}