{"id":15914,"date":"2024-04-08T14:30:51","date_gmt":"2024-04-08T07:30:51","guid":{"rendered":"https:\/\/b2c.fairs.vn\/?post_type=product&#038;p=15914"},"modified":"2024-04-12T14:16:19","modified_gmt":"2024-04-12T07:16:19","slug":"dua-bao-tu-dong-lo","status":"publish","type":"product","link":"https:\/\/b2c.fairs.vn\/en\/product\/dua-bao-tu-dong-lo\/","title":{"rendered":"D\u01b0a bao t\u1eed \u0111\u00f3ng l\u1ecd"},"content":{"rendered":"<p>Nguy\u00ean li\u1ec7u \u0111\u01b0\u1ee3c l\u1ef1a ch\u1ecdn k\u1ef9 c\u00e0ng, ch\u1ec9 s\u1eed d\u1ee5ng nh\u1eefng qu\u1ea3 d\u01b0a chu\u1ed9t t\u01b0\u01a1i ngon, an to\u00e0n nh\u1ea5t, \u0111\u01b0\u1ee3c s\u1ea3n xu\u1ea5t v\u1edbi c\u00f4ng ngh\u1ec7 hi\u1ec7n \u0111\u1ea1i v\u00e0 quy tr\u00ecnh ki\u1ec3m so\u00e1t ch\u1ea5t l\u01b0\u1ee3ng nghi\u00eam ng\u1eb7t. H\u1ec7 th\u1ed1ng m\u00e1y m\u00f3c t\u1ef1 \u0111\u1ed9ng hi\u1ec7u qu\u1ea3 gi\u00fap gi\u1ea3m b\u1edbt lao \u0111\u1ed9ng th\u1ee7 c\u00f4ng v\u00e0 t\u0103ng n\u0103ng l\u1ef1c s\u1ea3n xu\u1ea5t l\u00ean r\u1ea5t nhi\u1ec1u. Hagimex l\u00e0 m\u1ed9t trong s\u1ed1 \u00edt nh\u00e0 s\u1ea3n xu\u1ea5t d\u01b0a mu\u1ed1i t\u1ea1i Vi\u1ec7t Nam \u0111\u1ea1t \u0111\u01b0\u1ee3c ch\u1ee9ng nh\u1eadn BRC v\u00e0 IFS \u0111\u1ed9t ng\u1ed9t, hai ch\u1ee9ng nh\u1eadn an to\u00e0n th\u1ef1c ph\u1ea9m uy t\u00edn nh\u1ea5t to\u00e0n c\u1ea7u.<\/p>","protected":false},"excerpt":{"rendered":"<p>Nguy\u00ean li\u1ec7u \u0111\u01b0\u1ee3c l\u1ef1a ch\u1ecdn k\u1ef9 c\u00e0ng, ch\u1ec9 s\u1eed d\u1ee5ng nh\u1eefng qu\u1ea3 d\u01b0a chu\u1ed9t t\u01b0\u01a1i ngon, an to\u00e0n nh\u1ea5t, \u0111\u01b0\u1ee3c<\/p>","protected":false},"featured_media":15915,"comment_status":"open","ping_status":"closed","template":"","meta":{"_acf_changed":false},"product_cat":[316,366,367,22,313],"product_tag":[],"class_list":{"0":"post-15914","1":"product","2":"type-product","3":"status-publish","4":"has-post-thumbnail","6":"product_cat-che-bien-tu-rau-cu-qua-hat","7":"product_cat-hang-cnnt-cap-qg","8":"product_cat-hang-cnnt-cap-qg-2023","9":"product_cat-sanphamthucpham","10":"product_cat-thuc-pham-che-bien","12":"first","13":"instock","14":"shipping-taxable","15":"product-type-simple"},"acf":[],"_links":{"self":[{"href":"https:\/\/b2c.fairs.vn\/en\/wp-json\/wp\/v2\/product\/15914","targetHints":{"allow":["GET"]}}],"collection":[{"href":"https:\/\/b2c.fairs.vn\/en\/wp-json\/wp\/v2\/product"}],"about":[{"href":"https:\/\/b2c.fairs.vn\/en\/wp-json\/wp\/v2\/types\/product"}],"replies":[{"embeddable":true,"href":"https:\/\/b2c.fairs.vn\/en\/wp-json\/wp\/v2\/comments?post=15914"}],"version-history":[{"count":0,"href":"https:\/\/b2c.fairs.vn\/en\/wp-json\/wp\/v2\/product\/15914\/revisions"}],"wp:featuredmedia":[{"embeddable":true,"href":"https:\/\/b2c.fairs.vn\/en\/wp-json\/wp\/v2\/media\/15915"}],"wp:attachment":[{"href":"https:\/\/b2c.fairs.vn\/en\/wp-json\/wp\/v2\/media?parent=15914"}],"wp:term":[{"taxonomy":"product_cat","embeddable":true,"href":"https:\/\/b2c.fairs.vn\/en\/wp-json\/wp\/v2\/product_cat?post=15914"},{"taxonomy":"product_tag","embeddable":true,"href":"https:\/\/b2c.fairs.vn\/en\/wp-json\/wp\/v2\/product_tag?post=15914"}],"curies":[{"name":"wp","href":"https:\/\/api.w.org\/{rel}","templated":true}]}}