{"id":15810,"date":"2024-04-05T10:27:04","date_gmt":"2024-04-05T03:27:04","guid":{"rendered":"https:\/\/b2c.fairs.vn\/?post_type=product&#038;p=15810"},"modified":"2024-04-05T10:31:01","modified_gmt":"2024-04-05T03:31:01","slug":"loc-binh-khac-hoa","status":"publish","type":"product","link":"https:\/\/b2c.fairs.vn\/en\/product\/loc-binh-khac-hoa\/","title":{"rendered":"L\u1ed9c B\u00ecnh Kh\u1eafc Hoa"},"content":{"rendered":"<p>L\u1ed9c B\u00ecnh Kh\u1eafc Hoa \u0111\u01b0\u1ee3c k\u00e9o d\u00e3n th\u1ee7 c\u00f4ng t\u1eeb \u0111\u1ed3 v\u1ecf \u0111\u1ea1n.<\/p>\n<p>\u0110\u1ed3ng nguy\u00ean ch\u1ea5t t\u1eeb nh\u00e0 s\u1ea3n xu\u1ea5t \u0111\u1ea1n.<\/p>\n<p>S\u1ea3n ph\u1ea9m kh\u00f4ng qua nung n\u1ea5u ch\u1ec9 qua qu\u00e1 tr\u00ecnh k\u00e9o d\u00e3n th\u00e0nh ph\u1ea9m<\/p>","protected":false},"excerpt":{"rendered":"<p>L\u1ed9c B\u00ecnh Kh\u1eafc Hoa \u0111\u01b0\u1ee3c k\u00e9o d\u00e3n th\u1ee7 c\u00f4ng t\u1eeb \u0111\u1ed3 v\u1ecf \u0111\u1ea1n. \u0110\u1ed3ng nguy\u00ean ch\u1ea5t t\u1eeb nh\u00e0 s\u1ea3n xu\u1ea5t<\/p>","protected":false},"featured_media":15811,"comment_status":"open","ping_status":"closed","template":"","meta":{"_acf_changed":false},"product_cat":[336,337,397],"product_tag":[],"class_list":{"0":"post-15810","1":"product","2":"type-product","3":"status-publish","4":"has-post-thumbnail","6":"product_cat-san-pham-thu-cong-my-nghe","7":"product_cat-thu-cong-my-nghe-gia-dung-trang-tri","8":"product_cat-thu-cong-my-nghe-khac","10":"first","11":"instock","12":"shipping-taxable","13":"product-type-simple"},"acf":[],"_links":{"self":[{"href":"https:\/\/b2c.fairs.vn\/en\/wp-json\/wp\/v2\/product\/15810","targetHints":{"allow":["GET"]}}],"collection":[{"href":"https:\/\/b2c.fairs.vn\/en\/wp-json\/wp\/v2\/product"}],"about":[{"href":"https:\/\/b2c.fairs.vn\/en\/wp-json\/wp\/v2\/types\/product"}],"replies":[{"embeddable":true,"href":"https:\/\/b2c.fairs.vn\/en\/wp-json\/wp\/v2\/comments?post=15810"}],"version-history":[{"count":0,"href":"https:\/\/b2c.fairs.vn\/en\/wp-json\/wp\/v2\/product\/15810\/revisions"}],"wp:featuredmedia":[{"embeddable":true,"href":"https:\/\/b2c.fairs.vn\/en\/wp-json\/wp\/v2\/media\/15811"}],"wp:attachment":[{"href":"https:\/\/b2c.fairs.vn\/en\/wp-json\/wp\/v2\/media?parent=15810"}],"wp:term":[{"taxonomy":"product_cat","embeddable":true,"href":"https:\/\/b2c.fairs.vn\/en\/wp-json\/wp\/v2\/product_cat?post=15810"},{"taxonomy":"product_tag","embeddable":true,"href":"https:\/\/b2c.fairs.vn\/en\/wp-json\/wp\/v2\/product_tag?post=15810"}],"curies":[{"name":"wp","href":"https:\/\/api.w.org\/{rel}","templated":true}]}}