{"id":15728,"date":"2024-04-04T17:05:17","date_gmt":"2024-04-04T10:05:17","guid":{"rendered":"https:\/\/b2c.fairs.vn\/?post_type=product&#038;p=15728"},"modified":"2024-04-04T17:05:17","modified_gmt":"2024-04-04T10:05:17","slug":"thuc-pham-bao-ve-suc-khoe-vi-cumax-beauty-care","status":"publish","type":"product","link":"https:\/\/b2c.fairs.vn\/en\/product\/thuc-pham-bao-ve-suc-khoe-vi-cumax-beauty-care\/","title":{"rendered":"Th\u1ef1c ph\u1ea9m b\u1ea3o v\u1ec7 s\u1ee9c kh\u1ecfe Vi-cumax Beauty Care"},"content":{"rendered":"<p>C\u00f4ng d\u1ee5ng:<\/p>\n<p>H\u1ed7 tr\u1ee3 ch\u1ed1ng oxy h\u00f3a, h\u1ea1n ch\u1ebf l\u00e3o h\u00f3a, gi\u00fap l\u00e0m \u0111\u1eb9p da.<\/p>\n<p>\u0110\u1ed1i t\u01b0\u1ee3ng s\u1eed d\u1ee5ng:<\/p>\n<p>Ph\u1ee5 n\u1eef tr\u01b0\u1edfng th\u00e0nh b\u1ecb l\u00e3o h\u00f3a da, mu\u1ed1n l\u00e0m \u0111\u1eb9p da.<\/p>","protected":false},"excerpt":{"rendered":"<p>C\u00f4ng d\u1ee5ng: H\u1ed7 tr\u1ee3 ch\u1ed1ng oxy h\u00f3a, h\u1ea1n ch\u1ebf l\u00e3o h\u00f3a, gi\u00fap l\u00e0m \u0111\u1eb9p da. \u0110\u1ed1i t\u01b0\u1ee3ng s\u1eed d\u1ee5ng: Ph\u1ee5<\/p>","protected":false},"featured_media":15729,"comment_status":"open","ping_status":"closed","template":"","meta":{"_acf_changed":false},"product_cat":[332,333],"product_tag":[],"class_list":{"0":"post-15728","1":"product","2":"type-product","3":"status-publish","4":"has-post-thumbnail","6":"product_cat-san-pham-duoc-lieu-va-san-pham-tu-duoc-lieu","7":"product_cat-thuc-pham-chuc-nang-thuoc-duoc-lieu-thuoc-y-hoc-co-truyen","9":"first","10":"instock","11":"shipping-taxable","12":"purchasable","13":"product-type-simple"},"acf":[],"_links":{"self":[{"href":"https:\/\/b2c.fairs.vn\/en\/wp-json\/wp\/v2\/product\/15728","targetHints":{"allow":["GET"]}}],"collection":[{"href":"https:\/\/b2c.fairs.vn\/en\/wp-json\/wp\/v2\/product"}],"about":[{"href":"https:\/\/b2c.fairs.vn\/en\/wp-json\/wp\/v2\/types\/product"}],"replies":[{"embeddable":true,"href":"https:\/\/b2c.fairs.vn\/en\/wp-json\/wp\/v2\/comments?post=15728"}],"version-history":[{"count":0,"href":"https:\/\/b2c.fairs.vn\/en\/wp-json\/wp\/v2\/product\/15728\/revisions"}],"wp:featuredmedia":[{"embeddable":true,"href":"https:\/\/b2c.fairs.vn\/en\/wp-json\/wp\/v2\/media\/15729"}],"wp:attachment":[{"href":"https:\/\/b2c.fairs.vn\/en\/wp-json\/wp\/v2\/media?parent=15728"}],"wp:term":[{"taxonomy":"product_cat","embeddable":true,"href":"https:\/\/b2c.fairs.vn\/en\/wp-json\/wp\/v2\/product_cat?post=15728"},{"taxonomy":"product_tag","embeddable":true,"href":"https:\/\/b2c.fairs.vn\/en\/wp-json\/wp\/v2\/product_tag?post=15728"}],"curies":[{"name":"wp","href":"https:\/\/api.w.org\/{rel}","templated":true}]}}