{"id":15725,"date":"2024-04-04T17:03:46","date_gmt":"2024-04-04T10:03:46","guid":{"rendered":"https:\/\/b2c.fairs.vn\/?post_type=product&#038;p=15725"},"modified":"2024-04-04T17:03:47","modified_gmt":"2024-04-04T10:03:47","slug":"thuc-pham-bao-ve-suc-khoe-bka-cumin-dai-trang","status":"publish","type":"product","link":"https:\/\/b2c.fairs.vn\/en\/product\/thuc-pham-bao-ve-suc-khoe-bka-cumin-dai-trang\/","title":{"rendered":"Th\u1ef1c ph\u1ea9m b\u1ea3o v\u1ec7 s\u1ee9c kh\u1ecfe BKA-Cumin \u0110\u1ea1i Tr\u00e0ng"},"content":{"rendered":"<p><img decoding=\"async\" class=\"emoji\" role=\"img\" draggable=\"false\" src=\"https:\/\/s.w.org\/images\/core\/emoji\/14.0.0\/svg\/26a0.svg\" alt=\"\u26a0\ufe0f\" \/>B\u1ea1n \u0111ang b\u1ecb \u0111\u1ea7y h\u01a1i, \u0111au t\u1ee9c v\u00f9ng b\u1ee5ng d\u01b0\u1edbi, \u0111i ngo\u00e0i nhi\u1ec1u l\u1ea7n do vi\u00eam \u0111\u1ea1i tr\u00e0ng l\u00e0m \u1ea3nh h\u01b0\u1edfng \u0111\u1ebfn ch\u1ea5t l\u01b0\u1ee3ng cu\u1ed9c s\u1ed1ng. B\u1ea1n lo l\u1eafng kh\u00f4ng bi\u1ebft l\u00e0m th\u1ebf n\u00e0o \u0111\u1ec3 c\u1ea3i thi\u1ec7n nh\u1eefng tri\u1ec7u ch\u1ee9ng \u0111\u00f3? Vi\u00ean u\u1ed1ng h\u1ed7 tr\u1ee3 ch\u1ee9c n\u0103ng \u0110\u1ea1i Tr\u00e0ng BKA Cumin s\u1ebd gi\u00fap b\u1ea1n ho\u00e0n thi\u1ec7n ch\u1ee9c n\u0103ng ti\u00eau ho\u00e1 v\u00e0 c\u1ea3i thi\u1ec7n \u0111\u1ea1i tr\u00e0ng. \u0110\u01b0\u1ee3c chi\u1ebft xu\u1ea5t t\u1eeb th\u00e0nh ph\u1ea7n 8 lo\u1ea1i th\u1ea3o d\u01b0\u1ee3c thi\u00ean nhi\u00ean, an to\u00e0n cho s\u1ee9c kho\u1ebb gi\u00fap ph\u00f2ng ng\u1eeba v\u00e0 h\u1ed7 tr\u1ee3 l\u00e0m gi\u1ea3m c\u00e1c tri\u1ec7u ch\u1ee9ng r\u1ed1i lo\u1ea1n ti\u00eau h\u00f3a, \u0111au b\u1ee5ng, \u0111i ngo\u00e0i nhi\u1ec1u l\u1ea7n do vi\u00eam lo\u00e9t \u0111\u1ea1i tr\u00e0ng.<\/p>\n<p><img decoding=\"async\" class=\"emoji\" role=\"img\" draggable=\"false\" src=\"https:\/\/s.w.org\/images\/core\/emoji\/14.0.0\/svg\/2728.svg\" alt=\"\u2728\" \/>K\u1ebft h\u1ee3p th\u00e0nh ph\u1ea7n si\u00eau l\u00e0nh t\u00ednh \u0111\u01b0\u1ee3c chi\u1ebft xu\u1ea5t t\u1eeb c\u00e1c lo\u1ea1i th\u1ea3o d\u01b0\u1ee3c thi\u00ean nhi\u00ean nh\u01b0 Cao Ch\u00e8 d\u00e2y, Cao B\u1ea1ch Tru\u1eadt, Cao M\u1ed9c H\u01b0\u01a1ng, Cao l\u00e1 V\u1ed1i gi\u00fap c\u1ea3i thi\u1ec7n h\u1ec7 ti\u00eau h\u00f3a.<\/p>\n<p><img decoding=\"async\" class=\"emoji\" role=\"img\" draggable=\"false\" src=\"https:\/\/s.w.org\/images\/core\/emoji\/14.0.0\/svg\/2728.svg\" alt=\"\u2728\" \/>\u0110\u1eb7c bi\u1ec7t c\u00f2n c\u00f3 Nano Curcumin, Nano Nh\u00e0u c\u00f3 kh\u1ea3 n\u0103ng kh\u00e1ng vi\u00eam r\u1ea5t m\u1ea1nh, t\u1ea1o m\u1ed9t l\u1edbp m\u00e0ng b\u1ea3o v\u1ec7 h\u1ec7 mi\u1ec5n d\u1ecbch v\u00e0 t\u0103ng \u0111\u1ed9 th\u1ea9m th\u1ea5u \u0111\u1ec3 c\u01a1 th\u1ec3 \u0111\u01b0\u1ee3c h\u1ea5p th\u1ee5 m\u1ed9t c\u00e1ch t\u1ed1i \u0111a nh\u1ea5t.<\/p>\n<p><img decoding=\"async\" class=\"emoji\" role=\"img\" draggable=\"false\" src=\"https:\/\/s.w.org\/images\/core\/emoji\/14.0.0\/svg\/2b50.svg\" alt=\"\u2b50\ufe0f\" \/>H\u00e3y b\u1ea3o v\u1ec7 \u0111\u1ea1i tr\u00e0ng v\u00e0 h\u1ec7 ti\u00eau ti\u00eau ho\u00e1 ngay t\u1eeb h\u00f4m nay! BKA Cumin \u0110\u1ea1i Tr\u00e0ng s\u1ebd cho b\u1ea1n th\u1ea5y \u0111\u01b0\u1ee3c s\u1ef1 kh\u00e1c bi\u1ec7t ngay sau l\u1ea7n \u0111\u1ea7u ti\u00ean s\u1eed d\u1ee5ng.<\/p>","protected":false},"excerpt":{"rendered":"<p>B\u1ea1n \u0111ang b\u1ecb \u0111\u1ea7y h\u01a1i, \u0111au t\u1ee9c v\u00f9ng b\u1ee5ng d\u01b0\u1edbi, \u0111i ngo\u00e0i nhi\u1ec1u l\u1ea7n do vi\u00eam \u0111\u1ea1i tr\u00e0ng l\u00e0m \u1ea3nh<\/p>","protected":false},"featured_media":15726,"comment_status":"open","ping_status":"closed","template":"","meta":{"_acf_changed":false},"product_cat":[332,333],"product_tag":[],"class_list":{"0":"post-15725","1":"product","2":"type-product","3":"status-publish","4":"has-post-thumbnail","6":"product_cat-san-pham-duoc-lieu-va-san-pham-tu-duoc-lieu","7":"product_cat-thuc-pham-chuc-nang-thuoc-duoc-lieu-thuoc-y-hoc-co-truyen","9":"first","10":"instock","11":"shipping-taxable","12":"purchasable","13":"product-type-simple"},"acf":[],"_links":{"self":[{"href":"https:\/\/b2c.fairs.vn\/en\/wp-json\/wp\/v2\/product\/15725","targetHints":{"allow":["GET"]}}],"collection":[{"href":"https:\/\/b2c.fairs.vn\/en\/wp-json\/wp\/v2\/product"}],"about":[{"href":"https:\/\/b2c.fairs.vn\/en\/wp-json\/wp\/v2\/types\/product"}],"replies":[{"embeddable":true,"href":"https:\/\/b2c.fairs.vn\/en\/wp-json\/wp\/v2\/comments?post=15725"}],"version-history":[{"count":0,"href":"https:\/\/b2c.fairs.vn\/en\/wp-json\/wp\/v2\/product\/15725\/revisions"}],"wp:featuredmedia":[{"embeddable":true,"href":"https:\/\/b2c.fairs.vn\/en\/wp-json\/wp\/v2\/media\/15726"}],"wp:attachment":[{"href":"https:\/\/b2c.fairs.vn\/en\/wp-json\/wp\/v2\/media?parent=15725"}],"wp:term":[{"taxonomy":"product_cat","embeddable":true,"href":"https:\/\/b2c.fairs.vn\/en\/wp-json\/wp\/v2\/product_cat?post=15725"},{"taxonomy":"product_tag","embeddable":true,"href":"https:\/\/b2c.fairs.vn\/en\/wp-json\/wp\/v2\/product_tag?post=15725"}],"curies":[{"name":"wp","href":"https:\/\/api.w.org\/{rel}","templated":true}]}}