{"id":15624,"date":"2024-04-04T15:15:43","date_gmt":"2024-04-04T08:15:43","guid":{"rendered":"https:\/\/b2c.fairs.vn\/?post_type=product&#038;p=15624"},"modified":"2024-04-04T15:15:44","modified_gmt":"2024-04-04T08:15:44","slug":"tinh-chat-tra-hoa-vang-cuc-phuong-2","status":"publish","type":"product","link":"https:\/\/b2c.fairs.vn\/en\/product\/tinh-chat-tra-hoa-vang-cuc-phuong-2\/","title":{"rendered":"Tinh ch\u1ea5t tr\u00e0 hoa v\u00e0ng C\u00fac Ph\u01b0\u01a1ng"},"content":{"rendered":"<p><strong><em>Tinh ch\u1ea5t Tr\u00e0 Hoa V\u00e0ng d\u00f9ng d\u01b0\u1ee1ng da ng\u00e0y v\u00e0 \u0111\u00eam, cung c\u1ea5p c\u00e1c d\u01b0\u1ee1ng ch\u1ea5t thi\u1ebft y\u1ebfu cho da, c\u00f3 t\u00e1c d\u1ee5ng d\u01b0\u1ee1ng \u1ea9m da, c\u1ea3i thi\u1ec7n t\u00ecnh tr\u1ea1ng kh\u00f4 da v\u00e0 k\u00edch \u1ee9ng da. Chi\u1ebft xu\u1ea5t hoa Tr\u00e0 Hoa V\u00e0ng C\u00fac Ph\u01b0\u01a1ng v\u1edbi c\u00f4ng d\u1ee5ng ch\u1ed1ng oxy h\u00f3a tuy\u1ec7t v\u1eddi k\u1ebft h\u1ee3p v\u1edbi Galactomyces Ferment Filtrate gi\u00e0u vitamin, acid amin, kho\u00e1ng ch\u1ea5t v\u00e0 acid h\u1eefu c\u01a1\u2026 c\u00f3 l\u1ee3i cho da, gi\u00fap da m\u1eb7t tr\u00f4ng t\u01b0\u01a1i s\u00e1ng v\u00e0 s\u0103n ch\u1eafc.<\/em><\/strong><\/p>\n<p><img decoding=\"async\" src=\"file:\/\/\/C:\/Users\/ADMINI~1\/AppData\/Local\/Temp\/msohtmlclip1\/01\/clip_image001.png\" alt=\"\" \/><\/p>\n<p><strong>Th\u00f4ng s\u1ed1 s\u1ea3n ph\u1ea9m<\/strong><\/p>\n<table border=\"0\" width=\"548\" cellspacing=\"0\" cellpadding=\"0\">\n<thead>\n<tr>\n<th>Th\u00f4ng s\u1ed1<\/th>\n<th>N\u1ed9i dung<\/th>\n<\/tr>\n<\/thead>\n<tbody>\n<tr>\n<td>T\u00ean s\u1ea3n ph\u1ea9m<\/td>\n<td>Tinh ch\u1ea5t Tr\u00e0 Hoa V\u00e0ng (Golden Camellia Hydrating Serum)<\/td>\n<\/tr>\n<tr>\n<td>Dung t\u00edch<\/td>\n<td>30ml<\/td>\n<\/tr>\n<tr>\n<td>Th\u1ec3 ch\u1ea5t<\/td>\n<td>Tinh ch\u1ea5t l\u1ecfng, trong, m\u00f9i \u0111\u1eb7c tr\u01b0ng c\u1ee7a Tr\u00e0 Hoa V\u00e0ng<\/td>\n<\/tr>\n<tr>\n<td>H\u00ecnh th\u1ee9c<\/td>\n<td>Chai th\u1ee7y tinh n\u00e2u, n\u1eafp b\u00f3p gi\u1ecdt m\u00e0u \u0111en<\/td>\n<\/tr>\n<tr>\n<td>Th\u1eddi \u0111i\u1ec3m s\u1eed d\u1ee5ng<\/td>\n<td>D\u00f9ng d\u01b0\u1ee1ng da 2 l\u1ea7n s\u00e1ng t\u1ed1i, sau khi l\u00e0m s\u1ea1ch da. D\u00f9ng sau b\u01b0\u1edbc toner v\u00e0 tr\u01b0\u1edbc b\u01b0\u1edbc kem d\u01b0\u1ee1ng<\/td>\n<\/tr>\n<tr>\n<td>H\u1ea1n s\u1eed d\u1ee5ng<\/td>\n<td>18 th\u00e1ng. M\u1edf n\u1eafp: 06 th\u00e1ng<\/td>\n<\/tr>\n<\/tbody>\n<\/table>\n<p>&nbsp;<\/p>\n<p><strong>\u01afu \u0111i\u1ec3m n\u1ed5i b\u1eadt Tinh ch\u1ea5t Tr\u00e0 Hoa V\u00e0ng d\u01b0\u1ee1ng \u1ea9m, ph\u1ee5c h\u1ed3i v\u00e0 ch\u1ed1ng oxy h\u00f3a<\/strong><\/p>\n<p>Tinh ch\u1ea5t Tr\u00e0 Hoa V\u00e0ng l\u00e0 s\u1ea3n ph\u1ea9m ch\u0103m s\u00f3c da c\u00f3 nhi\u1ec1u \u01b0u \u0111i\u1ec3m n\u1ed5i b\u1eadt nh\u01b0:<\/p>\n<p>&#8211; Gi\u00fap d\u01b0\u1ee1ng \u1ea9m, l\u00e0m m\u1edd c\u00e1c \u0111\u1ed1m n\u00e2u, n\u1ebfp nh\u0103n tr\u00ean da, cung c\u1ea5p d\u01b0\u1ee1ng ch\u1ea5t gi\u00fap da c\u0103ng m\u1ecbn.<\/p>\n<p>&#8211; Chi\u1ebft xu\u1ea5t hoa Tr\u00e0 Hoa V\u00e0ng C\u00fac Ph\u01b0\u01a1ng: Gi\u00fap l\u00e0m s\u00e1ng da, h\u1ea1n ch\u1ebf qu\u00e1 tr\u00ecnh l\u00e3o h\u00f3a da s\u1edbm.<\/p>\n<p>&#8211; Galactomyces Ferment Filtrate gi\u00e0u vitamin, acid amin, kho\u00e1ng ch\u1ea5t v\u00e0 acid h\u1eefu c\u01a1 gi\u00fap d\u01b0\u1ee1ng \u1ea9m v\u00e0 ch\u1ed1ng oxy h\u00f3a, \u0111\u1ed3ng th\u1eddi k\u00edch th\u00edch t\u1ebf b\u00e0o bi\u1ec3u b\u00ec s\u1ea3n xu\u1ea5t ra acid hyaluronic v\u00e0 gi\u00fap b\u1ea3o v\u1ec7 da t\u1eeb c\u00e1c \u1ea3nh h\u01b0\u1edfng b\u1ea5t l\u1ee3i t\u1eeb m\u00f4i tr\u01b0\u1eddng<\/p>\n<p>&#8211; Niacinamide (Vitamin B3) v\u00e0 N-Acetyl Glucosamin: c\u00f3 nghi\u00ean c\u1ee9u l\u00e2m s\u00e0ng gi\u00fap l\u00e0m s\u00e1ng da, l\u00e0m m\u1edd c\u00e1c v\u1ebft th\u00e2m tr\u00ean da, gi\u00fap c\u1ea3i thi\u1ec7n \u0111\u1ed9 \u0111\u00e0n h\u1ed3i cho da.<\/p>\n<p>&#8211; Chi\u1ebft xu\u1ea5t Sakadikium t\u1eeb c\u1ee7 c\u1ee7a c\u00e2y Hedychium coronarium \u2013 g\u1eebng tr\u1eafng gi\u00fap b\u1ea3o v\u1ec7 da kh\u1ecfi t\u00e1c h\u1ea1i t\u1eeb m\u00f4i tr\u01b0\u1eddng (\u00e1nh s\u00e1ng xanh, UVA, v\u00e0 c\u00e1c h\u1ee3p ch\u1ea5t h\u1eefu c\u01a1 oxy h\u00f3a kh\u00f4ng ho\u00e0n to\u00e0n B[a]P) th\u00f4ng qua c\u01a1 ch\u1ebf \u0111i\u1ec1u h\u00f2a qu\u00e1 tr\u00ecnh th\u1ef1c b\u00e0o, b\u1ea3o v\u1ec7 ty th\u1ec3, kh\u00e1ng oxy h\u00f3a, \u0111i\u1ec1u h\u00f2a t\u00e1c nh\u00e2n g\u00e2y vi\u00eam. Sakadikium c\u00f3 nghi\u00ean c\u1ee9u l\u00e2m s\u00e0ng tr\u00ean ng\u01b0\u1eddi cho th\u1ea5y kh\u1ea3 n\u0103ng l\u00e0m s\u00e1ng da tr\u00f4ng th\u1ea5y trong 28 ng\u00e0y.<\/p>\n<p>&#8211; Chi\u1ebft xu\u1ea5t xuy\u00ean ti\u00eau v\u00e0 b\u1ea1ch \u0111\u1ea7u \u00f4ng: gi\u00fap thu nh\u1ecf l\u1ed7 ch\u00e2n l\u00f4ng, ch\u1ed1ng tia t\u1eed ngo\u1ea1i v\u00e0 ch\u1ed1ng oxy h\u00f3a.<\/p>\n<p>&#8211; Ch\u1ea5t b\u1ea3o qu\u1ea3n: l\u00e0 h\u1ed7n h\u1ee3p c\u1ee7a c\u00e1c acid h\u1eefu c\u01a1 c\u00f3 ngu\u1ed3n g\u1ed1c th\u1ef1c v\u1eadt gi\u00fap kh\u00e1ng khu\u1ea9n r\u1ed9ng<\/p>\n<p><strong>C\u00f4ng d\u1ee5ng c\u1ee7a Tinh ch\u1ea5t Tr\u00e0 Hoa V\u00e0ng<\/strong><\/p>\n<p>Tinh ch\u1ea5t d\u01b0\u1ee1ng \u1ea9m, ph\u1ee5c h\u1ed3i v\u00e0 ng\u1eeba l\u00e3o h\u00f3a Tr\u00e0 Hoa V\u00e0ng \u0111\u01b0\u1ee3c nhi\u1ec1u ng\u01b0\u1eddi l\u1ef1a ch\u1ecdn s\u1eed d\u1ee5ng trong chu tr\u00ecnh d\u01b0\u1ee1ng da h\u00e0ng ng\u00e0y v\u1edbi c\u00f4ng d\u1ee5ng:<\/p>\n<p><strong>D\u01b0\u1ee1ng \u1ea9m<\/strong><\/p>\n<p>Tinh ch\u1ea5t Tr\u00e0 Hoa V\u00e0ng ch\u1ee9a c\u00e1c th\u00e0nh ph\u1ea7n c\u1ea5p \u1ea9m cho da, cung c\u1ea5p d\u01b0\u1ee1ng ch\u1ea5t gi\u00fap l\u00e0n da c\u0103ng m\u1ecbn.<\/p>\n<p><strong>Ph\u1ee5c h\u1ed3i<\/strong><\/p>\n<p>Tinh ch\u1ea5t Tr\u00e0 Hoa V\u00e0ng l\u00e0 s\u1ea3n ph\u1ea9m ch\u0103m s\u00f3c da to\u00e0n di\u1ec7n v\u00e0 chuy\u00ean s\u00e2u, gi\u00fap ph\u1ee5c h\u1ed3i da th\u00f4ng qua vi\u1ec7c th\u00fac \u0111\u1ea9y qu\u00e1 tr\u00ecnh t\u00e1i t\u1ea1o da, gi\u1ea3i \u0111\u1ed9c t\u1ebf b\u00e0o v\u00e0 t\u0103ng c\u01b0\u1eddng s\u1ee9c \u0111\u1ec1 kh\u00e1ng cho da. S\u1ea3n ph\u1ea9m ph\u00f9 h\u1ee3p v\u1edbi da nh\u1ea1y c\u1ea3m, da sau \u0111i\u1ec1u tr\u1ecb th\u1ea9m m\u1ef9 (lazer, l\u0103n kim, peel da\u2026), da m\u1ecfng y\u1ebfu, da t\u1ed5n th\u01b0\u01a1ng sau m\u1ee5n v\u00e0 da sau x\u1eed l\u00fd treatment.<\/p>\n<p><strong>H\u1ea1n ch\u1ebf qu\u00e1 tr\u00ecnh l\u00e3o h\u00f3a da<\/strong><\/p>\n<p>T\u1eeb \u0111\u1ed9 tu\u1ed5i 25 tr\u1edf \u0111i, da b\u1eaft \u0111\u1ea7u xu\u1ea5t hi\u1ec7n t\u00ecnh tr\u1ea1ng l\u00e3o h\u00f3a. Tinh ch\u1ea5t d\u01b0\u1ee1ng da ng\u1eeba l\u00e3o h\u00f3a \u00a0c\u00f3 ch\u1ee9a chi\u1ebft xu\u1ea5t t\u1eeb Chi\u1ebft xu\u1ea5t Tr\u00e0 Hoa V\u00e0ng, Chi\u1ebft xu\u1ea5t C\u1ee7 g\u1eebng tr\u1eafng c\u00f9ng c\u00e1c ho\u1ea1t ch\u1ea5t thi\u00ean nhi\u00ean kh\u00e1c gi\u00fap l\u00e0m m\u1edd c\u00e1c \u0111\u1ed1m n\u00e2u, n\u1ebfp nh\u0103n tr\u00ean da, g\u00f3p ph\u1ea7n h\u1ea1n ch\u1ebf qu\u00e1 tr\u00ecnh l\u00e3o h\u00f3a da s\u1edbm.<\/p>\n<p><strong>Th\u00e0nh ph\u1ea7n ch\u00ednh Tinh ch\u1ea5t Tr\u00e0 Hoa V\u00e0ng<\/strong><\/p>\n<p>Tinh ch\u1ea5t Tr\u00e0 Hoa V\u00e0ng d\u01b0\u1ee1ng \u1ea9m, ph\u1ee5c h\u1ed3i v\u00e0 ch\u1ed1ng oxy h\u00f3a c\u00f3 ch\u1ee9a c\u00e1c th\u00e0nh ph\u1ea7n ch\u00ednh bao g\u1ed3m:<\/p>\n<ul>\n<li>Purified water (N\u01b0\u1edbc tinh khi\u1ebft)<\/li>\n<li><strong>Galactomyces (Chi\u1ebft xu\u1ea5t men g\u1ea1o)<\/strong>\u00a0gi\u00e0u vitamin, acid amin, kho\u00e1ng ch\u1ea5t v\u00e0 acid h\u1eefu c\u01a1 gi\u00fap d\u01b0\u1ee1ng \u1ea9m v\u00e0 ch\u1ed1ng oxy h\u00f3a, \u0111\u1ed3ng th\u1eddi k\u00edch th\u00edch t\u1ebf b\u00e0o bi\u1ec3u b\u00ec s\u1ea3n xu\u1ea5t ra acid hyaluronic v\u00e0 gi\u00fap b\u1ea3o v\u1ec7 da t\u1eeb c\u00e1c \u1ea3nh h\u01b0\u1edfng b\u1ea5t l\u1ee3i t\u1eeb m\u00f4i tr\u01b0\u1eddng<\/li>\n<li><strong>Niacinamide v\u00e0 N-Acetyl-Glucosamin (ti\u1ec1n ch\u1ea5t c\u1ee7a Hyaluronoic Acid<\/strong><strong>):\u00a0<\/strong>c\u00f3 nghi\u00ean c\u1ee9u l\u00e2m s\u00e0ng gi\u00fap l\u00e0m s\u00e1ng da, l\u00e0m m\u1edd c\u00e1c v\u1ebft th\u00e2m tr\u00ean da, gi\u00fap c\u1ea3i thi\u1ec7n \u0111\u1ed9 \u0111\u00e0n h\u1ed3i cho da.<\/li>\n<li><strong>Chi\u1ebft xu\u1ea5t Sakadikium<\/strong>\u00a0\u2013 chi\u1ebft xu\u1ea5t t\u1eeb c\u1ee7 c\u1ee7a c\u00e2y Hedychium coronarium \u2013 g\u1eebng tr\u1eafng gi\u00fap ch\u1ed1ng \u00e1nh s\u00e1ng xanh v\u00e0 l\u00e0m s\u00e1ng da<\/li>\n<li>THC (Tetrahydrocurcumin) &#8211; Tinh ch\u1ea5t ngh\u1ec7 tr\u1eafng<\/li>\n<li><strong>Camellia Cucphuongenis flower extract<\/strong>\u00a0(Chi\u1ebft xu\u1ea5t Hoa Tr\u00e0 V\u00e0ng C\u00fac Ph\u01b0\u01a1ng) gi\u00fap Chi\u1ebft xu\u1ea5t xuy\u00ean ti\u00eau v\u00e0 b\u1ea1ch \u0111\u1ea7u \u00f4ng<\/li>\n<li>Ch\u1ea5t b\u1ea3o qu\u1ea3n t\u1eeb t\u1ef1 nhi\u00ean<\/li>\n<li>Tinh d\u1ea7u hoa h\u1ed3ng<\/li>\n<\/ul>\n<p><strong><em>Tinh ch\u1ea5t Tr\u00e0 Hoa V\u00e0ng C\u00fac Ph\u01b0\u01a1ng<\/em><\/strong><em>\u00a0l\u00e0 m\u1ed9t b\u01b0\u1edbc ch\u0103m s\u00f3c da kh\u00f4ng th\u1ec3 thi\u1ebfu gi\u00fap d\u01b0\u1ee1ng \u1ea9m v\u00e0 h\u1ea1n ch\u1ebf t\u00ecnh tr\u1ea1ng l\u00e3o h\u00f3a da. Tham kh\u1ea3o ngay b\u1ed9 ch\u0103m s\u00f3c da \u0111\u1ea7y \u0111\u1ee7 v\u1edbi chi\u1ebft xu\u1ea5t Tr\u00e0 Hoa V\u00e0ng \u0111\u1ec3 c\u1ea3i thi\u1ec7n l\u00e0n da, gi\u00fap da kh\u1ecfe m\u1ea1nh t\u1eeb s\u00e2u b\u00ean trong, b\u1ea1n nh\u00e9!<\/em><\/p>\n<p><strong>NGUY\u00caN LI\u1ec6U<\/strong><\/p>\n<p>Galactomyces<\/p>\n<p>Chi\u1ebft xu\u1ea5t tr\u00e0 hoa v\u00e0ng<\/p>\n<p>Chi\u1ebft xu\u1ea5t Sakadikium<\/p>\n<p>Niacinamide v\u00e0 N-Acetyl-Glucosamin (ti\u1ec1n ch\u1ea5t c\u1ee7a Hyaluronoic Acid)<\/p>\n<p><strong>H\u01af\u1edaNG D\u1eaaN S\u1eec D\u1ee4NG<\/strong><\/p>\n<p>L\u1ea5y m\u1ed9t l\u01b0\u1ee3ng tinh ch\u1ea5t v\u1eeba \u0111\u1ee7 b\u00f4i l\u00ean m\u1eb7t v\u00e0 c\u1ed5, thoa \u0111\u1ec1u v\u00e0 v\u1ed7 nh\u1eb9 \u0111\u1ec3 tinh ch\u1ea5t th\u1ea9m th\u1ea5u v\u00e0o da. D\u00f9ng d\u01b0\u1ee1ng da 2 l\u1ea7n s\u00e1ng t\u1ed1i, sau khi l\u00e0m s\u1ea1ch da.<\/p>","protected":false},"excerpt":{"rendered":"<p>Tinh ch\u1ea5t Tr\u00e0 Hoa V\u00e0ng d\u00f9ng d\u01b0\u1ee1ng da ng\u00e0y v\u00e0 \u0111\u00eam, cung c\u1ea5p c\u00e1c d\u01b0\u1ee1ng ch\u1ea5t thi\u1ebft y\u1ebfu cho da,<\/p>","protected":false},"featured_media":15627,"comment_status":"open","ping_status":"closed","template":"","meta":{"_acf_changed":false},"product_cat":[401,519],"product_tag":[],"class_list":{"0":"post-15624","1":"product","2":"type-product","3":"status-publish","4":"has-post-thumbnail","6":"product_cat-hoa-my-pham","7":"product_cat-suc-khoe-va-sac-dep","9":"first","10":"instock","11":"shipping-taxable","12":"purchasable","13":"product-type-simple"},"acf":[],"_links":{"self":[{"href":"https:\/\/b2c.fairs.vn\/en\/wp-json\/wp\/v2\/product\/15624","targetHints":{"allow":["GET"]}}],"collection":[{"href":"https:\/\/b2c.fairs.vn\/en\/wp-json\/wp\/v2\/product"}],"about":[{"href":"https:\/\/b2c.fairs.vn\/en\/wp-json\/wp\/v2\/types\/product"}],"replies":[{"embeddable":true,"href":"https:\/\/b2c.fairs.vn\/en\/wp-json\/wp\/v2\/comments?post=15624"}],"version-history":[{"count":0,"href":"https:\/\/b2c.fairs.vn\/en\/wp-json\/wp\/v2\/product\/15624\/revisions"}],"wp:featuredmedia":[{"embeddable":true,"href":"https:\/\/b2c.fairs.vn\/en\/wp-json\/wp\/v2\/media\/15627"}],"wp:attachment":[{"href":"https:\/\/b2c.fairs.vn\/en\/wp-json\/wp\/v2\/media?parent=15624"}],"wp:term":[{"taxonomy":"product_cat","embeddable":true,"href":"https:\/\/b2c.fairs.vn\/en\/wp-json\/wp\/v2\/product_cat?post=15624"},{"taxonomy":"product_tag","embeddable":true,"href":"https:\/\/b2c.fairs.vn\/en\/wp-json\/wp\/v2\/product_tag?post=15624"}],"curies":[{"name":"wp","href":"https:\/\/api.w.org\/{rel}","templated":true}]}}