{"id":15619,"date":"2024-04-04T15:13:55","date_gmt":"2024-04-04T08:13:55","guid":{"rendered":"https:\/\/b2c.fairs.vn\/?post_type=product&#038;p=15619"},"modified":"2024-04-04T15:31:43","modified_gmt":"2024-04-04T08:31:43","slug":"nuoc-tay-trang-tra-hoa-vang-cuc-phuong","status":"publish","type":"product","link":"https:\/\/b2c.fairs.vn\/en\/product\/nuoc-tay-trang-tra-hoa-vang-cuc-phuong\/","title":{"rendered":"N\u01b0\u1edbc t\u1ea9y trang Tr\u00e0 hoa v\u00e0ng C\u00fac Ph\u01b0\u01a1ng"},"content":{"rendered":"<p><strong>GOLDEN CAMELLIA MICELLAR WATER<\/strong><\/p>\n<p>N\u01b0\u1edbc t\u1ea9y trang Tr\u00e0 Hoa V\u00e0ng\u00a0 ch\u1ee9a c\u00e1c th\u00e0nh ph\u1ea7n ch\u1ee7 y\u1ebfu t\u1eeb thi\u00ean nhi\u00ean gi\u00fap l\u00e0m s\u1ea1ch da an to\u00e0n, hi\u1ec7u qu\u1ea3 theo c\u01a1 ch\u1ebf Micellar. S\u1ea3n ph\u1ea9m gi\u00fap lo\u1ea1i b\u1ecf ho\u00e0n to\u00e0n l\u1edbp trang \u0111i\u1ec3m, b\u1ee5i b\u1ea9n v\u00e0 t\u1ea9y t\u1ebf b\u00e0o ch\u1ebft tr\u00ean da. Chi\u1ebft xu\u1ea5t Tr\u00e0 Hoa V\u00e0ng C\u00fac Ph\u01b0\u01a1ng c\u00f3 c\u00f4ng d\u1ee5ng l\u00e0m s\u1ea1ch v\u00e0 ch\u1ed1ng oxy h\u00f3a v\u01b0\u1ee3t tr\u1ed9i gi\u00fap ng\u0103n ng\u1eeba m\u1ee5n tr\u00ean da, gi\u00fap l\u00e0m da lu\u00f4n m\u1ec1m m\u1ea1i, m\u1ecbn m\u00e0ng t\u1ef1 nhi\u00ean.<\/p>\n<p>&nbsp;<\/p>\n<p><strong>Th\u00f4ng s\u1ed1 s\u1ea3n ph\u1ea9m<\/strong><\/p>\n<table border=\"0\" width=\"510\" cellspacing=\"0\" cellpadding=\"0\">\n<thead>\n<tr>\n<th>Th\u00f4ng s\u1ed1<\/th>\n<th>N\u1ed9i dung<\/th>\n<\/tr>\n<\/thead>\n<tbody>\n<tr>\n<td>T\u00ean s\u1ea3n ph\u1ea9m<\/td>\n<td>N\u01b0\u1edbc t\u1ea9y trang Tr\u00e0 Hoa V\u00e0ng (Golden Camellia Micellar Water)<\/td>\n<\/tr>\n<tr>\n<td>Dung t\u00edch<\/td>\n<td>300ml<\/td>\n<\/tr>\n<tr>\n<td>K\u1ebft c\u1ea5u<\/td>\n<td>Dung d\u1ecbch trong su\u1ed1t m\u00e0u v\u00e0ng nh\u1ea1t<\/td>\n<\/tr>\n<tr>\n<td>H\u00ecnh th\u1ee9c<\/td>\n<td>Chai n\u00e2u n\u1eafp b\u1eadt m\u00e0u \u0111en<\/td>\n<\/tr>\n<tr>\n<td>\u0110\u1ed9 pH<\/td>\n<td>5.5<\/td>\n<\/tr>\n<tr>\n<td>H\u1ea1n s\u1eed d\u1ee5ng<\/td>\n<td>18 th\u00e1ng<\/td>\n<\/tr>\n<tr>\n<td>M\u1edf n\u1eafp<\/td>\n<td>06 th\u00e1ng<\/td>\n<\/tr>\n<\/tbody>\n<\/table>\n<p><strong>\u01afu \u0111i\u1ec3m n\u1ed5i b\u1eadt N\u01b0\u1edbc t\u1ea9y trang Tr\u00e0 Hoa V\u00e0ng<\/strong><\/p>\n<p><strong>L\u00e0m s\u1ea1ch da<\/strong><\/p>\n<p>T\u1ea9y trang l\u00e0 b\u01b0\u1edbc c\u1ea7n thi\u1ebft v\u00e0 quan tr\u1ecdng trong chu tr\u00ecnh ch\u0103m s\u00f3c da h\u00e0ng ng\u00e0y m\u00e0 ch\u00fang ta kh\u00f4ng n\u00ean b\u1ecf qua, k\u1ec3 c\u1ea3 nh\u1eefng ng\u00e0y kh\u00f4ng trang \u0111i\u1ec3m ho\u1eb7c kh\u00f4ng s\u1eed d\u1ee5ng kem ch\u1ed1ng n\u1eafng. N\u01b0\u1edbc t\u1ea9y trang Tr\u00e0 Hoa V\u00e0ng l\u00e0 s\u1ea3n ph\u1ea9m t\u1ea9y trang gi\u00fap l\u00e0m s\u1ea1ch t\u1ed1t l\u1edbp trang \u0111i\u1ec3m v\u00e0 b\u1ee5i b\u1ea9n tr\u00ean da.<\/p>\n<p><strong>S\u1eed d\u1ee5ng cho c\u1ea3 m\u1eaft v\u00e0 m\u00f4i<\/strong><\/p>\n<p>N\u01b0\u1edbc t\u1ea9y trang Tr\u00e0 Hoa V\u00e0ng v\u1edbi c\u00e1c th\u00e0nh ph\u1ea7n l\u00e0m s\u1ea1ch hi\u1ec7u qu\u1ea3, ph\u00f9 h\u1ee3p cho c\u1ea3 t\u1ea9y trang m\u1eaft v\u00e0 m\u00f4i.<\/p>\n<p><strong>Chi\u1ebft xu\u1ea5t l\u00e1 Tr\u00e0 Hoa V\u00e0ng C\u00fac Ph\u01b0\u01a1ng<\/strong><\/p>\n<p>N\u01b0\u1edbc t\u1ea9y trang Tr\u00e0 Hoa V\u00e0ng \u00a0l\u00e0 d\u00f2ng s\u1ea3n ph\u1ea9m c\u00f3 ch\u1ee9a chi\u1ebft xu\u1ea5t Tr\u00e0 Hoa V\u00e0ng C\u00fac Ph\u01b0\u01a1ng gi\u00e0u ho\u1ea1t ch\u1ea5t Saponin c\u00f3 c\u00f4ng d\u1ee5ng h\u1ed7 tr\u1ee3 l\u00e0m s\u00e1ng da, ch\u1ed1ng oxy h\u00f3a, gi\u00fap l\u00e0n da s\u1ea1ch kh\u1ecfe.<\/p>\n<p><strong>L\u00e0m m\u1ec1m da<\/strong><\/p>\n<p>N\u01b0\u1edbc t\u1ea9y trang Tr\u00e0 Hoa V\u00e0ng ch\u1ee9a th\u00e0nh ph\u1ea7n Chi\u1ebft xu\u1ea5t t\u00e1o t\u00e2y (Sodium Cocoyl Appe Amino Acid) v\u00e0 Glycolipids (ho\u1ea1t ch\u1ea5t l\u00e0m s\u1ea1ch d\u1ecbu nh\u1eb9 g\u1ed1c \u0111\u01b0\u1eddng) gi\u00fap l\u00e0m s\u1ea1ch da d\u1ecbu nh\u1eb9, l\u00e0m m\u1ec1m da, do \u0111\u00f3 h\u1ea1n ch\u1ebf g\u00e2y kh\u00f4 c\u0103ng sau khi s\u1eed d\u1ee5ng.<\/p>\n<p><strong>C\u00f4ng d\u1ee5ng n\u01b0\u1edbc t\u1ea9y trang Tr\u00e0 Hoa V\u00e0ng<\/strong><\/p>\n<p>N\u01b0\u1edbc t\u1ea9y trang Tr\u00e0 Hoa V\u00e0ng l\u00e0 s\u1ea3n ph\u1ea9m t\u1ea9y trang \u0111\u01b0\u1ee3c c\u00e1c t\u00edn \u0111\u1ed3 l\u00e0m \u0111\u1eb9p tin d\u00f9ng nh\u1edd c\u00f4ng d\u1ee5ng hi\u1ec7u qu\u1ea3 trong vi\u1ec7c l\u00e0m s\u1ea1ch da, lo\u1ea1i b\u1ecf l\u1edbp trang \u0111i\u1ec3m, b\u1ee5i b\u1ea9n v\u00e0 d\u1ea7u th\u1eeba tr\u00ean da, g\u00f3p ph\u1ea7n l\u00e0m tho\u00e1ng l\u1ed7 ch\u00e2n l\u00f4ng, gi\u00fap c\u00e1c b\u01b0\u1edbc d\u01b0\u1ee1ng da ti\u1ebfp theo \u0111\u1ea1t hi\u1ec7u qu\u1ea3 t\u1ed1t.<\/p>\n<p>B\u00ean c\u1ea1nh \u0111\u00f3, s\u1ea3n ph\u1ea9m c\u00f2n gi\u00fap duy tr\u00ec \u0111\u1ed9 \u1ea9m t\u1ef1 nhi\u00ean, cho l\u00e0n da m\u1ec1m m\u1ea1i, s\u00e1ng kh\u1ecfe. N\u01b0\u1edbc t\u1ea9y trang Tr\u00e0 Hoa V\u00e0ng\u00a0 c\u00f3 th\u1ec3 s\u1eed d\u1ee5ng \u0111\u01b0\u1ee3c cho c\u1ea3 v\u00f9ng m\u1eaft v\u00e0 m\u00f4i.<\/p>\n<p><strong>Th\u00e0nh ph\u1ea7n ch\u00ednh c\u1ee7a n\u01b0\u1edbc t\u1ea9y trang Tr\u00e0 Hoa V\u00e0ng<\/strong><\/p>\n<p>N\u01b0\u1edbc t\u1ea9y trang Tr\u00e0 Hoa V\u00e0ng l\u00e0 d\u00f2ng n\u01b0\u1edbc t\u1ea9y trang gi\u00fap l\u00e0m s\u1ea1ch da v\u1edbi c\u00e1c th\u00e0nh ph\u1ea7n ch\u00ednh bao g\u1ed3m;<\/p>\n<ul>\n<li>Purified water (N\u01b0\u1edbc tinh khi\u1ebft)<\/li>\n<li><strong>Chi\u1ebft xu\u1ea5t t\u00e1o t\u00e2y (Sodium Cocoyl Appe Amino Acid)\u00a0<\/strong>\u2013 Ch\u1ea5t l\u00e0m s\u1ea1ch d\u1ecbu nh\u1eb9 gi\u00fap duy tr\u00ec s\u1ef1 to\u00e0n v\u1eb9n c\u1ee7a da<\/li>\n<li>Glycerin<\/li>\n<li><strong>Chi\u1ebft xu\u1ea5t olive (PEG -7 Olivate)\u00a0<\/strong>Ch\u1ea5t l\u00e0m m\u1ec1m \u0111i t\u1eeb d\u1ea7u olive, gi\u00fap b\u1ea3o v\u1ec7 l\u1edbp m\u00e0ng lipid cho da<\/li>\n<li><strong>Chi\u1ebft xu\u1ea5t l\u00e1 Tr\u00e0 Hoa V\u00e0ng (Camellia Cucphuongensis Leaf Extract)\u00a0<\/strong>gi\u00e0u ho\u1ea1t ch\u1ea5t Polyphenol v\u00e0 Saponin gi\u00fap ch\u1ed1ng oxy h\u00f3a v\u00e0 l\u00e0m s\u1ea1ch hi\u1ec7u qu\u1ea3<\/li>\n<li><strong>Glycolipids\u00a0<\/strong>(ho\u1ea1t ch\u1ea5t l\u00e0m s\u1ea1ch d\u1ecbu nh\u1eb9 g\u1ed1c \u0111\u01b0\u1eddng) gi\u00fap gi\u1ea3m l\u01b0\u1ee3ng b\u00e3 nh\u1eddn ti\u1ebft ra v\u1edbi nh\u1eefng ng\u01b0\u1eddi th\u01b0\u1eddng xuy\u00ean b\u1ecb \u0111\u1ed5 nhi\u1ec1u d\u1ea7u v\u00e0 b\u00e3 nh\u1eddn<\/li>\n<li>Ch\u1ea5t b\u1ea3o qu\u1ea3n c\u00f3 ngu\u1ed3n g\u1ed1c th\u1ef1c v\u1eadt<\/li>\n<li>Allantoin<\/li>\n<li>Fragrance t\u1ef1 nhi\u00ean<\/li>\n<li>Citric acid<\/li>\n<\/ul>\n<p><strong>N\u01b0\u1edbc t\u1ea9y trang Tr\u00e0 Hoa V\u00e0ng<\/strong>\u00a0l\u00e0 b\u00ed quy\u1ebft l\u00e0m s\u1ea1ch da v\u1edbi chi\u1ebft xu\u1ea5t t\u1eeb l\u00e1 Tr\u00e0 Hoa V\u00e0ng C\u00fac Ph\u01b0\u01a1ng v\u1edbi c\u00e1c th\u00e0nh ph\u1ea7n d\u01b0\u1ee1ng ch\u1ea5t qu\u00fd gi\u00fap T\u1ea9y trang hi\u1ec7u qu\u1ea3n, T\u1ea9y t\u1ebf b\u00e0o da ch\u1ebft v\u00e0 Ng\u0103n ng\u1eeba m\u1ee5n gi\u00fap b\u1ea1n c\u00f3 m\u1ed9t l\u00e0n da s\u1ea1ch tho\u00e1ng, v\u1eeba \u0111em \u0111\u1ebfn c\u1ea3m gi\u00e1c d\u1ec5 ch\u1ecbu. H\u00e3y nhanh tay cho s\u1ea3n ph\u1ea9m v\u00e0o gi\u1ecf h\u00e0ng \u0111\u1ec3 s\u1edf h\u1eefu ngay em n\u01b0\u1edbc t\u1ea9y trang nh\u00e0 \u00a0ngay nh\u00e9!<\/p>\n<p><strong>NGUY\u00caN LI\u1ec6U<\/strong><\/p>\n<p>Chi\u1ebft xu\u1ea5t l\u00e1 Tr\u00e0 Hoa v\u00e0ng C\u00fac Ph\u01b0\u01a1ng, Chi\u1ebft xu\u1ea5t t\u00e1o; Glycolips; Ch\u1ea5t xu\u1ea5t olive.<\/p>\n<p><strong>H\u01af\u1edaNG D\u1eaaN S\u1eec D\u1ee4NG<\/strong><\/p>\n<p>C\u00e1ch s\u1eed d\u1ee5ng N\u01b0\u1edbc t\u1ea9y trang Tr\u00e0 Hoa V\u00e0ng r\u1ea5t \u0111\u01a1n gi\u1ea3n. L\u00e0m \u01b0\u1edbt b\u00f4ng t\u1ea9y trang b\u1eb1ng N\u01b0\u1edbc t\u1ea9y trang Tr\u00e0 Hoa V\u00e0ng, sau \u0111\u00f3 lau nh\u1eb9 v\u00f9ng m\u1eaft, d\u1ecdc s\u1ed1ng m\u0169i tr\u01b0\u1edbc r\u1ed3i \u0111\u1ebfn c\u00e1c v\u00f9ng da c\u00f2n l\u1ea1i tr\u00ean m\u1eb7t. R\u1eeda s\u1ea1ch l\u1ea1i b\u1eb1ng Gel r\u1eeda m\u1eb7t Tr\u00e0 Hoa V\u00e0ng.<\/p>\n<p><strong>L\u01b0u \u00fd:<\/strong>\u00a0N\u00ean t\u1ea9y trang tr\u01b0\u1edbc khi r\u1eeda m\u1eb7t, t\u1ea9y trang 2 l\u1ea7n\/ng\u00e0y, k\u1ec3 c\u1ea3 khi kh\u00f4ng trang \u0111i\u1ec3m.<\/p>","protected":false},"excerpt":{"rendered":"<p>GOLDEN CAMELLIA MICELLAR WATER N\u01b0\u1edbc t\u1ea9y trang Tr\u00e0 Hoa V\u00e0ng\u00a0 ch\u1ee9a c\u00e1c th\u00e0nh ph\u1ea7n ch\u1ee7 y\u1ebfu t\u1eeb thi\u00ean nhi\u00ean gi\u00fap<\/p>","protected":false},"featured_media":15621,"comment_status":"open","ping_status":"closed","template":"","meta":{"_acf_changed":false},"product_cat":[401,519],"product_tag":[],"class_list":{"0":"post-15619","1":"product","2":"type-product","3":"status-publish","4":"has-post-thumbnail","6":"product_cat-hoa-my-pham","7":"product_cat-suc-khoe-va-sac-dep","9":"first","10":"instock","11":"shipping-taxable","12":"purchasable","13":"product-type-simple"},"acf":[],"_links":{"self":[{"href":"https:\/\/b2c.fairs.vn\/en\/wp-json\/wp\/v2\/product\/15619","targetHints":{"allow":["GET"]}}],"collection":[{"href":"https:\/\/b2c.fairs.vn\/en\/wp-json\/wp\/v2\/product"}],"about":[{"href":"https:\/\/b2c.fairs.vn\/en\/wp-json\/wp\/v2\/types\/product"}],"replies":[{"embeddable":true,"href":"https:\/\/b2c.fairs.vn\/en\/wp-json\/wp\/v2\/comments?post=15619"}],"version-history":[{"count":0,"href":"https:\/\/b2c.fairs.vn\/en\/wp-json\/wp\/v2\/product\/15619\/revisions"}],"wp:featuredmedia":[{"embeddable":true,"href":"https:\/\/b2c.fairs.vn\/en\/wp-json\/wp\/v2\/media\/15621"}],"wp:attachment":[{"href":"https:\/\/b2c.fairs.vn\/en\/wp-json\/wp\/v2\/media?parent=15619"}],"wp:term":[{"taxonomy":"product_cat","embeddable":true,"href":"https:\/\/b2c.fairs.vn\/en\/wp-json\/wp\/v2\/product_cat?post=15619"},{"taxonomy":"product_tag","embeddable":true,"href":"https:\/\/b2c.fairs.vn\/en\/wp-json\/wp\/v2\/product_tag?post=15619"}],"curies":[{"name":"wp","href":"https:\/\/api.w.org\/{rel}","templated":true}]}}