{"id":15614,"date":"2024-04-04T15:10:41","date_gmt":"2024-04-04T08:10:41","guid":{"rendered":"https:\/\/b2c.fairs.vn\/?post_type=product&#038;p=15614"},"modified":"2024-04-04T15:10:42","modified_gmt":"2024-04-04T08:10:42","slug":"kem-chong-nang-tra-hoa-vang","status":"publish","type":"product","link":"https:\/\/b2c.fairs.vn\/en\/product\/kem-chong-nang-tra-hoa-vang\/","title":{"rendered":"Kem ch\u1ed1ng n\u1eafng Tr\u00e0 hoa v\u00e0ng"},"content":{"rendered":"<p><strong>Kem ch\u1ed1ng n\u1eafng Tr\u00e0 Hoa V\u00e0ng , l\u00e0 s\u1ea3n ph\u1ea9m kem ch\u1ed1ng n\u1eafng v\u1eadt l\u00fd hi\u1ec7u qu\u1ea3, k\u1ebft h\u1ee3p kh\u1ea3 n\u0103ng ch\u1ed1ng tia UVA v\u00e0 UVB, v\u1edbi t\u00e1c d\u1ee5ng l\u00e0m tr\u1eafng da, d\u01b0\u1ee1ng da m\u1ec1m m\u1ecbn, tr\u00e1nh cho da kh\u00f4ng b\u1ecb \u0111\u1ecf r\u00e1t, chay n\u1eafng. Chi\u1ebft xu\u1ea5t Tr\u00e0 Hoa V\u00e0ng C\u00fac Ph\u01b0\u01a1ng v\u1edbi c\u00f4ng d\u1ee5ng ch\u1ed1ng oxy h\u00f3a tuy\u1ec7t v\u1eddi k\u1ebft h\u1ee3p v\u1edbi Sakadikium chi\u1ebft xu\u1ea5t t\u1eeb c\u1ee7 c\u1ee7a c\u00e2y Hedychium Coronarium gi\u00fap b\u1ea3o v\u1ec7 da kh\u1ecfi t\u00e1c h\u1ea1i t\u1eeb m\u00f4i tr\u01b0\u1eddng (\u00e1nh s\u00e1ng xanh).<\/strong><\/p>\n<p><strong>Th\u00f4ng s\u1ed1 s\u1ea3n ph\u1ea9m<\/strong><\/p>\n<table border=\"0\" width=\"744\" cellspacing=\"0\" cellpadding=\"0\">\n<thead>\n<tr>\n<th>Th\u00f4ng s\u1ed1<\/th>\n<th>N\u1ed9i dung<\/th>\n<\/tr>\n<\/thead>\n<tbody>\n<tr>\n<td>T\u00ean s\u1ea3n ph\u1ea9m<\/td>\n<td>Kem ch\u1ed1ng n\u1eafng Tr\u00e0 Hoa V\u00e0ng (Golden Camellia Mineral Sunscreen)<\/td>\n<\/tr>\n<tr>\n<td>Ch\u1ec9 s\u1ed1<\/td>\n<td>SPF 32 PA+++<\/td>\n<\/tr>\n<tr>\n<td>Dung t\u00edch<\/td>\n<td>32ml<\/td>\n<\/tr>\n<tr>\n<td>T\u00ednh ch\u1ea5t kem ch\u1ed1ng n\u1eafng<\/td>\n<td>Thu\u1ea7n v\u1eadt l\u00fd<\/td>\n<\/tr>\n<tr>\n<td>K\u1ebft c\u1ea5u<\/td>\n<td>D\u1ea1ng kem<\/td>\n<\/tr>\n<tr>\n<td>H\u00ecnh th\u1ee9c<\/td>\n<td>Chai ch\u00e2n kh\u00f4ng m\u00e0u n\u00e2u n\u1eafp \u1ea5n<\/td>\n<\/tr>\n<tr>\n<td>H\u1ea1n s\u1eed d\u1ee5ng<\/td>\n<td>18 th\u00e1ng. M\u1edf n\u1eafp: 06 th\u00e1ng<\/td>\n<\/tr>\n<\/tbody>\n<\/table>\n<p>&nbsp;<\/p>\n<p><strong>\u01afu \u0111i\u1ec3m n\u1ed5i b\u1eadt Kem ch\u1ed1ng n\u1eafng Tr\u00e0 Hoa V\u00e0ng<\/strong><\/p>\n<p>Ch\u1ed1ng n\u1eafng l\u00e0 m\u1ed9t b\u01b0\u1edbc quan tr\u1ecdng trong chu tr\u00ecnh ch\u0103m s\u00f3c da h\u00e0ng ng\u00e0y gi\u00fap b\u1ea3o v\u1ec7 da. Kem ch\u1ed1ng n\u1eafng Tr\u00e0 Hoa V\u00e0ng c\u00f3 nhi\u1ec1u \u01b0u \u0111i\u1ec3m n\u1ed5i b\u1eadt nh\u01b0:<\/p>\n<p><strong>B\u1ea3o v\u1ec7 da<\/strong><\/p>\n<p>V\u1edbi ch\u1ec9 s\u1ed1 SPF 32, PA+++, s\u1ea3n ph\u1ea9m gi\u00fap b\u1ea3o v\u1ec7 da kh\u1ecfi t\u00e1c h\u1ea1i x\u1ea5u c\u1ee7a tia c\u1ef1c t\u00edm (tia UVA, UVB), \u00e1nh s\u00e1ng xanh t\u1eeb c\u00e1c thi\u1ebft b\u1ecb \u0111i\u1ec7n t\u1eed.<\/p>\n<p><strong>Chi\u1ebft xu\u1ea5t Tr\u00e0 Hoa V\u00e0ng<\/strong><\/p>\n<p>Kem ch\u1ed1ng n\u1eafng Tr\u00e0 Hoa V\u00e0ng c\u00f3 th\u00e0nh ph\u1ea7n t\u1eeb chi\u1ebft xu\u1ea5t l\u00e1 Tr\u00e0 HoaV\u00e0ng C\u00fac Ph\u01b0\u01a1ng, Ninh B\u00ecnh, Vi\u1ec7t Nam gi\u00fap l\u00e0m s\u00e1ng da, ng\u1eeba n\u00e1m da v\u00e0 h\u1ea1n ch\u1ebf qu\u00e1 tr\u00ecnh l\u00e3o h\u00f3a da s\u1edbm.<\/p>\n<p><strong>Gi\u1eef \u1ea9m cho da<\/strong><\/p>\n<p>H\u1ed7n h\u1ee3p d\u1ea7u th\u1ef1c v\u1eadt nh\u01b0 d\u1ea7u qu\u1ea3 b\u01a1, d\u1ea7u d\u1eeba, d\u1ea7u h\u1ea1t m\u00f9 u \u2026 \u00a0ng\u0103n ng\u1eeba s\u1ef1 m\u1ea5t n\u01b0\u1edbc qua da, gi\u00fap gi\u1eef \u1ea9m, cho l\u00e0n da m\u1ec1m m\u1ecbn.<\/p>\n<p><strong>Ch\u1ed1ng oxy h\u00f3a v\u00e0 L\u00e0m s\u00e1ng da<\/strong><\/p>\n<p>Chi\u1ebft xu\u1ea5t Sakadikium t\u1eeb c\u1ee7 c\u1ee7a c\u00e2y Hedychium coronarium \u2013 g\u1eebng tr\u1eafng gi\u00fap b\u1ea3o v\u1ec7 da kh\u1ecfi t\u00e1c h\u1ea1i t\u1eeb m\u00f4i tr\u01b0\u1eddng (\u00e1nh s\u00e1ng xanh, UVA, v\u00e0 c\u00e1c h\u1ee3p ch\u1ea5t h\u1eefu c\u01a1 oxy h\u00f3a kh\u00f4ng ho\u00e0n to\u00e0n B[a]P) th\u00f4ng qua c\u01a1 ch\u1ebf \u0111i\u1ec1u h\u00f2a qu\u00e1 tr\u00ecnh th\u1ef1c b\u00e0o, b\u1ea3o v\u1ec7 ty th\u1ec3, kh\u00e1ng oxy h\u00f3a, \u0111i\u1ec1u h\u00f2a t\u00e1c nh\u00e2n g\u00e2y vi\u00eam. Sakadikium c\u00f3 nghi\u00ean c\u1ee9u l\u00e2m s\u00e0ng tr\u00ean ng\u01b0\u1eddi cho th\u1ea5y kh\u1ea3 n\u0103ng l\u00e0m s\u00e1ng da tr\u00f4ng th\u1ea5y trong 28 ng\u00e0y.<\/p>\n<p><strong>M\u1ecfng nh\u1eb9, nhanh th\u1ea5m<\/strong><\/p>\n<p>Kem ch\u1ed1ng n\u1eafng Tr\u00e0 Hoa V\u00e0ng c\u00f3 k\u1ebft c\u1ea5u m\u1ecfng nh\u1eb9, nh\u01b0 m\u1ed9t l\u1edbp m\u00e0ng b\u1ea3o v\u1ec7 da, kh\u00f4ng g\u00e2y nh\u1eddn d\u00ednh v\u00e0 kh\u00f4ng \u0111\u1ec3 l\u1ea1i v\u1ec7t tr\u1eafng khi thoa l\u00ean da, duy tr\u00ec s\u1ef1 \u1ea9m m\u01b0\u1ee3t, m\u1ec1m m\u1ea1i cho da. Ngo\u00e0i ra, th\u00e0nh ph\u1ea7n t\u1eeb Chi\u1ebft xu\u1ea5t Tr\u00e0 Hoa V\u00e0ng C\u00fac Ph\u01b0\u01a1ng gi\u00fap ki\u1ec3m so\u00e1t b\u00e3 nh\u1eddn v\u00e0 d\u1ea7u th\u1eeba, cho da c\u1ea3m gi\u00e1c kh\u00f4 tho\u00e1ng.<\/p>\n<p><strong>C\u00f4ng d\u1ee5ng Kem ch\u1ed1ng n\u1eafng Tr\u00e0 Hoa V\u00e0ng<\/strong><\/p>\n<p>Kem ch\u1ed1ng n\u1eafng Tr\u00e0 Hoa V\u00e0ng SPF32, PA+++ gi\u00fap ch\u1ed1ng n\u1eafng, b\u1ea3o v\u1ec7 l\u00e0n da tr\u01b0\u1edbc t\u00e1c h\u1ea1i t\u1eeb c\u00e1c tia UVA, UVB, \u00e1nh s\u00e1ng xanh v\u00e0 t\u00e1c \u0111\u1ed9ng x\u1ea5u c\u1ee7a m\u00f4i tr\u01b0\u1eddng xung quanh, gi\u1eef cho l\u00e0n da kh\u1ecfe m\u1ea1nh, m\u1ec1m m\u1ea1i.<\/p>\n<p>Ngo\u00e0i ra, s\u1ea3n ph\u1ea9m kem ch\u1ed1ng n\u1eafng cao c\u1ea5p nh\u00e0 \u00a0c\u00f2n g\u00f3p ph\u1ea7n che khuy\u1ebft \u0111i\u1ec3m cho da, cho l\u1edbp n\u1ec1n m\u1ec1m m\u1ecbn, h\u1ea1n ch\u1ebf qu\u00e1 tr\u00ecnh l\u00e3o h\u00f3a da s\u1edbm.<\/p>\n<p><strong>Th\u00e0nh ph\u1ea7n Kem ch\u1ed1ng n\u1eafng Tr\u00e0 Hoa V\u00e0ng\u00a0<\/strong><\/p>\n<p>Kem ch\u1ed1ng n\u1eafng Tr\u00e0 Hoa V\u00e0ng\u00a0 ch\u1ee9a c\u00e1c th\u00e0nh ph\u1ea7n an to\u00e0n cho da nh\u01b0:<\/p>\n<ul>\n<li>Purified water (N\u01b0\u1edbc tinh khi\u1ebft)<\/li>\n<li>S\u00e1p olive<\/li>\n<li>D\u1ea7u qu\u1ea3 b\u01a1<\/li>\n<li>D\u1ea7u d\u1eeba<\/li>\n<li><strong>D\u1ea7u h\u1ea1t m\u00f9 u<\/strong>\u00a0gi\u00e0u c\u00e1c d\u01b0\u1ee1ng ch\u1ea5t thi\u1ebft y\u1ebfu mang l\u1ea1i kh\u1ea3 n\u0103ng ch\u1ed1ng oxy h\u00f3a m\u1ea1nh m\u1ebd, kh\u1ea3 n\u0103ng kh\u00e1ng sinh t\u1ef1 nhi\u00ean t\u1ed1t v\u00e0 \u0111\u1eb7c bi\u1ec7t h\u01a1n h\u1ebft l\u00e0 kh\u1ea3 n\u0103ng t\u00e1i t\u1ea1o t\u1ebf b\u00e0o v\u00e0 ph\u1ee5c h\u1ed3i c\u1ea5u tr\u00fac m\u00f4 hi\u1ec7u qu\u1ea3<\/li>\n<li><strong>Chi\u1ebft xu\u1ea5t Sakadikium<\/strong>\u00a0\u2013 chi\u1ebft xu\u1ea5t t\u1eeb c\u1ee7 c\u1ee7a c\u00e2y Hedychium coronarium \u2013 g\u1eebng tr\u1eafng gi\u00fap ch\u1ed1ng \u00e1nh s\u00e1ng xanh v\u00e0 l\u00e0m s\u00e1ng da<\/li>\n<li><strong>B\u1ed9 l\u1ecdc kho\u00e1ng ch\u1ea5t: Titanium dioxide v\u00e0 Zinc oxide<\/strong>\u00a0\u2013 2 kho\u00e1ng ch\u1ea5t ch\u00ednh l\u00e0m n\u00ean c\u00f4ng d\u1ee5ng c\u1ee7a Kem ch\u1ed1ng n\u1eafng v\u1eadt l\u00fd gi\u00fap b\u1ea3o v\u1ec7 da to\u00e0n di\u1ec7n tr\u01b0\u1edbc t\u00e1c h\u1ea1i c\u1ee7a tia UVA v\u00e0 UVB<\/li>\n<li>Chi\u1ebft xu\u1ea5t an t\u1ee9c h\u01b0\u01a1ng (Cinnamate)<\/li>\n<li><strong>Camellia Cucphuongenis leaf extract<\/strong>\u00a0(Chi\u1ebft xu\u1ea5t l\u00e1 Hoa Tr\u00e0 V\u00e0ng C\u00fac Ph\u01b0\u01a1ng) gi\u00fap l\u00e0m s\u00e1ng da, h\u1ea1n ch\u1ebf qu\u00e1 tr\u00ecnh l\u00e3o h\u00f3a da s\u1edbm.<\/li>\n<li>Ch\u1ea5t b\u1ea3o qu\u1ea3n t\u1eeb t\u1ef1 nhi\u00ean<\/li>\n<li>Chi\u1ebft xu\u1ea5t xuy\u00ean ti\u00eau v\u00e0 b\u1ea1ch \u0111\u1ea7u \u00f4ng<\/li>\n<li>Allantoin<\/li>\n<li>C\u1ed3n b\u00e9o<\/li>\n<\/ul>\n<p>N\u1ebfu b\u1ea1n \u0111ang t\u00ecm ki\u1ebfm m\u1ed9t s\u1ea3n ph\u1ea9m kem ch\u1ed1ng n\u1eafng gi\u00fap b\u1ea3o v\u1ec7 da tr\u01b0\u1edbc t\u00e1c h\u1ea1i c\u1ee7a \u00e1nh n\u1eafng m\u1eb7t tr\u1eddi v\u00e0 h\u1ed7 tr\u1ee3 ng\u0103n ng\u1eeba l\u00e3o h\u00f3a, h\u00e3y tham kh\u1ea3o\u00a0<strong>Kem ch\u1ed1ng n\u1eafng Tr\u00e0 Hoa V\u00e0ng<\/strong>\u00a0 nh\u00e9. Nhanh tay cho s\u1ea3n ph\u1ea9m v\u00e0o gi\u1ecf h\u00e0ng \u0111\u1ec3 s\u1edf h\u1eefu s\u1edbm nh\u1ea5t n\u00e0o!<\/p>\n<p><strong>NGUY\u00caN LI\u1ec6U<\/strong><\/p>\n<p>D\u1ea7u m\u00f9 u<\/p>\n<p>Chi\u1ebft xu\u1ea5t tr\u00e0 hoa v\u00e0ng<\/p>\n<p>B\u1ed9 l\u1ecdc kho\u00e1ng ch\u1ea5t: Titanium dioxide v\u00e0 Zinc oxide<\/p>\n<p>Chi\u1ebft xu\u1ea5t Sakadikium<\/p>\n<p><strong>H\u01af\u1edaNG D\u1eaaN S\u1eec D\u1ee4NG<\/strong><\/p>\n<p>Sau khi r\u1eeda m\u1eb7t v\u00e0 d\u01b0\u1ee1ng \u1ea9m, ch\u1ea5m \u0111\u1ec1u t\u1eebng \u0111i\u1ec3m tr\u00ean m\u1eb7t, c\u1ed5, c\u01a1 th\u1ec3, r\u1ed3i d\u00f9ng tay thoa \u0111\u1ec1u kh\u1eafp v\u00f9ng m\u1eb7t, c\u1ed5 v\u00e0 c\u01a1 th\u1ec3 khi kem \u0111\u00e3 \u0111\u01b0\u1ee3c t\u00e1n \u0111\u1ec1u h\u1ebft. D\u00f9ng tr\u01b0\u1edbc c\u00e1c b\u01b0\u1edbc trang \u0111i\u1ec3m. D\u00f9ng kem ch\u1ed1ng n\u1eafng h\u00e0ng ng\u00e0y \u0111\u1ec3 b\u1ea3o v\u1ec7 da kh\u1ecfi l\u00e3o h\u00f3a v\u00e0 \u0111\u1ed1m s\u1ea1m, \u0111\u1eebng qu\u00ean t\u1ea9y trang v\u00e0o cu\u1ed1i ng\u00e0y b\u1ea1n nh\u00e9!<\/p>\n<p><strong><u>L\u01b0u \u00fd:<\/u><\/strong> Kem ch\u1ed1ng n\u1eafng Tr\u00e0 Hoa V\u00e0ng l\u00e0 kem ch\u1ed1ng n\u1eafng v\u1eadt l\u00fd n\u00ean c\u00f3 th\u1ec3 \u0111i ra ngo\u00e0i ngay sau khi thoa.<\/p>","protected":false},"excerpt":{"rendered":"<p>Kem ch\u1ed1ng n\u1eafng Tr\u00e0 Hoa V\u00e0ng , l\u00e0 s\u1ea3n ph\u1ea9m kem ch\u1ed1ng n\u1eafng v\u1eadt l\u00fd hi\u1ec7u qu\u1ea3, k\u1ebft h\u1ee3p kh\u1ea3<\/p>","protected":false},"featured_media":15617,"comment_status":"open","ping_status":"closed","template":"","meta":{"_acf_changed":false},"product_cat":[401,519],"product_tag":[],"class_list":{"0":"post-15614","1":"product","2":"type-product","3":"status-publish","4":"has-post-thumbnail","6":"product_cat-hoa-my-pham","7":"product_cat-suc-khoe-va-sac-dep","9":"first","10":"instock","11":"shipping-taxable","12":"purchasable","13":"product-type-simple"},"acf":[],"_links":{"self":[{"href":"https:\/\/b2c.fairs.vn\/en\/wp-json\/wp\/v2\/product\/15614","targetHints":{"allow":["GET"]}}],"collection":[{"href":"https:\/\/b2c.fairs.vn\/en\/wp-json\/wp\/v2\/product"}],"about":[{"href":"https:\/\/b2c.fairs.vn\/en\/wp-json\/wp\/v2\/types\/product"}],"replies":[{"embeddable":true,"href":"https:\/\/b2c.fairs.vn\/en\/wp-json\/wp\/v2\/comments?post=15614"}],"version-history":[{"count":0,"href":"https:\/\/b2c.fairs.vn\/en\/wp-json\/wp\/v2\/product\/15614\/revisions"}],"wp:featuredmedia":[{"embeddable":true,"href":"https:\/\/b2c.fairs.vn\/en\/wp-json\/wp\/v2\/media\/15617"}],"wp:attachment":[{"href":"https:\/\/b2c.fairs.vn\/en\/wp-json\/wp\/v2\/media?parent=15614"}],"wp:term":[{"taxonomy":"product_cat","embeddable":true,"href":"https:\/\/b2c.fairs.vn\/en\/wp-json\/wp\/v2\/product_cat?post=15614"},{"taxonomy":"product_tag","embeddable":true,"href":"https:\/\/b2c.fairs.vn\/en\/wp-json\/wp\/v2\/product_tag?post=15614"}],"curies":[{"name":"wp","href":"https:\/\/api.w.org\/{rel}","templated":true}]}}