{"id":15605,"date":"2024-04-04T15:04:46","date_gmt":"2024-04-04T08:04:46","guid":{"rendered":"https:\/\/b2c.fairs.vn\/?post_type=product&#038;p=15605"},"modified":"2024-04-04T15:04:46","modified_gmt":"2024-04-04T08:04:46","slug":"gel-rua-mat-tra-hoa-vang","status":"publish","type":"product","link":"https:\/\/b2c.fairs.vn\/en\/product\/gel-rua-mat-tra-hoa-vang\/","title":{"rendered":"Gel r\u1eeda m\u1eb7t Tr\u00e0 hoa v\u00e0ng"},"content":{"rendered":"<p><strong>GEL R\u1eecA M\u1eb6T TR\u00c0 HOA V\u00c0NG<\/strong><\/p>\n<p><strong>GOLDEN CAMELLIA FACIAL CLEANSING GEL<\/strong><\/p>\n<p><strong>Gel r\u1eeda m\u1eb7t Tr\u00e0 Hoa V\u00e0ng\u00a0 ch\u1ee9a c\u00e1c th\u00e0nh ph\u1ea7n ch\u1ee7 y\u1ebfu t\u1eeb thi\u00ean nhi\u00ean gi\u00fap lo\u1ea1i b\u1ecf b\u00e3 nh\u1eddn, b\u1ee5i b\u1ea9n v\u00e0 s\u1ea3n ph\u1ea9m trang \u0111i\u1ec3m, cung c\u1ea5p \u0111\u1ed9 \u1ea9m cho da, kh\u00f4ng g\u00e2y k\u00edch \u1ee9ng da. Chi\u1ebft xu\u1ea5t Tr\u00e0 Hoa V\u00e0ng C\u00fac Ph\u01b0\u01a1ng c\u00f3 c\u00f4ng d\u1ee5ng l\u00e0m s\u1ea1ch v\u00e0 ch\u1ed1ng oxy h\u00f3a v\u01b0\u1ee3t tr\u1ed9i gi\u00fap ng\u0103n ng\u1eeba m\u1ee5n tr\u00ean da, gi\u00fap l\u00e0n da lu\u00f4n m\u1ecbn m\u00e0ng v\u00e0 t\u01b0\u01a1i s\u00e1ng.<\/strong><\/p>\n<p><strong><img decoding=\"async\" src=\"file:\/\/\/C:\/Users\/ADMINI~1\/AppData\/Local\/Temp\/msohtmlclip1\/01\/clip_image001.png\" alt=\"\" \/><\/strong><\/p>\n<p><strong>Th\u00f4ng s\u1ed1 s\u1ea3n ph\u1ea9m<\/strong><\/p>\n<table border=\"0\" width=\"605\" cellspacing=\"0\" cellpadding=\"0\">\n<thead>\n<tr>\n<th>Th\u00f4ng s\u1ed1<\/th>\n<th>N\u1ed9i dung<\/th>\n<\/tr>\n<\/thead>\n<tbody>\n<tr>\n<td>T\u00ean s\u1ea3n ph\u1ea9m<\/td>\n<td>Gel r\u1eeda m\u1eb7t Tr\u00e0 Hoa V\u00e0ng (Golden Camellia Facial Cleansing Gel)<\/td>\n<\/tr>\n<tr>\n<td>Dung t\u00edch<\/td>\n<td>100ml<\/td>\n<\/tr>\n<tr>\n<td>H\u00ecnh th\u1ee9c<\/td>\n<td>Chai n\u00e2u ch\u00e2n kh\u00f4ng, v\u00f2i \u1ea5n, n\u1eafp \u0111en<\/td>\n<\/tr>\n<tr>\n<td>\u0110\u1ed9 pH<\/td>\n<td>5.5<\/td>\n<\/tr>\n<tr>\n<td>Th\u1ec3 ch\u1ea5t<\/td>\n<td>Gel trong m\u00e0u v\u00e0ng nh\u1ea1t<\/td>\n<\/tr>\n<tr>\n<td>C\u00f4ng d\u1ee5ng<\/td>\n<td>Gi\u00fap l\u00e0m s\u1ea1ch hi\u1ec7u qu\u1ea3, lo\u1ea1i b\u1ecf d\u1ea7u th\u1eeba v\u00e0 ng\u0103n ng\u1eeba m\u1ee5n<\/td>\n<\/tr>\n<tr>\n<td>H\u1ea1n s\u1eed d\u1ee5ng<\/td>\n<td>18 th\u00e1ng. M\u1edf n\u1eafp: 06 th\u00e1ng<\/td>\n<\/tr>\n<\/tbody>\n<\/table>\n<p><strong>\u01afu \u0111i\u1ec3m n\u1ed5i b\u1eadt Gel r\u1eeda m\u1eb7t Tr\u00e0 Hoa V\u00e0ng<\/strong><\/p>\n<p>C\u00f9ng kh\u00e1m ph\u00e1 v\u00ec sao Gel r\u1eeda m\u1eb7t Tr\u00e0 Hoa V\u00e0ng l\u1ea1i \u0111\u01b0\u1ee3c c\u00e1c ch\u1ecb em tin d\u00f9ng nh\u00e9:<\/p>\n<p><strong>L\u00e0m s\u1ea1ch da hi\u1ec7u qu\u1ea3<\/strong><\/p>\n<p>R\u1eeda m\u1eb7t l\u00e0 b\u01b0\u1edbc l\u00e0m s\u1ea1ch quan tr\u1ecdng trong chu tr\u00ecnh ch\u0103m s\u00f3c da h\u00e0ng ng\u00e0y. Sau khi d\u00f9ng Gel r\u1eeda m\u1eb7t Tr\u00e0 Hoa V\u00e0ng b\u1ea1n s\u1ebd c\u1ea3m nh\u1eadn \u0111\u01b0\u1ee3c l\u00e0n da \u0111\u00e3 \u0111\u01b0\u1ee3c l\u1ea5y \u0111i l\u1edbp trang \u0111i\u1ec3m, b\u1ee5i b\u1ea9n, d\u1ea7u th\u1eeba, gi\u00fap th\u00f4ng tho\u00e1ng l\u1ed7 ch\u00e2n l\u00f4ng.<\/p>\n<p><strong>Lo\u1ea1i b\u1ecf d\u1ea7u th\u1eeba<\/strong><\/p>\n<p>Gel r\u1eeda m\u1eb7t Tr\u00e0 Hoa V\u00e0ng v\u1edbi c\u00e1c th\u00e0nh ph\u1ea7n ch\u1ea5t ho\u1ea1t \u0111\u1ed9ng b\u1ec1 m\u1eb7t d\u1ecbu nh\u1eb9 v\u00e0 an to\u00e0n nh\u01b0 Chi\u1ebft xu\u1ea5t t\u00e1o t\u00e2y, Chi\u1ebft xu\u1ea5t d\u1ea7u d\u1eeba v\u00e0 Chi\u1ebft xu\u1ea5t hoa Tr\u00e0 Hoa V\u00e0ng C\u00fac Ph\u01b0\u01a1ng, gi\u00fap lo\u1ea1i b\u1ecf d\u1ea7u th\u1eeba tr\u00ean da m\u00e0 kh\u00f4ng l\u00e0m kh\u00f4 da.<\/p>\n<p><strong>Chi\u1ebft xu\u1ea5t Tr\u00e0 hoa v\u00e0ng<\/strong><\/p>\n<p>C\u00f3 chi\u1ebft xu\u1ea5t t\u1eeb th\u00e0nh ph\u1ea7n Tr\u00e0 Hoa V\u00e0ng C\u00fac ph\u01b0\u01a1ng, Gel r\u1eeda m\u1eb7t Tr\u00e0 Hoa V\u00e0ng h\u1ed7 tr\u1ee3 l\u00e0m s\u00e1ng da, cho l\u00e0n da s\u1ea1ch kh\u1ecfe.<\/p>\n<p>\u0110\u1eb7c bi\u1ec7t, Gel r\u1eeda m\u1eb7t Tr\u00e0 Hoa V\u00e0ng s\u1ebd ph\u00e1t huy c\u00f4ng d\u1ee5ng hi\u1ec7u qu\u1ea3 nh\u1ea5t khi s\u1eed d\u1ee5ng k\u1ebft h\u1ee3p v\u1edbi c\u00e1c s\u1ea3n ph\u1ea9m trong b\u1ed9 ch\u0103m s\u00f3c da Chi\u1ebft xu\u1ea5t Tr\u00e0 Hoa V\u00e0ng .<\/p>\n<p><strong>C\u00f4ng d\u1ee5ng Gel r\u1eeda m\u1eb7t Tr\u00e0 Hoa V\u00e0ng<\/strong><\/p>\n<p>Gel r\u1eeda m\u1eb7t Tr\u00e0 Hoa V\u00e0ng \u0111\u01b0\u1ee3c y\u00eau th\u00edch b\u1edfi hi\u1ec7u qu\u1ea3 l\u00e0m s\u1ea1ch da, l\u00e0m th\u00f4ng tho\u00e1ng l\u1ed7 ch\u00e2n l\u00f4ng, duy tr\u00ec \u0111\u1ed9 \u1ea9m t\u1ef1 nhi\u00ean cho da. L\u00e0 m\u1ed9t trong nh\u1eefng d\u00f2ng Gel r\u1eeda m\u1eb7t \u0111\u1ea7u ti\u00ean ch\u1ee9a Chi\u1ebft xu\u1ea5t Tr\u00e0 Hoa V\u00e0ng C\u00fac Ph\u01b0\u01a1ng, Gel r\u1eeda m\u1eb7t Tr\u00e0 hoa V\u00e0ng c\u00f2n h\u1ed7 tr\u1ee3 gi\u00fap l\u00e0n da s\u00e1ng s\u1ea1ch, kh\u1ecfe m\u1ea1nh.<\/p>\n<p><strong>Th\u00e0nh ph\u1ea7n Gel r\u1eeda m\u1eb7t Tr\u00e0 Hoa V\u00e0ng<\/strong><\/p>\n<p>Gel r\u1eeda m\u1eb7t Tr\u00e0 Hoa V\u00e0ng c\u00f3 ch\u1ee9a c\u00e1c th\u00e0nh ph\u1ea7n ch\u00ednh bao g\u1ed3m:<\/p>\n<ul>\n<li>Purified water (N\u01b0\u1edbc tinh khi\u1ebft)<\/li>\n<li>Ngu\u1ed3n g\u1ed1c t\u1eeb d\u1eeba (Cocamidopropyl Betaine, Disodium Laureth Sulfosuccinate)<\/li>\n<li><strong>Chi\u1ebft xu\u1ea5t t\u00e1o t\u00e2y (Sodium Cocoyl Appe Amino Acid)\u00a0<\/strong>\u2013 Ch\u1ea5t l\u00e0m s\u1ea1ch d\u1ecbu nh\u1eb9 gi\u00fap duy tr\u00ec s\u1ef1 to\u00e0n v\u1eb9n c\u1ee7a da<\/li>\n<li><strong>Chi\u1ebft xu\u1ea5t l\u00e1 Tr\u00e0 Hoa V\u00e0ng C\u00fac Ph\u01b0\u01a1ng (Camellia Cucphuongenis Leaf Extract)\u00a0<\/strong>Gi\u00fap l\u00e0m s\u00e1ng da, h\u1ea1n ch\u1ebf qu\u00e1 tr\u00ecnh l\u00e3o h\u00f3a da s\u1edbm.<\/li>\n<li>Ch\u1ea5t t\u1ea1o \u0111\u1eb7c t\u1eeb m\u00eda \u0111\u01b0\u1eddng c\u1ee7 c\u1ea3i<\/li>\n<li>Glycerin<\/li>\n<li><strong>Chi\u1ebft xu\u1ea5t xuy\u00ean ti\u00eau v\u00e0 b\u1ea1ch \u0111\u1ea7u \u00f4ng\u00a0<\/strong>gi\u00fap thu nh\u1ecf l\u1ed7 ch\u00e2n l\u00f4ng, ch\u1ed1ng tia t\u1eed ngo\u1ea1i v\u00e0 ch\u1ed1ng oxy h\u00f3a.<\/li>\n<li><strong>Ch\u1ea5t b\u1ea3o qu\u1ea3n t\u1eeb t\u1ef1 nhi\u00ean\u00a0<\/strong>l\u00e0 h\u1ed7n h\u1ee3p c\u1ee7a c\u00e1c acid h\u1eefu c\u01a1 c\u00f3 ngu\u1ed3n g\u1ed1c th\u1ef1c v\u1eadt gi\u00fap kh\u00e1ng khu\u1ea9n r\u1ed9ng<\/li>\n<li>Tinh d\u1ea7u b\u01b0\u1edfi h\u1ed3ng<\/li>\n<li>Acid citric<\/li>\n<\/ul>\n<p>Tr\u00ean \u0111\u00e2y l\u00e0 nh\u1eefng th\u00f4ng tin chi ti\u1ebft v\u1ec1 s\u1ea3n ph\u1ea9m\u00a0<strong>Gel r\u1eeda m\u1eb7t Tr\u00e0 Hoa v\u00e0ng<\/strong>. H\u00e3y y\u00eau th\u01b0\u01a1ng v\u00e0 ch\u0103m s\u00f3c l\u00e0n da c\u1ee7a m\u00ecnh th\u1eadt k\u1ef9, b\u1ea1n nh\u00e9! Nhanh tay cho ngay v\u00e0o gi\u1ecf h\u00e0ng \u0111\u1ec3 s\u1edf h\u1eefu s\u1ea3n ph\u1ea9m s\u1edbm nh\u1ea5t n\u00e0o!<\/p>\n<p><strong>NGUY\u00caN LI\u1ec6U CH\u00cdNH<\/strong><\/p>\n<p>Chi\u1ebft xu\u1ea5t t\u00e1o t\u00e2y<\/p>\n<p>Chi\u1ebft xu\u1ea5t tr\u00e0 hoa v\u00e0ng<\/p>\n<p>Chi\u1ebft xu\u1ea5t xuy\u00ean ti\u00eau v\u00e0 b\u1ea1ch \u0111\u1ea7u \u00f4ng<\/p>\n<p>Ch\u1ea5t b\u1ea3o qu\u1ea3n t\u1eeb t\u1ef1 nhi\u00ean<\/p>\n<p><strong>H\u01af\u1edaNG D\u1eaaN S\u1eec D\u1ee4NG<\/strong><\/p>\n<p>C\u00e1ch s\u1eed d\u1ee5ng Gel r\u1eeda m\u1eb7t Tr\u00e0 Hoa V\u00e0ng r\u1ea5t \u0111\u01a1n gi\u1ea3n nh\u01b0 sau:<\/p>\n<ul>\n<li>Sau khi t\u1ea9y trang v\u1edbi D\u1ea7u t\u1ea9y trang ho\u1eb7c N\u01b0\u1edbc t\u1ea9y trang Tr\u00e0 Hoa V\u00e0ng, l\u00e0m \u01b0\u1edbt da m\u1eb7t<\/li>\n<li>Nh\u1ea5n kho\u1ea3ng 2-4 pump gel r\u1eeda m\u1eb7t, thoa \u0111\u1ec1u t\u1ea1o b\u1ecdt v\u00e0 massage tr\u00ean da m\u1eb7t trong kho\u1ea3ng 1 ph\u00fat theo chuy\u1ec3n \u0111\u1ed9ng tr\u00f2n, \u0111\u1eb7c bi\u1ec7t \u1edf c\u00e1c v\u00f9ng ch\u1eef T \u0111\u1ed5 nhi\u1ec1u d\u1ea7u.<\/li>\n<li>R\u1eeda m\u1eb7t s\u1ea1ch l\u1ea1i v\u1edbi n\u01b0\u1edbc v\u00e0 ti\u1ebfp t\u1ee5c c\u00e1c b\u01b0\u1edbc d\u01b0\u1ee1ng da ti\u1ebfp theo.<\/li>\n<\/ul>\n<p><strong>L\u01b0u \u00fd:<\/strong>\u00a0n\u00ean r\u1eeda m\u1eb7t 2 l\u1ea7n m\u1ed9t ng\u00e0y \u0111\u1ec3 \u0111\u1ea1t hi\u1ec7u qu\u1ea3 l\u00e0m s\u1ea1ch t\u1ed1t nh\u1ea5t cho da, \u0111i\u1ec1u ch\u1ec9nh nhi\u1ec7t \u0111\u1ed9 n\u01b0\u1edbc ph\u00f9 h\u1ee3p v\u00e0 nh\u1edb d\u01b0\u1ee1ng \u1ea9m \u0111\u1ea7y \u0111\u1ee7 cho da sau khi r\u1eeda m\u1eb7t.<\/p>","protected":false},"excerpt":{"rendered":"<p>GEL R\u1eecA M\u1eb6T TR\u00c0 HOA V\u00c0NG GOLDEN CAMELLIA FACIAL CLEANSING GEL Gel r\u1eeda m\u1eb7t Tr\u00e0 Hoa V\u00e0ng\u00a0 ch\u1ee9a c\u00e1c th\u00e0nh<\/p>","protected":false},"featured_media":15611,"comment_status":"open","ping_status":"closed","template":"","meta":{"_acf_changed":false},"product_cat":[401,519],"product_tag":[],"class_list":{"0":"post-15605","1":"product","2":"type-product","3":"status-publish","4":"has-post-thumbnail","6":"product_cat-hoa-my-pham","7":"product_cat-suc-khoe-va-sac-dep","9":"first","10":"instock","11":"shipping-taxable","12":"purchasable","13":"product-type-simple"},"acf":[],"_links":{"self":[{"href":"https:\/\/b2c.fairs.vn\/en\/wp-json\/wp\/v2\/product\/15605","targetHints":{"allow":["GET"]}}],"collection":[{"href":"https:\/\/b2c.fairs.vn\/en\/wp-json\/wp\/v2\/product"}],"about":[{"href":"https:\/\/b2c.fairs.vn\/en\/wp-json\/wp\/v2\/types\/product"}],"replies":[{"embeddable":true,"href":"https:\/\/b2c.fairs.vn\/en\/wp-json\/wp\/v2\/comments?post=15605"}],"version-history":[{"count":0,"href":"https:\/\/b2c.fairs.vn\/en\/wp-json\/wp\/v2\/product\/15605\/revisions"}],"wp:featuredmedia":[{"embeddable":true,"href":"https:\/\/b2c.fairs.vn\/en\/wp-json\/wp\/v2\/media\/15611"}],"wp:attachment":[{"href":"https:\/\/b2c.fairs.vn\/en\/wp-json\/wp\/v2\/media?parent=15605"}],"wp:term":[{"taxonomy":"product_cat","embeddable":true,"href":"https:\/\/b2c.fairs.vn\/en\/wp-json\/wp\/v2\/product_cat?post=15605"},{"taxonomy":"product_tag","embeddable":true,"href":"https:\/\/b2c.fairs.vn\/en\/wp-json\/wp\/v2\/product_tag?post=15605"}],"curies":[{"name":"wp","href":"https:\/\/api.w.org\/{rel}","templated":true}]}}