{"id":15600,"date":"2024-04-04T14:58:05","date_gmt":"2024-04-04T07:58:05","guid":{"rendered":"https:\/\/b2c.fairs.vn\/?post_type=product&#038;p=15600"},"modified":"2024-04-04T14:58:06","modified_gmt":"2024-04-04T07:58:06","slug":"dau-tay-trang-tra-hoa-vang-cuc-phuong","status":"publish","type":"product","link":"https:\/\/b2c.fairs.vn\/en\/product\/dau-tay-trang-tra-hoa-vang-cuc-phuong\/","title":{"rendered":"D\u1ea7u t\u1ea9y trang Tr\u00e0 hoa v\u00e0ng C\u00fac ph\u01b0\u01a1ng"},"content":{"rendered":"<p><strong>GOLDEN CAMELLIA DEEP CLEANSING OIL<\/strong><\/p>\n<p>D\u1ea7u t\u1ea9y trang Tr\u00e0 Hoa V\u00e0ng ch\u1ee9a c\u00e1c th\u00e0nh ph\u1ea7n ch\u1ee7 y\u1ebfu t\u1eeb thi\u00ean nhi\u00ean gi\u00fap l\u00e0m s\u1ea1ch da an to\u00e0n, hi\u1ec7u qu\u1ea3. S\u1ea3n ph\u1ea9m gi\u00fap lo\u1ea1i b\u1ecf ho\u00e0n to\u00e0n l\u1edbp trang \u0111i\u1ec3m, b\u1ee5i b\u1ea9n v\u00e0 t\u1ea9y t\u1ebf b\u00e0o ch\u1ebft tr\u00ean da, ng\u0103n ng\u1eeba v\u00e0 h\u1ed7 tr\u1ee3 x\u1eed l\u00fd m\u1ee5n \u0111\u1ea7u \u0111en, ng\u1eeba m\u1ee5n tr\u1ee9ng c\u00e1, \u0111\u1ed3ng th\u1eddi gi\u00fap l\u1ed7 ch\u00e2n l\u00f4ng \u0111\u01b0\u1ee3c kh\u00f4 tho\u00e1ng. Chi\u1ebft xu\u1ea5t Tr\u00e0 Hoa V\u00e0ng C\u00fac Ph\u01b0\u01a1ng d\u1ea1ng d\u1ea7u c\u00f3 c\u00f4ng d\u1ee5ng l\u00e0m s\u1ea1ch v\u00e0 ch\u1ed1ng oxy h\u00f3a v\u01b0\u1ee3t tr\u1ed9i gi\u00fap t\u00e1i t\u1ea1o l\u1edbp m\u00e0ng lipid tr\u00ean da, nu\u00f4i d\u01b0\u1ee1ng da hi\u1ec7u qu\u1ea3.<\/p>\n<p><strong>\u01afu \u0111i\u1ec3m n\u1ed5i b\u1eadt D\u1ea7u t\u1ea9y trang Tr\u00e0 Hoa V\u00e0ng<\/strong><\/p>\n<p>C\u01a1 ch\u1ebf ho\u1ea1t \u0111\u1ed9ng c\u1ee7a D\u1ea7u t\u1ea9y trang Tr\u00e0 Hoa V\u00e0ng do\u00a0 nghi\u00ean c\u1ee9u, b\u00e0o ch\u1ebf c\u00f3 c\u00e1c nhi\u1ec7m v\u1ee5 sau:<\/p>\n<ul>\n<li><strong>L\u00e0m lo\u00e3ng<\/strong>: ch\u1ea5t th\u1ea3i d\u01b0\u1edbi \u0111\u00e1y l\u1ed7 ch\u00e2n l\u00f4ng \u0111\u01b0\u1ee3c ch\u1ee9a trong c\u00e1i t\u00fai h\u00ecnh gi\u1ecdt l\u1ec7<\/li>\n<li><strong>H\u00f2a tr\u1ed9n<\/strong>: b\u00e3 nh\u1eddn, b\u1ee5i b\u1ea9n v\u00e0 t\u1ebf b\u00e0o da ch\u1ebft<\/li>\n<li><strong>\u0110\u1ea9y l\u00ean<\/strong>: tr\u00ean b\u1ec1 m\u1eb7t da<\/li>\n<li><strong>Thanh t\u1ea9y<\/strong>: t\u1ea9y t\u1ebf b\u00e0o da ch\u1ebft (t\u1ea9y nh\u1eb9 nh\u00e0ng \u2013 kh\u00f4ng l\u00e0m t\u1ed5n th\u01b0\u01a1ng da)<\/li>\n<li><strong>D\u1ecdn s\u1ea1ch<\/strong><\/li>\n<li><strong>Ng\u1eeba m\u1ee5n<\/strong>\u00a0(tr\u1ee9ng c\u00e1, m\u1ee5n \u0111\u1ea7u \u0111en, m\u1ee5n \u0111\u1ea7u tr\u1eafng\u2026)<\/li>\n<\/ul>\n<p>\u0110\u00e2y l\u00e0 s\u1ea3n ph\u1ea9m th\u00f4ng minh, v\u1edbi c\u01a1 ch\u1ebf T\u1ea8Y T\u1ebe B\u00c0O DA CH\u1ebeT l\u00e0 ch\u1ec9 lo\u1ea1i b\u1ecf c\u00e1c t\u1ebf b\u00e0o da ch\u1ebft m\u00e0 kh\u00f4ng l\u00e0m t\u1ed5n th\u01b0\u01a1ng da v\u00e0 kh\u00f4ng t\u1ea9y \u0111i c\u00e1c t\u1ebf b\u00e0o da m\u1edbi.<\/p>\n<p><strong>S\u1eed d\u1ee5ng cho c\u1ea3 m\u1eaft v\u00e0 m\u00f4i<\/strong><\/p>\n<p>D\u1ea7u t\u1ea9y trang Tr\u00e0 Hoa V\u00e0ng v\u1edbi c\u00e1c th\u00e0nh ph\u1ea7n l\u00e0m s\u1ea1ch hi\u1ec7u qu\u1ea3, ph\u00f9 h\u1ee3p cho c\u1ea3 t\u1ea9y trang m\u1eaft (c\u00f3 d\u00f9ng Mascara ch\u1ed1ng tr\u00f4i) v\u00e0 m\u00f4i.<\/p>\n<p><strong>Chi\u1ebft xu\u1ea5t Tr\u00e0 Hoa V\u00e0ng<\/strong><\/p>\n<p>D\u1ea7u t\u1ea9y trang Tr\u00e0 Hoa V\u00e0ng nh\u00e0 \u00a0l\u00e0 d\u00f2ng s\u1ea3n ph\u1ea9m c\u00f3 ch\u1ee9a chi\u1ebft xu\u1ea5t Tr\u00e0 Hoa V\u00e0ng c\u00f3 c\u00f4ng d\u1ee5ng h\u1ed7 tr\u1ee3 l\u00e0m s\u00e1ng da, ch\u1ed1ng oxy h\u00f3a, gi\u00fap l\u00e0n da s\u1ea1ch kh\u1ecfe.<\/p>\n<p><strong>L\u00e0m m\u1ec1m da<\/strong><\/p>\n<p>D\u1ea7u t\u1ea9y trang Tr\u00e0 Hoa V\u00e0ng ch\u1ee9a th\u00e0nh ph\u1ea7n d\u1ea7u th\u1ef1c v\u1eadt t\u1eeb t\u1ef1 nhi\u00ean nh\u01b0 D\u1ea7u qu\u1ea3 b\u01a1, D\u1ea7u h\u1ea1nh nh\u00e2n, D\u1ea7u d\u1eeba ph\u00e2n \u0111o\u1ea1n\u2026 gi\u00fap l\u00e0m s\u1ea1ch da d\u1ecbu nh\u1eb9, l\u00e0m m\u1ec1m da, do \u0111\u00f3 h\u1ea1n ch\u1ebf g\u00e2y kh\u00f4 c\u0103ng sau khi s\u1eed d\u1ee5ng.<\/p>\n<p><strong>T\u1ea9y t\u1ebf b\u00e0o ch\u1ebft d\u1ecbu nh\u1eb9<\/strong><\/p>\n<p>D\u1ea7u t\u1ea9y trang Tr\u00e0 Hoa V\u00e0ng ch\u1ee9a th\u00e0nh ph\u1ea7n chi\u1ebft xu\u1ea5t BHA t\u1eeb th\u1ef1c v\u1eadt (qu\u1ea3 Capsicum annuum v\u00e0 Brassica Oleracea Botrytis (Cauliflower)) gi\u00fap t\u1ea9y t\u1ebf b\u00e0o ch\u1ebft d\u1ecbu nh\u1eb9<\/p>\n<p><strong>C\u00f4ng d\u1ee5ng D\u1ea7u t\u1ea9y trang Tr\u00e0 Hoa V\u00e0ng<\/strong><\/p>\n<p>D\u1ea7u t\u1ea9y trang Tr\u00e0 Hoa V\u00e0ng l\u00e0 s\u1ea3n ph\u1ea9m t\u1ea9y trang \u0111\u01b0\u1ee3c c\u00e1c t\u00edn \u0111\u1ed3 l\u00e0m \u0111\u1eb9p tin d\u00f9ng nh\u1edd c\u00f4ng d\u1ee5ng hi\u1ec7u qu\u1ea3 trong vi\u1ec7c l\u00e0m s\u1ea1ch da, lo\u1ea1i b\u1ecf l\u1edbp trang \u0111i\u1ec3m, b\u1ee5i b\u1ea9n v\u00e0 d\u1ea7u th\u1eeba tr\u00ean da, g\u00f3p ph\u1ea7n l\u00e0m tho\u00e1ng l\u1ed7 ch\u00e2n l\u00f4ng, gi\u00fap c\u00e1c b\u01b0\u1edbc d\u01b0\u1ee1ng da ti\u1ebfp theo \u0111\u1ea1t hi\u1ec7u qu\u1ea3 t\u1ed1t.<\/p>\n<p>B\u00ean c\u1ea1nh \u0111\u00f3, s\u1ea3n ph\u1ea9m c\u00f2n gi\u00fap duy tr\u00ec \u0111\u1ed9 \u1ea9m t\u1ef1 nhi\u00ean, cho l\u00e0n da m\u1ec1m m\u1ea1i, s\u00e1ng kh\u1ecfe. D\u1ea7u t\u1ea9y trang Tr\u00e0 Hoa V\u00e0ng nh\u00e0\u00a0 c\u00f3 th\u1ec3 s\u1eed d\u1ee5ng \u0111\u01b0\u1ee3c cho c\u1ea3 v\u00f9ng m\u1eaft m\u00e0 kh\u00f4ng l\u00e0m cay m\u1eaft v\u00e0 m\u00f4i.<\/p>\n<p>D\u1ea7u t\u1ea9y trang Tr\u00e0 Hoa V\u00e0ng\u00a0 v\u1edbi 100% th\u00e0nh ph\u1ea7n c\u00f3 ngu\u1ed3n g\u1ed1c t\u1ef1 nhi\u00ean, kh\u00f4ng ch\u1ea5t b\u1ea3o qu\u1ea3n, c\u00f3 th\u1ec3 s\u1eed d\u1ee5ng h\u00e0ng ng\u00e0y gi\u00fap l\u00e0m s\u1ea1ch da, duy tr\u00ec \u0111\u1ed9 \u1ea9m cho da, \u0111\u1eb7c bi\u1ec7t l\u00e0 t\u00e1i t\u1ea1o l\u1edbp m\u00e0ng lipid tr\u00ean da gi\u00fap c\u1ee7ng c\u1ed1 h\u00e0ng r\u00e0o b\u1ea3o v\u1ec7 da.<\/p>\n<p>&nbsp;<\/p>\n<p><strong>Th\u00e0nh ph\u1ea7n ch\u00ednh c\u1ee7a D\u1ea7u t\u1ea9y trang Tr\u00e0 Hoa V\u00e0ng<\/strong><\/p>\n<p>D\u1ea7u t\u1ea9y trang Tr\u00e0 Hoa V\u00e0ng l\u00e0 d\u00f2ng d\u1ea7u t\u1ea9y trang gi\u00fap l\u00e0m s\u1ea1ch da v\u01b0\u1ee3t tr\u1ed9i v\u1edbi c\u00e1c th\u00e0nh ph\u1ea7n ch\u00ednh bao g\u1ed3m:<\/p>\n<ul>\n<li><strong>Olea Europaea oil (D\u1ea7u olive)<\/strong><\/li>\n<li>Prunus Amygdalus Dulcis (D\u1ea7u h\u1ea1nh nh\u00e2n)<\/li>\n<li>Caprylic\/Capric Triglyceride\/D\u1ea7u d\u1eeba ph\u00e2n \u0111o\u1ea1n<\/li>\n<li><strong>Chi\u1ebft xu\u1ea5t olive (PEG -7 Olivate)<\/strong><\/li>\n<li><strong>Chi\u1ebft xu\u1ea5t hoa Tr\u00e0 Hoa V\u00e0ng (Camellia Cucphuongensis Flower Extract)<\/strong><\/li>\n<li>Glycerin<\/li>\n<li>Vitamin E (Torcopherol)<\/li>\n<li><strong>Chi\u1ebft xu\u1ea5t BHA t\u1eeb th\u1ef1c v\u1eadt (Capsacum Annuum Fruit Extract; Brassica Oleracea Botrytis (Cauliflower) extract)<\/strong><\/li>\n<li>Tinh d\u1ea7u v\u1ecf b\u01b0\u1edfi (Citrus maxima peel essential oil)<\/li>\n<\/ul>\n<p><strong>D\u1ea7u t\u1ea9y trang Tr\u00e0 Hoa V\u00e0ng<\/strong>\u00a0l\u00e0 b\u00ed quy\u1ebft l\u00e0m s\u1ea1ch da v\u1edbi chi\u1ebft xu\u1ea5t t\u1eeb hoa Tr\u00e0 Hoa V\u00e0ng v\u1edbi c\u00e1c th\u00e0nh ph\u1ea7n d\u01b0\u1ee1ng ch\u1ea5t qu\u00fd gi\u00fap T\u1ea9y trang hi\u1ec7u qu\u1ea3, T\u1ea9y t\u1ebf b\u00e0o da ch\u1ebft v\u00e0 Ng\u0103n ng\u1eeba m\u1ee5n gi\u00fap b\u1ea1n c\u00f3 m\u1ed9t l\u00e0n da s\u1ea1ch tho\u00e1ng v\u00e0 \u0111em \u0111\u1ebfn c\u1ea3m gi\u00e1c d\u1ec5 ch\u1ecbu. H\u00e3y nhanh tay cho s\u1ea3n ph\u1ea9m v\u00e0o gi\u1ecf h\u00e0ng \u0111\u1ec3 s\u1edf h\u1eefu ngay em D\u1ea7u t\u1ea9y trang nh\u00e0 \u00a0ngay nh\u00e9!<\/p>\n<p>S\u1eed d\u1ee5ng s\u1ea3n ph\u1ea9m n\u00e0y n\u00ean d\u00f9ng theo c\u1eb7p v\u1edbi c\u01a1 ch\u1ebf Double Cleansing Method (t\u1ee9c l\u00e0 Gel r\u1eeda m\u1eb7t Tr\u00e0 Hoa V\u00e0ng ) \u0111\u1ec3 ph\u00e1t huy t\u00e1c d\u1ee5ng v\u00e0 mang l\u1ea1i l\u00e0n da t\u01b0\u01a1i m\u1edbi v\u00e0 kh\u1ecfe m\u1ea1nh.<\/p>\n<p><strong>NGUY\u00caN LI\u1ec6U<\/strong><\/p>\n<p>\u0110\u1ed1i t\u01b0\u1ee3ng s\u1eed d\u1ee5ng: D\u1ea7u t\u1ea9y trang Tr\u00e0 Hoa V\u00e0ng ph\u00f9 h\u1ee3p v\u1edbi m\u1ecdi \u0111\u1ed1i t\u01b0\u1ee3ng, m\u1ecdi lo\u1ea1i da \u0111\u1eb7c bi\u1ec7t l\u00e0 da nh\u1ea1y c\u1ea3m, da \u0111ang trong qu\u00e1 tr\u00ecnh \u0111i\u1ec1u tr\u1ecb nh\u01b0 lazer, l\u0103n kim, peel da\u2026<\/p>\n<p><strong>H\u01af\u1edaNG D\u1eaaN S\u1eec D\u1ee4NG<\/strong><\/p>\n<p>C\u00e1ch s\u1eed d\u1ee5ng D\u1ea7u t\u1ea9y trang Tr\u00e0 Hoa V\u00e0ng r\u1ea5t \u0111\u01a1n gi\u1ea3n. L\u00e0m \u1ea9m\/kh\u00f4 tay ho\u1eb7c m\u1eb7t, l\u1ea5y 1 l\u01b0\u1ee3ng d\u1ea7u v\u1eeba \u0111\u1ee7 ra l\u00f2ng b\u00e0n tay, massage da m\u1eb7t nh\u1eb9 nh\u00e0ng t\u1eeb 1-2 ph\u00fat, sau \u0111\u00f3 thoa th\u00eam b\u1eb1ng m\u1ed9t ch\u00fat n\u01b0\u1edbc \u0111\u1ec3 nh\u0169 h\u00f3a, tr\u00e1ng s\u1ea1ch v\u1edbi n\u01b0\u1edbc v\u00e0 l\u00e0m s\u1ea1ch l\u1ea1i b\u1eb1ng Gel r\u1eeda m\u1eb7t Tr\u00e0 Hoa V\u00e0ng.<\/p>\n<p>L\u01b0u \u00fd:\u00a0N\u00ean t\u1ea9y trang tr\u01b0\u1edbc khi r\u1eeda m\u1eb7t, t\u1ea9y trang 2 l\u1ea7n\/ng\u00e0y, k\u1ec3 c\u1ea3 khi kh\u00f4ng trang \u0111i\u1ec3m.<\/p>","protected":false},"excerpt":{"rendered":"<p>GOLDEN CAMELLIA DEEP CLEANSING OIL D\u1ea7u t\u1ea9y trang Tr\u00e0 Hoa V\u00e0ng ch\u1ee9a c\u00e1c th\u00e0nh ph\u1ea7n ch\u1ee7 y\u1ebfu t\u1eeb thi\u00ean nhi\u00ean<\/p>","protected":false},"featured_media":15603,"comment_status":"open","ping_status":"closed","template":"","meta":{"_acf_changed":false},"product_cat":[401,519],"product_tag":[],"class_list":{"0":"post-15600","1":"product","2":"type-product","3":"status-publish","4":"has-post-thumbnail","6":"product_cat-hoa-my-pham","7":"product_cat-suc-khoe-va-sac-dep","9":"first","10":"instock","11":"shipping-taxable","12":"purchasable","13":"product-type-simple"},"acf":[],"_links":{"self":[{"href":"https:\/\/b2c.fairs.vn\/en\/wp-json\/wp\/v2\/product\/15600","targetHints":{"allow":["GET"]}}],"collection":[{"href":"https:\/\/b2c.fairs.vn\/en\/wp-json\/wp\/v2\/product"}],"about":[{"href":"https:\/\/b2c.fairs.vn\/en\/wp-json\/wp\/v2\/types\/product"}],"replies":[{"embeddable":true,"href":"https:\/\/b2c.fairs.vn\/en\/wp-json\/wp\/v2\/comments?post=15600"}],"version-history":[{"count":0,"href":"https:\/\/b2c.fairs.vn\/en\/wp-json\/wp\/v2\/product\/15600\/revisions"}],"wp:featuredmedia":[{"embeddable":true,"href":"https:\/\/b2c.fairs.vn\/en\/wp-json\/wp\/v2\/media\/15603"}],"wp:attachment":[{"href":"https:\/\/b2c.fairs.vn\/en\/wp-json\/wp\/v2\/media?parent=15600"}],"wp:term":[{"taxonomy":"product_cat","embeddable":true,"href":"https:\/\/b2c.fairs.vn\/en\/wp-json\/wp\/v2\/product_cat?post=15600"},{"taxonomy":"product_tag","embeddable":true,"href":"https:\/\/b2c.fairs.vn\/en\/wp-json\/wp\/v2\/product_tag?post=15600"}],"curies":[{"name":"wp","href":"https:\/\/api.w.org\/{rel}","templated":true}]}}