{"id":15594,"date":"2024-04-04T14:50:38","date_gmt":"2024-04-04T07:50:38","guid":{"rendered":"https:\/\/b2c.fairs.vn\/?post_type=product&#038;p=15594"},"modified":"2024-04-04T14:50:38","modified_gmt":"2024-04-04T07:50:38","slug":"nuoc-chung-cat-tra-hoa-vang-cuc-phuong","status":"publish","type":"product","link":"https:\/\/b2c.fairs.vn\/en\/product\/nuoc-chung-cat-tra-hoa-vang-cuc-phuong\/","title":{"rendered":"N\u01b0\u1edbc ch\u01b0ng c\u1ea5t Tr\u00e0 hoa v\u00e0ng C\u00fac ph\u01b0\u01a1ng"},"content":{"rendered":"<p><strong>TH\u00d4NG TIN S\u1ea2N PH\u1ea8M<\/strong><\/p>\n<p><strong><em>Golden Camellia Hydrosol \u2013 N\u01b0\u1edbc ch\u01b0ng c\u1ea5t Tr\u00e0 Hoa V\u00e0ng<\/em><\/strong><em>\u00a0l\u00e0 s\u1ea3n ph\u1ea9m n\u01b0\u1edbc ch\u01b0ng c\u1ea5t t\u1eeb l\u00e1 Tr\u00e0 hoa v\u00e0ng C\u00fac ph\u01b0\u01a1ng gi\u00fap ng\u1eeba m\u1ee5n v\u00e0 ch\u1ed1ng oxy h\u00f3a n\u1eb1m trong b\u1ed9 ch\u0103m s\u00f3c da Tr\u00e0 Hoa V\u00e0ng . S\u1ea3n ph\u1ea9m gi\u00fap kh\u00e1ng vi\u00eam, gi\u1ea3m k\u00edch \u1ee9ng, ng\u0103n ng\u1eeba b\u00edt t\u1eafc l\u1ed7 ch\u00e2n l\u00f4ng, ng\u0103n ng\u1eeba m\u1ee5n, b\u1ea3o v\u1ec7 da kh\u1ecfi t\u1ed5n th\u01b0\u01a1ng t\u1eeb tia UV, gi\u00fap da s\u0103n ch\u1eafc v\u00e0 l\u00e0m m\u1edd l\u00e0n da x\u1ec9n m\u00e0u.<\/em><\/p>\n<p>C\u00f9ng v\u1edbi b\u1ed9 s\u1ea3n ph\u1ea9m ch\u0103m s\u00f3c da t\u1eeb Tr\u00e0 Hoa V\u00e0ng ,\u00a0<em>Golden Camellia Hydrosol \u2013 N\u01b0\u1edbc ch\u01b0ng c\u1ea5t Tr\u00e0 Hoa V\u00e0ng<\/em>\u00a0\u2013 gi\u00fap c\u00e2n b\u1eb1ng pH tr\u00ean da l\u00e0 m\u1ed9t s\u1ea3n ph\u1ea9m kh\u00f4ng th\u1ec3 thi\u1ebfu trong quy tr\u00ecnh d\u01b0\u1ee1ng da c\u01a1 b\u1ea3n. \u00a0\u0111\u00e3 nghi\u00ean c\u1ee9u v\u00e0 cho ra m\u1eaft \u0111\u1ed3ng th\u1eddi s\u1ea3n ph\u1ea9m Golden Camellia Hydrosol t\u1eeb gi\u1ed1ng Tr\u00e0 Hoa V\u00e0ng b\u1ea3n \u0111\u1ecba Vi\u1ec7t nam c\u00f3 t\u00ean khoa h\u1ecdc \u201cCamellia Cucphuongenis\u201d v\u1edbi th\u00e0nh ph\u1ea7n ch\u1ed1ng oxy hoa cao \u00a0nh\u01b0 Polyphenol, Saponine, Flavonoid c\u00f9ng c\u00e1c ho\u1ea1t ch\u1ea5t kho\u00e1ng vi l\u01b0\u1ee3ng thi\u1ebft y\u1ebfu cho da nh\u01b0 K\u1ebdm (Zn) v\u00e0 Selen (Se) c\u00f3 t\u00e1c d\u1ee5ng b\u1ea3o v\u1ec7 da tr\u01b0\u1edbc t\u00e1c \u0111\u1ed9ng c\u1ee7a m\u00f4i tr\u01b0\u1eddng hi\u1ec7u qu\u1ea3.<\/p>\n<p>Tr\u00e0 Hoa V\u00e0ng d\u00f9ng \u0111\u1ec3 s\u1ea3n xu\u1ea5t ra\u00a0<em>Golden Camellia Hydrosol \u2013 N\u01b0\u1edbc ch\u01b0ng c\u1ea5t Tr\u00e0 Hoa V\u00e0ng<\/em>\u00a0\u0111\u01b0\u1ee3c canh t\u00e1c t\u1ea1i C\u00f4ng vi\u00ean Tr\u00e0 Hoa V\u00e0ng C\u00fac Ph\u01b0\u01a1ng, Ninh B\u00ecnh thu\u1ed9c s\u1edf h\u1eefu c\u1ee7a C\u00f4ng ty TNHH D\u01b0\u1ee3c li\u1ec7u V\u0169 Gia, v\u00f9ng tr\u1ed3ng \u0111\u1ea3m b\u1ea3o ngu\u1ed3n nguy\u00ean li\u1ec7u ho\u00e0n to\u00e0n kh\u00f4ng h\u00f3a ch\u1ea5t, tu\u00e2n th\u1ee7 c\u00e1c ph\u01b0\u01a1ng ph\u00e1p ch\u0103m s\u00f3c \u0111\u1eb7c bi\u1ec7t thu\u1eadn t\u1ef1 nhi\u00ean (d\u00f9ng c\u1ecf di\u1ec7t c\u1ecf, d\u00f9ng chu\u1ed1i l\u00e0 ph\u00e2n b\u00f3n cho c\u00e2y tr\u00e0).\u00a0V\u00f9ng tr\u1ed3ng \u0111\u01b0\u1ee3c c\u1ea5p Gi\u1ea5y ch\u1ee9ng nh\u1eadn \u0110\u1ea1t \u201c<strong>Th\u1ef1c h\u00e0nh t\u1ed1t nu\u00f4i tr\u1ed3ng, thu h\u00e1i d\u01b0\u1ee3c li\u1ec7u<\/strong>\u201d GACP-WHO \u2013 Good of Agricultural and Collection Practices of WHO do C\u1ee5c Qu\u1ea3n l\u00fd Y, D\u01b0\u1ee3c C\u1ed5 truy\u1ec1n \u2013 B\u1ed9 Y t\u1ebf c\u1ea5p.<\/p>\n<p>V\u01b0\u1eddn thu h\u00e1i l\u00e0 Tr\u00e0 Hoa V\u00e0ng v\u00e0 \u0111\u01b0a nguy\u00ean li\u1ec7u v\u00e0o ch\u01b0ng c\u1ea5t, theo ph\u01b0\u01a1ng ph\u00e1p l\u00f4i cu\u1ed1n h\u01a1i n\u01b0\u1edbc kh\u00e9p k\u00edn. Nh\u1edd v\u1eady n\u00ean s\u1ea3n ph\u1ea9m\u00a0<em>Golden Camellia Hydrosol \u2013 N\u01b0\u1edbc ch\u01b0ng c\u1ea5t Tr\u00e0 Hoa V\u00e0ng<\/em>\u00a0c\u00f3 m\u00f9i t\u01b0\u01a1i nguy\u00ean ch\u1ea5t c\u1ee7a Tr\u00e0 Hoa V\u00e0ng.<\/p>\n<p><em>Golden Camellia Hydrosol \u2013 N\u01b0\u1edbc ch\u01b0ng c\u1ea5t Tr\u00e0 Hoa V\u00e0ng<\/em>\u00a0c\u00f3 th\u1ec3 s\u1eed d\u1ee5ng nh\u01b0 mist, m\u1eb7t n\u1ea1, ho\u1eb7c toner c\u1ea5p \u1ea9m v\u00e0 se kh\u00edt l\u1ed7 ch\u00e2n l\u00f4ng.<\/p>\n<h3>Th\u00e0nh ph\u1ea7n<\/h3>\n<p>N\u01b0\u1edbc c\u1ea5t Tr\u00e0 Hoa V\u00e0ng C\u00fac ph\u01b0\u01a1ng<\/p>\n<h3>C\u00f4ng d\u1ee5ng<\/h3>\n<p>C\u1ea5p \u1ea9m, ki\u1ec1m d\u1ea7u cho da<br \/>\nH\u1ed7 tr\u1ee3 c\u1ea3i thi\u1ec7n gi\u1ea3m ti\u1ebft d\u1ea7u th\u1eeba, l\u1ed7 ch\u00e2n l\u00f4ng to, m\u1ee5n \u1ea9n, m\u1ee5n \u0111\u1ea7u \u0111en.<\/p>\n<p>S\u1ea3n ph\u1ea9m gi\u00fap h\u1ed7 tr\u1ee3 ch\u1ed1ng oxy h\u00f3a v\u00e0 k\u00edch \u1ee9ng, gi\u00fap t\u0103ng c\u01b0\u1eddng b\u1ea3o v\u1ec7 da tr\u01b0\u1edbc t\u00e1c \u0111\u1ed9ng c\u1ee7a m\u00f4i tr\u01b0\u1eddng.<\/p>\n<p>Ph\u00f9 h\u1ee3p cho m\u1ecdi lo\u1ea1i da, \u0111\u1eb7c bi\u1ec7t l\u00e0 da d\u1ea7u m\u1ee5n, d\u1ec5 k\u00edch \u1ee9ng, gi\u00fap l\u00e0m d\u1ecbu da sau khi \u0111i n\u1eafng hay nh\u1eefng tr\u01b0\u1eddng h\u1ee3p da b\u1ecb k\u00edch \u1ee9ng khi \u0111i du l\u1ecbch.<\/p>\n<p><strong>N\u01b0\u1edbc c\u00e2n b\u1eb1ng:\u00a0<\/strong><\/p>\n<p>D\u00f9ng sau b\u01b0\u1edbc r\u1eeda m\u1eb7t, x\u1ecbt tr\u1ef1c ti\u1ebfp l\u00ean da v\u00e0 d\u00f9ng b\u00f4ng cotton (cotton pad) th\u1ea5m b\u1edbt n\u01b0\u1edbc, \u0111\u1ec3 l\u1ea1i l\u00e0n da \u1ea9m.<\/p>\n<p><strong>M\u1eb7t n\u1ea1 c\u1ea5p \u1ea9m t\u1ea1m th\u1eddi:<\/strong><\/p>\n<p>X\u1ecbt hydrosol v\u00e0o mi\u1ebfng b\u00f4ng cotton ho\u1eb7c mi\u1ebfng \u0111\u1eafp m\u1eb7t n\u1ea1, \u0111\u1eafp l\u00ean da m\u1eb7t kho\u1ea3ng 15 ph\u00fat. Kh\u00f4ng c\u1ea7n x\u1ea3 l\u1ea1i b\u1eb1ng n\u01b0\u1edbc.<\/p>\n<p>B\u1ea3o qu\u1ea3n s\u1ea3n ph\u1ea9m k\u00edn kh\u00ed, n\u01a1i kh\u00f4 m\u00e1t, tr\u00e1nh \u00e1nh n\u1eafng m\u1eb7t tr\u1eddi. C\u00f3 th\u1ec3 b\u1ea3o qu\u1ea3n ng\u0103n m\u00e1t t\u1ee7 l\u1ea1nh.<\/p>\n<p>H\u1ea1n s\u1eed d\u1ee5ng s\u1ea3n ph\u1ea9m: 6 th\u00e1ng k\u1ec3 t\u1eeb ng\u00e0y s\u1ea3n xu\u1ea5t.<\/p>","protected":false},"excerpt":{"rendered":"<p>TH\u00d4NG TIN S\u1ea2N PH\u1ea8M Golden Camellia Hydrosol \u2013 N\u01b0\u1edbc ch\u01b0ng c\u1ea5t Tr\u00e0 Hoa V\u00e0ng\u00a0l\u00e0 s\u1ea3n ph\u1ea9m n\u01b0\u1edbc ch\u01b0ng c\u1ea5t t\u1eeb<\/p>","protected":false},"featured_media":15596,"comment_status":"open","ping_status":"closed","template":"","meta":{"_acf_changed":false},"product_cat":[401,519],"product_tag":[],"class_list":{"0":"post-15594","1":"product","2":"type-product","3":"status-publish","4":"has-post-thumbnail","6":"product_cat-hoa-my-pham","7":"product_cat-suc-khoe-va-sac-dep","9":"first","10":"instock","11":"shipping-taxable","12":"purchasable","13":"product-type-simple"},"acf":[],"_links":{"self":[{"href":"https:\/\/b2c.fairs.vn\/en\/wp-json\/wp\/v2\/product\/15594","targetHints":{"allow":["GET"]}}],"collection":[{"href":"https:\/\/b2c.fairs.vn\/en\/wp-json\/wp\/v2\/product"}],"about":[{"href":"https:\/\/b2c.fairs.vn\/en\/wp-json\/wp\/v2\/types\/product"}],"replies":[{"embeddable":true,"href":"https:\/\/b2c.fairs.vn\/en\/wp-json\/wp\/v2\/comments?post=15594"}],"version-history":[{"count":0,"href":"https:\/\/b2c.fairs.vn\/en\/wp-json\/wp\/v2\/product\/15594\/revisions"}],"wp:featuredmedia":[{"embeddable":true,"href":"https:\/\/b2c.fairs.vn\/en\/wp-json\/wp\/v2\/media\/15596"}],"wp:attachment":[{"href":"https:\/\/b2c.fairs.vn\/en\/wp-json\/wp\/v2\/media?parent=15594"}],"wp:term":[{"taxonomy":"product_cat","embeddable":true,"href":"https:\/\/b2c.fairs.vn\/en\/wp-json\/wp\/v2\/product_cat?post=15594"},{"taxonomy":"product_tag","embeddable":true,"href":"https:\/\/b2c.fairs.vn\/en\/wp-json\/wp\/v2\/product_tag?post=15594"}],"curies":[{"name":"wp","href":"https:\/\/api.w.org\/{rel}","templated":true}]}}