{"id":15586,"date":"2024-04-04T14:38:14","date_gmt":"2024-04-04T07:38:14","guid":{"rendered":"https:\/\/b2c.fairs.vn\/?post_type=product&#038;p=15586"},"modified":"2024-04-10T14:23:11","modified_gmt":"2024-04-10T07:23:11","slug":"tra-vang-co-do","status":"publish","type":"product","link":"https:\/\/b2c.fairs.vn\/en\/product\/tra-vang-co-do\/","title":{"rendered":"Tr\u00e0 v\u00e0ng C\u1ed1 \u0110\u00f4"},"content":{"rendered":"<p>Th\u00e0nh ph\u1ea7n: tr\u00e0 hoa v\u00e0ng (4 gi\u1ed1ng) nguy\u00ean b\u00f4ng v\u00e0 t\u00fai l\u1ecdc<\/p>\n<p><strong>T\u00e1c d\u1ee5ng<\/strong>: ch\u1ea5t ch\u1ed1ng OXH r\u1ea5t cao, nhi\u1ec1u vitamin v\u00e0 kho\u00e1ng vi l\u01b0\u1ee3ng, \u1ee9c ch\u1ebf s\u1ef1 ph\u00e1t tri\u1ec3n c\u1ee7a m\u1ed9t s\u1ed1 lo\u1ea1i kh\u1ed1i u, t\u1ed1t cho gan &amp; th\u1eadn gi\u1ea3i \u0111\u1ed9c, gi\u1ea3m cholesterol x\u1ea5u, gi\u00fap ng\u1ee7 ngon, ti\u00eau ho\u00e1, h\u1ea1 \u0111\u01b0\u1eddng huy\u1ebft.<\/p>\n<p>KH\u00d4NG: bi\u1ebfn \u0111\u1ed5i gen, thu\u1ed1c BVTV v\u00e0 ph\u00e2n b\u00f3n ho\u00e1 h\u1ecdc, k\u00edch th\u00edch sinh tr\u01b0\u1edfng, ch\u1ea5t b\u1ea3o qu\u1ea3n, ch\u1ea5t t\u1ea1o h\u01b0\u01a1ng li\u1ec7u.<\/p>","protected":false},"excerpt":{"rendered":"<p>Th\u00e0nh ph\u1ea7n: tr\u00e0 hoa v\u00e0ng (4 gi\u1ed1ng) nguy\u00ean b\u00f4ng v\u00e0 t\u00fai l\u1ecdc T\u00e1c d\u1ee5ng: ch\u1ea5t ch\u1ed1ng OXH r\u1ea5t cao, nhi\u1ec1u<\/p>","protected":false},"featured_media":16504,"comment_status":"open","ping_status":"closed","template":"","meta":{"_acf_changed":false},"product_cat":[321,322,22],"product_tag":[],"class_list":{"0":"post-15586","1":"product","2":"type-product","3":"status-publish","4":"has-post-thumbnail","6":"product_cat-che","7":"product_cat-che-tuoi-che-bien","8":"product_cat-sanphamthucpham","10":"first","11":"instock","12":"shipping-taxable","13":"purchasable","14":"product-type-simple"},"acf":[],"_links":{"self":[{"href":"https:\/\/b2c.fairs.vn\/en\/wp-json\/wp\/v2\/product\/15586","targetHints":{"allow":["GET"]}}],"collection":[{"href":"https:\/\/b2c.fairs.vn\/en\/wp-json\/wp\/v2\/product"}],"about":[{"href":"https:\/\/b2c.fairs.vn\/en\/wp-json\/wp\/v2\/types\/product"}],"replies":[{"embeddable":true,"href":"https:\/\/b2c.fairs.vn\/en\/wp-json\/wp\/v2\/comments?post=15586"}],"version-history":[{"count":0,"href":"https:\/\/b2c.fairs.vn\/en\/wp-json\/wp\/v2\/product\/15586\/revisions"}],"wp:featuredmedia":[{"embeddable":true,"href":"https:\/\/b2c.fairs.vn\/en\/wp-json\/wp\/v2\/media\/16504"}],"wp:attachment":[{"href":"https:\/\/b2c.fairs.vn\/en\/wp-json\/wp\/v2\/media?parent=15586"}],"wp:term":[{"taxonomy":"product_cat","embeddable":true,"href":"https:\/\/b2c.fairs.vn\/en\/wp-json\/wp\/v2\/product_cat?post=15586"},{"taxonomy":"product_tag","embeddable":true,"href":"https:\/\/b2c.fairs.vn\/en\/wp-json\/wp\/v2\/product_tag?post=15586"}],"curies":[{"name":"wp","href":"https:\/\/api.w.org\/{rel}","templated":true}]}}