{"id":15567,"date":"2024-04-04T14:12:14","date_gmt":"2024-04-04T07:12:14","guid":{"rendered":"https:\/\/b2c.fairs.vn\/?post_type=product&#038;p=15567"},"modified":"2024-04-04T14:12:15","modified_gmt":"2024-04-04T07:12:15","slug":"bot-ngu-coc-omega-an-phat","status":"publish","type":"product","link":"https:\/\/b2c.fairs.vn\/en\/product\/bot-ngu-coc-omega-an-phat\/","title":{"rendered":"B\u1ed9t ng\u0169 c\u1ed1c Omega An Ph\u00e1t"},"content":{"rendered":"<p>M\u00f4 t\u1ea3<\/p>\n<p>Th\u00e0nh ph\u1ea7n:<\/p>\n<p>H\u1ea1t \u00f3c ch\u00f3, h\u1ea1nh nh\u00e2n, Macca, H\u1ea1t chia, Y\u1ebfn m\u1ea1ch, H\u1ea1t sen, \u00dd d\u0129, C\u1ecf ng\u1ecdt, G\u1ea1o l\u1ee9t, th\u1ea3o d\u01b0\u1ee3c V\u0129nh h\u00f2a, G\u1ea1o l\u1ee9t n\u1ebfp c\u1ea9m, \u0110\u1eadu \u0111\u1ecf, \u0110\u1eadu \u0111en, \u0110\u1eadu xanh, \u0110\u1eadu tr\u1eafng, \u0110\u1eadu t\u01b0\u01a1ng<\/p>\n<p>C\u00e1ch d\u00f9ng:<\/p>\n<p>D\u00f9ng 1 g\u00f3i 12 gram b\u1ed9t pha v\u1edbi 80 ml n\u01b0\u1edbc n\u00f3ng (70-100 \u0111\u1ed9) r\u1ed3i khu\u1ea5y \u0111\u1ec1u, b\u1ea1n s\u1ebd c\u00f3 ngay m\u1ed9t c\u1ed1c u\u1ed1ng dinh d\u01b0\u1ee1ng, m\u1ed7i ng\u00e0y d\u00f9ng 2- 4 g\u00f3i, t\u1ed1t nh\u1ea5t b\u1ea1n n\u00ean u\u1ed1ng v\u00e0o bu\u1ed5i s\u00e1ng v\u00e0 t\u1ed1i s\u1ebd gi\u00fap b\u1ea1n kh\u1ecfe h\u01a1n<\/p>\n<p>H\u01b0\u1edbng d\u1eabn s\u1eed d\u1ee5ng:<\/p>\n<p>S\u1ea3n ph\u1ea9m s\u1eed d\u1ee5ng t\u1ed1t ph\u00f9 h\u1ee3p cho b\u00e9 t\u1eeb 6 th\u00e1ng tu\u1ed5i, ph\u1ee5 n\u1eef sau sinh l\u1ee3i s\u1eefa, gi\u00fap x\u01b0\u01a1ng ch\u00e1c kh\u1ecfe, tr\u1ebb b\u1ecb suy dinh d\u01b0\u1ee1ng, s\u1ee9c \u0111\u00e9 kh\u00e1ng k\u00e9m, ch\u1ee9ng lo\u00e3ng x\u01b0\u01a1ng do tu\u1ed5i cao, t\u0103ng c\u01b0\u1eddng n\u0103ng l\u01b0\u1ee3ng, n\u00e2ng cao s\u1ee9c \u0111\u1ec1 kh\u00e1ng cho c\u01a1 th\u1ec3. Thay b\u1eefa \u0103n ph\u1ee5 cho da \u0111\u1eb9p.<\/p>\n<p>B\u1ea3o qu\u1ea3n:<\/p>\n<p>N\u01a1i kh\u00f4 r\u00e1o, tr\u00e1nh \u00e1nh n\u1eafng tr\u1ef1c ti\u1ebfp.<\/p>","protected":false},"excerpt":{"rendered":"<p>M\u00f4 t\u1ea3 Th\u00e0nh ph\u1ea7n: H\u1ea1t \u00f3c ch\u00f3, h\u1ea1nh nh\u00e2n, Macca, H\u1ea1t chia, Y\u1ebfn m\u1ea1ch, H\u1ea1t sen, \u00dd d\u0129, C\u1ecf ng\u1ecdt,<\/p>","protected":false},"featured_media":15568,"comment_status":"open","ping_status":"closed","template":"","meta":{"_acf_changed":false},"product_cat":[315,22,313],"product_tag":[],"class_list":{"0":"post-15567","1":"product","2":"type-product","3":"status-publish","4":"has-post-thumbnail","6":"product_cat-che-bien-tu-gao-ngu-coc","7":"product_cat-sanphamthucpham","8":"product_cat-thuc-pham-che-bien","10":"first","11":"instock","12":"shipping-taxable","13":"product-type-simple"},"acf":[],"_links":{"self":[{"href":"https:\/\/b2c.fairs.vn\/en\/wp-json\/wp\/v2\/product\/15567","targetHints":{"allow":["GET"]}}],"collection":[{"href":"https:\/\/b2c.fairs.vn\/en\/wp-json\/wp\/v2\/product"}],"about":[{"href":"https:\/\/b2c.fairs.vn\/en\/wp-json\/wp\/v2\/types\/product"}],"replies":[{"embeddable":true,"href":"https:\/\/b2c.fairs.vn\/en\/wp-json\/wp\/v2\/comments?post=15567"}],"version-history":[{"count":0,"href":"https:\/\/b2c.fairs.vn\/en\/wp-json\/wp\/v2\/product\/15567\/revisions"}],"wp:featuredmedia":[{"embeddable":true,"href":"https:\/\/b2c.fairs.vn\/en\/wp-json\/wp\/v2\/media\/15568"}],"wp:attachment":[{"href":"https:\/\/b2c.fairs.vn\/en\/wp-json\/wp\/v2\/media?parent=15567"}],"wp:term":[{"taxonomy":"product_cat","embeddable":true,"href":"https:\/\/b2c.fairs.vn\/en\/wp-json\/wp\/v2\/product_cat?post=15567"},{"taxonomy":"product_tag","embeddable":true,"href":"https:\/\/b2c.fairs.vn\/en\/wp-json\/wp\/v2\/product_tag?post=15567"}],"curies":[{"name":"wp","href":"https:\/\/api.w.org\/{rel}","templated":true}]}}