{"id":15562,"date":"2024-04-04T14:05:10","date_gmt":"2024-04-04T07:05:10","guid":{"rendered":"https:\/\/b2c.fairs.vn\/?post_type=product&#038;p=15562"},"modified":"2024-04-04T14:06:47","modified_gmt":"2024-04-04T07:06:47","slug":"tra-gao-lut-tui-loc-omega-an-phat","status":"publish","type":"product","link":"https:\/\/b2c.fairs.vn\/en\/product\/tra-gao-lut-tui-loc-omega-an-phat\/","title":{"rendered":"Tr\u00e0 g\u1ea1o l\u1ee9t t\u00fai l\u1ecdc Omega An Ph\u00e1t"},"content":{"rendered":"<p>Th\u00e0nh ph\u1ea7n :<\/p>\n<p>G\u1ea1o l\u1ee9t th\u1ea3o d\u01b0\u1ee3c V\u0129nh H\u00f2a 80%, c\u1ecf ng\u1ecdt, hoa c\u00fac, l\u00e1 sen, l\u00e1 n\u1ebfp th\u01a1m 20%, gi\u00e0u Omega 3.6.9, s\u1eaft, canxi, c\u00e1c vitamin.<\/p>\n<p>C\u00f4ng d\u1ee5ng :<\/p>\n<p>Gi\u00fap c\u01a1 th\u1ec3 thanh nhi\u1ec7t, gi\u1ea3i \u0111\u1ed9c, m\u00e1t gan, an th\u1ea7n, tr\u1ebb h\u00f3a l\u00e0n da, b\u1ea3o v\u1ec7 x\u01b0\u01a1ng v\u1eefng ch\u1eafc, t\u1ed1t cho ng\u01b0\u1eddi \u0103n ki\u00eang gi\u1ea3m c\u00e2n<\/p>\n<p>C\u00e1ch d\u00f9ng:<\/p>\n<p>Nh\u00fang tr\u00e0 t\u00fai l\u1ecdc v\u00e0o n\u01b0\u1edbc s\u00f4i (250ml), d\u00f9ng n\u00f3ng ho\u1eb7c l\u1ea1nh u\u1ed1ng h\u00e0ng ng\u00e0y<\/p>","protected":false},"excerpt":{"rendered":"<p>Th\u00e0nh ph\u1ea7n : G\u1ea1o l\u1ee9t th\u1ea3o d\u01b0\u1ee3c V\u0129nh H\u00f2a 80%, c\u1ecf ng\u1ecdt, hoa c\u00fac, l\u00e1 sen, l\u00e1 n\u1ebfp th\u01a1m 20%,<\/p>","protected":false},"featured_media":15563,"comment_status":"open","ping_status":"closed","template":"","meta":{"_acf_changed":false},"product_cat":[321,22,323],"product_tag":[],"class_list":{"0":"post-15562","1":"product","2":"type-product","3":"status-publish","4":"has-post-thumbnail","6":"product_cat-che","7":"product_cat-sanphamthucpham","8":"product_cat-san-pham-tra-tu-thuc-vat-khac","10":"first","11":"instock","12":"shipping-taxable","13":"product-type-simple"},"acf":[],"_links":{"self":[{"href":"https:\/\/b2c.fairs.vn\/en\/wp-json\/wp\/v2\/product\/15562","targetHints":{"allow":["GET"]}}],"collection":[{"href":"https:\/\/b2c.fairs.vn\/en\/wp-json\/wp\/v2\/product"}],"about":[{"href":"https:\/\/b2c.fairs.vn\/en\/wp-json\/wp\/v2\/types\/product"}],"replies":[{"embeddable":true,"href":"https:\/\/b2c.fairs.vn\/en\/wp-json\/wp\/v2\/comments?post=15562"}],"version-history":[{"count":0,"href":"https:\/\/b2c.fairs.vn\/en\/wp-json\/wp\/v2\/product\/15562\/revisions"}],"wp:featuredmedia":[{"embeddable":true,"href":"https:\/\/b2c.fairs.vn\/en\/wp-json\/wp\/v2\/media\/15563"}],"wp:attachment":[{"href":"https:\/\/b2c.fairs.vn\/en\/wp-json\/wp\/v2\/media?parent=15562"}],"wp:term":[{"taxonomy":"product_cat","embeddable":true,"href":"https:\/\/b2c.fairs.vn\/en\/wp-json\/wp\/v2\/product_cat?post=15562"},{"taxonomy":"product_tag","embeddable":true,"href":"https:\/\/b2c.fairs.vn\/en\/wp-json\/wp\/v2\/product_tag?post=15562"}],"curies":[{"name":"wp","href":"https:\/\/api.w.org\/{rel}","templated":true}]}}