{"id":15512,"date":"2024-04-04T10:41:18","date_gmt":"2024-04-04T03:41:18","guid":{"rendered":"https:\/\/b2c.fairs.vn\/?post_type=product&#038;p=15512"},"modified":"2024-04-04T10:41:18","modified_gmt":"2024-04-04T03:41:18","slug":"ca-phe-huy-tung-huong-chon","status":"publish","type":"product","link":"https:\/\/b2c.fairs.vn\/en\/product\/ca-phe-huy-tung-huong-chon\/","title":{"rendered":"C\u00e0 ph\u00ea Huy T\u00f9ng &#8211; H\u01b0\u01a1ng ch\u1ed3n"},"content":{"rendered":"<p><span style=\"font-family: inherit;\">V\u1edbi kinh nghi\u1ec7m g\u1ea7n 40 n\u0103m ho\u1ea1t \u0111\u1ed9ng trong l\u0129nh v\u1ef1c ch\u1ebf bi\u1ebfn c\u00e0 ph\u00ea, c\u00e0 ph\u00ea Huy T\u00f9ng \u0111\u01b0\u1ee3c ch\u1ebf bi\u1ebfn v\u1edbi c\u00f4ng th\u1ee9c b\u00ed truy\u1ec1n, mang l\u1ea1i h\u01b0\u01a1ng v\u1ecb \u0111\u1ed9c \u0111\u00e1o, \u0111\u1eadm \u0111\u00e0 v\u00e0 t\u1ef1 h\u00e0o l\u00e0 s\u1ea3n ph\u1ea9m \u0111\u1eb7c tr\u01b0ng c\u1ee7a v\u00f9ng \u0111\u1ea5t Ph\u00fa Y\u00ean. S\u1ef1 k\u1ebft h\u1ee3p ch\u1ecdn l\u1ecdc ho\u00e0n h\u1ea3o gi\u1eefa hai lo\u1ea1i c\u00e0 ph\u00ea n\u1ed5i ti\u1ebfng c\u1ee7a Cao nguy\u00ean Bu\u00f4n Ma Thu\u1ed9t &#8211; Arabica v\u00e0 Robusta c\u00f9ng nh\u1eefng h\u01b0\u01a1ng li\u1ec7u cao c\u1ea5p, Huy T\u00f9ng cho ra s\u1ea3n ph\u1ea9m c\u00e0 ph\u00ea H\u01b0\u01a1ng Ch\u1ed3n truy\u1ec1n th\u1ed1ng g\u1ee3i nh\u1edb \u0111\u1ebfn s\u1ea3n ph\u1ea9m c\u00e0 ph\u00ea Ch\u1ed3n Kopi Luwak danh ti\u1ebfng.\u00a0<\/span><\/p>\n<p>Nh\u1eefng h\u1ea1t c\u00e0 ph\u00ea th\u01a1m ngon t\u1edbi tay ng\u01b0\u1eddi ti\u00eau d\u00f9ng \u0111\u1ec1u ph\u1ea3i qua m\u1ed9t qu\u00e1 tr\u00ecnh ch\u1ecdn l\u1ef1a nguy\u00ean li\u1ec7u v\u00e0 ch\u1ebf bi\u1ebfn k\u0129 c\u00e0ng. H\u1ea1t c\u00e0 ph\u00ea sau khi ch\u1ecdn l\u1ecdc, ph\u00e2n lo\u1ea1i s\u1ebd \u0111\u01b0\u1ee3c \u0111\u01b0a v\u00e0o l\u00f2 rang trong kho\u1ea3ng 55 ph\u00fat, v\u1edbi nhi\u1ec7t \u0111\u1ed9 kho\u1ea3ng 228 \u0111\u1ed9 C. Sau \u0111\u00f3, c\u00e0 ph\u00ea \u0111\u01b0\u1ee3c l\u00e0m ngu\u1ed9i r\u1ed3i tr\u1ed9n t\u1ea9m b\u01a1, nguy\u00ean li\u1ec7u, cho v\u00e0o bao \u1ee7 th\u00f9ng trong 3 ng\u00e0y. Sau \u0111\u00f3, c\u00e0 ph\u00ea h\u1ea1t \u0111\u01b0\u1ee3c chuy\u1ec3n sang c\u00f4ng \u0111o\u1ea1n xay v\u00e0 \u0111\u00f3ng bao th\u00e0nh ph\u1ea9m.<\/p>","protected":false},"excerpt":{"rendered":"<p>V\u1edbi kinh nghi\u1ec7m g\u1ea7n 40 n\u0103m ho\u1ea1t \u0111\u1ed9ng trong l\u0129nh v\u1ef1c ch\u1ebf bi\u1ebfn c\u00e0 ph\u00ea, c\u00e0 ph\u00ea Huy T\u00f9ng \u0111\u01b0\u1ee3c<\/p>","protected":false},"featured_media":15522,"comment_status":"open","ping_status":"closed","template":"","meta":{"_acf_changed":false},"product_cat":[324,366,446,22],"product_tag":[],"class_list":{"0":"post-15512","1":"product","2":"type-product","3":"status-publish","4":"has-post-thumbnail","6":"product_cat-ca-phe-ca-cao","7":"product_cat-hang-cnnt-cap-qg","8":"product_cat-san-pham-cnnt-tb-cap-qg-2019","9":"product_cat-sanphamthucpham","11":"first","12":"instock","13":"shipping-taxable","14":"purchasable","15":"product-type-variable"},"acf":[],"_links":{"self":[{"href":"https:\/\/b2c.fairs.vn\/en\/wp-json\/wp\/v2\/product\/15512","targetHints":{"allow":["GET"]}}],"collection":[{"href":"https:\/\/b2c.fairs.vn\/en\/wp-json\/wp\/v2\/product"}],"about":[{"href":"https:\/\/b2c.fairs.vn\/en\/wp-json\/wp\/v2\/types\/product"}],"replies":[{"embeddable":true,"href":"https:\/\/b2c.fairs.vn\/en\/wp-json\/wp\/v2\/comments?post=15512"}],"version-history":[{"count":0,"href":"https:\/\/b2c.fairs.vn\/en\/wp-json\/wp\/v2\/product\/15512\/revisions"}],"wp:featuredmedia":[{"embeddable":true,"href":"https:\/\/b2c.fairs.vn\/en\/wp-json\/wp\/v2\/media\/15522"}],"wp:attachment":[{"href":"https:\/\/b2c.fairs.vn\/en\/wp-json\/wp\/v2\/media?parent=15512"}],"wp:term":[{"taxonomy":"product_cat","embeddable":true,"href":"https:\/\/b2c.fairs.vn\/en\/wp-json\/wp\/v2\/product_cat?post=15512"},{"taxonomy":"product_tag","embeddable":true,"href":"https:\/\/b2c.fairs.vn\/en\/wp-json\/wp\/v2\/product_tag?post=15512"}],"curies":[{"name":"wp","href":"https:\/\/api.w.org\/{rel}","templated":true}]}}