{"id":15504,"date":"2024-04-04T10:28:47","date_gmt":"2024-04-04T03:28:47","guid":{"rendered":"https:\/\/b2c.fairs.vn\/?post_type=product&#038;p=15504"},"modified":"2024-04-24T17:15:45","modified_gmt":"2024-04-24T10:15:45","slug":"phan-hoa-hoc-npk-22-12-8te","status":"publish","type":"product","link":"https:\/\/b2c.fairs.vn\/en\/product\/phan-hoa-hoc-npk-22-12-8te\/","title":{"rendered":"Ph\u00e2n h\u00f3a h\u1ecdc NPK 22-12-8+TE"},"content":{"rendered":"<p><strong>1.TH\u00c0NH PH\u1ea6N :<\/strong><br \/>\n\u0110\u1ea1m t\u1ed5ng s\u1ed1 (N<sub>ts<\/sub>) : 22% ; L\u00e2n h\u1eefu hi\u1ec7u (P<sub>2<\/sub>O<sub>5<\/sub>\u00a0<sub>hh<\/sub>) : 12% ; Kali h\u1eefu hi\u1ec7u (K<sub>2<\/sub>O\u00a0<sub>hh<\/sub>) : 8% ;<br \/>\nTrung , vi l\u01b0\u1ee3ng (TE) : S\u1eaft (Fe) : 50ppm ; \u0110\u1ed3ng (Cu) : 50ppm ; K\u1ebdm (Zn) : 50ppm ;<br \/>\n\u0110\u1ed9 \u1ea9m &lt; 5%<\/p>\n<p><strong>2. C\u00d4NG D\u1ee4NG :<\/strong><br \/>\n&#8211; Cung c\u1ea5p dinh d\u01b0\u1ee1ng k\u1ecbp th\u1eddi , \u0111\u1ea7y \u0111\u1ee7<br \/>\n&#8211; Ph\u1ee5c h\u1ed3i , t\u1ea1o t\u00e1n , gi\u00fap c\u00e2y nh\u00fa \u0111\u1ecdt nhanh<br \/>\n&#8211; H\u00e0m l\u01b0\u1ee3ng l\u00e2n h\u1eefu hi\u1ec7u cho c\u00e2y tr\u1ed3ng s\u1eed d\u1ee5ng hi\u1ec7u qu\u1ea3<br \/>\n&#8211; K\u00edch th\u00edch ra hoa , \u0111\u1eadu tr\u00e1i<br \/>\n&#8211; H\u00e0m l\u01b0\u1ee3ng \u0111a l\u01b0\u1ee3ng , trung l\u01b0\u1ee3ng ph\u00f9 h\u1ee3p \u0111\u1eb7c bi\u1ebft th\u00edch h\u1ee3p cho nu\u00f4i c\u1ee7 , th\u00fac tr\u00e1i&#8230;.gi\u00fap cho qu\u1ea3 nhanh l\u1edbn , c\u1ee7 nhanh l\u1edbn , h\u00e0m l\u01b0\u1ee3ng tinh b\u1ed9t cao , k\u00e9o d\u00e0i th\u1eddi gian thu ho\u1ea1ch v\u00e0 b\u1ea3o qu\u1ea3n.<br \/>\n&#8211; T\u0103ng kh\u1ea3 n\u0103ng ch\u1ed1ng ch\u1ecbu s\u00e2u b\u1ec7nh<br \/>\n&#8211; T\u0103ng n\u0103ng su\u1ea5t , ch\u1ea5t l\u01b0\u1ee3ng n\u00f4ng s\u1ea3n v\u00e0 hi\u1ec7u qu\u1ea3 \u0111\u1ea7u t\u01b0 ph\u00e2n b\u00f3n.<br \/>\n&#8211; C\u1ea3i thi\u1ec7n \u0111\u1ed9 ph\u00ec nhi\u00eau c\u1ee7a \u0111\u1ea5t.<\/p>","protected":false},"excerpt":{"rendered":"<p><strong>\u00a0H\u01af\u1edaNG D\u1eaaN S\u1eec D\u1ee4NG :<\/strong><br \/>\n* D\u00f9ng cho C\u00e2y S\u1ea7u Ri\u00eang v\u00e0 c\u00e1c lo\u1ea1i c\u00e2y \u0103n tr\u00e1i :<br \/>\n&#8211; B\u00f3n c\u00e1c th\u1eddi k\u1ef3 , l\u01b0\u1ee3ng 0,4 &#8211; 2,5Kg\/l\u1ea7n b\u00f3n t\u00f9y theo \u0111\u1ed9 tu\u1ed5i c\u1ee7a c\u00e2y.<br \/>\n* D\u00f9ng cho rau \u0103n c\u1ee7 :<br \/>\n&#8211; B\u00f3n gi\u1eefa m\u00f9a m\u01b0a v\u00e0 cu\u1ed1i m\u00f9a m\u01b0a , l\u01b0\u1ee3ng 200 &#8211; 300 Kg\/ha\/l\u1ea7n<br \/>\n* C\u00e0 ph\u00ea Kinh doanh :<br \/>\n&#8211; B\u00f3n gi\u1eefa m\u00f9a m\u01b0a v\u00e0 cu\u1ed1i m\u00f9a m\u01b0a , l\u01b0\u1ee3ng 300 &#8211; 400 Kg\/ha\/l\u1ea7n<br \/>\n* H\u1ed3 ti\u00eau Kinh doanh :<br \/>\n&#8211; B\u00f3n th\u00fac tr\u00e1i , gi\u00e9 , \u0111\u1ecbnh k\u1ef3 2 th\u00e1ng\/l\u1ea7n , l\u01b0\u1ee3ng 0,3 &#8211; 0,4Kg\/tr\u1ee5\/l\u1ea7n<br \/>\n* C\u00e2y c\u00f4ng nghi\u1ec7p : \u0110i\u1ec1u , cao su , ca cao<br \/>\n&#8211; B\u00f3n gi\u1eefa m\u00f9a m\u01b0a v\u00e0 cu\u1ed1i m\u00f9a m\u01b0a , l\u01b0\u1ee3ng 200 &#8211; 400 Kg\/ha\/l\u1ea7n T\u00f9y theo \u0111\u1ed9 tu\u1ed5i c\u1ee7a c\u00e2y<\/p>","protected":false},"featured_media":15507,"comment_status":"open","ping_status":"closed","template":"","meta":{"_acf_changed":false},"product_cat":[522,366,446,521],"product_tag":[],"class_list":{"0":"post-15504","1":"product","2":"type-product","3":"status-publish","4":"has-post-thumbnail","6":"product_cat-phan-bon","7":"product_cat-hang-cnnt-cap-qg","8":"product_cat-san-pham-cnnt-tb-cap-qg-2019","9":"product_cat-vat-tu-nong-nghiep","11":"first","12":"instock","13":"shipping-taxable","14":"product-type-variable"},"acf":[],"_links":{"self":[{"href":"https:\/\/b2c.fairs.vn\/en\/wp-json\/wp\/v2\/product\/15504","targetHints":{"allow":["GET"]}}],"collection":[{"href":"https:\/\/b2c.fairs.vn\/en\/wp-json\/wp\/v2\/product"}],"about":[{"href":"https:\/\/b2c.fairs.vn\/en\/wp-json\/wp\/v2\/types\/product"}],"replies":[{"embeddable":true,"href":"https:\/\/b2c.fairs.vn\/en\/wp-json\/wp\/v2\/comments?post=15504"}],"version-history":[{"count":0,"href":"https:\/\/b2c.fairs.vn\/en\/wp-json\/wp\/v2\/product\/15504\/revisions"}],"wp:featuredmedia":[{"embeddable":true,"href":"https:\/\/b2c.fairs.vn\/en\/wp-json\/wp\/v2\/media\/15507"}],"wp:attachment":[{"href":"https:\/\/b2c.fairs.vn\/en\/wp-json\/wp\/v2\/media?parent=15504"}],"wp:term":[{"taxonomy":"product_cat","embeddable":true,"href":"https:\/\/b2c.fairs.vn\/en\/wp-json\/wp\/v2\/product_cat?post=15504"},{"taxonomy":"product_tag","embeddable":true,"href":"https:\/\/b2c.fairs.vn\/en\/wp-json\/wp\/v2\/product_tag?post=15504"}],"curies":[{"name":"wp","href":"https:\/\/api.w.org\/{rel}","templated":true}]}}