{"id":15499,"date":"2024-04-04T10:20:46","date_gmt":"2024-04-04T03:20:46","guid":{"rendered":"https:\/\/b2c.fairs.vn\/?post_type=product&#038;p=15499"},"modified":"2024-04-04T10:20:47","modified_gmt":"2024-04-04T03:20:47","slug":"bot-banh-loc-long-giang-thinh","status":"publish","type":"product","link":"https:\/\/b2c.fairs.vn\/en\/product\/bot-banh-loc-long-giang-thinh\/","title":{"rendered":"B\u1ed9t b\u00e1nh l\u1ecdc Long Giang Th\u1ecbnh"},"content":{"rendered":"<p>C\u00e1c ch\u1ec9 s\u1ed1 ch\u1ea5t l\u01b0\u1ee3ng ch\u1ee7 y\u1ebfu:<\/p>\n<div class=\"product-quality-indicators\">\n<table border=\"0\">\n<caption>\u00a0<\/caption>\n<tbody>\n<tr>\n<td>C\u1ea3m quan:<\/td>\n<td>M\u00e0u tr\u1eafng s\u00e1ng, m\u1ecbn, m\u00f9i th\u01a1m tr\u01b0ng c\u1ee7a tinh b\u1ed9t s\u1eafn nguy\u00ean ch\u1ea5t.<\/td>\n<\/tr>\n<tr>\n<td>pH:<\/td>\n<td>5,0 \u2013 7,0<\/td>\n<\/tr>\n<tr>\n<td>\u0110\u1ed9 \u1ea9m (Moisture):<\/td>\n<td>13,0 % max<\/td>\n<\/tr>\n<tr>\n<td>\u0110\u1ed9 m\u1ecbn (Finenes 100 mesh):<\/td>\n<td>95,0 % min<\/td>\n<\/tr>\n<tr>\n<td>Tinh b\u1ed9t (Starch)<\/td>\n<td>85,0 % min<\/td>\n<\/tr>\n<tr>\n<td>\u0110\u1ed9 tr\u1eafng (Whiteness):<\/td>\n<td>95 % min<\/td>\n<\/tr>\n<tr>\n<td>X\u01a1 (Fiber):<\/td>\n<td>0,1 % max<\/td>\n<\/tr>\n<tr>\n<td>Tro (Ash):<\/td>\n<td>0,2 % max<\/td>\n<\/tr>\n<tr>\n<td>\u0110\u1ed9 nh\u1edbt \u00a0(Viscosity, solution 6%):<\/td>\n<td>800 BU min<\/td>\n<\/tr>\n<\/tbody>\n<\/table>\n<\/div>","protected":false},"excerpt":{"rendered":"<p><strong>Gi\u1edbi thi\u1ec7u s\u1ea3n ph\u1ea9m:<\/strong><\/p>\n<p>B\u00e1nh b\u1ed9t l\u1ecdc l\u00e0 m\u1ed9t m\u00f3n \u0103n truy\u1ec1n th\u1ed1ng d\u00e2n gian r\u1ea5t ph\u1ed5 bi\u1ebfn, nh\u1ea5t l\u00e0 \u1edf c\u00e1c t\u1ec9nh Mi\u1ec1n Trung Vi\u1ec7t Nam. B\u00e1nh \u0111\u01b0\u1ee3c l\u00e0m t\u1eeb tinh b\u1ed9t s\u1eafn nguy\u00ean ch\u1ea5t, d\u00f9ng n\u01b0\u1edbc n\u00f3ng pha tr\u1ed9n v\u00e0 nh\u1ed3i k\u1ef9 b\u1ed9t \u0111\u1ec3 l\u00e0m th\u00e0nh v\u1ecf b\u00e1nh. Nh\u00e2n b\u00e1nh th\u01b0\u1eddng \u0111\u01b0\u1ee3c l\u00e0m t\u1eeb t\u00f4m, th\u1ecbt v\u00e0 \u0111\u01b0\u1ee3c b\u1ed5 sung th\u00eam c\u00e1c lo\u1ea1i gia v\u1ecb kh\u00e1c. Sau khi h\u1ea5p h\u01a1i ho\u1eb7c lu\u1ed9c trong n\u01b0\u1edbc \u0111un s\u00f4i cho ch\u00edn, m\u00f3n b\u00e1nh l\u1ecdc \u0111\u01b0\u1ee3c d\u00f9ng v\u1edbi rau th\u01a1m v\u00e0 n\u01b0\u1edbc ch\u1ea5m, \u0103n r\u1ea5t ngon mi\u1ec7ng.<\/p>\n<p>Theo trang CNNGo B\u00e1nh b\u1ed9t l\u1ecdc \u0111\u01b0\u1ee3c xem l\u00e0 m\u1ed9t trong 30 m\u00f3n b\u00e1nh h\u1ea5p, lu\u1ed9c ngon nh\u1ea5t tr\u00ean th\u1ebf gi\u1edbi v\u00e0 \u0111\u1ee9ng b\u00ean c\u1ea1nh c\u00e1c lo\u1ea1i b\u00e1nh n\u1ed5i ti\u1ebfng, nh\u01b0: B\u00e1nh bao Th\u01b0\u1ee3ng H\u1ea3i, B\u00e1nh Ravioli (Italia)\u2026<\/p>\n<p>Nh\u1eb1m \u0111\u00e1p \u1ee9ng nhu c\u1ea7u ng\u00e0y c\u00e0ng cao c\u0169ng nh\u01b0 thu\u1eadn ti\u1ec7n khi s\u1eed d\u1ee5ng \u0111\u1ed1i v\u1edbi ng\u01b0\u1eddi ti\u00eau d\u00f9ng. S\u1ea3n ph\u1ea9m B\u1ed9t b\u00e1nh l\u1ecdc Long Giang \u0111\u01b0\u1ee3c chi\u1ebft xu\u1ea5t t\u1eeb 100% c\u1ee7 S\u1eafn (Khoai m\u00ec) t\u01b0\u01a1i, tr\u1ea3i qua qu\u00e1 tr\u00ecnh tinh l\u1ecdc \u0111\u00e3 cho ra \u0111\u1eddi s\u1ea3n ph\u1ea9m tinh b\u1ed9t \u1edf d\u1ea1ng kh\u00f4, tr\u1eafng, m\u1ecbn, c\u00f3 m\u00f9i th\u01a1m t\u1ef1 nhi\u00ean \u0111\u1eb7c tr\u01b0ng, \u0111\u1ed9 d\u1ebbo cao. S\u1ea3n ph\u1ea9m kh\u00f4ng s\u1eed d\u1ee5ng c\u00e1c h\u00f3a ch\u1ea5t t\u1ea9y tr\u1eafng, h\u00f3a ch\u1ea5t b\u1ea3o qu\u1ea3n v\u00e0 \u0111\u1ea3m b\u1ea3o ch\u1ea5t l\u01b0\u1ee3ng nguy\u00ean li\u1ec7u \u0111\u1ea7u v\u00e0o. Khi ch\u1ebf bi\u1ebfn s\u1ebd t\u1ea1o ra m\u00f3n b\u00e1nh l\u1ecdc th\u01a1m ngon, d\u1ebbo dai h\u1ea5p d\u1eabn v\u00e0 \u0111\u1ea3m b\u1ea3o an to\u00e0n th\u1ef1c ph\u1ea9m cho ng\u01b0\u1eddi s\u1eed d\u1ee5ng.<\/p>\n<p><em>C\u00f4ng d\u1ee5ng:<\/em>\u00a0D\u00f9ng cho th\u1ef1c ph\u1ea9m.<\/p>\n<p><em>Th\u00e0nh ph\u1ea7n:<\/em>\u00a0100% tinh b\u1ed9t s\u1eafn nguy\u00ean ch\u1ea5t.<\/p>\n<p><em>Quy c\u00e1ch \u0111\u00f3ng g\u00f3i:<\/em>\u00a0Bao b\u00ec 2 l\u1edbp m\u00e0ng (l\u1edbp trong OPP v\u00e0 ngo\u00e0i PE). Tr\u1ecdng l\u01b0\u1ee3ng t\u1ecbnh 400 gr, 1 kg.<\/p>\n<p><em>Ng\u00e0y s\u1ea3n xu\u1ea5t:<\/em>\u00a0Xem tr\u00ean bao b\u00ec. Th\u1eddi h\u1ea1n s\u1eed d\u1ee5ng: 24 th\u00e1ng.<\/p>\n<p><em>\u0110i\u1ec1u ki\u1ec7n b\u1ea3o qu\u1ea3n:<\/em>\u00a0\u0110\u1ec3 n\u01a1i kh\u00f4 r\u00e1o tho\u00e1ng m\u00e1t, tr\u00e1nh c\u00f4n tr\u00f9ng v\u00e0 \u0111\u1ed9ng v\u1eadt x\u00e2m nh\u1eadp.<\/p>\n<p><strong>Ph\u01b0\u01a1ng th\u1ee9c mua b\u00e1n s\u1ea3n ph\u1ea9m:<\/strong><\/p>\n<p><em>&#8211; Li\u00ean h\u1ec7:<\/em><\/p>","protected":false},"featured_media":15500,"comment_status":"open","ping_status":"closed","template":"","meta":{"_acf_changed":false},"product_cat":[315,366,446,22,313],"product_tag":[],"class_list":{"0":"post-15499","1":"product","2":"type-product","3":"status-publish","4":"has-post-thumbnail","6":"product_cat-che-bien-tu-gao-ngu-coc","7":"product_cat-hang-cnnt-cap-qg","8":"product_cat-san-pham-cnnt-tb-cap-qg-2019","9":"product_cat-sanphamthucpham","10":"product_cat-thuc-pham-che-bien","12":"first","13":"instock","14":"shipping-taxable","15":"product-type-simple"},"acf":[],"_links":{"self":[{"href":"https:\/\/b2c.fairs.vn\/en\/wp-json\/wp\/v2\/product\/15499","targetHints":{"allow":["GET"]}}],"collection":[{"href":"https:\/\/b2c.fairs.vn\/en\/wp-json\/wp\/v2\/product"}],"about":[{"href":"https:\/\/b2c.fairs.vn\/en\/wp-json\/wp\/v2\/types\/product"}],"replies":[{"embeddable":true,"href":"https:\/\/b2c.fairs.vn\/en\/wp-json\/wp\/v2\/comments?post=15499"}],"version-history":[{"count":0,"href":"https:\/\/b2c.fairs.vn\/en\/wp-json\/wp\/v2\/product\/15499\/revisions"}],"wp:featuredmedia":[{"embeddable":true,"href":"https:\/\/b2c.fairs.vn\/en\/wp-json\/wp\/v2\/media\/15500"}],"wp:attachment":[{"href":"https:\/\/b2c.fairs.vn\/en\/wp-json\/wp\/v2\/media?parent=15499"}],"wp:term":[{"taxonomy":"product_cat","embeddable":true,"href":"https:\/\/b2c.fairs.vn\/en\/wp-json\/wp\/v2\/product_cat?post=15499"},{"taxonomy":"product_tag","embeddable":true,"href":"https:\/\/b2c.fairs.vn\/en\/wp-json\/wp\/v2\/product_tag?post=15499"}],"curies":[{"name":"wp","href":"https:\/\/api.w.org\/{rel}","templated":true}]}}