{"id":15495,"date":"2024-04-04T10:05:15","date_gmt":"2024-04-04T03:05:15","guid":{"rendered":"https:\/\/b2c.fairs.vn\/?post_type=product&#038;p=15495"},"modified":"2024-04-04T10:05:16","modified_gmt":"2024-04-04T03:05:16","slug":"duong-glucose-maltose-syrup-trang-trong-suot","status":"publish","type":"product","link":"https:\/\/b2c.fairs.vn\/en\/product\/duong-glucose-maltose-syrup-trang-trong-suot\/","title":{"rendered":"\u0110\u01b0\u1eddng Glucose, Maltose Syrup tr\u1eafng trong su\u1ed1t"},"content":{"rendered":"<section class=\"elementor-element elementor-element-e4960dc elementor-section-boxed elementor-section-height-default elementor-section-height-default elementor-section elementor-top-section\" data-id=\"e4960dc\" data-element_type=\"section\">\n<div class=\"elementor-container elementor-column-gap-default\">\n<div class=\"elementor-row\">\n<div class=\"elementor-element elementor-element-ef162bb elementor-column elementor-col-100 elementor-top-column\" data-id=\"ef162bb\" data-element_type=\"column\">\n<div class=\"elementor-column-wrap  elementor-element-populated\">\n<div class=\"elementor-widget-wrap\">\n<div class=\"elementor-element elementor-element-0b4f1e0 mh-product-tabs elementor-widget elementor-widget-woocommerce-product-data-tabs\" data-id=\"0b4f1e0\" data-element_type=\"widget\" data-widget_type=\"woocommerce-product-data-tabs.default\">\n<div class=\"elementor-widget-container\">\n<div class=\"woocommerce-tabs wc-tabs-wrapper\">\n<div id=\"tab-description\" class=\"woocommerce-Tabs-panel woocommerce-Tabs-panel--description panel entry-content wc-tab\" role=\"tabpanel\" aria-labelledby=\"tab-title-description\">\n<h2>M\u00f4 t\u1ea3<\/h2>\n<p>H\u00e0m l\u01b0\u1ee3ng ch\u1ea5t kh\u00f4 (Bx): 75-90% (Tu\u1ef3 ch\u1ec9nh theo y\u00eau c\u1ea7u kh\u00e1ch h\u00e0ng)<\/p>\n<p>H\u00e0m l\u01b0\u1ee3ng \u0111\u01b0\u1eddng kh\u1eed (DE): 25-55%, (Tu\u1ef3 ch\u1ec9nh theo y\u00eau c\u1ea7u c\u1ee7a kh\u00e1ch h\u00e0ng)<\/p>\n<p>PH: 4,5-5,5<\/p>\n<p>\u0110\u1ed9 m\u00e0u (color): Tr\u1eafng trong su\u1ed1t (&lt;25 ICS).<\/p>\n<p>C\u00f4ng d\u1ee5ng (Use):\u00a0Trong c\u00f4ng nghi\u1ec7p ch\u1ebf bi\u1ebfn th\u1ef1c ph\u1ea9m, c\u00e1c s\u1ea3n ph\u1ea9m \u0111\u01b0\u1ee3c ch\u1ebf bi\u1ebfn t\u1eeb m\u1ea1ch nha bao g\u1ed3m th\u1ef1c ph\u1ea9m cho tr\u1ebb em; c\u00e1c lo\u1ea1i b\u00e1nh m\u00ec v\u00e0 c\u00e1c lo\u1ea1i s\u1ea3n ph\u1ea9m kh\u00e1c (b\u00e1nh b\u00edch quy, c\u00e1c lo\u1ea1i b\u00e1nh ho\u1eb7c k\u1eb9o d\u00f2n (crackers), kem l\u00f2ng tr\u1eafng tr\u1ee9ng (icings), b\u00e1nh h\u1ea1nh nh\u00e2n (macaroons), b\u00e1nh quy d\u00f2n (pretzels, fillings , cookies\u2026), c\u00e1c lo\u1ea1i th\u1ee9c u\u1ed1ng l\u00ean men nh\u01b0 r\u01b0\u1ee3u, bia, th\u1ef1c ph\u1ea9m \u0111i\u1ec3m t\u00e2m, m\u00e0u caramel, pho m\u00e1t,\u00a0k\u1eb9o chewingum, s\u1eefa \u0111\u1eb7c , b\u00e1nh k\u1eb9o, l\u00e0m ch\u1ea5t\u00a0ph\u1ee5 gia v\u1eadt li\u1ec7u x\u00e2y d\u1ef1ng\u00a0..v.v\u2026<\/p>\n<\/div>\n<\/div>\n<\/div>\n<\/div>\n<\/div>\n<\/div>\n<\/div>\n<\/div>\n<\/div>\n<\/section>\n<section class=\"elementor-element elementor-element-b299d58 elementor-section-boxed elementor-section-height-default elementor-section-height-default elementor-section elementor-top-section\" data-id=\"b299d58\" data-element_type=\"section\">\n<div class=\"elementor-container elementor-column-gap-default\">\n<div class=\"elementor-row\">\n<div class=\"elementor-element elementor-element-9be0fe2 elementor-column elementor-col-100 elementor-top-column\" data-id=\"9be0fe2\" data-element_type=\"column\">\n<div class=\"elementor-column-wrap  elementor-element-populated\">\n<div class=\"elementor-widget-wrap\">\n<div class=\"elementor-element elementor-element-6e059e8 elementor-widget elementor-widget-spacer\" data-id=\"6e059e8\" data-element_type=\"widget\" data-widget_type=\"spacer.default\">\n<div class=\"elementor-widget-container\">\n<div class=\"elementor-spacer\">\n<div class=\"elementor-spacer-inner\"><\/div>\n<\/div>\n<\/div>\n<\/div>\n<\/div>\n<\/div>\n<\/div>\n<\/div>\n<\/div>\n<\/section>\n<section class=\"elementor-element elementor-element-46fd16f6 elementor-section-boxed elementor-section-height-default elementor-section-height-default elementor-section elementor-top-section\" data-id=\"46fd16f6\" data-element_type=\"section\">\n<div class=\"elementor-container elementor-column-gap-default\">\n<div class=\"elementor-row\">\n<div class=\"elementor-element elementor-element-5bea3883 elementor-column elementor-col-100 elementor-top-column\" data-id=\"5bea3883\" data-element_type=\"column\">\n<div class=\"elementor-column-wrap  elementor-element-populated\">\n<div class=\"elementor-widget-wrap\">\n<div class=\"elementor-element elementor-element-37fb0a9 mh-block-title-style elementor-widget elementor-widget-heading\" data-id=\"37fb0a9\" data-element_type=\"widget\" data-widget_type=\"heading.default\">\n<div class=\"elementor-widget-container\">\n<h3 class=\"elementor-heading-title elementor-size-default\">S\u1ea2N PH\u1ea8M LI\u00caN QUAN<\/h3>\n<\/div>\n<\/div>\n<\/div>\n<\/div>\n<\/div>\n<\/div>\n<\/div>\n<\/section>","protected":false},"excerpt":{"rendered":"<p>M\u00f4 t\u1ea3 H\u00e0m l\u01b0\u1ee3ng ch\u1ea5t kh\u00f4 (Bx): 75-90% (Tu\u1ef3 ch\u1ec9nh theo y\u00eau c\u1ea7u kh\u00e1ch h\u00e0ng) H\u00e0m l\u01b0\u1ee3ng \u0111\u01b0\u1eddng kh\u1eed (DE):<\/p>","protected":false},"featured_media":15496,"comment_status":"open","ping_status":"closed","template":"","meta":{"_acf_changed":false},"product_cat":[317,366,446,22,313],"product_tag":[],"class_list":{"0":"post-15495","1":"product","2":"type-product","3":"status-publish","4":"has-post-thumbnail","6":"product_cat-che-bien-tu-thit-trung-sua-thuy-san-cac-san-pham-tu-mat-ong-mat-khac-va-nong-san-thuc-pham-khac","7":"product_cat-hang-cnnt-cap-qg","8":"product_cat-san-pham-cnnt-tb-cap-qg-2019","9":"product_cat-sanphamthucpham","10":"product_cat-thuc-pham-che-bien","12":"first","13":"instock","14":"shipping-taxable","15":"product-type-simple"},"acf":[],"_links":{"self":[{"href":"https:\/\/b2c.fairs.vn\/en\/wp-json\/wp\/v2\/product\/15495","targetHints":{"allow":["GET"]}}],"collection":[{"href":"https:\/\/b2c.fairs.vn\/en\/wp-json\/wp\/v2\/product"}],"about":[{"href":"https:\/\/b2c.fairs.vn\/en\/wp-json\/wp\/v2\/types\/product"}],"replies":[{"embeddable":true,"href":"https:\/\/b2c.fairs.vn\/en\/wp-json\/wp\/v2\/comments?post=15495"}],"version-history":[{"count":0,"href":"https:\/\/b2c.fairs.vn\/en\/wp-json\/wp\/v2\/product\/15495\/revisions"}],"wp:featuredmedia":[{"embeddable":true,"href":"https:\/\/b2c.fairs.vn\/en\/wp-json\/wp\/v2\/media\/15496"}],"wp:attachment":[{"href":"https:\/\/b2c.fairs.vn\/en\/wp-json\/wp\/v2\/media?parent=15495"}],"wp:term":[{"taxonomy":"product_cat","embeddable":true,"href":"https:\/\/b2c.fairs.vn\/en\/wp-json\/wp\/v2\/product_cat?post=15495"},{"taxonomy":"product_tag","embeddable":true,"href":"https:\/\/b2c.fairs.vn\/en\/wp-json\/wp\/v2\/product_tag?post=15495"}],"curies":[{"name":"wp","href":"https:\/\/api.w.org\/{rel}","templated":true}]}}