{"id":15452,"date":"2024-04-03T16:30:56","date_gmt":"2024-04-03T09:30:56","guid":{"rendered":"https:\/\/b2c.fairs.vn\/?post_type=product&#038;p=15452"},"modified":"2024-04-03T16:34:53","modified_gmt":"2024-04-03T09:34:53","slug":"binh-phuong-hoang-gom-chu-dau","status":"publish","type":"product","link":"https:\/\/b2c.fairs.vn\/en\/product\/binh-phuong-hoang-gom-chu-dau\/","title":{"rendered":"B\u00ccNH PH\u01af\u1ee2NG HO\u00c0NG G\u1ed0M CHU \u0110\u1eacU"},"content":{"rendered":"<p style=\"font-weight: 400;\">B\u00ecnh Ph\u01b0\u1ee3ng Ho\u00e0ng g\u1ed1m Chu \u0110\u1eadu v\u1ebd c\u00fac \u0111\u1ea1i \u0111\u00f3a \u0111\u01b0\u1ee3c ngh\u1ec7 nh\u00e2n G\u1ed1m Chu \u0110\u1eadu ph\u1ecfng theo b\u00ecnh g\u1ed1m c\u1ed5 tri\u1ec1u Tr\u1ea7n \u2013 L\u00ea S\u01a1 (th\u1ebf k\u1ef7 XIV \u2013 XV).\u00a0 B\u00ecnh Ph\u01b0\u1ee3ng Ho\u00e0ng g\u1ed1m Chu \u0110\u1eadu c\u1ed5 hi\u1ec7n \u0111ang \u0111\u01b0\u1ee3c l\u01b0u gi\u1eef trang tr\u1ecdng t\u1ea1i B\u1ea3o t\u00e0ng l\u1ecbch s\u1eed Vi\u1ec7t Nam.<\/p>\n<p style=\"font-weight: 400;\"><i><em>B\u00ecnh Ph\u01b0\u1ee3ng Ho\u00e0ng G\u1ed1m Chu \u0110\u1eadu &#8211; Phi\u00ean b\u1ea3n truy\u1ec1n th\u1ed1ng<\/em><\/i><\/p>\n<p style=\"font-weight: 400;\">Chi\u1ebfc b\u00ecnh \u0111\u01b0\u1ee3c thi\u1ebft\u00a0k\u1ebf thanh tho\u00e1t,<b><strong>\u00a0<\/strong><\/b>kh\u1ecfe kho\u1eafn v\u1edbi th\u00e2n b\u00ecnh h\u00ecnh tr\u00f2n,<b><strong>\u00a0<\/strong><\/b>l\u00e0 bi\u1ec3u<b><strong>\u00a0<\/strong><\/b>t\u01b0\u1ee3ng cho s\u1ef1 h\u00f2a h\u1ee3p \u00e2m d\u01b0\u01a1ng, cho h\u00f2a b\u00ecnh, th\u1ecbnh v\u01b0\u1ee3ng v\u00e0 h\u1ea1nh ph\u00fac.\u00a0S\u1ea3n ph\u1ea9m\u00a0c\u00f3<b><strong>\u00a0<\/strong><\/b>th\u1ec3 \u0111\u01b0\u1ee3c \u0111\u1eb7t t\u1ea1i v\u0103n ph\u00f2ng l\u00e0m vi\u1ec7c ho\u1eb7c ph\u00f2ng kh\u00e1ch, ph\u00f2ng ng\u1ee7 t\u1ea1o s\u1ef1 \u1ea5m c\u00fang c\u0169ng nh\u01b0 mang l\u1ea1i s\u1ef1 may m\u1eafn cho gia ch\u1ee7.<\/p>\n<p style=\"font-weight: 400;\">Hoa\u00a0v\u0103n<b><strong>,<\/strong><\/b><b><strong>\u00a0<\/strong><\/b>h\u1ecda ti\u1ebft\u00a0trang tr\u00ed\u00a0tr\u00ean b\u00ecnh \u0111\u01b0\u1ee3c<b><strong>\u00a0<\/strong><\/b>v\u1ebd th\u1ee7 c\u00f4ng d\u01b0\u1edbi men (Men tro tr\u1ea5u \u2013<b><strong>\u00a0<\/strong><\/b>D\u00f2ng men \u0111\u00e3 \u0111\u01b0\u1ee3c t\u1ed5 ch\u1ee9c K\u1ef7 l\u1ee5c Vi\u1ec7t Nam x\u00e1c nh\u1eadn l\u00e0 c\u1ed5 truy\u1ec1n v\u00e0 \u0111\u1ed9c \u0111\u00e1o c\u1ee7a Vi\u1ec7t Nam),<b><strong>\u00a0<\/strong><\/b>chia l\u00e0m 3 ph\u1ea7n:<\/p>\n<ul style=\"font-weight: 400;\">\n<li>Ph\u1ea7n\u00a0mi\u1ec7ng<b><strong>\u00a0<\/strong><\/b>b\u00ecnh \u0111\u01b0\u1ee3c v\u1ebd bi\u1ec3u t\u01b0\u1ee3ng d\u1ea5u tri\u1ec7n mang \u0111\u1eadm b\u1ea3n s\u1eafc<b><strong>\u00a0<\/strong><\/b>v\u0103n h\u00f3a c\u1ee7a ng\u01b0\u1eddi Vi\u1ec7t. C\u1ed5 b\u00ecnh v\u1ebd c\u00e1c h\u1ecda ti\u1ebft qu\u00e2n h\u00e0m, qu\u00e2n hi\u1ec7u,<b><strong>\u00a0<\/strong><\/b>l\u1ec7nh b\u00e0i Vua ban. Ph\u1ea7n gi\u1eefa c\u1ed5 b\u00ecnh v\u1ebd h\u1ecda ti\u1ebft R\u1ed3ng g\u1eb7p m\u00e2y t\u01b0\u1ee3ng<b><strong>\u00a0<\/strong><\/b>tr\u01b0ng cho s\u1ef1 th\u0103ng hoa v\u00e0 ph\u00e1t tri\u1ec3n. \u0110\u1eb7c bi\u1ec7t tr\u00ean vai b\u00ecnh v\u1ebd h\u1ecda ti\u1ebft<b><strong>\u00a0<\/strong><\/b>b\u1ed1n chim ph\u01b0\u1ee3ng ho\u00e0ng. Theo t\u00edn ng\u01b0\u1ee1ng c\u1ee7a d\u00e2n gian Vi\u1ec7t Nam<b><strong>\u00a0<\/strong><\/b>Ph\u01b0\u1ee3ng Ho\u00e0ng l\u00e0 m\u1ed9t trong T\u1ee9 Linh (Long, L\u00e2n, Quy, Ph\u1ee5ng).<\/li>\n<li>Ph\u1ea7n\u00a0th\u00e2n b\u00ecnh \u0111\u01b0\u1ee3c trang tr\u00ed hoa c\u00fac \u0111\u1ea1i \u0111\u00f3a \u2013 th\u1ec3 hi\u1ec7n cho ng\u01b0\u1eddi<b><strong>\u00a0<\/strong><\/b>\u0111\u00e0n \u00f4ng quang minh ch\u00ednh \u0111\u1ea1i. B\u00ean c\u1ea1nh \u0111\u00f3 l\u00e0 h\u1ecda ti\u1ebft hoa d\u00e2y, nh\u01b0<b><strong>\u00a0<\/strong><\/b>b\u00f3ng d\u00e1ng ng\u01b0\u1eddi ph\u1ee5 n\u1eef lu\u00f4n \u0111\u1ed3ng h\u00e0nh tr\u00ean con \u0111\u01b0\u1eddng th\u00e0nh \u0111\u1ea1t<b><strong>\u00a0<\/strong><\/b>c\u1ee7a ng\u01b0\u1eddi \u0111\u00e0n \u00f4ng.<\/li>\n<li>Ph\u1ea7n ch\u00e2n b\u00ecnh l\u00e0 h\u1ecda ti\u1ebft c\u00e1nh<b><strong>\u00a0<\/strong><\/b>Sen c\u00e1ch \u0111i\u1ec7u, th\u1ec3 hi\u1ec7n\u00a0cho v\u0103n h\u00f3a<b><strong>\u00a0<\/strong><\/b>t\u00edn ng\u01b0\u1ee1ng ph\u1ed3n th\u1ecbnh c\u1ee7a ng\u01b0\u1eddi Vi\u1ec7t.<\/li>\n<\/ul>","protected":false},"excerpt":{"rendered":"<p style=\"font-weight: 400;\">B\u00ecnh Ph\u01b0\u1ee3ng Ho\u00e0ng g\u1ed1m Chu \u0110\u1eadu v\u1ebd c\u00fac \u0111\u1ea1i \u0111\u00f3a \u0111\u01b0\u1ee3c ngh\u1ec7 nh\u00e2n G\u1ed1m Chu \u0110\u1eadu ph\u1ecfng theo b\u00ecnh g\u1ed1m c\u1ed5 tri\u1ec1u Tr\u1ea7n \u2013 L\u00ea S\u01a1 (th\u1ebf k\u1ef7 XIV \u2013 XV).\u00a0 B\u00ecnh Ph\u01b0\u1ee3ng Ho\u00e0ng g\u1ed1m Chu \u0110\u1eadu c\u1ed5 hi\u1ec7n \u0111ang \u0111\u01b0\u1ee3c l\u01b0u gi\u1eef trang tr\u1ecdng t\u1ea1i B\u1ea3o t\u00e0ng l\u1ecbch s\u1eed Vi\u1ec7t Nam.<\/p>\n<p style=\"font-weight: 400;\"><i><em>B\u00ecnh Ph\u01b0\u1ee3ng Ho\u00e0ng G\u1ed1m Chu \u0110\u1eadu &#8211; Phi\u00ean b\u1ea3n truy\u1ec1n th\u1ed1ng<\/em><\/i><\/p>\n<p style=\"font-weight: 400;\">Chi\u1ebfc b\u00ecnh \u0111\u01b0\u1ee3c thi\u1ebft\u00a0k\u1ebf thanh tho\u00e1t,<b><strong>\u00a0<\/strong><\/b>kh\u1ecfe kho\u1eafn v\u1edbi th\u00e2n b\u00ecnh h\u00ecnh tr\u00f2n,<b><strong>\u00a0<\/strong><\/b>l\u00e0 bi\u1ec3u<b><strong>\u00a0<\/strong><\/b>t\u01b0\u1ee3ng cho s\u1ef1 h\u00f2a h\u1ee3p \u00e2m d\u01b0\u01a1ng, cho h\u00f2a b\u00ecnh, th\u1ecbnh v\u01b0\u1ee3ng v\u00e0 h\u1ea1nh ph\u00fac.\u00a0S\u1ea3n ph\u1ea9m\u00a0c\u00f3<b><strong>\u00a0<\/strong><\/b>th\u1ec3 \u0111\u01b0\u1ee3c \u0111\u1eb7t t\u1ea1i v\u0103n ph\u00f2ng l\u00e0m vi\u1ec7c ho\u1eb7c ph\u00f2ng kh\u00e1ch, ph\u00f2ng ng\u1ee7 t\u1ea1o s\u1ef1 \u1ea5m c\u00fang c\u0169ng nh\u01b0 mang l\u1ea1i s\u1ef1 may m\u1eafn cho gia ch\u1ee7.<\/p>\n<p style=\"font-weight: 400;\">Hoa\u00a0v\u0103n<b><strong>,<\/strong><\/b><b><strong>\u00a0<\/strong><\/b>h\u1ecda ti\u1ebft\u00a0trang tr\u00ed\u00a0tr\u00ean b\u00ecnh \u0111\u01b0\u1ee3c<b><strong>\u00a0<\/strong><\/b>v\u1ebd th\u1ee7 c\u00f4ng d\u01b0\u1edbi men (Men tro tr\u1ea5u \u2013<b><strong>\u00a0<\/strong><\/b>D\u00f2ng men \u0111\u00e3 \u0111\u01b0\u1ee3c t\u1ed5 ch\u1ee9c K\u1ef7 l\u1ee5c Vi\u1ec7t Nam x\u00e1c nh\u1eadn l\u00e0 c\u1ed5 truy\u1ec1n v\u00e0 \u0111\u1ed9c \u0111\u00e1o c\u1ee7a Vi\u1ec7t Nam),<b><strong>\u00a0<\/strong><\/b>chia l\u00e0m 3 ph\u1ea7n:<\/p>\n<ul style=\"font-weight: 400;\">\n<li>Ph\u1ea7n\u00a0mi\u1ec7ng<b><strong>\u00a0<\/strong><\/b>b\u00ecnh \u0111\u01b0\u1ee3c v\u1ebd bi\u1ec3u t\u01b0\u1ee3ng d\u1ea5u tri\u1ec7n mang \u0111\u1eadm b\u1ea3n s\u1eafc<b><strong>\u00a0<\/strong><\/b>v\u0103n h\u00f3a c\u1ee7a ng\u01b0\u1eddi Vi\u1ec7t. C\u1ed5 b\u00ecnh v\u1ebd c\u00e1c h\u1ecda ti\u1ebft qu\u00e2n h\u00e0m, qu\u00e2n hi\u1ec7u,<b><strong>\u00a0<\/strong><\/b>l\u1ec7nh b\u00e0i Vua ban. Ph\u1ea7n gi\u1eefa c\u1ed5 b\u00ecnh v\u1ebd h\u1ecda ti\u1ebft R\u1ed3ng g\u1eb7p m\u00e2y t\u01b0\u1ee3ng<b><strong>\u00a0<\/strong><\/b>tr\u01b0ng cho s\u1ef1 th\u0103ng hoa v\u00e0 ph\u00e1t tri\u1ec3n. \u0110\u1eb7c bi\u1ec7t tr\u00ean vai b\u00ecnh v\u1ebd h\u1ecda ti\u1ebft<b><strong>\u00a0<\/strong><\/b>b\u1ed1n chim ph\u01b0\u1ee3ng ho\u00e0ng. Theo t\u00edn ng\u01b0\u1ee1ng c\u1ee7a d\u00e2n gian Vi\u1ec7t Nam<b><strong>\u00a0<\/strong><\/b>Ph\u01b0\u1ee3ng Ho\u00e0ng l\u00e0 m\u1ed9t trong T\u1ee9 Linh (Long, L\u00e2n, Quy, Ph\u1ee5ng).<\/li>\n<li>Ph\u1ea7n\u00a0th\u00e2n b\u00ecnh \u0111\u01b0\u1ee3c trang tr\u00ed hoa c\u00fac \u0111\u1ea1i \u0111\u00f3a \u2013 th\u1ec3 hi\u1ec7n cho ng\u01b0\u1eddi<b><strong>\u00a0<\/strong><\/b>\u0111\u00e0n \u00f4ng quang minh ch\u00ednh \u0111\u1ea1i. B\u00ean c\u1ea1nh \u0111\u00f3 l\u00e0 h\u1ecda ti\u1ebft hoa d\u00e2y, nh\u01b0<b><strong>\u00a0<\/strong><\/b>b\u00f3ng d\u00e1ng ng\u01b0\u1eddi ph\u1ee5 n\u1eef lu\u00f4n \u0111\u1ed3ng h\u00e0nh tr\u00ean con \u0111\u01b0\u1eddng th\u00e0nh \u0111\u1ea1t<b><strong>\u00a0<\/strong><\/b>c\u1ee7a ng\u01b0\u1eddi \u0111\u00e0n \u00f4ng.<\/li>\n<li>Ph\u1ea7n ch\u00e2n b\u00ecnh l\u00e0 h\u1ecda ti\u1ebft c\u00e1nh<b><strong>\u00a0<\/strong><\/b>Sen c\u00e1ch \u0111i\u1ec7u, th\u1ec3 hi\u1ec7n\u00a0cho v\u0103n h\u00f3a<b><strong>\u00a0<\/strong><\/b>t\u00edn ng\u01b0\u1ee1ng ph\u1ed3n th\u1ecbnh c\u1ee7a ng\u01b0\u1eddi Vi\u1ec7t.<\/li>\n<\/ul>","protected":false},"featured_media":15454,"comment_status":"open","ping_status":"closed","template":"","meta":{"_acf_changed":false},"product_cat":[395,366,446,336,337],"product_tag":[],"class_list":{"0":"post-15452","1":"product","2":"type-product","3":"status-publish","4":"has-post-thumbnail","6":"product_cat-gom-su-my-nghe","7":"product_cat-hang-cnnt-cap-qg","8":"product_cat-san-pham-cnnt-tb-cap-qg-2019","9":"product_cat-san-pham-thu-cong-my-nghe","10":"product_cat-thu-cong-my-nghe-gia-dung-trang-tri","12":"first","13":"instock","14":"shipping-taxable","15":"purchasable","16":"product-type-simple"},"acf":[],"_links":{"self":[{"href":"https:\/\/b2c.fairs.vn\/en\/wp-json\/wp\/v2\/product\/15452","targetHints":{"allow":["GET"]}}],"collection":[{"href":"https:\/\/b2c.fairs.vn\/en\/wp-json\/wp\/v2\/product"}],"about":[{"href":"https:\/\/b2c.fairs.vn\/en\/wp-json\/wp\/v2\/types\/product"}],"replies":[{"embeddable":true,"href":"https:\/\/b2c.fairs.vn\/en\/wp-json\/wp\/v2\/comments?post=15452"}],"version-history":[{"count":0,"href":"https:\/\/b2c.fairs.vn\/en\/wp-json\/wp\/v2\/product\/15452\/revisions"}],"wp:featuredmedia":[{"embeddable":true,"href":"https:\/\/b2c.fairs.vn\/en\/wp-json\/wp\/v2\/media\/15454"}],"wp:attachment":[{"href":"https:\/\/b2c.fairs.vn\/en\/wp-json\/wp\/v2\/media?parent=15452"}],"wp:term":[{"taxonomy":"product_cat","embeddable":true,"href":"https:\/\/b2c.fairs.vn\/en\/wp-json\/wp\/v2\/product_cat?post=15452"},{"taxonomy":"product_tag","embeddable":true,"href":"https:\/\/b2c.fairs.vn\/en\/wp-json\/wp\/v2\/product_tag?post=15452"}],"curies":[{"name":"wp","href":"https:\/\/api.w.org\/{rel}","templated":true}]}}