{"id":15377,"date":"2024-04-03T14:54:59","date_gmt":"2024-04-03T07:54:59","guid":{"rendered":"https:\/\/b2c.fairs.vn\/?post_type=product&#038;p=15377"},"modified":"2024-04-03T14:56:20","modified_gmt":"2024-04-03T07:56:20","slug":"nuoc-mam-nhi-ca-com-chi-ninh-ca-na-loai-dac-biet","status":"publish","type":"product","link":"https:\/\/b2c.fairs.vn\/en\/product\/nuoc-mam-nhi-ca-com-chi-ninh-ca-na-loai-dac-biet\/","title":{"rendered":"N\u01b0\u1edbc m\u1eafm nh\u0129 c\u00e1 c\u01a1m Chi Ninh C\u00e0 N\u00e1 (lo\u1ea1i \u0111\u1eb7c bi\u1ec7t)"},"content":{"rendered":"<p>N\u01b0\u1edbc m\u1eafm nh\u1ec9 c\u00e1 c\u01a1m CHI NINH C\u00c0 N\u00c1 l\u00e0 m\u1ed9t trong nh\u1eefng lo\u1ea1i n\u01b0\u1edbc m\u1eafm \u0111\u01b0\u1ee3c nhi\u1ec1u kh\u00e1ch tin t\u01b0\u1edfng l\u1ef1a ch\u1ecdn v\u00e0 \u0111\u1eb7c bi\u1ec7t ngon kh\u00f3 c\u01b0\u1ee1ng c\u1ee7a b\u1ea3o t\u00e0ng n\u01b0\u1edbc m\u1eafm L\u00e0ng Ch\u00e0i C\u00c0 N\u00c1, \u0111\u01b0\u1ee3c l\u00e0m t\u1eeb lo\u1ea1i c\u00e1 c\u01a1m t\u01b0\u01a1i \u2013 c\u00e1 ngon v\u00f9ng n\u01b0\u1edbc bi\u1ec3n c\u00e0 n\u00e1 v\u00e0 mu\u1ed1i tinh khi\u1ebft , \u0111\u01b0\u1ee3c \u1ee7 ch\u01b0\u1ee3p cho ra h\u01b0\u1ee3ng v\u1ecb ngon s\u00e1nh v\u1ecb.S\u1ea3n ph\u1ea9m \u0111\u01b0\u1ee3c chi\u1ebft r\u00f3t t\u1eeb m\u1eafm c\u00f4t \u0111\u1ea7u ti\u00ean \u0111em pha ch\u1ebf . D\u00f9ng \u0111\u1ec3 ch\u1ea5m trong b\u1eefa \u0103n h\u00e0ng ng\u00e0y .<\/p>","protected":false},"excerpt":{"rendered":"<p>N\u01b0\u1edbc m\u1eafm nh\u1ec9 c\u00e1 c\u01a1m CHI NINH C\u00c0 N\u00c1 l\u00e0 m\u1ed9t trong nh\u1eefng lo\u1ea1i n\u01b0\u1edbc m\u1eafm \u0111\u01b0\u1ee3c nhi\u1ec1u kh\u00e1ch tin<\/p>","protected":false},"featured_media":15383,"comment_status":"open","ping_status":"closed","template":"","meta":{"_acf_changed":false},"product_cat":[318,366,398,22,319],"product_tag":[],"class_list":{"0":"post-15377","1":"product","2":"type-product","3":"status-publish","4":"has-post-thumbnail","6":"product_cat-gia-vi","7":"product_cat-hang-cnnt-cap-qg","8":"product_cat-san-pham-cnnt-tb-cap-qg-2021","9":"product_cat-sanphamthucpham","10":"product_cat-tuong-nuoc-mam-gia-vi-dang-long-khac","12":"first","13":"instock","14":"shipping-taxable","15":"purchasable","16":"product-type-variable"},"acf":[],"_links":{"self":[{"href":"https:\/\/b2c.fairs.vn\/en\/wp-json\/wp\/v2\/product\/15377","targetHints":{"allow":["GET"]}}],"collection":[{"href":"https:\/\/b2c.fairs.vn\/en\/wp-json\/wp\/v2\/product"}],"about":[{"href":"https:\/\/b2c.fairs.vn\/en\/wp-json\/wp\/v2\/types\/product"}],"replies":[{"embeddable":true,"href":"https:\/\/b2c.fairs.vn\/en\/wp-json\/wp\/v2\/comments?post=15377"}],"version-history":[{"count":0,"href":"https:\/\/b2c.fairs.vn\/en\/wp-json\/wp\/v2\/product\/15377\/revisions"}],"wp:featuredmedia":[{"embeddable":true,"href":"https:\/\/b2c.fairs.vn\/en\/wp-json\/wp\/v2\/media\/15383"}],"wp:attachment":[{"href":"https:\/\/b2c.fairs.vn\/en\/wp-json\/wp\/v2\/media?parent=15377"}],"wp:term":[{"taxonomy":"product_cat","embeddable":true,"href":"https:\/\/b2c.fairs.vn\/en\/wp-json\/wp\/v2\/product_cat?post=15377"},{"taxonomy":"product_tag","embeddable":true,"href":"https:\/\/b2c.fairs.vn\/en\/wp-json\/wp\/v2\/product_tag?post=15377"}],"curies":[{"name":"wp","href":"https:\/\/api.w.org\/{rel}","templated":true}]}}