{"id":15342,"date":"2024-04-03T13:49:04","date_gmt":"2024-04-03T06:49:04","guid":{"rendered":"https:\/\/b2c.fairs.vn\/?post_type=product&#038;p=15342"},"modified":"2024-04-03T13:49:06","modified_gmt":"2024-04-03T06:49:06","slug":"che-xanh-dac-san-hoai-trung","status":"publish","type":"product","link":"https:\/\/b2c.fairs.vn\/en\/product\/che-xanh-dac-san-hoai-trung\/","title":{"rendered":"Ch\u00e8 xanh \u0111\u1eb7c s\u1ea3n Ho\u00e0i Trung"},"content":{"rendered":"<p>\u0110\u1ec3 c\u00f3 th\u1ec3 l\u00e0m ra \u0111\u01b0\u1ee3c m\u1ed9t kg s\u1ea3n ph\u1ea9m ch\u00e8 xanh \u0111\u1eb7c s\u1ea3n, ng\u01b0\u1eddi c\u00f4ng nh\u00e2n ph\u1ea3i m\u1ea5t 6,5kg ch\u00e8 t\u01b0\u01a1i v\u00e0 tr\u1ea3i qua r\u1ea5t nhi\u1ec1u c\u00f4ng \u0111o\u1ea1n, ch\u1eaft chiu, n\u00e2ng niu t\u1eeb khi h\u00e1i cho \u0111\u1ebfn khi sao v\u00e0 \u0111\u00f3ng th\u00e0nh s\u1ea3n ph\u1ea9m cu\u1ed1i c\u00f9ng \u0111\u1ebfn v\u1edbi ng\u01b0\u1eddi ti\u00eau d\u00f9ng, b\u1eb1ng t\u1ea5t c\u1ea3 t\u1ea5m l\u00f2ng, m\u1ed3 h\u00f4i v\u00e0 c\u00f4ng s\u1ee9c c\u1ee7a ng\u01b0\u1eddi y\u00eau ch\u00e8.<br \/>\nT\u1eeb nh\u1eefng b\u00fap ch\u00e8 xanh m\u01b0\u1edbt \u0111\u01b0\u1ee3c h\u00e1i v\u00e0o l\u00fac s\u01b0\u01a1ng s\u1edbm v\u1ec1 \u0111\u01b0\u1ee3c l\u00e0m h\u00e9o \u1edf nhi\u1ec7t \u0111\u1ed9 th\u00edch h\u1ee3p \u2013 khi b\u00fap ch\u00e8 h\u00e9o m\u1ec1m cho v\u00e0o s\u00e0o ch\u00edn, r\u1ed3i cho ra qu\u1ea1t m\u00e1t, sau \u0111\u00f3 ch\u00e8 \u0111\u01b0\u1ee3c chuy\u1ec3n sang m\u00e1y v\u00f2 \u0111\u1ec3 v\u00f2 ch\u00e8. Ch\u00e8 v\u00f2 \u0111\u1ebfn khi so\u0103n l\u1ea1i \u0111\u01b0\u1ee3c cho ra mang \u0111i s\u1ea5y \u1edf nhi\u1ec7t \u0111\u1ed9 100-110 \u0111\u1ed9 C. Ch\u00e8 kh\u00f4 kho\u1ea3ng 60%-70% cho v\u00e0o l\u00f2 quay \u0111\u1ec3 t\u1ea1o c\u00e1nh so\u0103n h\u00ecnh m\u00f3c c\u00e2u, y\u00eau c\u1ea7u nhi\u1ec7t \u0111\u1ed9 l\u00f2 quay th\u1ea5p \u0111\u1ec3 ch\u00e8 kh\u00f4 t\u1eeb t\u1eeb t\u1ea1o c\u00e1nh \u0111\u1eb9p. Khi ch\u00e8 kh\u00f4, th\u00ec \u0111i\u1ec1u ch\u1ec9nh nhi\u1ec7t \u0111\u1ed9 cao, l\u00e0m sao th\u00edch h\u1ee3p \u0111\u1ec3 ch\u00e8 kh\u00f4 ki\u1ec7t kh\u00ed v\u00e0 s\u1ebd l\u00ean h\u01b0\u01a1ng th\u01a1m, khi nhai th\u1eed, nh\u1ea3 b\u00e3 th\u1ea5y ch\u00e8 xanh nh\u01b0 khi sao, khi u\u1ed1ng, ng\u1eadm l\u00e2u trong c\u1ed5 h\u1ecdng th\u1ea5y ng\u1ecdt d\u1ea7n c\u1ee7a v\u1ecb ch\u00e8. Cu\u1ed1i c\u00f9ng ch\u00e8 kh\u00f4 \u0111\u01b0\u1ee3c mang \u0111i \u0111\u00f3ng c\u00e2n \u0111\u1ecbnh l\u01b0\u1ee3ng, \u0111\u00f3ng t\u00fai zip v\u00e0 h\u1ed9p theo ti\u00eau chu\u1ea9n kh\u1ed1i l\u01b0\u1ee3ng y\u00eau c\u1ea7u v\u00e0 mang \u0111i ti\u00eau th\u1ee5.<\/p>\n<p><strong>T\u00c1C D\u1ee4NG C\u1ee6A CH\u00c8 XANH \u0110\u1eb6C S\u1ea2N<\/strong><\/p>\n<ul>\n<li>T\u00e1c d\u1ee5ng gi\u1ea3m stress<\/li>\n<li>Gi\u1ea3m nguy c\u01a1 m\u1eafc ung th\u01b0<\/li>\n<li>Gi\u1ea3m cholesterol m\u00e1u<\/li>\n<li>D\u1ef1 ph\u00f2ng nguy c\u01a1 b\u1ecb c\u1ea3m l\u1ea1nh, c\u00fam<\/li>\n<li>Gi\u00fap gi\u1ea3m c\u00e2n Ch\u1ed1ng c\u00e1c vi khu\u1ea9n<\/li>\n<li>\u0110i\u1ec1u h\u00f2a s\u1ef1 l\u01b0u th\u00f4ng m\u00e1u<\/li>\n<li>\u0110i\u1ec1u h\u00f2a \u0111\u01b0\u1eddng m\u00e1u<\/li>\n<\/ul>","protected":false},"excerpt":{"rendered":"<p>\u0110\u1ec3 c\u00f3 th\u1ec3 l\u00e0m ra \u0111\u01b0\u1ee3c m\u1ed9t kg s\u1ea3n ph\u1ea9m ch\u00e8 xanh \u0111\u1eb7c s\u1ea3n, ng\u01b0\u1eddi c\u00f4ng nh\u00e2n ph\u1ea3i m\u1ea5t 6,5kg<\/p>","protected":false},"featured_media":15343,"comment_status":"open","ping_status":"closed","template":"","meta":{"_acf_changed":false},"product_cat":[321,366,398,22],"product_tag":[],"class_list":{"0":"post-15342","1":"product","2":"type-product","3":"status-publish","4":"has-post-thumbnail","6":"product_cat-che","7":"product_cat-hang-cnnt-cap-qg","8":"product_cat-san-pham-cnnt-tb-cap-qg-2021","9":"product_cat-sanphamthucpham","11":"first","12":"instock","13":"shipping-taxable","14":"product-type-simple"},"acf":[],"_links":{"self":[{"href":"https:\/\/b2c.fairs.vn\/en\/wp-json\/wp\/v2\/product\/15342","targetHints":{"allow":["GET"]}}],"collection":[{"href":"https:\/\/b2c.fairs.vn\/en\/wp-json\/wp\/v2\/product"}],"about":[{"href":"https:\/\/b2c.fairs.vn\/en\/wp-json\/wp\/v2\/types\/product"}],"replies":[{"embeddable":true,"href":"https:\/\/b2c.fairs.vn\/en\/wp-json\/wp\/v2\/comments?post=15342"}],"version-history":[{"count":0,"href":"https:\/\/b2c.fairs.vn\/en\/wp-json\/wp\/v2\/product\/15342\/revisions"}],"wp:featuredmedia":[{"embeddable":true,"href":"https:\/\/b2c.fairs.vn\/en\/wp-json\/wp\/v2\/media\/15343"}],"wp:attachment":[{"href":"https:\/\/b2c.fairs.vn\/en\/wp-json\/wp\/v2\/media?parent=15342"}],"wp:term":[{"taxonomy":"product_cat","embeddable":true,"href":"https:\/\/b2c.fairs.vn\/en\/wp-json\/wp\/v2\/product_cat?post=15342"},{"taxonomy":"product_tag","embeddable":true,"href":"https:\/\/b2c.fairs.vn\/en\/wp-json\/wp\/v2\/product_tag?post=15342"}],"curies":[{"name":"wp","href":"https:\/\/api.w.org\/{rel}","templated":true}]}}