{"id":15333,"date":"2024-04-03T13:28:07","date_gmt":"2024-04-03T06:28:07","guid":{"rendered":"https:\/\/b2c.fairs.vn\/?post_type=product&#038;p=15333"},"modified":"2024-04-04T15:35:55","modified_gmt":"2024-04-04T08:35:55","slug":"nuoc-mam-559-quynh-luu-cot-ca-com","status":"publish","type":"product","link":"https:\/\/b2c.fairs.vn\/en\/product\/nuoc-mam-559-quynh-luu-cot-ca-com\/","title":{"rendered":"N\u01b0\u1edbc m\u1eafm 559 Qu\u1ef3nh L\u01b0u (C\u1ed1t c\u00e1 c\u01a1m)"},"content":{"rendered":"<div>\n<div>\n<p>S\u1ea3n ph\u1ea9m n\u01b0\u1edbc m\u1eafm truy\u1ec1n th\u1ed1ng l\u00e2u \u0111\u1eddi v\u1edbi h\u01b0\u01a1ng th\u01a1m t\u1ef1 nhi\u00ean, m\u00e0u v\u00e0ng r\u01a1m, c\u00f3 \u0111\u1ed9 s\u00e1nh v\u00e0 v\u1ecb m\u1eb7n ng\u1ecdt c\u1ee7a \u0111\u1ea1m c\u00e1.<\/p>\n<\/div>\n<\/div>","protected":false},"excerpt":{"rendered":"<p>S\u1ea3n ph\u1ea9m n\u01b0\u1edbc m\u1eafm truy\u1ec1n th\u1ed1ng l\u00e2u \u0111\u1eddi v\u1edbi h\u01b0\u01a1ng th\u01a1m t\u1ef1 nhi\u00ean, m\u00e0u v\u00e0ng r\u01a1m, c\u00f3 \u0111\u1ed9 s\u00e1nh v\u00e0<\/p>","protected":false},"featured_media":15335,"comment_status":"open","ping_status":"closed","template":"","meta":{"_acf_changed":false},"product_cat":[318,366,398,22,319],"product_tag":[],"class_list":{"0":"post-15333","1":"product","2":"type-product","3":"status-publish","4":"has-post-thumbnail","6":"product_cat-gia-vi","7":"product_cat-hang-cnnt-cap-qg","8":"product_cat-san-pham-cnnt-tb-cap-qg-2021","9":"product_cat-sanphamthucpham","10":"product_cat-tuong-nuoc-mam-gia-vi-dang-long-khac","12":"first","13":"instock","14":"featured","15":"shipping-taxable","16":"product-type-simple"},"acf":[],"_links":{"self":[{"href":"https:\/\/b2c.fairs.vn\/en\/wp-json\/wp\/v2\/product\/15333","targetHints":{"allow":["GET"]}}],"collection":[{"href":"https:\/\/b2c.fairs.vn\/en\/wp-json\/wp\/v2\/product"}],"about":[{"href":"https:\/\/b2c.fairs.vn\/en\/wp-json\/wp\/v2\/types\/product"}],"replies":[{"embeddable":true,"href":"https:\/\/b2c.fairs.vn\/en\/wp-json\/wp\/v2\/comments?post=15333"}],"version-history":[{"count":0,"href":"https:\/\/b2c.fairs.vn\/en\/wp-json\/wp\/v2\/product\/15333\/revisions"}],"wp:featuredmedia":[{"embeddable":true,"href":"https:\/\/b2c.fairs.vn\/en\/wp-json\/wp\/v2\/media\/15335"}],"wp:attachment":[{"href":"https:\/\/b2c.fairs.vn\/en\/wp-json\/wp\/v2\/media?parent=15333"}],"wp:term":[{"taxonomy":"product_cat","embeddable":true,"href":"https:\/\/b2c.fairs.vn\/en\/wp-json\/wp\/v2\/product_cat?post=15333"},{"taxonomy":"product_tag","embeddable":true,"href":"https:\/\/b2c.fairs.vn\/en\/wp-json\/wp\/v2\/product_tag?post=15333"}],"curies":[{"name":"wp","href":"https:\/\/api.w.org\/{rel}","templated":true}]}}