{"id":15316,"date":"2024-04-03T11:49:44","date_gmt":"2024-04-03T04:49:44","guid":{"rendered":"https:\/\/b2c.fairs.vn\/?post_type=product&#038;p=15316"},"modified":"2024-04-03T11:49:45","modified_gmt":"2024-04-03T04:49:45","slug":"nuoc-ep-chanh-day-thien-son","status":"publish","type":"product","link":"https:\/\/b2c.fairs.vn\/en\/product\/nuoc-ep-chanh-day-thien-son\/","title":{"rendered":"N\u01b0\u1edbc \u00c9p Chanh D\u00e2y Thi\u00ean S\u01a1n"},"content":{"rendered":"<p><b>QU\u00c0 T\u1eb6NG T\u1eea CAO NGUY\u00caN \u0110\u1ea0I NG\u00c0N<\/b><\/p>\n<p>Th\u1ee9c U\u1ed1ng M\u1ed7i Ng\u00e0y R\u1ea5t T\u1ed1t Cho S\u1ee9c Kh\u1ecfe!<br \/>\nS\u1ea3n ph\u1ea9m s\u1ea1ch, v\u00ec c\u1ed9ng \u0111\u1ed3ng c\u00e1c d\u00e2n t\u1ed9c Vi\u1ec7t Nam<br \/>\nKH\u00d4NG CH\u1ea4T B\u1ea2O QU\u1ea2N<br \/>\nISO 22000-2005<\/p>","protected":false},"excerpt":{"rendered":"<p>QU\u00c0 T\u1eb6NG T\u1eea CAO NGUY\u00caN \u0110\u1ea0I NG\u00c0N Th\u1ee9c U\u1ed1ng M\u1ed7i Ng\u00e0y R\u1ea5t T\u1ed1t Cho S\u1ee9c Kh\u1ecfe! S\u1ea3n ph\u1ea9m s\u1ea1ch, v\u00ec<\/p>","protected":false},"featured_media":15317,"comment_status":"open","ping_status":"closed","template":"","meta":{"_acf_changed":false},"product_cat":[366,446],"product_tag":[],"class_list":{"0":"post-15316","1":"product","2":"type-product","3":"status-publish","4":"has-post-thumbnail","6":"product_cat-hang-cnnt-cap-qg","7":"product_cat-san-pham-cnnt-tb-cap-qg-2019","9":"first","10":"instock","11":"shipping-taxable","12":"product-type-simple"},"acf":[],"_links":{"self":[{"href":"https:\/\/b2c.fairs.vn\/en\/wp-json\/wp\/v2\/product\/15316","targetHints":{"allow":["GET"]}}],"collection":[{"href":"https:\/\/b2c.fairs.vn\/en\/wp-json\/wp\/v2\/product"}],"about":[{"href":"https:\/\/b2c.fairs.vn\/en\/wp-json\/wp\/v2\/types\/product"}],"replies":[{"embeddable":true,"href":"https:\/\/b2c.fairs.vn\/en\/wp-json\/wp\/v2\/comments?post=15316"}],"version-history":[{"count":0,"href":"https:\/\/b2c.fairs.vn\/en\/wp-json\/wp\/v2\/product\/15316\/revisions"}],"wp:featuredmedia":[{"embeddable":true,"href":"https:\/\/b2c.fairs.vn\/en\/wp-json\/wp\/v2\/media\/15317"}],"wp:attachment":[{"href":"https:\/\/b2c.fairs.vn\/en\/wp-json\/wp\/v2\/media?parent=15316"}],"wp:term":[{"taxonomy":"product_cat","embeddable":true,"href":"https:\/\/b2c.fairs.vn\/en\/wp-json\/wp\/v2\/product_cat?post=15316"},{"taxonomy":"product_tag","embeddable":true,"href":"https:\/\/b2c.fairs.vn\/en\/wp-json\/wp\/v2\/product_tag?post=15316"}],"curies":[{"name":"wp","href":"https:\/\/api.w.org\/{rel}","templated":true}]}}