{"id":15272,"date":"2024-04-03T11:30:33","date_gmt":"2024-04-03T04:30:33","guid":{"rendered":"https:\/\/b2c.fairs.vn\/?post_type=product&#038;p=15272"},"modified":"2024-04-19T15:59:56","modified_gmt":"2024-04-19T08:59:56","slug":"gao-nep-ga-gay-my-lung","status":"publish","type":"product","link":"https:\/\/b2c.fairs.vn\/en\/product\/gao-nep-ga-gay-my-lung\/","title":{"rendered":"G\u1ea1o n\u1ebfp G\u00e0 g\u00e1y M\u1ef9 Lung"},"content":{"rendered":"<p>L\u00faa n\u1ebfp G\u00e0 g\u00e1y l\u00e0 \u0111\u1eb7c s\u1ea3n n\u1ed5i ti\u1ebfng c\u1ee7a huy\u1ec7n Y\u00ean L\u1eadp, Ph\u00fa Th\u1ecd, c\u00f3 t\u1eeb r\u1ea5t l\u00e2u \u0111\u1eddi. \u0110\u00e2y l\u00e0 gi\u1ed1ng l\u00faa d\u00e0i ng\u00e0y, \u0111\u01b0\u1ee3c tr\u1ed3ng tr\u00ean nh\u1eefng ru\u1ed9ng b\u1eadc thang, h\u1ea1t d\u00e0i, m\u1ea9y, c\u00f3 h\u01b0\u01a1ng th\u01a1m, khi n\u1ea5u x\u00f4i d\u1ebbo v\u00e0 v\u1ecb ngon \u0111\u1eb7c tr\u01b0ng.<\/p>\n<p>Ng\u01b0\u1eddi M\u01b0\u1eddng th\u01b0\u1eddng g\u00f3i x\u00f4i v\u00e0o l\u00e1 dong ho\u1eb7c l\u00e1 chu\u1ed1i \u0111\u1ec3 th\u01b0\u1edfng th\u1ee9c. D\u00f9 c\u00f3 \u0111\u1ec3 trong t\u1ee7 l\u1ea1nh th\u00ec h\u00f4m sau x\u00f4i v\u1eabn d\u1ebbo th\u01a1m m\u00e0 kh\u00f4ng c\u1ea7n x\u00f4i l\u1ea1i. Trong nh\u1eefng ng\u00e0y l\u1ec5 l\u1edbn, d\u1ecbp quan tr\u1ecdng hay khi nh\u00e0 c\u00f3 c\u00f4ng vi\u1ec7c, b\u00e0 con th\u01b0\u1eddng n\u1ea5u r\u01b0\u1ee3u, x\u00f4i n\u1ebfp G\u00e0 g\u00e1y \u0111\u1ec3 \u0111\u00e3i kh\u00e1ch qu\u00fd.<\/p>\n<p>S\u1ea3n ph\u1ea9m g\u1ea1o n\u1ebfp G\u00e0 g\u00e1y qu\u00fd nh\u01b0 v\u1eady, nh\u01b0ng t\u1eebng c\u00f3 th\u1eddi gian s\u1ea3n ph\u1ea9m n\u00e0y nguy c\u01a1 m\u1ea5t gi\u1ed1ng, tuy nhi\u00ean g\u1ea7n \u0111\u00e2y \u0111\u00e3 \u0111\u01b0\u1ee3c ph\u1ee5c tr\u00e1ng v\u00e0 t\u0103ng di\u1ec7n t\u00edch tr\u1ed3ng c\u1ea5y.<\/p>\n<p>H\u1ee3p t\u00e1c x\u00e3 S\u1ea3n xu\u1ea5t kinh doanh g\u1ea1p n\u1ebfp G\u00e0 g\u00e1y M\u1ef9 Lung \u0111\u00e3 c\u00f9ng b\u00e0 con n\u00f4ng d\u00e2n x\u00e3 M\u1ef9 Lung b\u00e0n b\u1ea1c v\u00e0 quy\u1ebft t\u00e2m quy ho\u1ea1ch c\u00e1nh \u0111\u1ed3ng ri\u00eang \u0111\u1ec3 tr\u1ed3ng g\u1ea1o n\u1ebfp, g\u00ecn gi\u1eef m\u1ed9t s\u1ea3n v\u1eadt qu\u00fd. \u0110\u1ed3ng th\u1eddi, nghi\u00ean c\u1ee9u \u0111\u1eb7c t\u00ednh c\u1ee7a gi\u1ed1ng c\u00e2y \u0111\u1ec3 \u0111\u01b0a ra ph\u01b0\u01a1ng ph\u00e1p ch\u0103m s\u00f3c ph\u00f9 h\u1ee3p nh\u1ea5t.<\/p>\n<p>S\u1ea3n ph\u1ea9m g\u1ea1o n\u1ebfp G\u00e0 g\u00e1y M\u1ef9 Lung \u0111\u1ea1t s\u1ea3n ph\u1ea9m OCOP 3 sao n\u0103m 2020 v\u00e0 \u0111\u01b0\u1ee3c n\u00e2ng h\u1ea1ng 4 sao theo Quy\u1ebft \u0111\u1ecbnh s\u1ed1 3050\/Q\u0110-UBND\u00a0ng\u00e0y 18\/11\/2022 c\u1ee7a UBND t\u1ec9nh Ph\u00fa Th\u1ecd.<\/p>\n<p>Ch\u1ee7 th\u1ec3:\u00a0H\u1ee3p t\u00e1c x\u00e3 s\u1ea3n xu\u1ea5t g\u1ea1o n\u1ebfp G\u00e0 g\u00e1y M\u1ef9 Lung v\u00e0 kinh doanh d\u1ecbch v\u1ee5 t\u1ed5ng h\u1ee3p<\/p>\n<p>\u0110\u1ecba ch\u1ec9:\u00a0X\u00e3 M\u1ef9 Lung, huy\u1ec7n Y\u00ean L\u1eadp, t\u1ec9nh Ph\u00fa Th\u1ecd.<\/p>","protected":false},"excerpt":{"rendered":"<p>L\u00faa n\u1ebfp G\u00e0 g\u00e1y l\u00e0 \u0111\u1eb7c s\u1ea3n n\u1ed5i ti\u1ebfng c\u1ee7a huy\u1ec7n Y\u00ean L\u1eadp, Ph\u00fa Th\u1ecd, c\u00f3 t\u1eeb r\u1ea5t l\u00e2u \u0111\u1eddi.<\/p>","protected":false},"featured_media":15274,"comment_status":"open","ping_status":"closed","template":"","meta":{"_acf_changed":false},"product_cat":[311,366,398,22,310],"product_tag":[],"class_list":{"0":"post-15272","1":"product","2":"type-product","3":"status-publish","4":"has-post-thumbnail","6":"product_cat-gao-ngu-coc-hat-so-che-khac","7":"product_cat-hang-cnnt-cap-qg","8":"product_cat-san-pham-cnnt-tb-cap-qg-2021","9":"product_cat-sanphamthucpham","10":"product_cat-thuc-pham-tho-so-che","12":"first","13":"instock","14":"shipping-taxable","15":"product-type-simple"},"acf":[],"_links":{"self":[{"href":"https:\/\/b2c.fairs.vn\/en\/wp-json\/wp\/v2\/product\/15272","targetHints":{"allow":["GET"]}}],"collection":[{"href":"https:\/\/b2c.fairs.vn\/en\/wp-json\/wp\/v2\/product"}],"about":[{"href":"https:\/\/b2c.fairs.vn\/en\/wp-json\/wp\/v2\/types\/product"}],"replies":[{"embeddable":true,"href":"https:\/\/b2c.fairs.vn\/en\/wp-json\/wp\/v2\/comments?post=15272"}],"version-history":[{"count":0,"href":"https:\/\/b2c.fairs.vn\/en\/wp-json\/wp\/v2\/product\/15272\/revisions"}],"wp:featuredmedia":[{"embeddable":true,"href":"https:\/\/b2c.fairs.vn\/en\/wp-json\/wp\/v2\/media\/15274"}],"wp:attachment":[{"href":"https:\/\/b2c.fairs.vn\/en\/wp-json\/wp\/v2\/media?parent=15272"}],"wp:term":[{"taxonomy":"product_cat","embeddable":true,"href":"https:\/\/b2c.fairs.vn\/en\/wp-json\/wp\/v2\/product_cat?post=15272"},{"taxonomy":"product_tag","embeddable":true,"href":"https:\/\/b2c.fairs.vn\/en\/wp-json\/wp\/v2\/product_tag?post=15272"}],"curies":[{"name":"wp","href":"https:\/\/api.w.org\/{rel}","templated":true}]}}