{"id":15241,"date":"2024-04-03T11:28:26","date_gmt":"2024-04-03T04:28:26","guid":{"rendered":"https:\/\/b2c.fairs.vn\/?post_type=product&#038;p=15241"},"modified":"2024-04-23T16:13:10","modified_gmt":"2024-04-23T09:13:10","slug":"tao-spirulina","status":"publish","type":"product","link":"https:\/\/b2c.fairs.vn\/en\/product\/tao-spirulina\/","title":{"rendered":"T\u1ea3o Spirulina"},"content":{"rendered":"<ul>\n<li>Gi\u00fap b\u1ed5 sung protein, vitamin v\u00e0 kho\u00e1ng ch\u1ea5t, t\u0103ng c\u01b0\u1eddng h\u1ec7 mi\u1ec5n d\u1ecbch v\u00e0 n\u00e2ng cao s\u1ee9c \u0111\u1ec1 kh\u00e1ng cho c\u01a1 th\u1ec3.<\/li>\n<li>H\u1ed7 tr\u1ee3 \u0111i\u1ec1u tr\u1ecb c\u00e1c lo\u1ea1i b\u1ec7nh: Vi\u00eam lo\u00e9t d\u1ea1 d\u00e0y, \u0111\u1ea1i tr\u00e0ng, t\u00e1o b\u00f3n, ti\u1ec3u \u0111\u01b0\u1eddng, c\u00e1c b\u1ec7nh l\u00fd v\u1ec1 x\u01b0\u01a1ng kh\u1edbp nh\u01b0 th\u1ea5p kh\u1edbp, kh\u00f4 kh\u1edbp, tho\u00e1i h\u00f3a kh\u1edbp, c\u00e1c b\u1ec7nh t\u00e1o b\u00f3n, thi\u1ebfu m\u00e1u, b\u1ec7nh th\u1eadn, h\u1ed7 tr\u1ee3 \u0111i\u1ec1u tr\u1ecb b\u1ec7nh ung th\u01b0, th\u1ea3i \u0111\u1ed9c c\u00e1c kim lo\u1ea1i n\u1eb7ng kh\u1ecfi c\u01a1 th\u1ec3, l\u00e0m \u0111\u1eb9p v\u00f3c d\u00e1ng, l\u00e0n da v\u00e0 ch\u1ed1ng l\u00e3o h\u00f3a da.<\/li>\n<li>H\u00e0m l\u01b0\u1ee3ng dinh d\u01b0\u1ee1ng:\n<div>Protein, Lipid, Vitamin A, Vitamin B1, Vitamin B2, Vitamin PP, Ca, Mg, Fe, Zn<\/div>\n<\/li>\n<\/ul>","protected":false},"excerpt":{"rendered":"<p>Gi\u00fap b\u1ed5 sung protein, vitamin v\u00e0 kho\u00e1ng ch\u1ea5t, t\u0103ng c\u01b0\u1eddng h\u1ec7 mi\u1ec5n d\u1ecbch v\u00e0 n\u00e2ng cao s\u1ee9c \u0111\u1ec1 kh\u00e1ng cho<\/p>","protected":false},"featured_media":15276,"comment_status":"open","ping_status":"closed","template":"","meta":{"_acf_changed":false},"product_cat":[317,332,366,398,22,313,333],"product_tag":[],"class_list":{"0":"post-15241","1":"product","2":"type-product","3":"status-publish","4":"has-post-thumbnail","6":"product_cat-che-bien-tu-thit-trung-sua-thuy-san-cac-san-pham-tu-mat-ong-mat-khac-va-nong-san-thuc-pham-khac","7":"product_cat-san-pham-duoc-lieu-va-san-pham-tu-duoc-lieu","8":"product_cat-hang-cnnt-cap-qg","9":"product_cat-san-pham-cnnt-tb-cap-qg-2021","10":"product_cat-sanphamthucpham","11":"product_cat-thuc-pham-che-bien","12":"product_cat-thuc-pham-chuc-nang-thuoc-duoc-lieu-thuoc-y-hoc-co-truyen","14":"first","15":"instock","16":"shipping-taxable","17":"purchasable","18":"product-type-variable"},"acf":[],"_links":{"self":[{"href":"https:\/\/b2c.fairs.vn\/en\/wp-json\/wp\/v2\/product\/15241","targetHints":{"allow":["GET"]}}],"collection":[{"href":"https:\/\/b2c.fairs.vn\/en\/wp-json\/wp\/v2\/product"}],"about":[{"href":"https:\/\/b2c.fairs.vn\/en\/wp-json\/wp\/v2\/types\/product"}],"replies":[{"embeddable":true,"href":"https:\/\/b2c.fairs.vn\/en\/wp-json\/wp\/v2\/comments?post=15241"}],"version-history":[{"count":0,"href":"https:\/\/b2c.fairs.vn\/en\/wp-json\/wp\/v2\/product\/15241\/revisions"}],"wp:featuredmedia":[{"embeddable":true,"href":"https:\/\/b2c.fairs.vn\/en\/wp-json\/wp\/v2\/media\/15276"}],"wp:attachment":[{"href":"https:\/\/b2c.fairs.vn\/en\/wp-json\/wp\/v2\/media?parent=15241"}],"wp:term":[{"taxonomy":"product_cat","embeddable":true,"href":"https:\/\/b2c.fairs.vn\/en\/wp-json\/wp\/v2\/product_cat?post=15241"},{"taxonomy":"product_tag","embeddable":true,"href":"https:\/\/b2c.fairs.vn\/en\/wp-json\/wp\/v2\/product_tag?post=15241"}],"curies":[{"name":"wp","href":"https:\/\/api.w.org\/{rel}","templated":true}]}}