{"id":15240,"date":"2024-04-03T11:25:16","date_gmt":"2024-04-03T04:25:16","guid":{"rendered":"https:\/\/b2c.fairs.vn\/?post_type=product&#038;p=15240"},"modified":"2024-04-03T11:25:17","modified_gmt":"2024-04-03T04:25:17","slug":"tra-olong-long-dinh","status":"publish","type":"product","link":"https:\/\/b2c.fairs.vn\/en\/product\/tra-olong-long-dinh\/","title":{"rendered":"Tr\u00e0 Olong Long \u0110\u1ec9nh"},"content":{"rendered":"<p>C\u00d4NG TY C\u1ed4 PH\u1ea6N LONG \u0110\u1ec8NH s\u1edf h\u1eefu m\u1ed9t v\u00f9ng tr\u00e0 nguy\u00ean li\u1ec7u t\u1ed1t nh\u1ea5t L\u00e2m \u0110\u1ed3ng, m\u1ed9t nh\u00e0 m\u00e1y ch\u1ebf bi\u1ebfn tr\u00e0 v\u1edbi c\u00f4ng ngh\u1ec7 m\u00e1y m\u00f3c hi\u1ec7n \u0111\u1ea1i \u0111\u1ea1t ch\u1ee9ng nh\u1eadn ISO: 22000:2005, c\u00f9ng v\u1edbi \u0111\u1ed9i ng\u0169 c\u00e1 chuy\u00ean gia v\u1edbi h\u01a1n 20 n\u0103m kinh nghi\u1ec7m trong l\u0129nh v\u1ef1c tr\u00e0, s\u1ebd mang \u0111\u1ebfn cho qu\u00fd kh\u00e1ch h\u00e0ng c\u00e1c s\u1ea3n ph\u1ea9m t\u1eeb tr\u00e0 \u0111\u1ea1t ch\u1ea5t l\u01b0\u1ee3ng cao nh\u1ea5t, ho\u00e0n to\u00e0n kh\u00f4ng s\u1eed d\u1ee5ng h\u00f3a ch\u1ea5t, ch\u1ea5t b\u1ea3o qu\u1ea3n.<\/p>\n<p>C\u00d4NG TY C\u1ed4 PH\u1ea6N LONG \u0110\u1ec8NH l\u00e0 m\u1ed9t trong nh\u1eefng c\u00f4ng ty h\u00e0ng \u0111\u1ea7u v\u1ec1: Tr\u1ed3ng, kinh doanh, ch\u1ebf bi\u1ebfn tr\u00e0 v\u00e0 c\u00e1c s\u1ea3n ph\u1ea9m t\u1eeb tr\u00e0 \u00d4 Long<\/p>","protected":false},"excerpt":{"rendered":"<p>C\u00d4NG TY C\u1ed4 PH\u1ea6N LONG \u0110\u1ec8NH s\u1edf h\u1eefu m\u1ed9t v\u00f9ng tr\u00e0 nguy\u00ean li\u1ec7u t\u1ed1t nh\u1ea5t L\u00e2m \u0110\u1ed3ng, m\u1ed9t nh\u00e0 m\u00e1y<\/p>","protected":false},"featured_media":15260,"comment_status":"open","ping_status":"closed","template":"","meta":{"_acf_changed":false},"product_cat":[321,322,366,446,22],"product_tag":[],"class_list":{"0":"post-15240","1":"product","2":"type-product","3":"status-publish","4":"has-post-thumbnail","6":"product_cat-che","7":"product_cat-che-tuoi-che-bien","8":"product_cat-hang-cnnt-cap-qg","9":"product_cat-san-pham-cnnt-tb-cap-qg-2019","10":"product_cat-sanphamthucpham","12":"first","13":"instock","14":"shipping-taxable","15":"purchasable","16":"product-type-variable"},"acf":[],"_links":{"self":[{"href":"https:\/\/b2c.fairs.vn\/en\/wp-json\/wp\/v2\/product\/15240","targetHints":{"allow":["GET"]}}],"collection":[{"href":"https:\/\/b2c.fairs.vn\/en\/wp-json\/wp\/v2\/product"}],"about":[{"href":"https:\/\/b2c.fairs.vn\/en\/wp-json\/wp\/v2\/types\/product"}],"replies":[{"embeddable":true,"href":"https:\/\/b2c.fairs.vn\/en\/wp-json\/wp\/v2\/comments?post=15240"}],"version-history":[{"count":0,"href":"https:\/\/b2c.fairs.vn\/en\/wp-json\/wp\/v2\/product\/15240\/revisions"}],"wp:featuredmedia":[{"embeddable":true,"href":"https:\/\/b2c.fairs.vn\/en\/wp-json\/wp\/v2\/media\/15260"}],"wp:attachment":[{"href":"https:\/\/b2c.fairs.vn\/en\/wp-json\/wp\/v2\/media?parent=15240"}],"wp:term":[{"taxonomy":"product_cat","embeddable":true,"href":"https:\/\/b2c.fairs.vn\/en\/wp-json\/wp\/v2\/product_cat?post=15240"},{"taxonomy":"product_tag","embeddable":true,"href":"https:\/\/b2c.fairs.vn\/en\/wp-json\/wp\/v2\/product_tag?post=15240"}],"curies":[{"name":"wp","href":"https:\/\/api.w.org\/{rel}","templated":true}]}}