{"id":15210,"date":"2024-04-03T11:02:37","date_gmt":"2024-04-03T04:02:37","guid":{"rendered":"https:\/\/b2c.fairs.vn\/?post_type=product&#038;p=15210"},"modified":"2024-04-03T11:02:37","modified_gmt":"2024-04-03T04:02:37","slug":"keo-dieu-mau-truyen-thong","status":"publish","type":"product","link":"https:\/\/b2c.fairs.vn\/en\/product\/keo-dieu-mau-truyen-thong\/","title":{"rendered":"K\u1eb9o \u0110i\u1ec1u m\u1eabu truy\u1ec1n th\u1ed1ng"},"content":{"rendered":"<p><strong>Th\u00e0nh ph\u1ea7n:<\/strong>\u00a0H\u1ea1t \u0111i\u1ec1u, M\u00e8, \u0110\u01b0\u1eddng, M\u1ea1ch nha\u2026<\/p>\n<p><strong>H\u1ea1n s\u1eed d\u1ee5ng:<\/strong>\u00a06 th\u00e1ng<\/p>\n<p><strong>Th\u01b0\u01a1ng hi\u1ec7u:<\/strong>\u00a0M\u1ef9 L\u1ec7<\/p>\n<p><strong>Xu\u1ea5t x\u1ee9:<\/strong>\u00a0B\u00ecnh Ph\u01b0\u1edbc \u2013 Vi\u1ec7t nam<\/p>\n<p><strong>V\u1edbi l\u1edbp \u0111i\u1ec1u b\u00e9o, th\u01a1m mang h\u01b0\u01a1ng v\u1ecb \u0111\u1eb7c tr\u01b0ng, m\u00e0u tr\u1eafng \u0111\u1eb9p m\u1eaft, k\u00edch th\u00edch v\u1ecb gi\u00e1c. K\u1eb9o h\u1ea1t \u0110i\u1ec1u M\u1ef9 L\u1ec7 ch\u1ea5t l\u01b0\u1ee3ng, \u0103n ng\u1ecdt thanh m\u00e0 kh\u00f4ng ng\u00e1n, v\u1eeba \u0103n v\u1eeba th\u01b0\u1edfng tr\u00e0 qu\u1ea3 l\u00e0 m\u1ed9t ng\u00e0y th\u01b0 gi\u00e3n h\u1ea1nh ph\u00fac\u2026<\/strong><\/p>\n<p>H\u1ea1t \u0111i\u1ec1u r\u1ea5t gi\u00e0u s\u1eaft, ph\u1ed1t pho, selen, magie v\u00e0 k\u1ebdm. Ng\u0103n ng\u1eeba ung th\u01b0, c\u00f4 l\u1eadp c\u00e1c kh\u1ed1i u v\u00e0 ng\u0103n ch\u1eb7n c\u00e1c t\u1ebf b\u00e0o ung th\u01b0 ph\u00e2n chia. T\u1ed1t cho tim, h\u1ea1t \u0111i\u1ec1u ch\u1ee9a nhi\u1ec1u ch\u1ea5t ch\u1ed1ng oxy h\u00f3a v\u00e0 s\u1ebd gi\u00fap gi\u1ea3m nguy c\u01a1 tim m\u1ea1ch v\u00e0 b\u1ec7nh tim m\u1ea1ch v\u00e0nh. Magi\u00ea trong h\u1ea1t \u0111i\u1ec1u gi\u00fap h\u1ea1 huy\u1ebft \u00e1p v\u00e0 ng\u0103n ng\u1eeba c\u00e1c c\u01a1n \u0111au tim. H\u1ea1t \u0111i\u1ec1u gi\u00e0u kho\u00e1ng ch\u1ea5t \u0111\u1ed3ng th\u1eddi t\u1ea1o ra s\u1eafc t\u1ed1t cho da v\u00e0 t\u00f3c, Magi\u00ea trong h\u1ea1t \u0111i\u1ec1u gi\u00fap x\u01b0\u01a1ng ch\u1eafc kh\u1ecfe. Ng\u0103n ch\u1eb7n s\u1ecfi m\u1eadt, gi\u1ea3m c\u00e2n\u2026<\/p>","protected":false},"excerpt":{"rendered":"<p>Th\u00e0nh ph\u1ea7n:\u00a0H\u1ea1t \u0111i\u1ec1u, M\u00e8, \u0110\u01b0\u1eddng, M\u1ea1ch nha\u2026 H\u1ea1n s\u1eed d\u1ee5ng:\u00a06 th\u00e1ng Th\u01b0\u01a1ng hi\u1ec7u:\u00a0M\u1ef9 L\u1ec7 Xu\u1ea5t x\u1ee9:\u00a0B\u00ecnh Ph\u01b0\u1edbc \u2013 Vi\u1ec7t nam<\/p>","protected":false},"featured_media":15204,"comment_status":"open","ping_status":"closed","template":"","meta":{"_acf_changed":false},"product_cat":[314,366,447,22,313],"product_tag":[],"class_list":{"0":"post-15210","1":"product","2":"type-product","3":"status-publish","4":"has-post-thumbnail","6":"product_cat-do-an-nhanh","7":"product_cat-hang-cnnt-cap-qg","8":"product_cat-san-pham-cnnt-tb-cap-qg-2017","9":"product_cat-sanphamthucpham","10":"product_cat-thuc-pham-che-bien","12":"first","13":"instock","14":"shipping-taxable","15":"purchasable","16":"product-type-variable"},"acf":[],"_links":{"self":[{"href":"https:\/\/b2c.fairs.vn\/en\/wp-json\/wp\/v2\/product\/15210","targetHints":{"allow":["GET"]}}],"collection":[{"href":"https:\/\/b2c.fairs.vn\/en\/wp-json\/wp\/v2\/product"}],"about":[{"href":"https:\/\/b2c.fairs.vn\/en\/wp-json\/wp\/v2\/types\/product"}],"replies":[{"embeddable":true,"href":"https:\/\/b2c.fairs.vn\/en\/wp-json\/wp\/v2\/comments?post=15210"}],"version-history":[{"count":0,"href":"https:\/\/b2c.fairs.vn\/en\/wp-json\/wp\/v2\/product\/15210\/revisions"}],"wp:featuredmedia":[{"embeddable":true,"href":"https:\/\/b2c.fairs.vn\/en\/wp-json\/wp\/v2\/media\/15204"}],"wp:attachment":[{"href":"https:\/\/b2c.fairs.vn\/en\/wp-json\/wp\/v2\/media?parent=15210"}],"wp:term":[{"taxonomy":"product_cat","embeddable":true,"href":"https:\/\/b2c.fairs.vn\/en\/wp-json\/wp\/v2\/product_cat?post=15210"},{"taxonomy":"product_tag","embeddable":true,"href":"https:\/\/b2c.fairs.vn\/en\/wp-json\/wp\/v2\/product_tag?post=15210"}],"curies":[{"name":"wp","href":"https:\/\/api.w.org\/{rel}","templated":true}]}}