{"id":15154,"date":"2024-04-03T10:23:18","date_gmt":"2024-04-03T03:23:18","guid":{"rendered":"https:\/\/b2c.fairs.vn\/?post_type=product&#038;p=15154"},"modified":"2024-04-04T15:35:57","modified_gmt":"2024-04-04T08:35:57","slug":"che-shan-huu-co-bac-ha","status":"publish","type":"product","link":"https:\/\/b2c.fairs.vn\/en\/product\/che-shan-huu-co-bac-ha\/","title":{"rendered":"Ch\u00e8 shan h\u1eefu c\u01a1 B\u1eafc H\u00e0"},"content":{"rendered":"<div class=\"x11i5rnm xat24cr x1mh8g0r x1vvkbs xtlvy1s x126k92a\">\n<div dir=\"auto\">B\u1ea3n Li\u1ec1n l\u00e0 m\u1ed9t x\u00e3 n\u1eb1m c\u00e1ch trung t\u00e2m huy\u1ec7n B\u1eafc H\u00e0 &#8211; L\u00e0o Cai kho\u1ea3ng 30 km. N\u01a1i \u0111\u00e2y, c\u00f3 nh\u1eefng c\u00e2y ch\u00e8 shan tuy\u1ebft t\u1ed3n t\u1ea1i h\u00e0ng tr\u0103m n\u0103m. N\u1eb1m gi\u1eefa c\u00e1c b\u1ea3n l\u00e0ng c\u1ee7a ng\u01b0\u1eddi d\u00e2n t\u1ed9c D\u1ea1o, T\u00e0y, H&#8217;M\u00f4ng. B\u00f3ng nh\u1eefng c\u00e2y ch\u00e8 th\u1ea5p tho\u00e1ng gi\u1eefa nh\u1eefng ch\u00e2n ru\u1ed9ng b\u1eadc thang, nh\u1eefng ng\u00f4i nh\u00e0, gi\u1eefa cu\u1ed9c s\u1ed1ng c\u00f2n nhi\u1ec1u kh\u1ed1n kh\u00f3 c\u1ee7a ng\u01b0\u1eddi d\u00e2n n\u01a1i \u0111\u00e2y.<\/div>\n<\/div>\n<div class=\"x11i5rnm xat24cr x1mh8g0r x1vvkbs xtlvy1s x126k92a\">\n<div dir=\"auto\">Kh\u00f4ng ai bi\u1ebft c\u00e2y ch\u00e8 B\u1ea3n Li\u1ec1n c\u00f3 m\u1eb7t t\u1eeb l\u00fac n\u00e0o. Nh\u01b0ng c\u00e2y ch\u00e8 shan tuy\u1ebft \u0111\u00e3 g\u1eafn b\u00f3 th\u00e2n thu\u1ed9c t\u1eeb th\u1ebf h\u1ec7 n\u00e0y qua th\u1ebf h\u1ec7 kh\u00e1c. \u1ede \u0111\u1ed9 cao 1.200 &#8211; 1,500m, ch\u00e8 shan tuy\u1ebft B\u1ea3n Li\u1ec1n c\u00f3 h\u01b0\u01a1ng v\u1ecb \u0111\u1eb7c tr\u01b0ng, m\u00e0u n\u01b0\u1edbc \u00e1nh xanh \u0111\u1eb9p m\u1eaft.<\/div>\n<\/div>\n<div class=\"x11i5rnm xat24cr x1mh8g0r x1vvkbs xtlvy1s x126k92a\">\n<div dir=\"auto\">Kh\u00f4ng d\u1ec5 g\u00ec \u0111\u1ec3 g\u00e2y d\u1ef1ng c\u00f9ng b\u00e0 con v\u00e0 \u0111\u01b0a th\u01b0\u01a1ng hi\u1ec7u ch\u00e8 shan tuy\u1ebft B\u1eafc H\u00e0 \u0111i xa. T\u1ea5m v\u00e9 &#8220;visa&#8221; danh gi\u00e1 \u0111\u1ec3 th\u00e2m nh\u1eadp th\u1ecb tr\u01b0\u1eddng EU v\u00e0 M\u1ef9 \u0111\u01b0\u1ee3c \u0111\u00e1nh \u0111\u1ed5i b\u1eb1ng r\u1ea5t nhi\u1ec1u c\u1ed1 g\u1eafng c\u1ee7a b\u00e0 con, c\u1ee7a gi\u00e1m \u0111\u1ed1c HTX Ph\u1ea1m Quang Th\u1eadn v\u00e0 s\u1ef1 h\u1ed7 tr\u1ee3 nhi\u1ec7t t\u00ecnh c\u1ee7a ch\u00ednh quy\u1ec1n \u0111\u1ecba ph\u01b0\u01a1ng.<\/div>\n<\/div>\n<div class=\"x11i5rnm xat24cr x1mh8g0r x1vvkbs xtlvy1s x126k92a\">\n<div dir=\"auto\">S\u1ea3n ph\u1ea7m h\u1ed3ng tr\u00e0 v\u00e0 tr\u00e0 xanh shan tuy\u1ebft \u0111\u01b0\u1ee3c \u0111\u00e1nh gi\u00e1 5 sao danh gi\u00e1 c\u1ee7a OCOP. \u0110\u1ea1t c\u00e1c ch\u1ee9ng nh\u1eadn Fairtrade EU v\u00e0 Organic USDA.<\/div>\n<\/div>","protected":false},"excerpt":{"rendered":"<p>B\u1ea3n Li\u1ec1n l\u00e0 m\u1ed9t x\u00e3 n\u1eb1m c\u00e1ch trung t\u00e2m huy\u1ec7n B\u1eafc H\u00e0 &#8211; L\u00e0o Cai kho\u1ea3ng 30 km. N\u01a1i \u0111\u00e2y,<\/p>","protected":false},"featured_media":15158,"comment_status":"open","ping_status":"closed","template":"","meta":{"_acf_changed":false},"product_cat":[321,322,366,398,22,323],"product_tag":[],"class_list":{"0":"post-15154","1":"product","2":"type-product","3":"status-publish","4":"has-post-thumbnail","6":"product_cat-che","7":"product_cat-che-tuoi-che-bien","8":"product_cat-hang-cnnt-cap-qg","9":"product_cat-san-pham-cnnt-tb-cap-qg-2021","10":"product_cat-sanphamthucpham","11":"product_cat-san-pham-tra-tu-thuc-vat-khac","13":"first","14":"instock","15":"featured","16":"shipping-taxable","17":"product-type-simple"},"acf":[],"_links":{"self":[{"href":"https:\/\/b2c.fairs.vn\/en\/wp-json\/wp\/v2\/product\/15154","targetHints":{"allow":["GET"]}}],"collection":[{"href":"https:\/\/b2c.fairs.vn\/en\/wp-json\/wp\/v2\/product"}],"about":[{"href":"https:\/\/b2c.fairs.vn\/en\/wp-json\/wp\/v2\/types\/product"}],"replies":[{"embeddable":true,"href":"https:\/\/b2c.fairs.vn\/en\/wp-json\/wp\/v2\/comments?post=15154"}],"version-history":[{"count":0,"href":"https:\/\/b2c.fairs.vn\/en\/wp-json\/wp\/v2\/product\/15154\/revisions"}],"wp:featuredmedia":[{"embeddable":true,"href":"https:\/\/b2c.fairs.vn\/en\/wp-json\/wp\/v2\/media\/15158"}],"wp:attachment":[{"href":"https:\/\/b2c.fairs.vn\/en\/wp-json\/wp\/v2\/media?parent=15154"}],"wp:term":[{"taxonomy":"product_cat","embeddable":true,"href":"https:\/\/b2c.fairs.vn\/en\/wp-json\/wp\/v2\/product_cat?post=15154"},{"taxonomy":"product_tag","embeddable":true,"href":"https:\/\/b2c.fairs.vn\/en\/wp-json\/wp\/v2\/product_tag?post=15154"}],"curies":[{"name":"wp","href":"https:\/\/api.w.org\/{rel}","templated":true}]}}