{"id":15130,"date":"2024-04-03T10:06:58","date_gmt":"2024-04-03T03:06:58","guid":{"rendered":"https:\/\/b2c.fairs.vn\/?post_type=product&#038;p=15130"},"modified":"2024-04-03T10:30:20","modified_gmt":"2024-04-03T03:30:20","slug":"sen-say","status":"publish","type":"product","link":"https:\/\/b2c.fairs.vn\/en\/product\/sen-say\/","title":{"rendered":"Sen s\u1ea5y"},"content":{"rendered":"<p>T\u1eeb 100% ha\u0323t sen t\u01b0\u01a1i thi\u00ean nhi\u00ean, sen s\u00e2\u0301y la\u0300 sa\u0309n ph\u00e2\u0309m r\u00e2\u0301t t\u1ed1t cho s\u1ee9c kh\u1ecfe gia \u0111\u00ecnh b\u1ea1n. Sen s\u00e2\u0301y tro\u0300n, c\u0103ng m\u00e2\u0309y, nguy\u00ean ha\u0323t, nh\u00e2\u0301m t\u01b0\u0300ng vi\u00ean \u0111\u00ea\u0309 ca\u0309m nh\u00e2\u0323n vi\u0323 bu\u0300i th\u01a1m nh\u01b0 sen t\u01b0\u01a1i.<\/p>\n<p>Nh\u1eefng h\u1ea1t sen to v\u00e0 \u0111\u1ec1u, s\u1ea3n xu\u1ea5t theo quy tr\u00ecnh c\u00f4ng ngh\u1ec7 kh\u00e9p k\u00edn, \u0103n gi\u00f2n, r\u1ea5t th\u01a1m m\u00e0 kh\u00f4ng b\u1ecb ng\u00e1n. Kh\u00f4ng ch\u1ec9 l\u00e0 m\u00f3n \u0103n vui mi\u1ec7ng m\u00e0 h\u1ea1t sen l\u00e0 m\u1ed9t v\u1ecb thu\u1ed1c qu\u00fd \u0111i\u1ec1u tr\u1ecb \u0111\u01b0\u1ee3c nhi\u1ec1u b\u1ec7nh. Ngo\u00e0i ra c\u00f2n l\u00e0 th\u1ef1c ph\u1ea9m b\u1ed3i b\u1ed5 s\u1ee9c kh\u1ecfe cho m\u1ecdi l\u1ee9a tu\u1ed5i.<\/p>\n<p><strong>\u0110\u01a1n v\u1ecb t\u00ednh:<\/strong>\u00a0H\u1ed9p<br \/>\n<strong>Quy c\u00e1ch:<\/strong>\u00a018 H\u1ed9p\/Th\u00f9ng<br \/>\n<strong>H\u1ea1n s\u1eed d\u1ee5ng:<\/strong>\u00a012 th\u00e1ng\u00a0<em>(K\u1ec3 t\u1eeb ng\u00e0y s\u1ea3n xu\u1ea5t ghi tr\u00ean bao b\u00ec)<\/em><\/p>","protected":false},"excerpt":{"rendered":"<p>T\u1eeb 100% ha\u0323t sen t\u01b0\u01a1i thi\u00ean nhi\u00ean, sen s\u00e2\u0301y la\u0300 sa\u0309n ph\u00e2\u0309m r\u00e2\u0301t t\u1ed1t cho s\u1ee9c kh\u1ecfe gia \u0111\u00ecnh b\u1ea1n.<\/p>","protected":false},"featured_media":15159,"comment_status":"open","ping_status":"closed","template":"","meta":{"_acf_changed":false},"product_cat":[316,366,447,22,313],"product_tag":[],"class_list":{"0":"post-15130","1":"product","2":"type-product","3":"status-publish","4":"has-post-thumbnail","6":"product_cat-che-bien-tu-rau-cu-qua-hat","7":"product_cat-hang-cnnt-cap-qg","8":"product_cat-san-pham-cnnt-tb-cap-qg-2017","9":"product_cat-sanphamthucpham","10":"product_cat-thuc-pham-che-bien","12":"first","13":"instock","14":"shipping-taxable","15":"product-type-variable"},"acf":[],"_links":{"self":[{"href":"https:\/\/b2c.fairs.vn\/en\/wp-json\/wp\/v2\/product\/15130","targetHints":{"allow":["GET"]}}],"collection":[{"href":"https:\/\/b2c.fairs.vn\/en\/wp-json\/wp\/v2\/product"}],"about":[{"href":"https:\/\/b2c.fairs.vn\/en\/wp-json\/wp\/v2\/types\/product"}],"replies":[{"embeddable":true,"href":"https:\/\/b2c.fairs.vn\/en\/wp-json\/wp\/v2\/comments?post=15130"}],"version-history":[{"count":0,"href":"https:\/\/b2c.fairs.vn\/en\/wp-json\/wp\/v2\/product\/15130\/revisions"}],"wp:featuredmedia":[{"embeddable":true,"href":"https:\/\/b2c.fairs.vn\/en\/wp-json\/wp\/v2\/media\/15159"}],"wp:attachment":[{"href":"https:\/\/b2c.fairs.vn\/en\/wp-json\/wp\/v2\/media?parent=15130"}],"wp:term":[{"taxonomy":"product_cat","embeddable":true,"href":"https:\/\/b2c.fairs.vn\/en\/wp-json\/wp\/v2\/product_cat?post=15130"},{"taxonomy":"product_tag","embeddable":true,"href":"https:\/\/b2c.fairs.vn\/en\/wp-json\/wp\/v2\/product_tag?post=15130"}],"curies":[{"name":"wp","href":"https:\/\/api.w.org\/{rel}","templated":true}]}}