{"id":15129,"date":"2024-04-03T10:19:14","date_gmt":"2024-04-03T03:19:14","guid":{"rendered":"https:\/\/b2c.fairs.vn\/?post_type=product&#038;p=15129"},"modified":"2024-04-03T10:19:15","modified_gmt":"2024-04-03T03:19:15","slug":"bo-mot-nang-an-lien-dang-soi","status":"publish","type":"product","link":"https:\/\/b2c.fairs.vn\/en\/product\/bo-mot-nang-an-lien-dang-soi\/","title":{"rendered":"B\u00f2 m\u1ed9t n\u1eafng \u0103n li\u1ec1n (D\u1ea1ng S\u1ee3i)"},"content":{"rendered":"<p>M\u00f3n b\u00f2 s\u1ee3i \u0103n li\u1ec1n s\u1ea1ch, thu\u1eadn ti\u1ec7n cho vi\u1ec7c ti\u1ebfp kh\u00e1ch, v\u00e0 l\u00e0 m\u00f3n kho\u00e1i kh\u1ea9u cho c\u00e1c b\u1ea1n tr\u1ebb \u0111i ph\u01b0\u1ee3t c\u0169ng nh\u01b0 r\u1ea5t ti\u1ec7n l\u1ee3i trong vi\u1ec7c ti\u1ebfp kh\u00e1ch c\u00e1c ng\u00e0y l\u1ec5 T\u1ebft.<\/p>","protected":false},"excerpt":{"rendered":"<p>M\u00f3n b\u00f2 s\u1ee3i \u0103n li\u1ec1n s\u1ea1ch, thu\u1eadn ti\u1ec7n cho vi\u1ec7c ti\u1ebfp kh\u00e1ch, v\u00e0 l\u00e0 m\u00f3n kho\u00e1i kh\u1ea9u cho c\u00e1c b\u1ea1n<\/p>","protected":false},"featured_media":15144,"comment_status":"open","ping_status":"closed","template":"","meta":{"_acf_changed":false},"product_cat":[317,366,398,22,313],"product_tag":[],"class_list":{"0":"post-15129","1":"product","2":"type-product","3":"status-publish","4":"has-post-thumbnail","6":"product_cat-che-bien-tu-thit-trung-sua-thuy-san-cac-san-pham-tu-mat-ong-mat-khac-va-nong-san-thuc-pham-khac","7":"product_cat-hang-cnnt-cap-qg","8":"product_cat-san-pham-cnnt-tb-cap-qg-2021","9":"product_cat-sanphamthucpham","10":"product_cat-thuc-pham-che-bien","12":"first","13":"instock","14":"shipping-taxable","15":"product-type-simple"},"acf":[],"_links":{"self":[{"href":"https:\/\/b2c.fairs.vn\/en\/wp-json\/wp\/v2\/product\/15129","targetHints":{"allow":["GET"]}}],"collection":[{"href":"https:\/\/b2c.fairs.vn\/en\/wp-json\/wp\/v2\/product"}],"about":[{"href":"https:\/\/b2c.fairs.vn\/en\/wp-json\/wp\/v2\/types\/product"}],"replies":[{"embeddable":true,"href":"https:\/\/b2c.fairs.vn\/en\/wp-json\/wp\/v2\/comments?post=15129"}],"version-history":[{"count":0,"href":"https:\/\/b2c.fairs.vn\/en\/wp-json\/wp\/v2\/product\/15129\/revisions"}],"wp:featuredmedia":[{"embeddable":true,"href":"https:\/\/b2c.fairs.vn\/en\/wp-json\/wp\/v2\/media\/15144"}],"wp:attachment":[{"href":"https:\/\/b2c.fairs.vn\/en\/wp-json\/wp\/v2\/media?parent=15129"}],"wp:term":[{"taxonomy":"product_cat","embeddable":true,"href":"https:\/\/b2c.fairs.vn\/en\/wp-json\/wp\/v2\/product_cat?post=15129"},{"taxonomy":"product_tag","embeddable":true,"href":"https:\/\/b2c.fairs.vn\/en\/wp-json\/wp\/v2\/product_tag?post=15129"}],"curies":[{"name":"wp","href":"https:\/\/api.w.org\/{rel}","templated":true}]}}